{"id":175,"date":"2024-11-12T07:45:15","date_gmt":"2024-11-12T06:45:15","guid":{"rendered":"https:\/\/blogsaverroes.juntadeandalucia.es\/fadehorca\/?page_id=175"},"modified":"2024-11-12T07:45:15","modified_gmt":"2024-11-12T06:45:15","slug":"postura","status":"publish","type":"page","link":"https:\/\/blogsaverroes.juntadeandalucia.es\/fadehorca\/postura\/","title":{"rendered":"Postura"},"content":{"rendered":"<p>Peque\u00f1os v\u00eddeos de consulta relacionados con la postura en el oboe:<\/p>\n<ul>\n<li><a title=\"Posici\u00f3n de pie - Peque\u00f1o truco\" href=\"https:\/\/blogsaverroes.juntadeandalucia.es\/fadehorca\/?p=174&amp;preview=true\" target=\"_blank\" rel=\"noopener\">Posici\u00f3n de pie &#8211; Peque\u00f1o truco<\/a><\/li>\n<\/ul>\n","protected":false},"excerpt":{"rendered":"<p>Peque\u00f1os v\u00eddeos de consulta relacionados con la postura en el oboe: Posici\u00f3n de pie &#8211; Peque\u00f1o truco<\/p>\n","protected":false},"author":20013,"featured_media":0,"parent":0,"menu_order":0,"comment_status":"closed","ping_status":"closed","template":"","meta":{"_exactmetrics_skip_tracking":false,"_exactmetrics_sitenote_active":false,"_exactmetrics_sitenote_note":"","_exactmetrics_sitenote_category":0,"footnotes":""},"aioseo_notices":[],"post_mailing_queue_ids":[],"_links":{"self":[{"href":"https:\/\/blogsaverroes.juntadeandalucia.es\/fadehorca\/wp-json\/wp\/v2\/pages\/175"}],"collection":[{"href":"https:\/\/blogsaverroes.juntadeandalucia.es\/fadehorca\/wp-json\/wp\/v2\/pages"}],"about":[{"href":"https:\/\/blogsaverroes.juntadeandalucia.es\/fadehorca\/wp-json\/wp\/v2\/types\/page"}],"author":[{"embeddable":true,"href":"https:\/\/blogsaverroes.juntadeandalucia.es\/fadehorca\/wp-json\/wp\/v2\/users\/20013"}],"replies":[{"embeddable":true,"href":"https:\/\/blogsaverroes.juntadeandalucia.es\/fadehorca\/wp-json\/wp\/v2\/comments?post=175"}],"version-history":[{"count":1,"href":"https:\/\/blogsaverroes.juntadeandalucia.es\/fadehorca\/wp-json\/wp\/v2\/pages\/175\/revisions"}],"predecessor-version":[{"id":176,"href":"https:\/\/blogsaverroes.juntadeandalucia.es\/fadehorca\/wp-json\/wp\/v2\/pages\/175\/revisions\/176"}],"wp:attachment":[{"href":"https:\/\/blogsaverroes.juntadeandalucia.es\/fadehorca\/wp-json\/wp\/v2\/media?parent=175"}],"curies":[{"name":"wp","href":"https:\/\/api.w.org\/{rel}","templated":true}]}}