{"id":210,"date":"2024-11-27T11:59:39","date_gmt":"2024-11-27T10:59:39","guid":{"rendered":"https:\/\/blogsaverroes.juntadeandalucia.es\/fadehorca\/?page_id=210"},"modified":"2024-11-27T11:59:39","modified_gmt":"2024-11-27T10:59:39","slug":"embocadura","status":"publish","type":"page","link":"https:\/\/blogsaverroes.juntadeandalucia.es\/fadehorca\/embocadura\/","title":{"rendered":"Embocadura"},"content":{"rendered":"<p>Peque\u00f1os v\u00eddeos de consulta relacionados con la embocadura en el oboe:<\/p>\n<ul>\n<li><a title=\"Embocadura del oboe, peque\u00f1o recordatorio\" href=\"https:\/\/blogsaverroes.juntadeandalucia.es\/fadehorca\/2024\/11\/27\/embocadura-del-oboe-pequeno-recordatorio\/\" target=\"_blank\" rel=\"noopener\">Embocadura del oboe, peque\u00f1o recordatorio<\/a><\/li>\n<\/ul>\n","protected":false},"excerpt":{"rendered":"<p>Peque\u00f1os v\u00eddeos de consulta relacionados con la embocadura en el oboe: Embocadura del oboe, peque\u00f1o recordatorio<\/p>\n","protected":false},"author":20013,"featured_media":0,"parent":0,"menu_order":0,"comment_status":"closed","ping_status":"closed","template":"","meta":{"_exactmetrics_skip_tracking":false,"_exactmetrics_sitenote_active":false,"_exactmetrics_sitenote_note":"","_exactmetrics_sitenote_category":0,"footnotes":""},"aioseo_notices":[],"post_mailing_queue_ids":[],"_links":{"self":[{"href":"https:\/\/blogsaverroes.juntadeandalucia.es\/fadehorca\/wp-json\/wp\/v2\/pages\/210"}],"collection":[{"href":"https:\/\/blogsaverroes.juntadeandalucia.es\/fadehorca\/wp-json\/wp\/v2\/pages"}],"about":[{"href":"https:\/\/blogsaverroes.juntadeandalucia.es\/fadehorca\/wp-json\/wp\/v2\/types\/page"}],"author":[{"embeddable":true,"href":"https:\/\/blogsaverroes.juntadeandalucia.es\/fadehorca\/wp-json\/wp\/v2\/users\/20013"}],"replies":[{"embeddable":true,"href":"https:\/\/blogsaverroes.juntadeandalucia.es\/fadehorca\/wp-json\/wp\/v2\/comments?post=210"}],"version-history":[{"count":2,"href":"https:\/\/blogsaverroes.juntadeandalucia.es\/fadehorca\/wp-json\/wp\/v2\/pages\/210\/revisions"}],"predecessor-version":[{"id":214,"href":"https:\/\/blogsaverroes.juntadeandalucia.es\/fadehorca\/wp-json\/wp\/v2\/pages\/210\/revisions\/214"}],"wp:attachment":[{"href":"https:\/\/blogsaverroes.juntadeandalucia.es\/fadehorca\/wp-json\/wp\/v2\/media?parent=210"}],"curies":[{"name":"wp","href":"https:\/\/api.w.org\/{rel}","templated":true}]}}