{"id":218,"date":"2024-11-28T00:20:15","date_gmt":"2024-11-27T23:20:15","guid":{"rendered":"https:\/\/blogsaverroes.juntadeandalucia.es\/fadehorca\/?page_id=218"},"modified":"2025-09-14T23:15:05","modified_gmt":"2025-09-14T21:15:05","slug":"de-concierto","status":"publish","type":"page","link":"https:\/\/blogsaverroes.juntadeandalucia.es\/fadehorca\/de-concierto\/","title":{"rendered":"De Concierto"},"content":{"rendered":"<p><img loading=\"lazy\" decoding=\"async\" class=\"alignnone \" src=\"https:\/\/c.pxhere.com\/photos\/a3\/85\/piano_concert_hall_steinway-588630.jpg!d\" alt=\"Sala de conciertos\" width=\"275\" height=\"206\" \/><\/p>\n<p>En esta p\u00e1gina ir\u00e9 poniendo algunos v\u00eddeos de actuaciones. \u00a1S\u00ed, los profes no solo damos clase, a veces tambi\u00e9n nos divertimos en el escenario!<\/p>\n<h3>Tales of the Alhambra (Cuentos de la Alhambra), para oboe y piano. \u00c1lvaro C\u00e1mara<\/h3>\n<div class=\"post-video\"><iframe loading=\"lazy\" title=\"Tales of the Alhambra (Cuentos de la Alhambra), para oboe y piano. \u00c1lvaro C\u00e1mara\" width=\"1165\" height=\"655\" src=\"https:\/\/www.youtube.com\/embed\/Ehf46N7SU2E?feature=oembed\" frameborder=\"0\" allow=\"accelerometer; autoplay; clipboard-write; encrypted-media; gyroscope; picture-in-picture; web-share\" referrerpolicy=\"strict-origin-when-cross-origin\" allowfullscreen><\/iframe><\/div>\n<h3>Una historia de la Alhambra, \u00d3scar Navarro<\/h3>\n<div class=\"post-video\"><iframe loading=\"lazy\" title=\"Una historia de la Alhambra, \u00d3scar Navarro\" width=\"1165\" height=\"655\" src=\"https:\/\/www.youtube.com\/embed\/GU-JBa-6smw?feature=oembed\" frameborder=\"0\" allow=\"accelerometer; autoplay; clipboard-write; encrypted-media; gyroscope; picture-in-picture; web-share\" referrerpolicy=\"strict-origin-when-cross-origin\" allowfullscreen><\/iframe><\/div>\n<h3>Santa Cecilia 2024 (Ravel, Bolero; Bizet, Carmen&#8230;)<\/h3>\n<div class=\"post-video\"><iframe loading=\"lazy\" title=\"CONCIERTO DE SANTA CECILIA 2024\" width=\"1165\" height=\"655\" src=\"https:\/\/www.youtube.com\/embed\/NRwS4QgD1po?feature=oembed\" frameborder=\"0\" allow=\"accelerometer; autoplay; clipboard-write; encrypted-media; gyroscope; picture-in-picture; web-share\" referrerpolicy=\"strict-origin-when-cross-origin\" allowfullscreen><\/iframe><\/div>\n<h3>Bach, Magn\u00edficat (oboe de amor)<\/h3>\n<div class=\"post-video\"><iframe loading=\"lazy\" title=\"J. S. Bach: Magnificat\" width=\"1165\" height=\"655\" src=\"https:\/\/www.youtube.com\/embed\/tAotvXHQ5Q4?feature=oembed\" frameborder=\"0\" allow=\"accelerometer; autoplay; clipboard-write; encrypted-media; gyroscope; picture-in-picture; web-share\" referrerpolicy=\"strict-origin-when-cross-origin\" allowfullscreen><\/iframe><\/div>\n<h3>Vivaldi, Concierto en La m para oboe\/fagot RV 463\/500<\/h3>\n<div class=\"post-video\"><iframe loading=\"lazy\" title=\"Concierto en La m para oboe\/fagot RV 463\/500, A. Vivaldi\" width=\"1165\" height=\"655\" src=\"https:\/\/www.youtube.com\/embed\/-crdF73_uC4?feature=oembed\" frameborder=\"0\" allow=\"accelerometer; autoplay; clipboard-write; encrypted-media; gyroscope; picture-in-picture; web-share\" referrerpolicy=\"strict-origin-when-cross-origin\" allowfullscreen><\/iframe><\/div>\n<h3>Pfl\u00fcger, Polaroid (para oboe y cinta)<\/h3>\n<div class=\"post-video\"><iframe loading=\"lazy\" title=\"Polaroid, para oboe y cinta, Andreas B. Pfl\u00fcger\" width=\"1165\" height=\"655\" src=\"https:\/\/www.youtube.com\/embed\/8OX8tNaqKsU?feature=oembed\" frameborder=\"0\" allow=\"accelerometer; autoplay; clipboard-write; encrypted-media; gyroscope; picture-in-picture; web-share\" referrerpolicy=\"strict-origin-when-cross-origin\" allowfullscreen><\/iframe><\/div>\n","protected":false},"excerpt":{"rendered":"<p>En esta p\u00e1gina ir\u00e9 poniendo algunos v\u00eddeos de actuaciones. \u00a1S\u00ed, los profes no solo damos clase, a veces tambi\u00e9n nos divertimos en el escenario! Tales of the Alhambra (Cuentos de la Alhambra), para oboe y piano. \u00c1lvaro C\u00e1mara Una historia de la Alhambra, \u00d3scar Navarro Santa Cecilia 2024 (Ravel, Bolero; Bizet, Carmen&#8230;) Bach, Magn\u00edficat (oboe [&hellip;]<\/p>\n","protected":false},"author":20013,"featured_media":0,"parent":0,"menu_order":0,"comment_status":"closed","ping_status":"closed","template":"","meta":{"_exactmetrics_skip_tracking":false,"_exactmetrics_sitenote_active":false,"_exactmetrics_sitenote_note":"","_exactmetrics_sitenote_category":0,"footnotes":""},"aioseo_notices":[],"post_mailing_queue_ids":[],"_links":{"self":[{"href":"https:\/\/blogsaverroes.juntadeandalucia.es\/fadehorca\/wp-json\/wp\/v2\/pages\/218"}],"collection":[{"href":"https:\/\/blogsaverroes.juntadeandalucia.es\/fadehorca\/wp-json\/wp\/v2\/pages"}],"about":[{"href":"https:\/\/blogsaverroes.juntadeandalucia.es\/fadehorca\/wp-json\/wp\/v2\/types\/page"}],"author":[{"embeddable":true,"href":"https:\/\/blogsaverroes.juntadeandalucia.es\/fadehorca\/wp-json\/wp\/v2\/users\/20013"}],"replies":[{"embeddable":true,"href":"https:\/\/blogsaverroes.juntadeandalucia.es\/fadehorca\/wp-json\/wp\/v2\/comments?post=218"}],"version-history":[{"count":4,"href":"https:\/\/blogsaverroes.juntadeandalucia.es\/fadehorca\/wp-json\/wp\/v2\/pages\/218\/revisions"}],"predecessor-version":[{"id":591,"href":"https:\/\/blogsaverroes.juntadeandalucia.es\/fadehorca\/wp-json\/wp\/v2\/pages\/218\/revisions\/591"}],"wp:attachment":[{"href":"https:\/\/blogsaverroes.juntadeandalucia.es\/fadehorca\/wp-json\/wp\/v2\/media?parent=218"}],"curies":[{"name":"wp","href":"https:\/\/api.w.org\/{rel}","templated":true}]}}