{"id":252,"date":"2024-12-06T11:24:13","date_gmt":"2024-12-06T10:24:13","guid":{"rendered":"https:\/\/blogsaverroes.juntadeandalucia.es\/fadehorca\/?page_id=252"},"modified":"2025-11-04T16:24:36","modified_gmt":"2025-11-04T15:24:36","slug":"canas","status":"publish","type":"page","link":"https:\/\/blogsaverroes.juntadeandalucia.es\/fadehorca\/canas\/","title":{"rendered":"Ca\u00f1as"},"content":{"rendered":"<p>Peque\u00f1os v\u00eddeos de consulta relacionados con las ca\u00f1as del oboe:<\/p>\n<ul>\n<li><a title=\"Moldea tus ca\u00f1as de oboe: Peque\u00f1a gu\u00eda r\u00e1pida\" href=\"https:\/\/blogsaverroes.juntadeandalucia.es\/fadehorca\/2024\/12\/06\/moldea-tus-canas-de-oboe-pequena-guia-rapida\/\" target=\"_blank\" rel=\"noopener\">Moldea tus ca\u00f1as de oboe: Peque\u00f1a gu\u00eda r\u00e1pida<\/a><\/li>\n<li><a title=\"Atar ca\u00f1as de oboe, nivel b\u00e1sico y nivel profesional\" href=\"https:\/\/blogsaverroes.juntadeandalucia.es\/fadehorca\/2025\/04\/10\/atar-canas-de-oboe-nivel-basico-y-nivel-profesional\/\" target=\"_blank\" rel=\"noopener\">Atar ca\u00f1as de oboe, nivel b\u00e1sico y nivel profesional<\/a><\/li>\n<li><a title=\"Probar ca\u00f1as de oboe\" href=\"https:\/\/blogsaverroes.juntadeandalucia.es\/fadehorca\/2025\/11\/04\/probar-canas-de-oboe\/\" target=\"_blank\" rel=\"noopener\">Probar ca\u00f1as de oboe<\/a><\/li>\n<\/ul>\n","protected":false},"excerpt":{"rendered":"<p>Peque\u00f1os v\u00eddeos de consulta relacionados con las ca\u00f1as del oboe: Moldea tus ca\u00f1as de oboe: Peque\u00f1a gu\u00eda r\u00e1pida Atar ca\u00f1as de oboe, nivel b\u00e1sico y nivel profesional Probar ca\u00f1as de oboe<\/p>\n","protected":false},"author":20013,"featured_media":0,"parent":0,"menu_order":0,"comment_status":"closed","ping_status":"closed","template":"","meta":{"_exactmetrics_skip_tracking":false,"_exactmetrics_sitenote_active":false,"_exactmetrics_sitenote_note":"","_exactmetrics_sitenote_category":0,"footnotes":""},"aioseo_notices":[],"post_mailing_queue_ids":[],"_links":{"self":[{"href":"https:\/\/blogsaverroes.juntadeandalucia.es\/fadehorca\/wp-json\/wp\/v2\/pages\/252"}],"collection":[{"href":"https:\/\/blogsaverroes.juntadeandalucia.es\/fadehorca\/wp-json\/wp\/v2\/pages"}],"about":[{"href":"https:\/\/blogsaverroes.juntadeandalucia.es\/fadehorca\/wp-json\/wp\/v2\/types\/page"}],"author":[{"embeddable":true,"href":"https:\/\/blogsaverroes.juntadeandalucia.es\/fadehorca\/wp-json\/wp\/v2\/users\/20013"}],"replies":[{"embeddable":true,"href":"https:\/\/blogsaverroes.juntadeandalucia.es\/fadehorca\/wp-json\/wp\/v2\/comments?post=252"}],"version-history":[{"count":4,"href":"https:\/\/blogsaverroes.juntadeandalucia.es\/fadehorca\/wp-json\/wp\/v2\/pages\/252\/revisions"}],"predecessor-version":[{"id":872,"href":"https:\/\/blogsaverroes.juntadeandalucia.es\/fadehorca\/wp-json\/wp\/v2\/pages\/252\/revisions\/872"}],"wp:attachment":[{"href":"https:\/\/blogsaverroes.juntadeandalucia.es\/fadehorca\/wp-json\/wp\/v2\/media?parent=252"}],"curies":[{"name":"wp","href":"https:\/\/api.w.org\/{rel}","templated":true}]}}