{"id":274,"date":"2024-12-17T10:56:55","date_gmt":"2024-12-17T09:56:55","guid":{"rendered":"https:\/\/blogsaverroes.juntadeandalucia.es\/fadehorca\/?page_id=274"},"modified":"2025-01-21T11:28:20","modified_gmt":"2025-01-21T10:28:20","slug":"digitacion","status":"publish","type":"page","link":"https:\/\/blogsaverroes.juntadeandalucia.es\/fadehorca\/digitacion\/","title":{"rendered":"Digitaci\u00f3n"},"content":{"rendered":"<p>Peque\u00f1os v\u00eddeos de consulta relacionados con la digitaci\u00f3n en el oboe:<\/p>\n<ul>\n<li><a title=\"Digitaci\u00f3n del oboe, peque\u00f1o ejercicio. \u00bfCon cu\u00e1nta fuerza debemos pulsar las llaves?\" href=\"https:\/\/blogsaverroes.juntadeandalucia.es\/fadehorca\/2024\/12\/17\/digitacion-del-oboe-pequeno-ejercicio-con-cuanta-fuerza-debemos-pulsar-las-llaves\/\" target=\"_blank\" rel=\"noopener\">Digitaci\u00f3n del oboe, peque\u00f1o ejercicio. \u00bfCon cu\u00e1nta fuerza debemos pulsar las llaves?<\/a><\/li>\n<li><a title=\"Practicar pasajes de notas con la misma duraci\u00f3n\" href=\"https:\/\/blogsaverroes.juntadeandalucia.es\/fadehorca\/2025\/01\/21\/practicar-pasajes-de-notas-con-la-misma-duracion\/\" target=\"_blank\" rel=\"noopener\">Practicar pasajes de notas con la misma duraci\u00f3n<\/a><\/li>\n<\/ul>\n","protected":false},"excerpt":{"rendered":"<p>Peque\u00f1os v\u00eddeos de consulta relacionados con la digitaci\u00f3n en el oboe: Digitaci\u00f3n del oboe, peque\u00f1o ejercicio. \u00bfCon cu\u00e1nta fuerza debemos pulsar las llaves? Practicar pasajes de notas con la misma duraci\u00f3n<\/p>\n","protected":false},"author":20013,"featured_media":0,"parent":0,"menu_order":0,"comment_status":"closed","ping_status":"closed","template":"","meta":{"_exactmetrics_skip_tracking":false,"_exactmetrics_sitenote_active":false,"_exactmetrics_sitenote_note":"","_exactmetrics_sitenote_category":0,"footnotes":""},"aioseo_notices":[],"post_mailing_queue_ids":[],"_links":{"self":[{"href":"https:\/\/blogsaverroes.juntadeandalucia.es\/fadehorca\/wp-json\/wp\/v2\/pages\/274"}],"collection":[{"href":"https:\/\/blogsaverroes.juntadeandalucia.es\/fadehorca\/wp-json\/wp\/v2\/pages"}],"about":[{"href":"https:\/\/blogsaverroes.juntadeandalucia.es\/fadehorca\/wp-json\/wp\/v2\/types\/page"}],"author":[{"embeddable":true,"href":"https:\/\/blogsaverroes.juntadeandalucia.es\/fadehorca\/wp-json\/wp\/v2\/users\/20013"}],"replies":[{"embeddable":true,"href":"https:\/\/blogsaverroes.juntadeandalucia.es\/fadehorca\/wp-json\/wp\/v2\/comments?post=274"}],"version-history":[{"count":2,"href":"https:\/\/blogsaverroes.juntadeandalucia.es\/fadehorca\/wp-json\/wp\/v2\/pages\/274\/revisions"}],"predecessor-version":[{"id":297,"href":"https:\/\/blogsaverroes.juntadeandalucia.es\/fadehorca\/wp-json\/wp\/v2\/pages\/274\/revisions\/297"}],"wp:attachment":[{"href":"https:\/\/blogsaverroes.juntadeandalucia.es\/fadehorca\/wp-json\/wp\/v2\/media?parent=274"}],"curies":[{"name":"wp","href":"https:\/\/api.w.org\/{rel}","templated":true}]}}