{"id":355,"date":"2025-02-14T07:58:31","date_gmt":"2025-02-14T06:58:31","guid":{"rendered":"https:\/\/blogsaverroes.juntadeandalucia.es\/fadehorca\/?page_id=355"},"modified":"2025-02-14T07:58:31","modified_gmt":"2025-02-14T06:58:31","slug":"mecanica","status":"publish","type":"page","link":"https:\/\/blogsaverroes.juntadeandalucia.es\/fadehorca\/mecanica\/","title":{"rendered":"Mec\u00e1nica"},"content":{"rendered":"<p>Peque\u00f1os v\u00eddeos de consulta relacionados con la mec\u00e1nica en el oboe:<\/p>\n<ul>\n<li><a title=\"Prevenir problemas de humedad en los o\u00eddos del oboe mientras tocamos, un detalle \u00fatil\" href=\"https:\/\/blogsaverroes.juntadeandalucia.es\/fadehorca\/2025\/02\/14\/prevenir-problemas-de-humedad-en-los-oidos-del-oboe-mientras-tocamos-un-detalle-util\/\" target=\"_blank\" rel=\"noopener\">Prevenir problemas de humedad en los o\u00eddos del oboe mientras tocamos, un detalle \u00fatil<\/a><\/li>\n<\/ul>\n","protected":false},"excerpt":{"rendered":"<p>Peque\u00f1os v\u00eddeos de consulta relacionados con la mec\u00e1nica en el oboe: Prevenir problemas de humedad en los o\u00eddos del oboe mientras tocamos, un detalle \u00fatil<\/p>\n","protected":false},"author":20013,"featured_media":0,"parent":0,"menu_order":0,"comment_status":"closed","ping_status":"closed","template":"","meta":{"_exactmetrics_skip_tracking":false,"_exactmetrics_sitenote_active":false,"_exactmetrics_sitenote_note":"","_exactmetrics_sitenote_category":0,"footnotes":""},"aioseo_notices":[],"post_mailing_queue_ids":[],"_links":{"self":[{"href":"https:\/\/blogsaverroes.juntadeandalucia.es\/fadehorca\/wp-json\/wp\/v2\/pages\/355"}],"collection":[{"href":"https:\/\/blogsaverroes.juntadeandalucia.es\/fadehorca\/wp-json\/wp\/v2\/pages"}],"about":[{"href":"https:\/\/blogsaverroes.juntadeandalucia.es\/fadehorca\/wp-json\/wp\/v2\/types\/page"}],"author":[{"embeddable":true,"href":"https:\/\/blogsaverroes.juntadeandalucia.es\/fadehorca\/wp-json\/wp\/v2\/users\/20013"}],"replies":[{"embeddable":true,"href":"https:\/\/blogsaverroes.juntadeandalucia.es\/fadehorca\/wp-json\/wp\/v2\/comments?post=355"}],"version-history":[{"count":1,"href":"https:\/\/blogsaverroes.juntadeandalucia.es\/fadehorca\/wp-json\/wp\/v2\/pages\/355\/revisions"}],"predecessor-version":[{"id":358,"href":"https:\/\/blogsaverroes.juntadeandalucia.es\/fadehorca\/wp-json\/wp\/v2\/pages\/355\/revisions\/358"}],"wp:attachment":[{"href":"https:\/\/blogsaverroes.juntadeandalucia.es\/fadehorca\/wp-json\/wp\/v2\/media?parent=355"}],"curies":[{"name":"wp","href":"https:\/\/api.w.org\/{rel}","templated":true}]}}