{"id":5,"date":"2024-10-14T00:24:25","date_gmt":"2024-10-13T22:24:25","guid":{"rendered":"https:\/\/blogsaverroes.juntadeandalucia.es\/fadehorca\/?page_id=5"},"modified":"2024-10-14T00:24:25","modified_gmt":"2024-10-13T22:24:25","slug":"quien-soy","status":"publish","type":"page","link":"https:\/\/blogsaverroes.juntadeandalucia.es\/fadehorca\/quien-soy\/","title":{"rendered":"\u00bfQui\u00e9n soy?"},"content":{"rendered":"<figure id=\"attachment_16\" aria-describedby=\"caption-attachment-16\" style=\"width: 246px\" class=\"wp-caption alignleft\"><img loading=\"lazy\" decoding=\"async\" class=\"wp-image-16\" src=\"https:\/\/blogsaverroes.juntadeandalucia.es\/fadehorca\/files\/2024\/10\/1717349459830-scaled-e1728858121443-264x300.jpg\" alt=\"Andr\u00e9s Parada\" width=\"246\" height=\"279\" srcset=\"https:\/\/blogsaverroes.juntadeandalucia.es\/fadehorca\/files\/2024\/10\/1717349459830-scaled-e1728858121443-264x300.jpg 264w, https:\/\/blogsaverroes.juntadeandalucia.es\/fadehorca\/files\/2024\/10\/1717349459830-scaled-e1728858121443-901x1024.jpg 901w, https:\/\/blogsaverroes.juntadeandalucia.es\/fadehorca\/files\/2024\/10\/1717349459830-scaled-e1728858121443-768x872.jpg 768w, https:\/\/blogsaverroes.juntadeandalucia.es\/fadehorca\/files\/2024\/10\/1717349459830-scaled-e1728858121443-1352x1536.jpg 1352w, https:\/\/blogsaverroes.juntadeandalucia.es\/fadehorca\/files\/2024\/10\/1717349459830-scaled-e1728858121443.jpg 1409w\" sizes=\"(max-width: 246px) 100vw, 246px\" \/><figcaption id=\"caption-attachment-16\" class=\"wp-caption-text\">A. Parada<\/figcaption><\/figure>\n<p>&nbsp;<\/p>\n<p>&nbsp;<\/p>\n<p>&nbsp;<\/p>\n<p>&nbsp;<\/p>\n<p>&nbsp;<\/p>\n<p>&nbsp;<\/p>\n<p>&nbsp;<\/p>\n<p>&nbsp;<\/p>\n<p>Mi nombre es Andr\u00e9s y soy profesor de oboe en el Conservatorio Profesional de M\u00fasica &#8220;Ram\u00f3n Garay&#8221; de Ja\u00e9n. Me dedico a la docencia desde el siglo pasado, y lo sigo haciendo con la misma ilusi\u00f3n y dedicaci\u00f3n que el primer d\u00eda. He creado este blog de aula como recurso para agrupar en un solo sitio materiales e informaci\u00f3n de inter\u00e9s para mi alumnado y sus familias. Por supuesto, si est\u00e1s interesada\/o en el mundo del oboe y la educaci\u00f3n, \u00a1eres absolutamente bienvenida\/o!<\/p>\n","protected":false},"excerpt":{"rendered":"<p>&nbsp; &nbsp; &nbsp; &nbsp; &nbsp; &nbsp; &nbsp; &nbsp; Mi nombre es Andr\u00e9s y soy profesor de oboe en el Conservatorio Profesional de M\u00fasica &#8220;Ram\u00f3n Garay&#8221; de Ja\u00e9n. Me dedico a la docencia desde el siglo pasado, y lo sigo haciendo con la misma ilusi\u00f3n y dedicaci\u00f3n que el primer d\u00eda. He creado este blog de [&hellip;]<\/p>\n","protected":false},"author":20013,"featured_media":0,"parent":0,"menu_order":0,"comment_status":"closed","ping_status":"closed","template":"","meta":{"_exactmetrics_skip_tracking":false,"_exactmetrics_sitenote_active":false,"_exactmetrics_sitenote_note":"","_exactmetrics_sitenote_category":0,"footnotes":""},"aioseo_notices":[],"post_mailing_queue_ids":[],"_links":{"self":[{"href":"https:\/\/blogsaverroes.juntadeandalucia.es\/fadehorca\/wp-json\/wp\/v2\/pages\/5"}],"collection":[{"href":"https:\/\/blogsaverroes.juntadeandalucia.es\/fadehorca\/wp-json\/wp\/v2\/pages"}],"about":[{"href":"https:\/\/blogsaverroes.juntadeandalucia.es\/fadehorca\/wp-json\/wp\/v2\/types\/page"}],"author":[{"embeddable":true,"href":"https:\/\/blogsaverroes.juntadeandalucia.es\/fadehorca\/wp-json\/wp\/v2\/users\/20013"}],"replies":[{"embeddable":true,"href":"https:\/\/blogsaverroes.juntadeandalucia.es\/fadehorca\/wp-json\/wp\/v2\/comments?post=5"}],"version-history":[{"count":2,"href":"https:\/\/blogsaverroes.juntadeandalucia.es\/fadehorca\/wp-json\/wp\/v2\/pages\/5\/revisions"}],"predecessor-version":[{"id":17,"href":"https:\/\/blogsaverroes.juntadeandalucia.es\/fadehorca\/wp-json\/wp\/v2\/pages\/5\/revisions\/17"}],"wp:attachment":[{"href":"https:\/\/blogsaverroes.juntadeandalucia.es\/fadehorca\/wp-json\/wp\/v2\/media?parent=5"}],"curies":[{"name":"wp","href":"https:\/\/api.w.org\/{rel}","templated":true}]}}