{"id":575,"date":"2025-09-14T16:33:14","date_gmt":"2025-09-14T14:33:14","guid":{"rendered":"https:\/\/blogsaverroes.juntadeandalucia.es\/fadehorca\/?page_id=575"},"modified":"2026-04-13T08:16:00","modified_gmt":"2026-04-13T06:16:00","slug":"oboteando-vol-1-audios-de-acompanamiento","status":"publish","type":"page","link":"https:\/\/blogsaverroes.juntadeandalucia.es\/fadehorca\/oboteando-vol-1-audios-de-acompanamiento\/","title":{"rendered":"Oboteando, vol 1. Audios de acompa\u00f1amiento"},"content":{"rendered":"<h1>Oboteando, volumen 1<\/h1>\n<p>Aqu\u00ed ten\u00e9is los enlaces a las pistas de acompa\u00f1amiento. No olvid\u00e9is que en la rueda dentada del reproductor de YouTube pod\u00e9is cambiar la velocidad.<\/p>\n<h3>Colecci\u00f3n 1<\/h3>\n<ul>\n<li><a title=\"Mueve tu cuerpo, \u00a1al ritmo de Videojuegos!\" href=\"https:\/\/blogsaverroes.juntadeandalucia.es\/fadehorca\/2025\/09\/14\/mueve-tu-cuerpo-al-ritmo-de-videojuegos-pista-de-acompanamiento\/\" target=\"_blank\" rel=\"noopener\">Mueve tu cuerpo, \u00a1al ritmo de Videojuegos!<\/a><\/li>\n<li><a title=\"Melod\u00eda Melanc\u00f3lica\" href=\"https:\/\/blogsaverroes.juntadeandalucia.es\/fadehorca\/2025\/09\/14\/melodia-melancolica-pista-de-acompanamiento\/\" target=\"_blank\" rel=\"noopener\">Melod\u00eda Melanc\u00f3lica<\/a><\/li>\n<li><a title=\"Videojuegos\" href=\"https:\/\/blogsaverroes.juntadeandalucia.es\/fadehorca\/2025\/09\/14\/videojuegos-pista-de-acompanamiento\/\" target=\"_blank\" rel=\"noopener\">Videojuegos<\/a><\/li>\n<li><a title=\"Canci\u00f3n del Despertar\" href=\"https:\/\/blogsaverroes.juntadeandalucia.es\/fadehorca\/2025\/09\/14\/cancion-del-despertar-pista-de-acompanamiento\/\" target=\"_blank\" rel=\"noopener\">Canci\u00f3n del Despertar<\/a><\/li>\n<li><a title=\"Las Partes del Oboe\" href=\"https:\/\/blogsaverroes.juntadeandalucia.es\/fadehorca\/2025\/09\/22\/las-partes-del-oboe-pista-de-acompanamiento\/\" target=\"_blank\" rel=\"noopener\">Las Partes del Oboe<\/a><\/li>\n<li><a title=\"El Gran Concurso Final\" href=\"https:\/\/blogsaverroes.juntadeandalucia.es\/fadehorca\/2025\/09\/22\/el-gran-concurso-final-pista-de-acompanamiento\/\" target=\"_blank\" rel=\"noopener\">El Gran Concurso Final<\/a><\/li>\n<li><a title=\"\u00a1Despierta!\" href=\"https:\/\/blogsaverroes.juntadeandalucia.es\/fadehorca\/2025\/09\/22\/despierta-pista-de-acompanamiento\/\" target=\"_blank\" rel=\"noopener\">\u00a1Despierta!<\/a><\/li>\n<li><a title=\"\u00a1Esto me Suena!\" href=\"https:\/\/blogsaverroes.juntadeandalucia.es\/fadehorca\/2025\/09\/22\/esto-me-suena-pista-de-acompanamiento\/\" target=\"_blank\" rel=\"noopener\">\u00a1Esto me Suena!<\/a><\/li>\n<li><a title=\"Bolas de Papel\" href=\"https:\/\/blogsaverroes.juntadeandalucia.es\/fadehorca\/2025\/09\/22\/bolas-de-papel-pista-de-acompanamiento\/\" target=\"_blank\" rel=\"noopener\">Bolas de Papel<\/a><\/li>\n<li><a title=\"El Oeste\" href=\"https:\/\/blogsaverroes.juntadeandalucia.es\/fadehorca\/2025\/09\/22\/el-oeste-pista-de-acompanamiento-2\/\" target=\"_blank\" rel=\"noopener\">El Oeste<\/a><\/li>\n<\/ul>\n<h3>Colecci\u00f3n 2<\/h3>\n<ul>\n<li><a title=\"Silbato\" href=\"https:\/\/blogsaverroes.juntadeandalucia.es\/fadehorca\/2025\/10\/01\/silbato-pista-de-acompanamiento\/\" target=\"_blank\" rel=\"noopener\">Silbato<\/a><\/li>\n<li><a title=\"R\u00e1fagas\" href=\"https:\/\/blogsaverroes.juntadeandalucia.es\/fadehorca\/2025\/10\/01\/rafagas-pista-de-acompanamiento\/\" target=\"_blank\" rel=\"noopener\">R\u00e1fagas<\/a><\/li>\n<li><a title=\"Se\u00f1or Do\" href=\"https:\/\/blogsaverroes.juntadeandalucia.es\/fadehorca\/2025\/10\/01\/senor-do-pista-de-acompanamiento\/\" target=\"_blank\" rel=\"noopener\">Se\u00f1or Do<\/a><\/li>\n<li><a title=\"Los Dedos\" href=\"https:\/\/blogsaverroes.juntadeandalucia.es\/fadehorca\/2025\/10\/01\/los-dedos-pista-de-acompanamiento\/\" target=\"_blank\" rel=\"noopener\">Los Dedos<\/a><\/li>\n<li><a title=\"El Ferrocarril\" href=\"https:\/\/blogsaverroes.juntadeandalucia.es\/fadehorca\/2025\/10\/01\/el-ferrocarril-pista-de-acompanamiento\/\" target=\"_blank\" rel=\"noopener\">El Ferrocarril<\/a><\/li>\n<li><a title=\"Mosquitos\" href=\"https:\/\/blogsaverroes.juntadeandalucia.es\/fadehorca\/2025\/10\/01\/mosquitos-pista-de-acompanamiento\/\" target=\"_blank\" rel=\"noopener\">Mosquitos<\/a><\/li>\n<li><a title=\"\u00a1Curvas en la V\u00eda!\" href=\"https:\/\/blogsaverroes.juntadeandalucia.es\/fadehorca\/2025\/10\/01\/curvas-en-la-via-pista-de-acompanamiento\/\" target=\"_blank\" rel=\"noopener\">\u00a1Curvas en la V\u00eda!<\/a><\/li>\n<li><a title=\"Una Gran Historia\" href=\"https:\/\/blogsaverroes.juntadeandalucia.es\/fadehorca\/2025\/10\/01\/una-gran-historia-pista-de-acompanamiento\/\" target=\"_blank\" rel=\"noopener\">Una Gran Historia<\/a><\/li>\n<\/ul>\n<h3>Colecci\u00f3n 3<\/h3>\n<ul>\n<li><a title=\"El Jefe y sus Secuaces\" href=\"https:\/\/blogsaverroes.juntadeandalucia.es\/fadehorca\/?p=776&amp;preview=true\" target=\"_blank\" rel=\"noopener\">El Jefe y sus Secuaces<\/a><\/li>\n<li><a title=\"Animales y Animalitos\" href=\"https:\/\/blogsaverroes.juntadeandalucia.es\/fadehorca\/?p=779&amp;preview=true\" target=\"_blank\" rel=\"noopener\">Animales y Animalitos<\/a><\/li>\n<li><a title=\"Andar, Parar, Cavar...\" href=\"https:\/\/blogsaverroes.juntadeandalucia.es\/fadehorca\/?p=780&amp;preview=true\" target=\"_blank\" rel=\"noopener\">Andar, Parar, Cavar&#8230;<\/a><\/li>\n<li><a title=\"El Caramelo\" href=\"https:\/\/blogsaverroes.juntadeandalucia.es\/fadehorca\/?p=781&amp;preview=true\" target=\"_blank\" rel=\"noopener\">El Caramelo<\/a><\/li>\n<li><a title=\"Peque\u00f1os Saltadores\" href=\"https:\/\/blogsaverroes.juntadeandalucia.es\/fadehorca\/?p=782&amp;preview=true\" target=\"_blank\" rel=\"noopener\">Peque\u00f1os Saltadores<\/a><\/li>\n<li><a title=\"La Marcha de los Monstruos\" href=\"https:\/\/blogsaverroes.juntadeandalucia.es\/fadehorca\/?p=783&amp;preview=true\" target=\"_blank\" rel=\"noopener\">La Marcha de los Monstruos<\/a><\/li>\n<li><a title=\"Ilusi\u00f3n y Desilusi\u00f3n\" href=\"https:\/\/blogsaverroes.juntadeandalucia.es\/fadehorca\/?p=784&amp;preview=true\" target=\"_blank\" rel=\"noopener\">Ilusi\u00f3n y Desilusi\u00f3n<\/a><\/li>\n<li><a title=\"Una Fiesta\" href=\"https:\/\/blogsaverroes.juntadeandalucia.es\/fadehorca\/?p=785&amp;preview=true\" target=\"_blank\" rel=\"noopener\">Una Fiesta<\/a><\/li>\n<li><a title=\"\u00bfQui\u00e9n se ha Comido esas Notas?\" href=\"https:\/\/blogsaverroes.juntadeandalucia.es\/fadehorca\/?p=786&amp;preview=true\" target=\"_blank\" rel=\"noopener\">\u00bfQui\u00e9n se ha Comido esas Notas?<\/a><\/li>\n<\/ul>\n<h3>Colecci\u00f3n 4<\/h3>\n<ul>\n<li><a title=\"El Oso Perezoso\" href=\"https:\/\/blogsaverroes.juntadeandalucia.es\/fadehorca\/2025\/12\/03\/el-oso-perezoso-pista-de-acompanamiento\/\" target=\"_blank\" rel=\"noopener\">El Oso Perezoso<\/a><\/li>\n<li><a title=\"Dichoso Reloj\" href=\"https:\/\/blogsaverroes.juntadeandalucia.es\/fadehorca\/2025\/12\/03\/dichoso-reloj-pista-de-acompanamiento\/\" target=\"_blank\" rel=\"noopener\">Dichoso Reloj<\/a><\/li>\n<\/ul>\n<h3>Colecci\u00f3n 5<\/h3>\n<ul>\n<li><a title=\"Space Music\" href=\"https:\/\/blogsaverroes.juntadeandalucia.es\/fadehorca\/2025\/12\/02\/space-music-pista-de-acompanamiento\/\" target=\"_blank\" rel=\"noopener\">Space Music<\/a><\/li>\n<li><a title=\"El Salto del Bardo\" href=\"https:\/\/blogsaverroes.juntadeandalucia.es\/fadehorca\/2026\/02\/04\/el-salto-del-bardo-pista-de-acompanamiento\/\" target=\"_blank\" rel=\"noopener\">El Salto del Bardo<\/a><\/li>\n<li><a title=\"El Camino\" href=\"https:\/\/blogsaverroes.juntadeandalucia.es\/fadehorca\/2026\/02\/04\/el-camino-pista-de-acompanamiento\/\" target=\"_blank\" rel=\"noopener\">El Camino<\/a><\/li>\n<\/ul>\n<h3>Colecci\u00f3n 7<\/h3>\n<ul>\n<li><a title=\"\u00a1C\u00f3gela!\" href=\"https:\/\/blogsaverroes.juntadeandalucia.es\/fadehorca\/2026\/02\/04\/cogela-pista-de-acompanamiento\/\" target=\"_blank\" rel=\"noopener\">\u00a1C\u00f3gela!<\/a><\/li>\n<li><a title=\"Elfos\" href=\"https:\/\/blogsaverroes.juntadeandalucia.es\/fadehorca\/2026\/02\/04\/elfos-pista-de-acompanamiento\/\" target=\"_blank\" rel=\"noopener\">Elfos<\/a><\/li>\n<li><a title=\"El Mu\u00f1eco de Nieve\" href=\"https:\/\/blogsaverroes.juntadeandalucia.es\/fadehorca\/2026\/02\/04\/el-muneco-de-nieve-pista-de-acompanamiento\/\" target=\"_blank\" rel=\"noopener\">El Mu\u00f1eco de Nieve<\/a><\/li>\n<li><a title=\"Ardillas\" href=\"https:\/\/blogsaverroes.juntadeandalucia.es\/fadehorca\/2026\/02\/04\/ardillas-pista-de-acompanamiento\/\" target=\"_blank\" rel=\"noopener\">Ardillas<\/a><\/li>\n<\/ul>\n<h3>Colecci\u00f3n 8<\/h3>\n<ul>\n<li><a title=\"A Saltos\" href=\"https:\/\/blogsaverroes.juntadeandalucia.es\/fadehorca\/?p=1119&amp;preview=true\" target=\"_blank\" rel=\"noopener\">A Saltos<\/a><\/li>\n<li><a title=\"Cumplea\u00f1os Feliz\" href=\"https:\/\/blogsaverroes.juntadeandalucia.es\/fadehorca\/2026\/02\/25\/cumpleanos-feliz-pista-de-acompanamiento\/\" target=\"_blank\" rel=\"noopener\">Cumplea\u00f1os Feliz<\/a><\/li>\n<li><a title=\"Marcha del Oboe\" href=\"https:\/\/blogsaverroes.juntadeandalucia.es\/fadehorca\/?p=1120&amp;preview=true\" target=\"_blank\" rel=\"noopener\">Marcha del Oboe<\/a><\/li>\n<li><a title=\"Enero\" href=\"https:\/\/blogsaverroes.juntadeandalucia.es\/fadehorca\/?p=1122&amp;preview=true\" target=\"_blank\" rel=\"noopener\">Enero<\/a><\/li>\n<\/ul>\n<h3>Colecci\u00f3n 9<\/h3>\n<ul>\n<li><a title=\"Arriba, abajo, arriba\" href=\"https:\/\/blogsaverroes.juntadeandalucia.es\/fadehorca\/2026\/04\/13\/arriba-abajo-arriba-pista-de-acompanamiento\/\" target=\"_blank\" rel=\"noopener\">Arriba, abajo, arriba<\/a><\/li>\n<li><a title=\"Se Olvid\u00f3\" href=\"https:\/\/blogsaverroes.juntadeandalucia.es\/fadehorca\/2026\/04\/13\/se-olvido-pista-de-acompanamiento\/\" target=\"_blank\" rel=\"noopener\">Se Olvid\u00f3<\/a><\/li>\n<li><a title=\"Nadando\" href=\"https:\/\/blogsaverroes.juntadeandalucia.es\/fadehorca\/2026\/04\/13\/nadando-pista-de-acompanamiento\/\" target=\"_blank\" rel=\"noopener\">Nadando<\/a><\/li>\n<\/ul>\n","protected":false},"excerpt":{"rendered":"<p>Oboteando, volumen 1 Aqu\u00ed ten\u00e9is los enlaces a las pistas de acompa\u00f1amiento. No olvid\u00e9is que en la rueda dentada del reproductor de YouTube pod\u00e9is cambiar la velocidad. Colecci\u00f3n 1 Mueve tu cuerpo, \u00a1al ritmo de Videojuegos! Melod\u00eda Melanc\u00f3lica Videojuegos Canci\u00f3n del Despertar Las Partes del Oboe El Gran Concurso Final \u00a1Despierta! \u00a1Esto me Suena! Bolas [&hellip;]<\/p>\n","protected":false},"author":20013,"featured_media":0,"parent":0,"menu_order":0,"comment_status":"closed","ping_status":"closed","template":"","meta":{"_exactmetrics_skip_tracking":false,"_exactmetrics_sitenote_active":false,"_exactmetrics_sitenote_note":"","_exactmetrics_sitenote_category":0,"footnotes":""},"aioseo_notices":[],"post_mailing_queue_ids":[],"_links":{"self":[{"href":"https:\/\/blogsaverroes.juntadeandalucia.es\/fadehorca\/wp-json\/wp\/v2\/pages\/575"}],"collection":[{"href":"https:\/\/blogsaverroes.juntadeandalucia.es\/fadehorca\/wp-json\/wp\/v2\/pages"}],"about":[{"href":"https:\/\/blogsaverroes.juntadeandalucia.es\/fadehorca\/wp-json\/wp\/v2\/types\/page"}],"author":[{"embeddable":true,"href":"https:\/\/blogsaverroes.juntadeandalucia.es\/fadehorca\/wp-json\/wp\/v2\/users\/20013"}],"replies":[{"embeddable":true,"href":"https:\/\/blogsaverroes.juntadeandalucia.es\/fadehorca\/wp-json\/wp\/v2\/comments?post=575"}],"version-history":[{"count":30,"href":"https:\/\/blogsaverroes.juntadeandalucia.es\/fadehorca\/wp-json\/wp\/v2\/pages\/575\/revisions"}],"predecessor-version":[{"id":1149,"href":"https:\/\/blogsaverroes.juntadeandalucia.es\/fadehorca\/wp-json\/wp\/v2\/pages\/575\/revisions\/1149"}],"wp:attachment":[{"href":"https:\/\/blogsaverroes.juntadeandalucia.es\/fadehorca\/wp-json\/wp\/v2\/media?parent=575"}],"curies":[{"name":"wp","href":"https:\/\/api.w.org\/{rel}","templated":true}]}}