{"id":592,"date":"2025-09-14T23:18:09","date_gmt":"2025-09-14T21:18:09","guid":{"rendered":"https:\/\/blogsaverroes.juntadeandalucia.es\/fadehorca\/?page_id=592"},"modified":"2025-09-14T23:52:49","modified_gmt":"2025-09-14T21:52:49","slug":"apps","status":"publish","type":"page","link":"https:\/\/blogsaverroes.juntadeandalucia.es\/fadehorca\/apps\/","title":{"rendered":"Apps"},"content":{"rendered":"<p>Unas m\u00e1s \u00fatiles y otras m\u00e1s desenfadadas. Una de mis aficiones es la programaci\u00f3n, e intento mantener algunas apps que aportan algo a las clases y a quien tenga curiosidad e inter\u00e9s por la m\u00fasica y el oboe.<\/p>\n<ul>\n<li><a title=\"J2L Rubric\" href=\"https:\/\/blogsaverroes.juntadeandalucia.es\/fadehorca\/j2l-rubric\/\" target=\"_blank\" rel=\"noopener\">J2L Rubric<\/a><\/li>\n<li><a title=\"OboAgudas\" href=\"https:\/\/blogsaverroes.juntadeandalucia.es\/fadehorca\/oboagudas\/\" target=\"_blank\" rel=\"noopener\">OboAgudas<\/a><\/li>\n<\/ul>\n<p>&nbsp;<\/p>\n","protected":false},"excerpt":{"rendered":"<p>Unas m\u00e1s \u00fatiles y otras m\u00e1s desenfadadas. Una de mis aficiones es la programaci\u00f3n, e intento mantener algunas apps que aportan algo a las clases y a quien tenga curiosidad e inter\u00e9s por la m\u00fasica y el oboe. J2L Rubric OboAgudas &nbsp;<\/p>\n","protected":false},"author":20013,"featured_media":0,"parent":0,"menu_order":0,"comment_status":"closed","ping_status":"closed","template":"","meta":{"_exactmetrics_skip_tracking":false,"_exactmetrics_sitenote_active":false,"_exactmetrics_sitenote_note":"","_exactmetrics_sitenote_category":0,"footnotes":""},"aioseo_notices":[],"post_mailing_queue_ids":[],"_links":{"self":[{"href":"https:\/\/blogsaverroes.juntadeandalucia.es\/fadehorca\/wp-json\/wp\/v2\/pages\/592"}],"collection":[{"href":"https:\/\/blogsaverroes.juntadeandalucia.es\/fadehorca\/wp-json\/wp\/v2\/pages"}],"about":[{"href":"https:\/\/blogsaverroes.juntadeandalucia.es\/fadehorca\/wp-json\/wp\/v2\/types\/page"}],"author":[{"embeddable":true,"href":"https:\/\/blogsaverroes.juntadeandalucia.es\/fadehorca\/wp-json\/wp\/v2\/users\/20013"}],"replies":[{"embeddable":true,"href":"https:\/\/blogsaverroes.juntadeandalucia.es\/fadehorca\/wp-json\/wp\/v2\/comments?post=592"}],"version-history":[{"count":7,"href":"https:\/\/blogsaverroes.juntadeandalucia.es\/fadehorca\/wp-json\/wp\/v2\/pages\/592\/revisions"}],"predecessor-version":[{"id":609,"href":"https:\/\/blogsaverroes.juntadeandalucia.es\/fadehorca\/wp-json\/wp\/v2\/pages\/592\/revisions\/609"}],"wp:attachment":[{"href":"https:\/\/blogsaverroes.juntadeandalucia.es\/fadehorca\/wp-json\/wp\/v2\/media?parent=592"}],"curies":[{"name":"wp","href":"https:\/\/api.w.org\/{rel}","templated":true}]}}