{"id":595,"date":"2025-09-14T23:27:26","date_gmt":"2025-09-14T21:27:26","guid":{"rendered":"https:\/\/blogsaverroes.juntadeandalucia.es\/fadehorca\/?page_id=595"},"modified":"2025-09-14T23:46:19","modified_gmt":"2025-09-14T21:46:19","slug":"j2l-rubric","status":"publish","type":"page","link":"https:\/\/blogsaverroes.juntadeandalucia.es\/fadehorca\/j2l-rubric\/","title":{"rendered":"J2L Rubric"},"content":{"rendered":"<p>App dirigida al alumnado de oboe y fagot del CPM &#8220;Ram\u00f3n Garay&#8221;, para que vea sus r\u00fabricas de evaluaci\u00f3n de una forma m\u00e1s din\u00e1mica y atractiva. Solo disponible para el alumnado de oboe y fagot del centro.<\/p>\n<p>Es una app web. Se puede ver en un navegador (recomendado Chrome), tanto en ordenador como en m\u00f3viles o tablets. Desde la barra de navegaci\u00f3n se puede instalar como una app, si tu dispositivo lo permite.<\/p>\n<p>Enlace directo:<\/p>\n<p><span style=\"font-size: 24pt\"><a title=\"J2L Rubric\" href=\"https:\/\/minimundooboe.gitlab.io\/j2l-rubric\" target=\"_blank\" rel=\"noopener\">J2L Rubric<\/a><\/span><\/p>\n","protected":false},"excerpt":{"rendered":"<p>App dirigida al alumnado de oboe y fagot del CPM &#8220;Ram\u00f3n Garay&#8221;, para que vea sus r\u00fabricas de evaluaci\u00f3n de una forma m\u00e1s din\u00e1mica y atractiva. Solo disponible para el alumnado de oboe y fagot del centro. Es una app web. Se puede ver en un navegador (recomendado Chrome), tanto en ordenador como en m\u00f3viles [&hellip;]<\/p>\n","protected":false},"author":20013,"featured_media":0,"parent":0,"menu_order":0,"comment_status":"closed","ping_status":"closed","template":"","meta":{"_exactmetrics_skip_tracking":false,"_exactmetrics_sitenote_active":false,"_exactmetrics_sitenote_note":"","_exactmetrics_sitenote_category":0,"footnotes":""},"aioseo_notices":[],"post_mailing_queue_ids":[],"_links":{"self":[{"href":"https:\/\/blogsaverroes.juntadeandalucia.es\/fadehorca\/wp-json\/wp\/v2\/pages\/595"}],"collection":[{"href":"https:\/\/blogsaverroes.juntadeandalucia.es\/fadehorca\/wp-json\/wp\/v2\/pages"}],"about":[{"href":"https:\/\/blogsaverroes.juntadeandalucia.es\/fadehorca\/wp-json\/wp\/v2\/types\/page"}],"author":[{"embeddable":true,"href":"https:\/\/blogsaverroes.juntadeandalucia.es\/fadehorca\/wp-json\/wp\/v2\/users\/20013"}],"replies":[{"embeddable":true,"href":"https:\/\/blogsaverroes.juntadeandalucia.es\/fadehorca\/wp-json\/wp\/v2\/comments?post=595"}],"version-history":[{"count":4,"href":"https:\/\/blogsaverroes.juntadeandalucia.es\/fadehorca\/wp-json\/wp\/v2\/pages\/595\/revisions"}],"predecessor-version":[{"id":605,"href":"https:\/\/blogsaverroes.juntadeandalucia.es\/fadehorca\/wp-json\/wp\/v2\/pages\/595\/revisions\/605"}],"wp:attachment":[{"href":"https:\/\/blogsaverroes.juntadeandalucia.es\/fadehorca\/wp-json\/wp\/v2\/media?parent=595"}],"curies":[{"name":"wp","href":"https:\/\/api.w.org\/{rel}","templated":true}]}}