{"id":603,"date":"2025-09-14T23:51:47","date_gmt":"2025-09-14T21:51:47","guid":{"rendered":"https:\/\/blogsaverroes.juntadeandalucia.es\/fadehorca\/?page_id=603"},"modified":"2025-09-14T23:53:14","modified_gmt":"2025-09-14T21:53:14","slug":"oboagudas","status":"publish","type":"page","link":"https:\/\/blogsaverroes.juntadeandalucia.es\/fadehorca\/oboagudas\/","title":{"rendered":"OboAgudas"},"content":{"rendered":"<p>App dirigida al alumnado de nivel medio. Muestra las posiciones sobreagudas del oboe, de forma f\u00e1cil y r\u00e1pida, \u00bfa qu\u00e9 esperas para practicarlas?<\/p>\n<p>Est\u00e1 disponible en app web, desde cualquier navegador:<\/p>\n<ul>\n<li><span style=\"font-size: 24pt\"><a title=\"OboAgudas, Web App\" href=\"https:\/\/minimundooboe.gitlab.io\/oboagudas\/\" target=\"_blank\" rel=\"noopener\">OboAgudas, Web App<\/a><\/span><\/li>\n<\/ul>\n<p>Tambi\u00e9n est\u00e1 disponible en versi\u00f3n android, la puedes descargar en Google Play Store:<\/p>\n<ul>\n<li><span style=\"font-size: 24pt\"><a title=\"OboAgudas, Appo Android (Google Play)\" href=\"https:\/\/play.google.com\/store\/apps\/details?id=com.minimundooboe.oboagudas&amp;pcampaignid=web_share\" target=\"_blank\" rel=\"noopener\">OboAgudas, Appo Android (Google Play)<\/a><\/span><\/li>\n<\/ul>\n","protected":false},"excerpt":{"rendered":"<p>App dirigida al alumnado de nivel medio. Muestra las posiciones sobreagudas del oboe, de forma f\u00e1cil y r\u00e1pida, \u00bfa qu\u00e9 esperas para practicarlas? Est\u00e1 disponible en app web, desde cualquier navegador: OboAgudas, Web App Tambi\u00e9n est\u00e1 disponible en versi\u00f3n android, la puedes descargar en Google Play Store: OboAgudas, Appo Android (Google Play)<\/p>\n","protected":false},"author":20013,"featured_media":0,"parent":0,"menu_order":0,"comment_status":"closed","ping_status":"closed","template":"","meta":{"_exactmetrics_skip_tracking":false,"_exactmetrics_sitenote_active":false,"_exactmetrics_sitenote_note":"","_exactmetrics_sitenote_category":0,"footnotes":""},"aioseo_notices":[],"post_mailing_queue_ids":[],"_links":{"self":[{"href":"https:\/\/blogsaverroes.juntadeandalucia.es\/fadehorca\/wp-json\/wp\/v2\/pages\/603"}],"collection":[{"href":"https:\/\/blogsaverroes.juntadeandalucia.es\/fadehorca\/wp-json\/wp\/v2\/pages"}],"about":[{"href":"https:\/\/blogsaverroes.juntadeandalucia.es\/fadehorca\/wp-json\/wp\/v2\/types\/page"}],"author":[{"embeddable":true,"href":"https:\/\/blogsaverroes.juntadeandalucia.es\/fadehorca\/wp-json\/wp\/v2\/users\/20013"}],"replies":[{"embeddable":true,"href":"https:\/\/blogsaverroes.juntadeandalucia.es\/fadehorca\/wp-json\/wp\/v2\/comments?post=603"}],"version-history":[{"count":5,"href":"https:\/\/blogsaverroes.juntadeandalucia.es\/fadehorca\/wp-json\/wp\/v2\/pages\/603\/revisions"}],"predecessor-version":[{"id":612,"href":"https:\/\/blogsaverroes.juntadeandalucia.es\/fadehorca\/wp-json\/wp\/v2\/pages\/603\/revisions\/612"}],"wp:attachment":[{"href":"https:\/\/blogsaverroes.juntadeandalucia.es\/fadehorca\/wp-json\/wp\/v2\/media?parent=603"}],"curies":[{"name":"wp","href":"https:\/\/api.w.org\/{rel}","templated":true}]}}