{"id":7,"date":"2024-10-14T23:07:49","date_gmt":"2024-10-14T21:07:49","guid":{"rendered":"https:\/\/blogsaverroes.juntadeandalucia.es\/fadehorca\/?page_id=7"},"modified":"2024-10-14T23:54:22","modified_gmt":"2024-10-14T21:54:22","slug":"sitios-de-interes","status":"publish","type":"page","link":"https:\/\/blogsaverroes.juntadeandalucia.es\/fadehorca\/sitios-de-interes\/","title":{"rendered":"Sitios de inter\u00e9s"},"content":{"rendered":"<p>Aqu\u00ed ten\u00e9is un listado de p\u00e1ginas interesantes relacionadas con nuestro instrumento, o con la educaci\u00f3n musical en general. Si quer\u00e9is que a\u00f1ada alguna, \u00a1no ten\u00e9is m\u00e1s que dejar un comentario!<\/p>\n<ul>\n<li><a href=\"https:\/\/afoes.es\/portfolio\/asociacion-afoes\/\" target=\"_blank\" rel=\"noopener\">Afoes, asociaci\u00f3n de fagotistas y obo\u00edstas de Espa\u00f1a<\/a>\n<ul>\n<li>Es la referencia en nuestro pa\u00eds para todo lo que tenga que ver con el oboe y nuestro instrumento hermano, el fagot.<\/li>\n<\/ul>\n<\/li>\n<li><a href=\"https:\/\/www.idrs.org\/\" target=\"_blank\" rel=\"noopener\">IDRS, asociaci\u00f3n internacional de dobles leng\u00fcetas<\/a>\n<ul>\n<li>Si ten\u00e9is miras m\u00e1s globales, es la asociaci\u00f3n de obo\u00edstas y fagotistas de referencia a nivel internacional.<\/li>\n<\/ul>\n<\/li>\n<li><a href=\"https:\/\/www.cpmjaen.es\/blog\/\" target=\"_blank\" rel=\"noopener\">CPM &#8220;Ram\u00f3n Garay&#8221;<\/a>\n<ul>\n<li>La web de nuestro conservatorio, llena de actividades para no perder de vista.<\/li>\n<\/ul>\n<\/li>\n<li><a href=\"https:\/\/musicbayside.com\/es\/home-es\/\" target=\"_blank\" rel=\"noopener\">Music Bayside<\/a>\n<ul>\n<li>La web de Nuria Cabezas, \u00a1llena de v\u00eddeos y recursos para el oboe!<\/li>\n<\/ul>\n<\/li>\n<li><a href=\"https:\/\/juanmariruiz.com\/juan-mari-ruiz\/\" target=\"_blank\" rel=\"noopener\">Juan Mari Ruiz<\/a>\n<ul>\n<li>Un obo\u00edsta y educador excepcional. Junto a Nuria Cabezas, el obo\u00edsta con m\u00e1s visibilidad en redes en nuestro pa\u00eds. No dej\u00e9is de visitar su canal de Youtube.<\/li>\n<\/ul>\n<\/li>\n<li><a href=\"https:\/\/antoniodomingo.es\/\" target=\"_blank\" rel=\"noopener\">Antonio Domingo<\/a>\n<ul>\n<li>Web de la persona de referencia en la educaci\u00f3n musical en nuestro pa\u00eds.<\/li>\n<\/ul>\n<\/li>\n<li><a href=\"http:\/\/marianaflauta.com\/\" target=\"_blank\" rel=\"noopener\">Cuando Pitos y Flautas<\/a>\n<ul>\n<li>El blog relacionado con la ense\u00f1anza musical con m\u00e1s imaginaci\u00f3n del mundo, \u00a1para no perderse nada de nada!<\/li>\n<\/ul>\n<\/li>\n<li><a href=\"https:\/\/www.aninamasana.com\/es\/inicio#about\" target=\"_blank\" rel=\"noopener\">Anina + Sana<\/a>\n<ul>\n<li>\u00bfProblemas con tu postura, preocupaci\u00f3n por tu salud f\u00edsica como instrumentista? No dejes de ver el blog de Ana.<\/li>\n<\/ul>\n<\/li>\n<li><a href=\"https:\/\/minimundooboe.wordpress.com\/\" target=\"_blank\" rel=\"noopener\">Minimundo Oboe<\/a>\n<ul>\n<li>Un blog que comenc\u00e9 hace varios a\u00f1os, con art\u00edculos e informaci\u00f3n variada relacionada con el oboe y la m\u00fasica. Prometo volver a dedicarle tiempo.<\/li>\n<\/ul>\n<\/li>\n<li><a href=\"https:\/\/www.youtube.com\/@minimundooboe8154\/videos\" target=\"_blank\" rel=\"noopener\">Canal de Youtube Minimundo Oboe<\/a>\n<ul>\n<li>Es el canal en el que suelo subir ejemplos de estudios o actividades relacionadas con nuestro d\u00eda a d\u00eda en el aula.<\/li>\n<\/ul>\n<\/li>\n<\/ul>\n<p>&nbsp;<\/p>\n","protected":false},"excerpt":{"rendered":"<p>Aqu\u00ed ten\u00e9is un listado de p\u00e1ginas interesantes relacionadas con nuestro instrumento, o con la educaci\u00f3n musical en general. Si quer\u00e9is que a\u00f1ada alguna, \u00a1no ten\u00e9is m\u00e1s que dejar un comentario! Afoes, asociaci\u00f3n de fagotistas y obo\u00edstas de Espa\u00f1a Es la referencia en nuestro pa\u00eds para todo lo que tenga que ver con el oboe y [&hellip;]<\/p>\n","protected":false},"author":20013,"featured_media":0,"parent":0,"menu_order":0,"comment_status":"closed","ping_status":"closed","template":"","meta":{"_exactmetrics_skip_tracking":false,"_exactmetrics_sitenote_active":false,"_exactmetrics_sitenote_note":"","_exactmetrics_sitenote_category":0,"footnotes":""},"aioseo_notices":[],"post_mailing_queue_ids":[],"_links":{"self":[{"href":"https:\/\/blogsaverroes.juntadeandalucia.es\/fadehorca\/wp-json\/wp\/v2\/pages\/7"}],"collection":[{"href":"https:\/\/blogsaverroes.juntadeandalucia.es\/fadehorca\/wp-json\/wp\/v2\/pages"}],"about":[{"href":"https:\/\/blogsaverroes.juntadeandalucia.es\/fadehorca\/wp-json\/wp\/v2\/types\/page"}],"author":[{"embeddable":true,"href":"https:\/\/blogsaverroes.juntadeandalucia.es\/fadehorca\/wp-json\/wp\/v2\/users\/20013"}],"replies":[{"embeddable":true,"href":"https:\/\/blogsaverroes.juntadeandalucia.es\/fadehorca\/wp-json\/wp\/v2\/comments?post=7"}],"version-history":[{"count":5,"href":"https:\/\/blogsaverroes.juntadeandalucia.es\/fadehorca\/wp-json\/wp\/v2\/pages\/7\/revisions"}],"predecessor-version":[{"id":33,"href":"https:\/\/blogsaverroes.juntadeandalucia.es\/fadehorca\/wp-json\/wp\/v2\/pages\/7\/revisions\/33"}],"wp:attachment":[{"href":"https:\/\/blogsaverroes.juntadeandalucia.es\/fadehorca\/wp-json\/wp\/v2\/media?parent=7"}],"curies":[{"name":"wp","href":"https:\/\/api.w.org\/{rel}","templated":true}]}}