{"id":76,"date":"2023-02-06T17:24:13","date_gmt":"2023-02-06T17:24:13","guid":{"rendered":"https:\/\/blogsaverroes.juntadeandalucia.es\/fallasiespdelaguila\/?page_id=76"},"modified":"2023-02-20T05:12:06","modified_gmt":"2023-02-20T05:12:06","slug":"ods-2","status":"publish","type":"page","link":"https:\/\/blogsaverroes.juntadeandalucia.es\/fallasiespdelaguila\/ods-2\/","title":{"rendered":"ODS 2. Hambre cero"},"content":{"rendered":"\t\t<div data-elementor-type=\"wp-page\" data-elementor-id=\"76\" class=\"elementor elementor-76\">\n\t\t\t\t\t\t<section class=\"elementor-section elementor-top-section elementor-element elementor-element-1674071 elementor-section-boxed elementor-section-height-default elementor-section-height-default\" data-id=\"1674071\" data-element_type=\"section\">\n\t\t\t\t\t\t<div class=\"elementor-container elementor-column-gap-default\">\n\t\t\t\t\t<div class=\"elementor-column elementor-col-100 elementor-top-column elementor-element elementor-element-2a0469cd\" data-id=\"2a0469cd\" data-element_type=\"column\">\n\t\t\t<div class=\"elementor-widget-wrap elementor-element-populated\">\n\t\t\t\t\t\t<div class=\"elementor-element elementor-element-1759a103 elementor-widget elementor-widget-text-editor\" data-id=\"1759a103\" data-element_type=\"widget\" data-widget_type=\"text-editor.default\">\n\t\t\t\t<div class=\"elementor-widget-container\">\n\t\t\t\t\t\t\t\t\t<p style=\"text-align: justify\">Tras d\u00e9cadas de una disminuci\u00f3n constante, el n\u00famero de personas que padecen hambre (medido por la prevalencia de desnutrici\u00f3n) comenz\u00f3 a aumentar lentamente de nuevo en 2015. Las estimaciones actuales indican que cerca de 690 millones de personas en el mundo padecen hambre, es decir, el 8,9 por ciento de la poblaci\u00f3n mundial, lo que supone un aumento de unos 10 millones de personas en un a\u00f1o y de unos 60 millones en cinco a\u00f1os.<\/p>\t\t\t\t\t\t\t\t<\/div>\n\t\t\t\t<\/div>\n\t\t\t\t\t<\/div>\n\t\t<\/div>\n\t\t\t\t\t<\/div>\n\t\t<\/section>\n\t\t\t\t<section class=\"elementor-section elementor-top-section elementor-element elementor-element-ba428dd elementor-section-boxed elementor-section-height-default elementor-section-height-default\" data-id=\"ba428dd\" data-element_type=\"section\">\n\t\t\t\t\t\t<div class=\"elementor-container elementor-column-gap-default\">\n\t\t\t\t\t<div class=\"elementor-column elementor-col-100 elementor-top-column elementor-element elementor-element-76f2f16\" data-id=\"76f2f16\" data-element_type=\"column\">\n\t\t\t<div class=\"elementor-widget-wrap elementor-element-populated\">\n\t\t\t\t\t\t<div class=\"elementor-element elementor-element-d6da543 elementor-widget elementor-widget-image\" data-id=\"d6da543\" data-element_type=\"widget\" data-widget_type=\"image.default\">\n\t\t\t\t<div class=\"elementor-widget-container\">\n\t\t\t\t\t\t\t\t\t\t\t\t\t\t\t<img fetchpriority=\"high\" decoding=\"async\" width=\"410\" height=\"1024\" src=\"https:\/\/blogsaverroes.juntadeandalucia.es\/fallasiespdelaguila\/files\/2023\/02\/ODS2_HAMBRE-CERO-410x1024.png\" class=\"attachment-large size-large wp-image-286\" alt=\"\" srcset=\"https:\/\/blogsaverroes.juntadeandalucia.es\/fallasiespdelaguila\/files\/2023\/02\/ODS2_HAMBRE-CERO-410x1024.png 410w, https:\/\/blogsaverroes.juntadeandalucia.es\/fallasiespdelaguila\/files\/2023\/02\/ODS2_HAMBRE-CERO-120x300.png 120w, https:\/\/blogsaverroes.juntadeandalucia.es\/fallasiespdelaguila\/files\/2023\/02\/ODS2_HAMBRE-CERO-768x1920.png 768w, https:\/\/blogsaverroes.juntadeandalucia.es\/fallasiespdelaguila\/files\/2023\/02\/ODS2_HAMBRE-CERO.png 800w\" sizes=\"(max-width: 410px) 100vw, 410px\" \/>\t\t\t\t\t\t\t\t\t\t\t\t\t\t\t<\/div>\n\t\t\t\t<\/div>\n\t\t\t\t\t<\/div>\n\t\t<\/div>\n\t\t\t\t\t<\/div>\n\t\t<\/section>\n\t\t\t\t<\/div>\n\t\t","protected":false},"excerpt":{"rendered":"<p>Tras d\u00e9cadas de una disminuci\u00f3n constante, el n\u00famero de personas que padecen hambre (medido por la prevalencia de desnutrici\u00f3n) comenz\u00f3 a aumentar lentamente de nuevo en 2015. Las estimaciones actuales indican que cerca de&#46;&#46;&#46;<\/p>\n","protected":false},"author":7916,"featured_media":0,"parent":0,"menu_order":0,"comment_status":"closed","ping_status":"closed","template":"","meta":{"ngg_post_thumbnail":0,"footnotes":""},"aioseo_notices":[],"_links":{"self":[{"href":"https:\/\/blogsaverroes.juntadeandalucia.es\/fallasiespdelaguila\/wp-json\/wp\/v2\/pages\/76"}],"collection":[{"href":"https:\/\/blogsaverroes.juntadeandalucia.es\/fallasiespdelaguila\/wp-json\/wp\/v2\/pages"}],"about":[{"href":"https:\/\/blogsaverroes.juntadeandalucia.es\/fallasiespdelaguila\/wp-json\/wp\/v2\/types\/page"}],"author":[{"embeddable":true,"href":"https:\/\/blogsaverroes.juntadeandalucia.es\/fallasiespdelaguila\/wp-json\/wp\/v2\/users\/7916"}],"replies":[{"embeddable":true,"href":"https:\/\/blogsaverroes.juntadeandalucia.es\/fallasiespdelaguila\/wp-json\/wp\/v2\/comments?post=76"}],"version-history":[{"count":17,"href":"https:\/\/blogsaverroes.juntadeandalucia.es\/fallasiespdelaguila\/wp-json\/wp\/v2\/pages\/76\/revisions"}],"predecessor-version":[{"id":362,"href":"https:\/\/blogsaverroes.juntadeandalucia.es\/fallasiespdelaguila\/wp-json\/wp\/v2\/pages\/76\/revisions\/362"}],"wp:attachment":[{"href":"https:\/\/blogsaverroes.juntadeandalucia.es\/fallasiespdelaguila\/wp-json\/wp\/v2\/media?parent=76"}],"curies":[{"name":"wp","href":"https:\/\/api.w.org\/{rel}","templated":true}]}}