{"id":293,"date":"2022-11-17T17:28:10","date_gmt":"2022-11-17T17:28:10","guid":{"rendered":"https:\/\/blogsaverroes.juntadeandalucia.es\/fantasyblog\/?page_id=293"},"modified":"2022-11-17T17:47:29","modified_gmt":"2022-11-17T17:47:29","slug":"udi-2-vivir-en-sociedad","status":"publish","type":"page","link":"https:\/\/blogsaverroes.juntadeandalucia.es\/fantasyblog\/udi-2-vivir-en-sociedad\/","title":{"rendered":"UDI 2: Vivir en sociedad"},"content":{"rendered":"<p>Esta UDI: Vivir en sociedad pretende acercar y recordar al alumnado la importancia de conocer y&nbsp; <img decoding=\"async\" class=\"wp-image-294 alignright\" src=\"https:\/\/blogsaverroes.juntadeandalucia.es\/fantasyblog\/files\/2022\/11\/vivir-en-sociedad.jpg\" alt=\"\" width=\"182\" height=\"170\" srcset=\"https:\/\/blogsaverroes.juntadeandalucia.es\/fantasyblog\/files\/2022\/11\/vivir-en-sociedad.jpg 400w, https:\/\/blogsaverroes.juntadeandalucia.es\/fantasyblog\/files\/2022\/11\/vivir-en-sociedad-300x280.jpg 300w, https:\/\/blogsaverroes.juntadeandalucia.es\/fantasyblog\/files\/2022\/11\/vivir-en-sociedad-24x22.jpg 24w, https:\/\/blogsaverroes.juntadeandalucia.es\/fantasyblog\/files\/2022\/11\/vivir-en-sociedad-36x34.jpg 36w, https:\/\/blogsaverroes.juntadeandalucia.es\/fantasyblog\/files\/2022\/11\/vivir-en-sociedad-48x45.jpg 48w\" sizes=\"(max-width: 182px) 100vw, 182px\" \/> respetar todo lo referente a la sociedad: leyes, derechos, deberes, igualdad, tolerancia,&#8230; Por otro lado, nos adentramos en el mundo de las empresas, donde el tener ideas y poder llevarla a la pr\u00e1ctica van a ser fundamentales para disfrutar m\u00e1s y aprender del mundo de la econom\u00eda y de las sociedades.&nbsp;&nbsp; Es por ello que los trabajos cooperativos siguen siendo fundamentales para formar sus empresas, investigando y adquiriendo conocimientos y destrezas para conseguir su tarea final: el crear su propia empresa.<\/p>\n<table style=\"width: 105.139%;height: 186px\" width=\"671\">\n<tbody>\n<tr style=\"height: 10px;background-color: #9551fc\">\n<td style=\"height: 10px;text-align: center;width: 26.1261%\" width=\"151\"><strong>Temporizaci\u00f3n <\/strong><\/td>\n<td style=\"height: 10px;text-align: center;width: 72.8443%\" width=\"520\"><strong>Del 7 de noviembre al 9 de diciembre<\/strong><\/td>\n<\/tr>\n<tr style=\"height: 16px\">\n<td style=\"height: 16px;width: 26.1261%\" width=\"151\"><span style=\"font-size: 10pt\">7 al 11 de noviembre<\/span><\/td>\n<td style=\"height: 16px;width: 72.8443%\" width=\"520\"><span style=\"font-size: 10pt\">Tema 3 para que puedan preparar las empresas. A trav\u00e9s de esquemas del libro.<br \/>\n<\/span><span style=\"font-size: 10pt\">Introducci\u00f3n Constituci\u00f3n&nbsp;<\/span><\/td>\n<\/tr>\n<tr style=\"height: 52px\">\n<td style=\"height: 52px;width: 26.1261%\" width=\"151\"><span style=\"font-size: 10pt\">14 al 18 de noviembre<br \/>\n<\/span><span style=\"font-size: 10pt\">*Semana del flamenco<\/span><\/td>\n<td style=\"height: 52px;width: 72.8443%\" width=\"520\"><span style=\"font-size: 10pt\">Constituci\u00f3n II: Los derechos del ni\u00f1o\/a y sus deberes.<br \/>\n<\/span><span style=\"font-size: 10pt\">Principios democr\u00e1ticos.<br \/>\n<\/span><span style=\"font-size: 10pt\">La poblaci\u00f3n Europea.<\/span><\/td>\n<\/tr>\n<tr style=\"height: 51px\">\n<td style=\"height: 51px;width: 26.1261%\" width=\"151\"><span style=\"font-size: 10pt\">21 al 25 de noviembre<\/span><\/td>\n<td style=\"height: 51px;width: 72.8443%\" width=\"520\"><span style=\"font-size: 10pt\">Constituci\u00f3n III: Los derechos de las personas. No violencia<\/span><\/td>\n<\/tr>\n<tr style=\"height: 10px\">\n<td style=\"height: 10px;width: 26.1261%\" width=\"151\"><span style=\"font-size: 10pt\">28 noviembre al 2 de diciembre<\/span><\/td>\n<td style=\"height: 10px;width: 72.8443%\" width=\"520\"><span style=\"font-size: 10pt\">La Uni\u00f3n Europea.<br \/>\n<\/span><span style=\"font-size: 10pt\">Exposiciones, pruebas, etc..<\/span><\/td>\n<\/tr>\n<tr style=\"height: 47px\">\n<td style=\"height: 47px;width: 26.1261%\" width=\"151\"><span style=\"font-size: 10pt\">7 y 9 de diciembre<\/span><\/td>\n<td style=\"height: 47px;width: 72.8443%\" width=\"520\"><span style=\"font-size: 10pt\">Exposiciones, programa radio.<\/span><\/td>\n<\/tr>\n<\/tbody>\n<\/table>\n<p>En esta UDI se ha creado un <a href=\"https:\/\/sites.google.com\/colegioraimundorivero.com\/vivirensociedad\/inicio\" target=\"_blank\" rel=\"noopener noreferrer\">SITES (o p\u00e1gina Web)<\/a> donde vamos a ir a\u00f1adiendo informaci\u00f3n interesante, los grupos van a ir actualizando sus trabajos e investigaciones para las exposiciones de finales de noviembre, etc&#8230;<\/p>\n<p>Igualmente, y debido a que en la UDI 1 el alumnado quiso investigar inventos que, casualmente, fueron todos creados por hombres, en esta UDI investigan inventoras. En clase iremos comentando las limitaciones que ten\u00edan las mujeres para hacer volar su creatividad.&nbsp;<\/p>\n<p>Algunos v\u00eddeos interesantes para comprender mejor esta UDI:<\/p>\n<ul>\n<li><a href=\"https:\/\/www.youtube.com\/watch?v=wbcybk2p8qw&amp;list=PLIUBYWGpk_6y3HjC4xtp8QVsGmecuSBQ9&amp;index=1\" target=\"_blank\" rel=\"noopener noreferrer\">La actividad econ\u00f3mica.<\/a><\/li>\n<li><a href=\"https:\/\/www.youtube.com\/watch?v=Nzv4kw1pKOI\" target=\"_blank\" rel=\"noopener noreferrer\">\u00bfQu\u00e9 es una empresa?<\/a>&nbsp;<\/li>\n<li><a href=\"https:\/\/www.youtube.com\/watch?v=hxC1uZxnSSQ&amp;list=PLIUBYWGpk_6y3HjC4xtp8QVsGmecuSBQ9&amp;index=2\" target=\"_blank\" rel=\"noopener noreferrer\">La publicidad para ni\u00f1os de primaria.<\/a><\/li>\n<li><a href=\"https:\/\/www.youtube.com\/watch?v=KlWkAWER0l0\" target=\"_blank\" rel=\"noopener noreferrer\">\u00bfQu\u00e9 es una constituci\u00f3n?<\/a><\/li>\n<li><a href=\"https:\/\/www.youtube.com\/watch?v=Mhycz-KsMPY\" target=\"_blank\" rel=\"noopener noreferrer\">La Constituci\u00f3n Espa\u00f1ola para ni\u00f1os.<\/a>&nbsp; &nbsp;&nbsp;<\/li>\n<li><a href=\"https:\/\/www.youtube.com\/watch?v=C6sXOX5vfC0\" target=\"_blank\" rel=\"noopener noreferrer\">Los sectores de producci\u00f3n: primario, secundario y terciario.<\/a><\/li>\n<li><a href=\"https:\/\/www.youtube.com\/watch?v=q054ML_vDuU&amp;list=PLIUBYWGpk_6y3HjC4xtp8QVsGmecuSBQ9&amp;index=3\" target=\"_blank\" rel=\"noopener noreferrer\">Sector primario.<\/a><\/li>\n<li><a href=\"https:\/\/www.youtube.com\/watch?v=bndRw2TMtmQ\" target=\"_blank\" rel=\"noopener noreferrer\">Sector secundario.<\/a><\/li>\n<li><a href=\"https:\/\/www.youtube.com\/watch?v=ufk9Y3hjFws\" target=\"_blank\" rel=\"noopener noreferrer\">Sector terciario.<\/a><\/li>\n<li><a href=\"https:\/\/www.youtube.com\/watch?v=hdFpebfWTMM\" target=\"_blank\" rel=\"noopener noreferrer\">El estudio de la poblaci\u00f3n.<\/a><\/li>\n<li><a href=\"https:\/\/www.youtube.com\/watch?v=WCJFMBZaHGg&amp;t=2s\" target=\"_blank\" rel=\"noopener noreferrer\">El trabajo y las actividades econ\u00f3micas.<\/a><\/li>\n<li>&nbsp;<\/li>\n<\/ul>\n","protected":false},"excerpt":{"rendered":"<p>Esta UDI: Vivir en sociedad pretende acercar y recordar al alumnado la importancia de conocer y&nbsp; respetar todo lo referente a la sociedad: leyes, derechos, deberes, igualdad, tolerancia,&#8230; Por otro lado, nos adentramos en&#46;&#46;&#46;<\/p>\n","protected":false},"author":1445,"featured_media":0,"parent":0,"menu_order":0,"comment_status":"closed","ping_status":"closed","template":"","meta":{"ngg_post_thumbnail":0,"footnotes":""},"aioseo_notices":[],"_links":{"self":[{"href":"https:\/\/blogsaverroes.juntadeandalucia.es\/fantasyblog\/wp-json\/wp\/v2\/pages\/293"}],"collection":[{"href":"https:\/\/blogsaverroes.juntadeandalucia.es\/fantasyblog\/wp-json\/wp\/v2\/pages"}],"about":[{"href":"https:\/\/blogsaverroes.juntadeandalucia.es\/fantasyblog\/wp-json\/wp\/v2\/types\/page"}],"author":[{"embeddable":true,"href":"https:\/\/blogsaverroes.juntadeandalucia.es\/fantasyblog\/wp-json\/wp\/v2\/users\/1445"}],"replies":[{"embeddable":true,"href":"https:\/\/blogsaverroes.juntadeandalucia.es\/fantasyblog\/wp-json\/wp\/v2\/comments?post=293"}],"version-history":[{"count":5,"href":"https:\/\/blogsaverroes.juntadeandalucia.es\/fantasyblog\/wp-json\/wp\/v2\/pages\/293\/revisions"}],"predecessor-version":[{"id":299,"href":"https:\/\/blogsaverroes.juntadeandalucia.es\/fantasyblog\/wp-json\/wp\/v2\/pages\/293\/revisions\/299"}],"wp:attachment":[{"href":"https:\/\/blogsaverroes.juntadeandalucia.es\/fantasyblog\/wp-json\/wp\/v2\/media?parent=293"}],"curies":[{"name":"wp","href":"https:\/\/api.w.org\/{rel}","templated":true}]}}