{"id":54,"date":"2021-09-15T15:19:14","date_gmt":"2021-09-15T15:19:14","guid":{"rendered":"https:\/\/blogsaverroes.juntadeandalucia.es\/fantasyblog\/?page_id=54"},"modified":"2021-09-27T15:41:10","modified_gmt":"2021-09-27T15:41:10","slug":"exposiciones-septiembre-2021","status":"publish","type":"page","link":"https:\/\/blogsaverroes.juntadeandalucia.es\/fantasyblog\/exposiciones\/exposiciones-septiembre-2021\/","title":{"rendered":"Exposiciones septiembre 2021"},"content":{"rendered":"<p>En esta p\u00e1gina vamos a ir poniendo algunos de los trabajos\/fotograf\u00edas de las exposiciones. Recomendamos al alumnado que lo env\u00eden al correo de la maestra.<\/p>\n<ul>\n<li><a href=\"https:\/\/view.genial.ly\/613dc81054e6970d68fc7e69\/presentation-presentacion-en-blanco\" target=\"_blank\" rel=\"noopener noreferrer\">Presentaci\u00f3n sobre baloncesto.<\/a> Samuel M.<\/li>\n<li><b><a href=\"https:\/\/docs.google.com\/presentation\/d\/1N0VdjW8nWEJOT7999zfXF8WkTacFiSaQ\/edit?usp=sharing&amp;ouid=101047820248832179268&amp;rtpof=true&amp;sd=true\" target=\"_blank\" rel=\"noopener noreferrer\">Charli D\u00b4amelio<\/a>.&nbsp; <\/b>Elena M.<\/li>\n<li><a href=\"https:\/\/drive.google.com\/file\/d\/1dK29c1Had0t8-fmJbYtJUAfZClaAqDhN\/view?usp=sharing\" target=\"_blank\" rel=\"noopener noreferrer\">El ordenador<\/a>.&nbsp; &nbsp; &nbsp;<\/li>\n<li><a href=\"https:\/\/drive.google.com\/file\/d\/1Q4iF52o6ba_Mik2HEEEyDDZkK9Bv6qcs\/view?usp=sharing\" target=\"_blank\" rel=\"noopener noreferrer\">Trabajo sobre Kit boxing.<\/a><\/li>\n<li><a href=\"https:\/\/docs.google.com\/presentation\/d\/1tsleXHD2uzdlvTPnBwzD8Xcy-6Sihhrv\/edit?usp=sharing&amp;ouid=101047820248832179268&amp;rtpof=true&amp;sd=true\" target=\"_blank\" rel=\"noopener noreferrer\">Spiderman<\/a>.<\/li>\n<li><a href=\"https:\/\/docs.google.com\/presentation\/d\/1TvmLASbEiaU21TzkswoVkt6iX0ITGUcK\/edit?usp=sharing&amp;ouid=101047820248832179268&amp;rtpof=true&amp;sd=true\" target=\"_blank\" rel=\"noopener noreferrer\">Trabajo sobre el f\u00fatbol.<\/a><\/li>\n<li><a href=\"https:\/\/docs.google.com\/presentation\/d\/1IK2Prs5i1Cp66nNFXWqrMVVq5z0JvpKC\/edit?usp=sharing&amp;ouid=101047820248832179268&amp;rtpof=true&amp;sd=true\" target=\"_blank\" rel=\"noopener noreferrer\">El reciclaje.<\/a><\/li>\n<li><a href=\"https:\/\/docs.google.com\/presentation\/d\/1t864gGksyvktR58aiLLicz9urKxJ6ya2\/edit?usp=sharing&amp;ouid=101047820248832179268&amp;rtpof=true&amp;sd=true\" target=\"_blank\" rel=\"noopener noreferrer\">El Pc.<\/a><\/li>\n<li><a href=\"https:\/\/drive.google.com\/file\/d\/1iQ_xiwgUIyaR4GTyc4fZGJCRehB1HG2h\/view?usp=sharing\" target=\"_blank\" rel=\"noopener noreferrer\">El elefante.<\/a><\/li>\n<li><a href=\"https:\/\/drive.google.com\/file\/d\/1wEJzXcwpSbXh91zvNGVX8MPTl0O4UPaG\/view?usp=sharing\" target=\"_blank\" rel=\"noopener noreferrer\">Mi top 3 hist\u00f3rico (sobre f\u00fatbol).<\/a><\/li>\n<li><a href=\"https:\/\/docs.google.com\/presentation\/d\/1vzmjT80GvHjUGQkfoptzZdJ74ZicCugb\/edit?usp=sharing&amp;ouid=101047820248832179268&amp;rtpof=true&amp;sd=true\" target=\"_blank\" rel=\"noopener noreferrer\">Lettering<\/a>.<\/li>\n<li><a href=\"https:\/\/docs.google.com\/presentation\/d\/1WUbEEURN-pgNn84e6G1U0H52sU80v6dr\/edit?usp=sharing&amp;ouid=101047820248832179268&amp;rtpof=true&amp;sd=true\" target=\"_blank\" rel=\"noopener noreferrer\">Magia<\/a>.<\/li>\n<li><a href=\"https:\/\/docs.google.com\/presentation\/d\/1a9df5SIFdzgHNfUtnntSLsoogwNUHTfm\/edit?usp=sharing&amp;ouid=101047820248832179268&amp;rtpof=true&amp;sd=true\" target=\"_blank\" rel=\"noopener noreferrer\">Fornite<\/a>.<\/li>\n<li><a href=\"https:\/\/docs.google.com\/document\/d\/15PGttfZV5jjILyK6NH2LJJBQjlsUWAU6\/edit?usp=sharing&amp;ouid=101047820248832179268&amp;rtpof=true&amp;sd=true\" target=\"_blank\" rel=\"noopener noreferrer\">Comidas t\u00edpicas de C\u00e1diz.<\/a><\/li>\n<li><a href=\"https:\/\/drive.google.com\/file\/d\/1xlrlWO16FupLT6SBZrBR_7kcH5TUnxFv\/view?usp=sharing\" target=\"_blank\" rel=\"noopener noreferrer\">El Husky Siberiano.<\/a><\/li>\n<li><a href=\"https:\/\/drive.google.com\/file\/d\/16OWcr0dWKRu05f3oBvLoYcGVS3pVu0_C\/view?usp=sharing\" target=\"_blank\" rel=\"noopener noreferrer\">Monumentos y gastronom\u00eda de Londres.<\/a><\/li>\n<li><a href=\"https:\/\/drive.google.com\/file\/d\/1JHv4gQzE6suQf8oyaPXXR-8fjnr-jm0Z\/view?usp=sharing\" target=\"_blank\" rel=\"noopener noreferrer\">Los animales.<\/a><\/li>\n<li><a href=\"https:\/\/drive.google.com\/file\/d\/1wZZlbffFsHlHRPes-4SLbvvKeAw1U_EH\/view?usp=sharing\" target=\"_blank\" rel=\"noopener noreferrer\">Los caballos.<\/a><\/li>\n<li><a href=\"https:\/\/drive.google.com\/file\/d\/1zUtzawsRu3mEy1Jvy496QNoJ1nwiJ9Sw\/view?usp=sharing\" target=\"_blank\" rel=\"noopener noreferrer\">Marvel<\/a>.&nbsp;<\/li>\n<\/ul>\n","protected":false},"excerpt":{"rendered":"<p>En esta p\u00e1gina vamos a ir poniendo algunos de los trabajos\/fotograf\u00edas de las exposiciones. Recomendamos al alumnado que lo env\u00eden al correo de la maestra. Presentaci\u00f3n sobre baloncesto. Samuel M. Charli D\u00b4amelio.&nbsp; Elena M.&#46;&#46;&#46;<\/p>\n","protected":false},"author":1445,"featured_media":0,"parent":56,"menu_order":0,"comment_status":"closed","ping_status":"closed","template":"","meta":{"ngg_post_thumbnail":0,"footnotes":""},"aioseo_notices":[],"_links":{"self":[{"href":"https:\/\/blogsaverroes.juntadeandalucia.es\/fantasyblog\/wp-json\/wp\/v2\/pages\/54"}],"collection":[{"href":"https:\/\/blogsaverroes.juntadeandalucia.es\/fantasyblog\/wp-json\/wp\/v2\/pages"}],"about":[{"href":"https:\/\/blogsaverroes.juntadeandalucia.es\/fantasyblog\/wp-json\/wp\/v2\/types\/page"}],"author":[{"embeddable":true,"href":"https:\/\/blogsaverroes.juntadeandalucia.es\/fantasyblog\/wp-json\/wp\/v2\/users\/1445"}],"replies":[{"embeddable":true,"href":"https:\/\/blogsaverroes.juntadeandalucia.es\/fantasyblog\/wp-json\/wp\/v2\/comments?post=54"}],"version-history":[{"count":5,"href":"https:\/\/blogsaverroes.juntadeandalucia.es\/fantasyblog\/wp-json\/wp\/v2\/pages\/54\/revisions"}],"predecessor-version":[{"id":67,"href":"https:\/\/blogsaverroes.juntadeandalucia.es\/fantasyblog\/wp-json\/wp\/v2\/pages\/54\/revisions\/67"}],"up":[{"embeddable":true,"href":"https:\/\/blogsaverroes.juntadeandalucia.es\/fantasyblog\/wp-json\/wp\/v2\/pages\/56"}],"wp:attachment":[{"href":"https:\/\/blogsaverroes.juntadeandalucia.es\/fantasyblog\/wp-json\/wp\/v2\/media?parent=54"}],"curies":[{"name":"wp","href":"https:\/\/api.w.org\/{rel}","templated":true}]}}