{"id":2,"date":"2019-11-13T00:44:10","date_gmt":"2019-11-12T23:44:10","guid":{"rendered":"https:\/\/blogsaverroes.juntadeandalucia.es\/fdocarmona\/?page_id=2"},"modified":"2019-11-20T20:25:30","modified_gmt":"2019-11-20T19:25:30","slug":"pagina-ejemplo","status":"publish","type":"page","link":"https:\/\/blogsaverroes.juntadeandalucia.es\/fdocarmona\/pagina-ejemplo\/","title":{"rendered":"BLOG"},"content":{"rendered":"\r\n<p>Este blog se crea para recoger en \u00e9l todos los recursos que voy fabricando o encontrando y que tienen que ver con alguna de las \u00e1reas que imparto: Matem\u00e1ticas, F\u00edsica y Qu\u00edmica, Biolog\u00eda y Geolog\u00eda, Tecnolog\u00eda. Pero tambi\u00e9n pretende ser un punto de encuentro donde el alumnado pueda acudir a consultar, repasar, conocer, divertirse, aceptar retos,&#8230; todo desde un punto de vista cient\u00edfico y did\u00e1ctico. Art\u00edculos&nbsp; de opini\u00f3n, biograf\u00edas, fragmentos literarios, etc., tambi\u00e9n pueden tener cabida en \u00e9l.<\/p>\r\n<p>En principio, ser\u00e9 yo quien vaya introduciendo las distintas entradas. Pero mi idea es que m\u00e1s adelante colaboren compa\u00f1eros\/as, alumnos\/as, padres\/madres&#8230; y hacer del blog un lugar que nos ayude un poco a todos en nuestra tarea diaria.<\/p>\r\n","protected":false},"excerpt":{"rendered":"<p>Este blog se crea para recoger en \u00e9l todos los recursos que voy fabricando o encontrando y que tienen que ver con alguna de las&hellip;<\/p>\n","protected":false},"author":6380,"featured_media":0,"parent":0,"menu_order":100,"comment_status":"closed","ping_status":"open","template":"","meta":{"ngg_post_thumbnail":0,"footnotes":""},"aioseo_notices":[],"_links":{"self":[{"href":"https:\/\/blogsaverroes.juntadeandalucia.es\/fdocarmona\/wp-json\/wp\/v2\/pages\/2"}],"collection":[{"href":"https:\/\/blogsaverroes.juntadeandalucia.es\/fdocarmona\/wp-json\/wp\/v2\/pages"}],"about":[{"href":"https:\/\/blogsaverroes.juntadeandalucia.es\/fdocarmona\/wp-json\/wp\/v2\/types\/page"}],"author":[{"embeddable":true,"href":"https:\/\/blogsaverroes.juntadeandalucia.es\/fdocarmona\/wp-json\/wp\/v2\/users\/6380"}],"replies":[{"embeddable":true,"href":"https:\/\/blogsaverroes.juntadeandalucia.es\/fdocarmona\/wp-json\/wp\/v2\/comments?post=2"}],"version-history":[{"count":3,"href":"https:\/\/blogsaverroes.juntadeandalucia.es\/fdocarmona\/wp-json\/wp\/v2\/pages\/2\/revisions"}],"predecessor-version":[{"id":77,"href":"https:\/\/blogsaverroes.juntadeandalucia.es\/fdocarmona\/wp-json\/wp\/v2\/pages\/2\/revisions\/77"}],"wp:attachment":[{"href":"https:\/\/blogsaverroes.juntadeandalucia.es\/fdocarmona\/wp-json\/wp\/v2\/media?parent=2"}],"curies":[{"name":"wp","href":"https:\/\/api.w.org\/{rel}","templated":true}]}}