{"id":247,"date":"2020-03-22T13:04:14","date_gmt":"2020-03-22T12:04:14","guid":{"rendered":"https:\/\/blogsaverroes.juntadeandalucia.es\/fdocarmona\/?page_id=247"},"modified":"2020-04-09T23:02:58","modified_gmt":"2020-04-09T21:02:58","slug":"videos","status":"publish","type":"page","link":"https:\/\/blogsaverroes.juntadeandalucia.es\/fdocarmona\/videos\/","title":{"rendered":"V\u00eddeos"},"content":{"rendered":"<p><a href=\"https:\/\/drive.google.com\/open?id=1J1rx5vPLNwsdtTC6Dcr55VvJD7g8P_GO\">V\u00eddeo 1 \u00e1reas y per\u00edmetros<\/a><\/p>\n<p><a href=\"https:\/\/drive.google.com\/open?id=1-CvyVjmQ4DTjJmFxfwgMp114ozYQnNws\">V\u00eddeo 2 c\u00edrculo<\/a><\/p>\n<p><a href=\"https:\/\/drive.google.com\/open?id=1MI7731iM1wiPf94OKX6w9jFGxW0sidkp\">V\u00eddeo 3 Teorema de Pit\u00e1goras<\/a><\/p>\n<p><a href=\"https:\/\/drive.google.com\/open?id=1RM3AVAGN5O95dkyZBlpHmU592inlwMqN\">V\u00eddeo 4 Teorema de Pit\u00e1goras 2<\/a><\/p>\n<p><a href=\"https:\/\/drive.google.com\/open?id=1FWUuasbmnTSn5B6acJfmEw8pR1D2i1zV\">V\u00eddeo 5 Calcular \u00e1reas y per\u00edmetros con el Teorema de Pit\u00e1goras<\/a><\/p>\n<p>&nbsp;<\/p>\n","protected":false},"excerpt":{"rendered":"<p>V\u00eddeo 1 \u00e1reas y per\u00edmetros V\u00eddeo 2 c\u00edrculo V\u00eddeo 3 Teorema de Pit\u00e1goras V\u00eddeo 4 Teorema de Pit\u00e1goras 2 V\u00eddeo 5 Calcular \u00e1reas y per\u00edmetros&hellip;<\/p>\n","protected":false},"author":6380,"featured_media":0,"parent":0,"menu_order":0,"comment_status":"closed","ping_status":"closed","template":"","meta":{"ngg_post_thumbnail":0,"footnotes":""},"aioseo_notices":[],"_links":{"self":[{"href":"https:\/\/blogsaverroes.juntadeandalucia.es\/fdocarmona\/wp-json\/wp\/v2\/pages\/247"}],"collection":[{"href":"https:\/\/blogsaverroes.juntadeandalucia.es\/fdocarmona\/wp-json\/wp\/v2\/pages"}],"about":[{"href":"https:\/\/blogsaverroes.juntadeandalucia.es\/fdocarmona\/wp-json\/wp\/v2\/types\/page"}],"author":[{"embeddable":true,"href":"https:\/\/blogsaverroes.juntadeandalucia.es\/fdocarmona\/wp-json\/wp\/v2\/users\/6380"}],"replies":[{"embeddable":true,"href":"https:\/\/blogsaverroes.juntadeandalucia.es\/fdocarmona\/wp-json\/wp\/v2\/comments?post=247"}],"version-history":[{"count":2,"href":"https:\/\/blogsaverroes.juntadeandalucia.es\/fdocarmona\/wp-json\/wp\/v2\/pages\/247\/revisions"}],"predecessor-version":[{"id":313,"href":"https:\/\/blogsaverroes.juntadeandalucia.es\/fdocarmona\/wp-json\/wp\/v2\/pages\/247\/revisions\/313"}],"wp:attachment":[{"href":"https:\/\/blogsaverroes.juntadeandalucia.es\/fdocarmona\/wp-json\/wp\/v2\/media?parent=247"}],"curies":[{"name":"wp","href":"https:\/\/api.w.org\/{rel}","templated":true}]}}