{"id":249,"date":"2020-03-22T13:04:39","date_gmt":"2020-03-22T12:04:39","guid":{"rendered":"https:\/\/blogsaverroes.juntadeandalucia.es\/fdocarmona\/?page_id=249"},"modified":"2020-03-30T17:44:10","modified_gmt":"2020-03-30T15:44:10","slug":"paginas","status":"publish","type":"page","link":"https:\/\/blogsaverroes.juntadeandalucia.es\/fdocarmona\/paginas\/","title":{"rendered":"P\u00e1ginas"},"content":{"rendered":"<p><a href=\"https:\/\/webdelmaestrocmf.com\/portal\/experimentos-con-agua-para-ninos-que-les-gusta-la-ciencia\/?fbclid=IwAR1cZRvzMW0zQUkSBdkZhHhWazm1oEEakhLW__u0N3GHNCgbgnCCqztfPpI\">P\u00c1GINA DE EXPERIMENTOS 1<\/a><\/p>\n<p><a href=\"https:\/\/www.etapainfantil.com\/experimentos-increibles-ninos?utm_source=dlvr.it&amp;utm_medium=facebook&amp;fbclid=IwAR0eRHA2z3TOj4ia-K3__6oJJNtd7p4dHBaexPHZtm6vs0jYJqFM44ZW9A0\">P\u00c1GINA DE EXPERIMENTOS 2<\/a><\/p>\n<p><a href=\"https:\/\/drive.google.com\/file\/d\/13Y67L_qKFQJ10ii-AlD5qhHi4dDuF8r_\/view\">P\u00c1GINA DE EXPERIMENTOS 3<\/a><\/p>\n<p><a href=\"https:\/\/www.csic.es\/es\/agenda-del-csic\/aprende-ciencia-en-casa-con-el-csic\">P\u00c1GINA DE EXPERIMENTOS 4<\/a><\/p>\n<p><a href=\"https:\/\/www.matematicasonline.es\/\">https:\/\/www.matematicasonline.es\/<\/a><\/p>\n<p><a href=\"https:\/\/anagarciaazcarate.wordpress.com\/\">https:\/\/anagarciaazcarate.wordpress.com\/<\/a><\/p>\n<p><a href=\"https:\/\/www.gaussianos.com\/\">https:\/\/www.gaussianos.com\/<\/a><\/p>\n<p><a href=\"http:\/\/pequenoldn.librodenotas.com\/matiaventuras\/\">http:\/\/pequenoldn.librodenotas.com\/matiaventuras\/<\/a><\/p>\n<p><a href=\"http:\/\/numerosyreflexiones.blogspot.com\/\">http:\/\/numerosyreflexiones.blogspot.com\/<\/a><\/p>\n<p><a href=\"https:\/\/es.ixl.com\/\">https:\/\/es.ixl.com\/<\/a><\/p>\n<p><a href=\"http:\/\/platea.pntic.mec.es\/jescuder\/\">http:\/\/platea.pntic.mec.es\/jescuder\/<\/a><\/p>\n<p><a href=\"https:\/\/moisesayala.wordpress.com\/\">https:\/\/moisesayala.wordpress.com\/<\/a><\/p>\n<p><a href=\"http:\/\/algoritmosabn.blogspot.com\/\">http:\/\/algoritmosabn.blogspot.com\/<\/a><\/p>\n<p><a href=\"https:\/\/www.actiludis.com\/\">https:\/\/www.actiludis.com\/<\/a><\/p>\n<p><a href=\"https:\/\/www.testeando.es\/\">https:\/\/www.testeando.es\/<\/a><\/p>\n<p><a href=\"https:\/\/www.cayetanogutierrez.net\/\">https:\/\/www.cayetanogutierrez.net\/<\/a><\/p>\n<p><a href=\"http:\/\/www.grupoalquerque.es\/mate_cerca\/expo.html\">http:\/\/www.grupoalquerque.es\/mate_cerca\/expo.html<\/a><\/p>\n<p><a href=\"http:\/\/es.origami-club.com\/\">http:\/\/es.origami-club.com\/<\/a><\/p>\n<p><a href=\"http:\/\/ejerciciosdematematicas.org\/\">http:\/\/ejerciciosdematematicas.org\/<\/a><\/p>\n<p><a href=\"http:\/\/hojamat.es\/sindecimales\/juegos\/inijuegos.htm#adivina\">http:\/\/hojamat.es\/sindecimales\/juegos\/inijuegos.htm#adivina<\/a><\/p>\n<p><a href=\"http:\/\/recursosdidacticos.es\/operaciones\/\">http:\/\/recursosdidacticos.es\/operaciones\/<\/a><\/p>\n<p><a href=\"http:\/\/www.epsilones.com\/paginas\/ilusionesopticas\/ilusionesopticas-000-indice.html\">http:\/\/www.epsilones.com\/paginas\/ilusionesopticas\/ilusionesopticas-000-indice.html<\/a><\/p>\n<p><a href=\"http:\/\/paramipequeconamor.blogspot.com\/\">http:\/\/paramipequeconamor.blogspot.com\/<\/a><\/p>\n<p><a href=\"https:\/\/www.muyinteresante.es\/ciencia\/fotos\/las-17-ecuaciones-que-cambiaron-la-historia\/formulas-historia-matematicas-black-scholes-1990\">https:\/\/www.muyinteresante.es\/ciencia\/fotos\/las-17-ecuaciones-que-cambiaron-la-historia\/formulas-historia-matematicas-black-scholes-1990<\/a><\/p>\n<p><a href=\"http:\/\/retomania.blogspot.com\/\">http:\/\/retomania.blogspot.com\/<\/a><\/p>\n<p><a href=\"https:\/\/www.puzzlesdeingenio.com\/blog\/blog-general\">https:\/\/www.puzzlesdeingenio.com\/blog\/blog-general<\/a><\/p>\n<p><a href=\"https:\/\/www.youtube.com\/watch?v=iha-QlImvAI\">https:\/\/www.youtube.com\/watch?v=iha-QlImvAI<\/a><\/p>\n<p><a href=\"http:\/\/www.lecturalia.com\/\">http:\/\/www.lecturalia.com\/<\/a><\/p>\n<p><a href=\"https:\/\/www.cipri.info\/\">https:\/\/www.cipri.info\/<\/a><\/p>\n<p><a href=\"https:\/\/www.zendalibros.com\/\">https:\/\/www.zendalibros.com\/<\/a><\/p>\n<p>&nbsp;<\/p>\n<p>&nbsp;<\/p>\n","protected":false},"excerpt":{"rendered":"<p>P\u00c1GINA DE EXPERIMENTOS 1 P\u00c1GINA DE EXPERIMENTOS 2 P\u00c1GINA DE EXPERIMENTOS 3 P\u00c1GINA DE EXPERIMENTOS 4 https:\/\/www.matematicasonline.es\/ https:\/\/anagarciaazcarate.wordpress.com\/ https:\/\/www.gaussianos.com\/ http:\/\/pequenoldn.librodenotas.com\/matiaventuras\/ http:\/\/numerosyreflexiones.blogspot.com\/ https:\/\/es.ixl.com\/ http:\/\/platea.pntic.mec.es\/jescuder\/ https:\/\/moisesayala.wordpress.com\/ http:\/\/algoritmosabn.blogspot.com\/&hellip;<\/p>\n","protected":false},"author":6380,"featured_media":0,"parent":0,"menu_order":0,"comment_status":"closed","ping_status":"closed","template":"","meta":{"ngg_post_thumbnail":0,"footnotes":""},"aioseo_notices":[],"_links":{"self":[{"href":"https:\/\/blogsaverroes.juntadeandalucia.es\/fdocarmona\/wp-json\/wp\/v2\/pages\/249"}],"collection":[{"href":"https:\/\/blogsaverroes.juntadeandalucia.es\/fdocarmona\/wp-json\/wp\/v2\/pages"}],"about":[{"href":"https:\/\/blogsaverroes.juntadeandalucia.es\/fdocarmona\/wp-json\/wp\/v2\/types\/page"}],"author":[{"embeddable":true,"href":"https:\/\/blogsaverroes.juntadeandalucia.es\/fdocarmona\/wp-json\/wp\/v2\/users\/6380"}],"replies":[{"embeddable":true,"href":"https:\/\/blogsaverroes.juntadeandalucia.es\/fdocarmona\/wp-json\/wp\/v2\/comments?post=249"}],"version-history":[{"count":4,"href":"https:\/\/blogsaverroes.juntadeandalucia.es\/fdocarmona\/wp-json\/wp\/v2\/pages\/249\/revisions"}],"predecessor-version":[{"id":305,"href":"https:\/\/blogsaverroes.juntadeandalucia.es\/fdocarmona\/wp-json\/wp\/v2\/pages\/249\/revisions\/305"}],"wp:attachment":[{"href":"https:\/\/blogsaverroes.juntadeandalucia.es\/fdocarmona\/wp-json\/wp\/v2\/media?parent=249"}],"curies":[{"name":"wp","href":"https:\/\/api.w.org\/{rel}","templated":true}]}}