{"id":2,"date":"2021-06-29T10:11:20","date_gmt":"2021-06-29T10:11:20","guid":{"rendered":"https:\/\/blogsaverroes.juntadeandalucia.es\/feielucussolis\/?page_id=2"},"modified":"2023-06-16T09:56:33","modified_gmt":"2023-06-16T09:56:33","slug":"pagina-ejemplo","status":"publish","type":"page","link":"https:\/\/blogsaverroes.juntadeandalucia.es\/feielucussolis\/","title":{"rendered":"Bienvenid@s al FEIE + #compDigEdu"},"content":{"rendered":"\r\n<p>El Departamento F.E.I.E. (<strong>Departamento de Formaci\u00f3n, Evaluaci\u00f3n e Innovaci\u00f3n Educativa<\/strong>) es un departamento que vela porque nuestro centro funcione, mejorando lo mejorable, para ofrecer un servicio p\u00fablico de calidad. Estamos contentos de como se hacen las cosas pero \u00bfy si&#8230;? Porque no nos conformamos, queremos la excelencia. Nuestra profesionalidad nos hace revisar lo que hacemos, evaluar los procesos de la ense\u00f1anza aprendizaje para adaptarnos a las necesidades de nuestros alumnos como ciudadanos de pleno derecho de nuestra sociedad. Adem\u00e1s la persona que ostenta la jefatura de este departamento tambi\u00e9n est\u00e1 al cargo de la <strong>competencia Digital Educativa #compDigEdu<\/strong> Es por ello que se pondr\u00e1 especial enfasis en trasladar la formaci\u00f3n e innovaci\u00f3n necesaria en el \u00e1mbito digital para mejorar el proceso de ense\u00f1anza aprendizaje.<\/p>\r\n<p><iframe loading=\"lazy\" src=\"\/\/www.youtube.com\/embed\/videoseries?list=PLnf6fScum9EDtBxtNPtOPDib7uJGlnT4C\" width=\"560\" height=\"315\" frameborder=\"0\"><\/iframe><\/p>\r\n","protected":false},"excerpt":{"rendered":"<p>El Departamento F.E.I.E. (Departamento de Formaci\u00f3n, Evaluaci\u00f3n e Innovaci\u00f3n Educativa) es un departamento que vela porque nuestro centro funcione, mejorando lo mejorable, para ofrecer un&hellip;<\/p>\n","protected":false},"author":3732,"featured_media":0,"parent":0,"menu_order":0,"comment_status":"closed","ping_status":"open","template":"","meta":{"ngg_post_thumbnail":0,"footnotes":""},"aioseo_notices":[],"_links":{"self":[{"href":"https:\/\/blogsaverroes.juntadeandalucia.es\/feielucussolis\/wp-json\/wp\/v2\/pages\/2"}],"collection":[{"href":"https:\/\/blogsaverroes.juntadeandalucia.es\/feielucussolis\/wp-json\/wp\/v2\/pages"}],"about":[{"href":"https:\/\/blogsaverroes.juntadeandalucia.es\/feielucussolis\/wp-json\/wp\/v2\/types\/page"}],"author":[{"embeddable":true,"href":"https:\/\/blogsaverroes.juntadeandalucia.es\/feielucussolis\/wp-json\/wp\/v2\/users\/3732"}],"replies":[{"embeddable":true,"href":"https:\/\/blogsaverroes.juntadeandalucia.es\/feielucussolis\/wp-json\/wp\/v2\/comments?post=2"}],"version-history":[{"count":10,"href":"https:\/\/blogsaverroes.juntadeandalucia.es\/feielucussolis\/wp-json\/wp\/v2\/pages\/2\/revisions"}],"predecessor-version":[{"id":382,"href":"https:\/\/blogsaverroes.juntadeandalucia.es\/feielucussolis\/wp-json\/wp\/v2\/pages\/2\/revisions\/382"}],"wp:attachment":[{"href":"https:\/\/blogsaverroes.juntadeandalucia.es\/feielucussolis\/wp-json\/wp\/v2\/media?parent=2"}],"curies":[{"name":"wp","href":"https:\/\/api.w.org\/{rel}","templated":true}]}}