{"id":44,"date":"2021-06-30T11:30:20","date_gmt":"2021-06-30T11:30:20","guid":{"rendered":"https:\/\/blogsaverroes.juntadeandalucia.es\/feielucussolis\/?page_id=44"},"modified":"2023-01-14T07:22:53","modified_gmt":"2023-01-14T07:22:53","slug":"formacion","status":"publish","type":"page","link":"https:\/\/blogsaverroes.juntadeandalucia.es\/feielucussolis\/formacion\/","title":{"rendered":""},"content":{"rendered":"<p>El Departamento de FEIE, dentro del \u00e1mbito de la <strong>formaci\u00f3n<\/strong> trabajar\u00e1, principalmente, para:<\/p>\n<p>a) Realizar el <strong>diagn\u00f3stico de las necesidades formativas del profesorado<\/strong> como consecuencia de los resultados de la autoevaluaci\u00f3n o de las evaluaciones internas o externas que se realicen.<\/p>\n<p>b) Proponer al equipo directivo las actividades formativas que constituir\u00e1n, cada curso escolar, el<strong> plan de formaci\u00f3n del profesorado<\/strong>, para su inclusi\u00f3n en el proyecto educativo.<\/p>\n<p>c) Elaborar, en colaboraci\u00f3n con el correspondiente centro del profesorado, los<strong> proyectos de formaci\u00f3n en centros.<\/strong><\/p>\n<p>d) <strong>Coordinar la realizaci\u00f3n de las actividades de perfeccionamiento del profesorado.<\/strong><\/p>\n<p>e) Colaborar con el centro del profesorado que corresponda en cualquier otro aspecto relativo a la oferta de actividades formativas e <strong>informar al Claustro de Profesorado de las mismas.<\/strong><\/p>\n<ul>\n<li><a href=\"https:\/\/www.educacionyfp.gob.es\/contenidos\/profesorado\/no-universitarios\/formacion\/formacion-permanente.html\" target=\"_blank\" rel=\"noopener noreferrer\">Acciones formativas Ministerio Educaci\u00f3n y Formaci\u00f3n Profesional<\/a><\/li>\n<li><a href=\"https:\/\/www.juntadeandalucia.es\/educacion\/portals\/web\/ced\/actividades-formativas\" target=\"_blank\" rel=\"noopener noreferrer\">Acciones formativas Centros Profesorado Junta de Andaluc\u00eda<\/a><\/li>\n<li>Acciones formativas previstas por el CEP de Castilleja curso 2022 2023 (<a href=\"https:\/\/www.canva.com\/design\/DAFUKkTnswE\/R4g_DqPnowbYGaMzHPim7w\/view?utm_content=DAFUKkTnswE&amp;utm_campaign=designshare&amp;utm_medium=link&amp;utm_source=viewer#14\">p\u00e1gina de canva<\/a>)<\/li>\n<li>Entrada de este blog: <a href=\"https:\/\/blogsaverroes.juntadeandalucia.es\/feielucussolis\/2021\/07\/29\/como-autoformarme\/\">\u00bfComo autoformarme?<\/a><\/li>\n<\/ul>\n<p>f) Investigar sobre el <strong>uso de las buenas pr\u00e1cticas docentes<\/strong> existentes y <strong>trasladarlas a los departamentos del instituto<\/strong> para su conocimiento y aplicaci\u00f3n.<\/p>\n<ul>\n<li><a href=\"https:\/\/www.juntadeandalucia.es\/educacion\/portals\/web\/buenas-practicas-educativas\" target=\"_blank\" rel=\"noopener noreferrer\">Buenas pr\u00e1cticas docentes Junta de Andalucia<\/a><\/li>\n<\/ul>\n<p>g) <strong>Fomentar el trabajo cooperativo de los equipos docentes<\/strong> y velar para que estos contribuyan al <strong>desarrollo de las competencias b\u00e1sicas en la educaci\u00f3n secundaria obligatoria.<\/strong><\/p>\n<p><img loading=\"lazy\" decoding=\"async\" class=\"aligncenter wp-image-148 size-large\" src=\"https:\/\/blogsaverroes.juntadeandalucia.es\/feielucussolis\/files\/2021\/10\/FAi92OZXMAEUMZo-1024x789.jpeg\" alt=\"\" width=\"660\" height=\"509\" srcset=\"https:\/\/blogsaverroes.juntadeandalucia.es\/feielucussolis\/files\/2021\/10\/FAi92OZXMAEUMZo-1024x789.jpeg 1024w, https:\/\/blogsaverroes.juntadeandalucia.es\/feielucussolis\/files\/2021\/10\/FAi92OZXMAEUMZo-300x231.jpeg 300w, https:\/\/blogsaverroes.juntadeandalucia.es\/feielucussolis\/files\/2021\/10\/FAi92OZXMAEUMZo-768x591.jpeg 768w, https:\/\/blogsaverroes.juntadeandalucia.es\/feielucussolis\/files\/2021\/10\/FAi92OZXMAEUMZo-1536x1183.jpeg 1536w, https:\/\/blogsaverroes.juntadeandalucia.es\/feielucussolis\/files\/2021\/10\/FAi92OZXMAEUMZo-2048x1577.jpeg 2048w, https:\/\/blogsaverroes.juntadeandalucia.es\/feielucussolis\/files\/2021\/10\/FAi92OZXMAEUMZo-700x539.jpeg 700w, https:\/\/blogsaverroes.juntadeandalucia.es\/feielucussolis\/files\/2021\/10\/FAi92OZXMAEUMZo-332x256.jpeg 332w\" sizes=\"(max-width: 660px) 100vw, 660px\" \/><\/p>\n","protected":false},"excerpt":{"rendered":"<p>El Departamento de FEIE, dentro del \u00e1mbito de la formaci\u00f3n trabajar\u00e1, principalmente, para: a) Realizar el diagn\u00f3stico de las necesidades formativas del profesorado como consecuencia&hellip;<\/p>\n","protected":false},"author":3732,"featured_media":0,"parent":0,"menu_order":0,"comment_status":"closed","ping_status":"closed","template":"","meta":{"ngg_post_thumbnail":0,"footnotes":""},"aioseo_notices":[],"_links":{"self":[{"href":"https:\/\/blogsaverroes.juntadeandalucia.es\/feielucussolis\/wp-json\/wp\/v2\/pages\/44"}],"collection":[{"href":"https:\/\/blogsaverroes.juntadeandalucia.es\/feielucussolis\/wp-json\/wp\/v2\/pages"}],"about":[{"href":"https:\/\/blogsaverroes.juntadeandalucia.es\/feielucussolis\/wp-json\/wp\/v2\/types\/page"}],"author":[{"embeddable":true,"href":"https:\/\/blogsaverroes.juntadeandalucia.es\/feielucussolis\/wp-json\/wp\/v2\/users\/3732"}],"replies":[{"embeddable":true,"href":"https:\/\/blogsaverroes.juntadeandalucia.es\/feielucussolis\/wp-json\/wp\/v2\/comments?post=44"}],"version-history":[{"count":9,"href":"https:\/\/blogsaverroes.juntadeandalucia.es\/feielucussolis\/wp-json\/wp\/v2\/pages\/44\/revisions"}],"predecessor-version":[{"id":286,"href":"https:\/\/blogsaverroes.juntadeandalucia.es\/feielucussolis\/wp-json\/wp\/v2\/pages\/44\/revisions\/286"}],"wp:attachment":[{"href":"https:\/\/blogsaverroes.juntadeandalucia.es\/feielucussolis\/wp-json\/wp\/v2\/media?parent=44"}],"curies":[{"name":"wp","href":"https:\/\/api.w.org\/{rel}","templated":true}]}}