{"id":53,"date":"2021-07-03T11:19:50","date_gmt":"2021-07-03T11:19:50","guid":{"rendered":"https:\/\/blogsaverroes.juntadeandalucia.es\/feielucussolis\/?page_id=53"},"modified":"2021-07-23T00:03:02","modified_gmt":"2021-07-23T00:03:02","slug":"evaluacion","status":"publish","type":"page","link":"https:\/\/blogsaverroes.juntadeandalucia.es\/feielucussolis\/evaluacion\/","title":{"rendered":""},"content":{"rendered":"<p align=\"justify\">Dentro del \u00e1mbito de la <strong>evaluaci\u00f3n<\/strong>, el departamento FEIE trabajar\u00e1 para:<\/p>\n<p align=\"justify\"><img loading=\"lazy\" decoding=\"async\" class=\"size-medium wp-image-84 alignleft\" src=\"https:\/\/blogsaverroes.juntadeandalucia.es\/feielucussolis\/files\/2021\/07\/DADA.tmp_-300x215.jpg\" alt=\"\" width=\"300\" height=\"215\" srcset=\"https:\/\/blogsaverroes.juntadeandalucia.es\/feielucussolis\/files\/2021\/07\/DADA.tmp_-300x215.jpg 300w, https:\/\/blogsaverroes.juntadeandalucia.es\/feielucussolis\/files\/2021\/07\/DADA.tmp_-332x238.jpg 332w, https:\/\/blogsaverroes.juntadeandalucia.es\/feielucussolis\/files\/2021\/07\/DADA.tmp_.jpg 400w\" sizes=\"(max-width: 300px) 100vw, 300px\" \/>k) <strong>Establecer indicadores de calidad<\/strong> que permitan valorar la eficacia de las actividades desarrolladas por el centro y realizar su seguimiento.<\/p>\n<p align=\"justify\">l) Elevar al Claustro de Profesorado el plan para <strong>evaluar los aspectos educativos del Plan de Centro<\/strong>, <strong>la evoluci\u00f3n del aprendizaje y el proceso de ense\u00f1anza<\/strong>.<\/p>\n<p align=\"justify\">m) Colaborar con la<del> <strong>Ag<\/strong>encia <strong>A<\/strong>ndaluza de <strong>Eva<\/strong>luaci\u00f3n <strong>E<\/strong>ducativa (AgAEvaE)<\/del> en la aplicaci\u00f3n y el seguimiento de las pruebas de evaluaci\u00f3n de diagn\u00f3stico y en aquellas otras actuaciones relacionadas con la evaluaci\u00f3n que se lleven a cabo en el instituto. (El agaeve fue suprimido en el 2019. <a href=\"https:\/\/sevilla.abc.es\/andalucia\/sevi-junta-andalucia-suprime-agencia-evaluacion-educacion-201902160810_noticia.html\" target=\"_blank\" rel=\"noopener noreferrer\">Enlace<\/a> con la noticia)<del><br \/>\n<\/del><\/p>\n<p align=\"justify\">n) <b>Proponer<\/b>, al equipo directivo y al Claustro de Profesorado, <strong>planes de mejora<\/strong> como resultado de las evaluaciones llevadas a cabo en el instituto.<\/p>\n<p align=\"justify\"><em><strong>Referencias:<\/strong><\/em><\/p>\n<p><a href=\"https:\/\/www.juntadeandalucia.es\/educacion\/portals\/web\/evaluacion-educativa\/centros\">https:\/\/www.juntadeandalucia.es\/educacion\/portals\/web\/evaluacion-educativa\/centros<\/a><\/p>\n<p><a href=\"https:\/\/www.csif.es\/sites\/default\/files\/field\/file\/20180509-IndicadoresAutoevaluacionCentrosAndalucia.pdf\">Indicadores homologados<\/a><\/p>\n","protected":false},"excerpt":{"rendered":"<p>Dentro del \u00e1mbito de la evaluaci\u00f3n, el departamento FEIE trabajar\u00e1 para: k) Establecer indicadores de calidad que permitan valorar la eficacia de las actividades desarrolladas&hellip;<\/p>\n","protected":false},"author":3732,"featured_media":0,"parent":0,"menu_order":0,"comment_status":"closed","ping_status":"closed","template":"","meta":{"ngg_post_thumbnail":0,"footnotes":""},"aioseo_notices":[],"_links":{"self":[{"href":"https:\/\/blogsaverroes.juntadeandalucia.es\/feielucussolis\/wp-json\/wp\/v2\/pages\/53"}],"collection":[{"href":"https:\/\/blogsaverroes.juntadeandalucia.es\/feielucussolis\/wp-json\/wp\/v2\/pages"}],"about":[{"href":"https:\/\/blogsaverroes.juntadeandalucia.es\/feielucussolis\/wp-json\/wp\/v2\/types\/page"}],"author":[{"embeddable":true,"href":"https:\/\/blogsaverroes.juntadeandalucia.es\/feielucussolis\/wp-json\/wp\/v2\/users\/3732"}],"replies":[{"embeddable":true,"href":"https:\/\/blogsaverroes.juntadeandalucia.es\/feielucussolis\/wp-json\/wp\/v2\/comments?post=53"}],"version-history":[{"count":6,"href":"https:\/\/blogsaverroes.juntadeandalucia.es\/feielucussolis\/wp-json\/wp\/v2\/pages\/53\/revisions"}],"predecessor-version":[{"id":86,"href":"https:\/\/blogsaverroes.juntadeandalucia.es\/feielucussolis\/wp-json\/wp\/v2\/pages\/53\/revisions\/86"}],"wp:attachment":[{"href":"https:\/\/blogsaverroes.juntadeandalucia.es\/feielucussolis\/wp-json\/wp\/v2\/media?parent=53"}],"curies":[{"name":"wp","href":"https:\/\/api.w.org\/{rel}","templated":true}]}}