{"id":57,"date":"2021-07-03T11:24:48","date_gmt":"2021-07-03T11:24:48","guid":{"rendered":"https:\/\/blogsaverroes.juntadeandalucia.es\/feielucussolis\/?page_id=57"},"modified":"2021-08-01T16:27:02","modified_gmt":"2021-08-01T16:27:02","slug":"innovacion","status":"publish","type":"page","link":"https:\/\/blogsaverroes.juntadeandalucia.es\/feielucussolis\/innovacion\/","title":{"rendered":""},"content":{"rendered":"<p><em>Dentro del \u00e1mbito de la <strong>innovaci\u00f3n educativa<\/strong>, el departamento FEIE trabajar\u00e1 para:<\/em><\/p>\n<p align=\"justify\">h) <strong>Informar<\/strong> al profesorado sobre<strong> l\u00edneas de investigaci\u00f3n did\u00e1ctica innovadoras<\/strong> que se est\u00e9n llevando a cabo con respecto al curr\u00edculo.<\/p>\n<ul>\n<li>Los mejores blogs de Educaci\u00f3n de habla hispana. Additioapp.&nbsp;<a href=\"http:\/\/www.additioapp.com\/es\/los-mejores-blogs-educativos-de-habla-hispana\/\" target=\"_blank\" rel=\"noopener noreferrer\">Ver rese\u00f1a<\/a>.<\/li>\n<li>25 blogs docentes que no te puedes perder. Educaci\u00f3n 3.0.&nbsp;<a href=\"http:\/\/www.educaciontrespuntocero.com\/recursos\/blogs-docentes-no-te-puedes-perder\/34517.html\" target=\"_blank\" rel=\"noopener noreferrer\">Ver rese\u00f1a<\/a>.<\/li>\n<li>99 blogs educativos interesantes. XarxaTIC.&nbsp;<a href=\"http:\/\/www.xarxatic.com\/edublogs\/\" target=\"_blank\" rel=\"noopener noreferrer\">Ver rese\u00f1a<\/a>.<\/li>\n<\/ul>\n<p align=\"justify\">i) Fomentar iniciativas entre los departamentos de coordinaci\u00f3n did\u00e1ctica que favorezcan la <strong>elaboraci\u00f3n de materiales curriculares.<\/strong><\/p>\n<p align=\"justify\"><em>Dentro de este apartado, es muy \u00fatil conocer las fuentes de Recursos Educativos Abiertos (REA) que podemos usar en nuestras aulas usando directamente estos recursos o adapt\u00e1ndolos a nuestro alumnado:<\/em><\/p>\n<p align=\"justify\"><strong>PROCOM\u00daN<\/strong><\/p>\n<p align=\"justify\"><img loading=\"lazy\" decoding=\"async\" class=\"alignnone size-full wp-image-104\" src=\"https:\/\/blogsaverroes.juntadeandalucia.es\/feielucussolis\/files\/2021\/08\/dds.png\" alt=\"\" width=\"281\" height=\"89\"><\/p>\n<p><a href=\"http:\/\/procomun.educalab.es\/es\">http:\/\/procomun.educalab.es\/es<\/a><\/p>\n<p><strong>CEDEC<\/strong><\/p>\n<p><img loading=\"lazy\" decoding=\"async\" class=\"alignnone size-medium wp-image-105\" src=\"https:\/\/blogsaverroes.juntadeandalucia.es\/feielucussolis\/files\/2021\/08\/DFSD-300x143.png\" alt=\"\" width=\"300\" height=\"143\" srcset=\"https:\/\/blogsaverroes.juntadeandalucia.es\/feielucussolis\/files\/2021\/08\/DFSD-300x143.png 300w, https:\/\/blogsaverroes.juntadeandalucia.es\/feielucussolis\/files\/2021\/08\/DFSD-1024x488.png 1024w, https:\/\/blogsaverroes.juntadeandalucia.es\/feielucussolis\/files\/2021\/08\/DFSD-768x366.png 768w, https:\/\/blogsaverroes.juntadeandalucia.es\/feielucussolis\/files\/2021\/08\/DFSD-700x333.png 700w, https:\/\/blogsaverroes.juntadeandalucia.es\/feielucussolis\/files\/2021\/08\/DFSD-332x158.png 332w, https:\/\/blogsaverroes.juntadeandalucia.es\/feielucussolis\/files\/2021\/08\/DFSD.png 1270w\" sizes=\"(max-width: 300px) 100vw, 300px\" \/><\/p>\n<p><a href=\"https:\/\/cedec.intef.es\/recursos\/\">https:\/\/cedec.intef.es\/recursos\/<\/a><\/p>\n<p><strong>AGREGA<\/strong><\/p>\n<p><img loading=\"lazy\" decoding=\"async\" class=\"alignnone size-medium wp-image-106\" src=\"https:\/\/blogsaverroes.juntadeandalucia.es\/feielucussolis\/files\/2021\/08\/AGRE-300x197.png\" alt=\"\" width=\"300\" height=\"197\" srcset=\"https:\/\/blogsaverroes.juntadeandalucia.es\/feielucussolis\/files\/2021\/08\/AGRE-300x197.png 300w, https:\/\/blogsaverroes.juntadeandalucia.es\/feielucussolis\/files\/2021\/08\/AGRE-768x504.png 768w, https:\/\/blogsaverroes.juntadeandalucia.es\/feielucussolis\/files\/2021\/08\/AGRE-700x459.png 700w, https:\/\/blogsaverroes.juntadeandalucia.es\/feielucussolis\/files\/2021\/08\/AGRE-332x218.png 332w, https:\/\/blogsaverroes.juntadeandalucia.es\/feielucussolis\/files\/2021\/08\/AGRE.png 969w\" sizes=\"(max-width: 300px) 100vw, 300px\" \/><\/p>\n<p><a href=\"http:\/\/agrega.juntadeandalucia.es\/visualizadorcontenidos2\/Portada\/Portada.do;jsessionid=1FDB76DC0A40E637F84494B53BC2B962\">fuente<\/a><\/p>\n<p><strong>CREA DE ANDALUC\u00cdA<\/strong><\/p>\n<p><img loading=\"lazy\" decoding=\"async\" class=\"alignnone size-medium wp-image-107\" src=\"https:\/\/blogsaverroes.juntadeandalucia.es\/feielucussolis\/files\/2021\/08\/crea-300x145.png\" alt=\"\" width=\"300\" height=\"145\" srcset=\"https:\/\/blogsaverroes.juntadeandalucia.es\/feielucussolis\/files\/2021\/08\/crea-300x145.png 300w, https:\/\/blogsaverroes.juntadeandalucia.es\/feielucussolis\/files\/2021\/08\/crea-1024x496.png 1024w, https:\/\/blogsaverroes.juntadeandalucia.es\/feielucussolis\/files\/2021\/08\/crea-768x372.png 768w, https:\/\/blogsaverroes.juntadeandalucia.es\/feielucussolis\/files\/2021\/08\/crea-700x339.png 700w, https:\/\/blogsaverroes.juntadeandalucia.es\/feielucussolis\/files\/2021\/08\/crea-332x161.png 332w, https:\/\/blogsaverroes.juntadeandalucia.es\/feielucussolis\/files\/2021\/08\/crea.png 1267w\" sizes=\"(max-width: 300px) 100vw, 300px\" \/><\/p>\n<p><a href=\"http:\/\/www.juntadeandalucia.es\/educacion\/permanente\/materiales\/\">http:\/\/www.juntadeandalucia.es\/educacion\/permanente\/materiales\/<\/a><\/p>\n<p><strong>CREA DE LA JUNTA DE EXTREMADURA<\/strong><\/p>\n<p><img loading=\"lazy\" decoding=\"async\" class=\"alignnone size-medium wp-image-103\" src=\"https:\/\/blogsaverroes.juntadeandalucia.es\/feielucussolis\/files\/2021\/08\/1196x200_CREA-b32c0a54-300x50.png\" alt=\"\" width=\"300\" height=\"50\" srcset=\"https:\/\/blogsaverroes.juntadeandalucia.es\/feielucussolis\/files\/2021\/08\/1196x200_CREA-b32c0a54-300x50.png 300w, https:\/\/blogsaverroes.juntadeandalucia.es\/feielucussolis\/files\/2021\/08\/1196x200_CREA-b32c0a54-1024x171.png 1024w, https:\/\/blogsaverroes.juntadeandalucia.es\/feielucussolis\/files\/2021\/08\/1196x200_CREA-b32c0a54-768x128.png 768w, https:\/\/blogsaverroes.juntadeandalucia.es\/feielucussolis\/files\/2021\/08\/1196x200_CREA-b32c0a54-700x117.png 700w, https:\/\/blogsaverroes.juntadeandalucia.es\/feielucussolis\/files\/2021\/08\/1196x200_CREA-b32c0a54-332x56.png 332w, https:\/\/blogsaverroes.juntadeandalucia.es\/feielucussolis\/files\/2021\/08\/1196x200_CREA-b32c0a54.png 1196w\" sizes=\"(max-width: 300px) 100vw, 300px\" \/><\/p>\n<p><a href=\"https:\/\/emtic.educarex.es\/proyecto-crea\">https:\/\/emtic.educarex.es\/proyecto-crea<\/a><\/p>\n<p align=\"justify\">j) <b>Promover<\/b> que las <strong>materias optativas de configuraci\u00f3n propia y el proyecto integrado<\/strong> est\u00e9n basados en <strong>trabajos de investigaci\u00f3n y sigan una metodolog\u00eda activa y participativa<\/strong> entre el alumnado.<\/p>\n","protected":false},"excerpt":{"rendered":"<p>Dentro del \u00e1mbito de la innovaci\u00f3n educativa, el departamento FEIE trabajar\u00e1 para: h) Informar al profesorado sobre l\u00edneas de investigaci\u00f3n did\u00e1ctica innovadoras que se est\u00e9n&hellip;<\/p>\n","protected":false},"author":3732,"featured_media":0,"parent":0,"menu_order":0,"comment_status":"closed","ping_status":"closed","template":"","meta":{"ngg_post_thumbnail":0,"footnotes":""},"aioseo_notices":[],"_links":{"self":[{"href":"https:\/\/blogsaverroes.juntadeandalucia.es\/feielucussolis\/wp-json\/wp\/v2\/pages\/57"}],"collection":[{"href":"https:\/\/blogsaverroes.juntadeandalucia.es\/feielucussolis\/wp-json\/wp\/v2\/pages"}],"about":[{"href":"https:\/\/blogsaverroes.juntadeandalucia.es\/feielucussolis\/wp-json\/wp\/v2\/types\/page"}],"author":[{"embeddable":true,"href":"https:\/\/blogsaverroes.juntadeandalucia.es\/feielucussolis\/wp-json\/wp\/v2\/users\/3732"}],"replies":[{"embeddable":true,"href":"https:\/\/blogsaverroes.juntadeandalucia.es\/feielucussolis\/wp-json\/wp\/v2\/comments?post=57"}],"version-history":[{"count":6,"href":"https:\/\/blogsaverroes.juntadeandalucia.es\/feielucussolis\/wp-json\/wp\/v2\/pages\/57\/revisions"}],"predecessor-version":[{"id":109,"href":"https:\/\/blogsaverroes.juntadeandalucia.es\/feielucussolis\/wp-json\/wp\/v2\/pages\/57\/revisions\/109"}],"wp:attachment":[{"href":"https:\/\/blogsaverroes.juntadeandalucia.es\/feielucussolis\/wp-json\/wp\/v2\/media?parent=57"}],"curies":[{"name":"wp","href":"https:\/\/api.w.org\/{rel}","templated":true}]}}