{"id":248,"date":"2022-10-04T23:48:16","date_gmt":"2022-10-04T21:48:16","guid":{"rendered":"https:\/\/blogsaverroes.juntadeandalucia.es\/feieramonycajal\/?page_id=248"},"modified":"2023-09-12T21:02:10","modified_gmt":"2023-09-12T19:02:10","slug":"otra-formacion","status":"publish","type":"page","link":"https:\/\/blogsaverroes.juntadeandalucia.es\/feieramonycajal\/otra-formacion\/","title":{"rendered":"Formaci\u00f3n y Recursos"},"content":{"rendered":"<p>&nbsp;<\/p>\n<!--themify_builder_content-->\n<div id=\"themify_builder_content-248\" data-postid=\"248\" class=\"themify_builder_content themify_builder_content-248 themify_builder tf_clear\">\n                    <div  data-lazy=\"1\" class=\"module_row themify_builder_row tb_bwbr760 tb_first tf_w\">\n                        <div class=\"row_inner col_align_top tb_col_count_1 tf_box tf_rel\">\n                        <div  data-lazy=\"1\" class=\"module_column tb-column col-full tb_lzpo761 first\">\n                            <\/div>\n                        <\/div>\n        <\/div>\n                        <div  data-css_id=\"gdgx93\" data-lazy=\"1\" class=\"module_row themify_builder_row fullwidth_row_container tb_gdgx93 tf_w\">\n                        <div class=\"row_inner col_align_top tb_col_count_1 tf_box tf_rel\">\n                        <div  data-lazy=\"1\" class=\"module_column tb-column col-full tb_96td95 first\">\n                            <div  data-lazy=\"1\" class=\"module_subrow themify_builder_sub_row tf_w gutter-none col_align_top tb_col_count_4 tb_npmt96\">\n                <div  data-lazy=\"1\" class=\"module_column sub_column col4-1 tb_p2u498 first\">\n        <span class=\"builder_row_cover tf_abs\"><\/span>            <!-- module image -->\n<div  class=\"module module-image tb_rqsy98 image-center circle  tf_mw\" data-lazy=\"1\">\n        <div class=\"image-wrap tf_rel tf_mw\">\n            <a href=\"https:\/\/intef.es\/\">\n                   <img loading=\"lazy\" decoding=\"async\" src=\"https:\/\/blogsaverroes.juntadeandalucia.es\/feieramonycajal\/files\/2022\/10\/intef-ii-150x150.jpg\" width=\"150\" height=\"150\" class=\"wp-post-image wp-image-255\" title=\"INTEF\" alt=\"Recursos Educativos y Formaci\u00f3n INTEF\" srcset=\"https:\/\/blogsaverroes.juntadeandalucia.es\/feieramonycajal\/files\/2022\/10\/intef-ii-150x150.jpg 150w, https:\/\/blogsaverroes.juntadeandalucia.es\/feieramonycajal\/files\/2022\/10\/intef-ii.jpg 225w\" sizes=\"(max-width: 150px) 100vw, 150px\" \/>        <\/a>\n    \n        <\/div>\n    <!-- \/image-wrap -->\n    \n        <div class=\"image-content\">\n                    <h3 class=\"image-title\">\n                                    <a href=\"https:\/\/intef.es\/\">\n                        INTEF                    <\/a>\n                            <\/h3>\n                        <div class=\"image-caption tb_text_wrap\">\n            Recursos Educativos y Formaci\u00f3n INTEF        <\/div>\n        <!-- \/image-caption -->\n            <\/div>\n    <!-- \/image-content -->\n        <\/div>\n<!-- \/module image -->        <\/div>\n                    <div  data-lazy=\"1\" class=\"module_column sub_column col4-1 tb_3u8s100\">\n        <span class=\"builder_row_cover tf_abs\"><\/span>            <!-- module image -->\n<div  class=\"module module-image tb_5tmv100 image-center circle  tf_mw\" data-lazy=\"1\">\n        <div class=\"image-wrap tf_rel tf_mw\">\n            <a href=\"https:\/\/www.juntadeandalucia.es\/educacion\/portals\/web\/ced\/redes-del-profesorado\">\n                   <img loading=\"lazy\" decoding=\"async\" src=\"https:\/\/blogsaverroes.juntadeandalucia.es\/feieramonycajal\/files\/2022\/10\/logo-junta-1-150x150.png\" width=\"150\" height=\"150\" class=\"wp-post-image wp-image-280\" title=\"Consejer\u00eda Educaci\u00f3n\" alt=\"Formaci\u00f3n del Profesorado\" srcset=\"https:\/\/blogsaverroes.juntadeandalucia.es\/feieramonycajal\/files\/2022\/10\/logo-junta-1-150x150.png 150w, https:\/\/blogsaverroes.juntadeandalucia.es\/feieramonycajal\/files\/2022\/10\/logo-junta-1.png 225w\" sizes=\"(max-width: 150px) 100vw, 150px\" \/>        <\/a>\n    \n        <\/div>\n    <!-- \/image-wrap -->\n    \n        <div class=\"image-content\">\n                    <h3 class=\"image-title\">\n                                    <a href=\"https:\/\/www.juntadeandalucia.es\/educacion\/portals\/web\/ced\/redes-del-profesorado\">\n                        Consejer\u00eda Educaci\u00f3n                    <\/a>\n                            <\/h3>\n                        <div class=\"image-caption tb_text_wrap\">\n            Formaci\u00f3n del Profesorado         <\/div>\n        <!-- \/image-caption -->\n            <\/div>\n    <!-- \/image-content -->\n        <\/div>\n<!-- \/module image -->        <\/div>\n                    <div  data-lazy=\"1\" class=\"module_column sub_column col4-1 tb_id7b101\">\n        <span class=\"builder_row_cover tf_abs\"><\/span>            <!-- module image -->\n<div  class=\"module module-image tb_br9k101 image-center circle  tf_mw\" data-lazy=\"1\">\n        <div class=\"image-wrap tf_rel tf_mw\">\n            <a href=\"https:\/\/www.juntadeandalucia.es\/educacion\/portals\/web\/ced\/actividades-formativas\/aula-virtual\">\n                   <img loading=\"lazy\" decoding=\"async\" src=\"https:\/\/blogsaverroes.juntadeandalucia.es\/feieramonycajal\/files\/2022\/10\/logo-junta-1-150x150.png\" width=\"150\" height=\"150\" class=\"wp-post-image wp-image-280\" title=\"Aula Virtual\" alt=\"Buscador cursos para 2022-2023\" srcset=\"https:\/\/blogsaverroes.juntadeandalucia.es\/feieramonycajal\/files\/2022\/10\/logo-junta-1-150x150.png 150w, https:\/\/blogsaverroes.juntadeandalucia.es\/feieramonycajal\/files\/2022\/10\/logo-junta-1.png 225w\" sizes=\"(max-width: 150px) 100vw, 150px\" \/>        <\/a>\n    \n        <\/div>\n    <!-- \/image-wrap -->\n    \n        <div class=\"image-content\">\n                    <h3 class=\"image-title\">\n                                    <a href=\"https:\/\/www.juntadeandalucia.es\/educacion\/portals\/web\/ced\/actividades-formativas\/aula-virtual\">\n                        Aula Virtual                    <\/a>\n                            <\/h3>\n                        <div class=\"image-caption tb_text_wrap\">\n            Buscador cursos para 2022-2023        <\/div>\n        <!-- \/image-caption -->\n            <\/div>\n    <!-- \/image-content -->\n        <\/div>\n<!-- \/module image -->        <\/div>\n                    <div  data-lazy=\"1\" class=\"module_column sub_column col4-1 tb_w96u102 last\">\n        <span class=\"builder_row_cover tf_abs\"><\/span>            <!-- module image -->\n<div  class=\"module module-image tb_lf1l102 image-center circle  tf_mw\" data-lazy=\"1\">\n        <div class=\"image-wrap tf_rel tf_mw\">\n            <a href=\"https:\/\/www.educacionyfp.gob.es\/servicios-al-ciudadano\/catalogo\/profesorado\/profesorado-no-universitario\/cursos-y-jornadas\/formacion-en-red-profesorado.html\">\n                   <img loading=\"lazy\" decoding=\"async\" src=\"https:\/\/blogsaverroes.juntadeandalucia.es\/feieramonycajal\/files\/2022\/10\/unnamed-150x150.jpg\" width=\"150\" height=\"150\" class=\"wp-post-image wp-image-289\" title=\"Ministerio de Educaci\u00f3n y Formaci\u00f3n Profesional\" alt=\"Cursos de Formaci\u00f3n en Red del Profesorado\" srcset=\"https:\/\/blogsaverroes.juntadeandalucia.es\/feieramonycajal\/files\/2022\/10\/unnamed-150x150.jpg 150w, https:\/\/blogsaverroes.juntadeandalucia.es\/feieramonycajal\/files\/2022\/10\/unnamed-300x300.jpg 300w, https:\/\/blogsaverroes.juntadeandalucia.es\/feieramonycajal\/files\/2022\/10\/unnamed-768x768.jpg 768w, https:\/\/blogsaverroes.juntadeandalucia.es\/feieramonycajal\/files\/2022\/10\/unnamed.jpg 900w\" sizes=\"(max-width: 150px) 100vw, 150px\" \/>        <\/a>\n    \n        <\/div>\n    <!-- \/image-wrap -->\n    \n        <div class=\"image-content\">\n                    <h3 class=\"image-title\">\n                                    <a href=\"https:\/\/www.educacionyfp.gob.es\/servicios-al-ciudadano\/catalogo\/profesorado\/profesorado-no-universitario\/cursos-y-jornadas\/formacion-en-red-profesorado.html\">\n                        Ministerio de Educaci\u00f3n y Formaci\u00f3n Profesional                    <\/a>\n                            <\/h3>\n                        <div class=\"image-caption tb_text_wrap\">\n            Cursos de Formaci\u00f3n en Red del Profesorado        <\/div>\n        <!-- \/image-caption -->\n            <\/div>\n    <!-- \/image-content -->\n        <\/div>\n<!-- \/module image -->        <\/div>\n                    <\/div>\n                <\/div>\n                        <\/div>\n        <\/div>\n                        <div  data-css_id=\"yhs2103\" data-lazy=\"1\" class=\"module_row themify_builder_row fullwidth tb_yhs2103 tf_w\">\n                        <div class=\"row_inner col_align_top tb_col_count_1 tf_box tf_rel\">\n                        <div  data-lazy=\"1\" class=\"module_column tb-column col-full tb_idl5104 first\">\n                            <\/div>\n                        <\/div>\n        <\/div>\n        <\/div>\n<!--\/themify_builder_content-->","protected":false},"excerpt":{"rendered":"<p>&nbsp; INTEF Recursos Educativos y Formaci\u00f3n INTEF Consejer\u00eda Educaci\u00f3n Formaci\u00f3n del Profesorado Aula Virtual Buscador cursos para 2022-2023 Ministerio de Educaci\u00f3n y Formaci\u00f3n Profesional Cursos de Formaci\u00f3n en Red del Profesorado<\/p>\n","protected":false},"author":2391,"featured_media":0,"parent":0,"menu_order":0,"comment_status":"closed","ping_status":"closed","template":"","meta":{"ngg_post_thumbnail":0,"footnotes":""},"aioseo_notices":[],"_links":{"self":[{"href":"https:\/\/blogsaverroes.juntadeandalucia.es\/feieramonycajal\/wp-json\/wp\/v2\/pages\/248"}],"collection":[{"href":"https:\/\/blogsaverroes.juntadeandalucia.es\/feieramonycajal\/wp-json\/wp\/v2\/pages"}],"about":[{"href":"https:\/\/blogsaverroes.juntadeandalucia.es\/feieramonycajal\/wp-json\/wp\/v2\/types\/page"}],"author":[{"embeddable":true,"href":"https:\/\/blogsaverroes.juntadeandalucia.es\/feieramonycajal\/wp-json\/wp\/v2\/users\/2391"}],"replies":[{"embeddable":true,"href":"https:\/\/blogsaverroes.juntadeandalucia.es\/feieramonycajal\/wp-json\/wp\/v2\/comments?post=248"}],"version-history":[{"count":12,"href":"https:\/\/blogsaverroes.juntadeandalucia.es\/feieramonycajal\/wp-json\/wp\/v2\/pages\/248\/revisions"}],"predecessor-version":[{"id":822,"href":"https:\/\/blogsaverroes.juntadeandalucia.es\/feieramonycajal\/wp-json\/wp\/v2\/pages\/248\/revisions\/822"}],"wp:attachment":[{"href":"https:\/\/blogsaverroes.juntadeandalucia.es\/feieramonycajal\/wp-json\/wp\/v2\/media?parent=248"}],"curies":[{"name":"wp","href":"https:\/\/api.w.org\/{rel}","templated":true}]}}