{"id":39,"date":"2018-08-08T11:28:20","date_gmt":"2018-08-08T11:28:20","guid":{"rendered":"https:\/\/themify.me\/demo\/themes\/ultra-education\/?page_id=24"},"modified":"2025-09-08T23:08:57","modified_gmt":"2025-09-08T21:08:57","slug":"about-us","status":"publish","type":"page","link":"https:\/\/blogsaverroes.juntadeandalucia.es\/feieramonycajal\/about-us\/","title":{"rendered":"Departamento"},"content":{"rendered":"<!--themify_builder_content-->\n<div id=\"themify_builder_content-39\" data-postid=\"39\" class=\"themify_builder_content themify_builder_content-39 themify_builder tf_clear\">\n                    <div  data-css_id=\"cbebdb2\" data-lazy=\"1\" class=\"module_row themify_builder_row fullwidth_row_container tb_cbebdb2 tb_first tf_w\">\n            <span class=\"builder_row_cover tf_abs\"><\/span>            <div class=\"row_inner col_align_top tb_col_count_1 tf_box tf_rel\">\n                        <div  data-lazy=\"1\" class=\"module_column tb-column col-full tb_96903e4 first\">\n                            <\/div>\n                        <\/div>\n        <\/div>\n                        <div  data-lazy=\"1\" class=\"module_row themify_builder_row tb_916f37d tf_w\">\n                        <div class=\"row_inner col_align_top tb_col_count_2 tf_box tf_rel\">\n                        <div  data-lazy=\"1\" class=\"module_column tb-column col4-2 tb_9dfc43f first\">\n                    <!-- module text -->\n<div  class=\"module module-text tb_1009e4f   \" data-lazy=\"1\">\n        <div  class=\"tb_text_wrap\">\n        <h2>FEIE<\/h2>    <\/div>\n<\/div>\n<!-- \/module text --><!-- module text -->\n<div  class=\"module module-text tb_c9383e8   \" data-lazy=\"1\">\n        <div  class=\"tb_text_wrap\">\n        <p>El Departamento de Formaci\u00f3n, Evaluaci\u00f3n e Innovaci\u00f3n Educativa\u00a0surge como aplicaci\u00f3n del\u00a0Decreto 327\/2010 de 13 de julio por el que se aprueba el Reglamento Org\u00e1nico de los Institutos de Educaci\u00f3n Secundaria. En \u00e9l se regulan sus funciones en\u00a0labores de asesoramiento y organizaci\u00f3n de los aspectos\u00a0de\u00a0formaci\u00f3n del profesorado, evaluaci\u00f3n e\u00a0innovaci\u00f3n\u00a0de\u00a0los procesos educativos del\u00a0Centro.<\/p>\n<ul>\n<li><strong>Formaci\u00f3n del profesorado:<\/strong>\u00a0diagn\u00f3stico de necesidades, propuesta de actividades, colaboraci\u00f3n con CEP, coordinar actividades de formaci\u00f3n,..<\/li>\n<li><strong>Evaluaci\u00f3n:<\/strong>\u00a0establecer indicadores de calidad, elevar plan para evaluar los aspectos educativos del Plan de Centro, propuesta de planes de mejora,\u2026<\/li>\n<li><strong>Innovaci\u00f3n:<\/strong>\u00a0investigar, proponer y desarrollar l\u00edneas\u00a0did\u00e1ctica-pedag\u00f3gicas\u00a0novedosas de\u00a0utilidad en el aula. Impulso de\u00a0herramientas\u00a0TIC, informaci\u00f3n sobre buenas pr\u00e1cticas educativas,..<\/li>\n<\/ul>    <\/div>\n<\/div>\n<!-- \/module text --><!-- module image -->\n<div  class=\"module module-image tb_1d88f18 image-top   tf_mw\" data-lazy=\"1\" data-parallax-element-speed=\"2\" data-lax-translate-y=\"vh 1,0 -140\" data-lax=\"true\">\n        <div class=\"image-wrap tf_rel tf_mw\">\n                \n        <\/div>\n    <!-- \/image-wrap -->\n    \n        <\/div>\n<!-- \/module image -->        <\/div>\n                    <div  data-lazy=\"1\" class=\"module_column tb-column col4-2 tb_8c03b4b last\">\n                    <!-- module text -->\n<div  class=\"module module-text tb_b90fda5   \" data-lazy=\"1\" data-parallax-element-speed=\"1\" data-lax-translate-y=\"vh 1,0 70\" data-lax=\"true\">\n        <div  class=\"tb_text_wrap\">\n        <h3>Componentes<\/h3>\n<p>El departamento de\u00a0<strong><em>formaci\u00f3n, evaluaci\u00f3n e innovaci\u00f3n educativa<\/em><\/strong>\u00a0estar\u00e1 compuesto por (art. 87.1 del Decreto 327\/2010):<\/p>\n<p>a) La persona que ostente la jefatura del departamento.<\/p>\n<p>b) Un profesor o profesora de cada una de las \u00e1reas de competencias, designados por las personas que ejerzan la coordinaci\u00f3n de las mismas.<\/p>\n<p>c) La persona que ejerza la jefatura del departamento de orientaci\u00f3n o la persona que esta designe como representante del mismo.<\/p>\n<table style=\"width: 100%;border-collapse: collapse;border-style: inset;border-color: #0f0202;background-color: #f2c035\">\n<tbody>\n<tr>\n<td style=\"width: 50%\">\n<p>Jefa de Departamento<\/p>\n<\/td>\n<td style=\"width: 50%\">Mar\u00eda P. Matas<\/td>\n<\/tr>\n<tr>\n<td style=\"width: 50%\">\n<p>Coordinador \u00c1rea Social-ling\u00fc\u00edstica<\/p>\n<\/td>\n<td style=\"width: 50%\">Rachid Baqouah<\/td>\n<\/tr>\n<tr>\n<td style=\"width: 50%\">\n<p>Coordinador del \u00c1rea Art\u00edstica.<\/p>\n<\/td>\n<td style=\"width: 50%\">Manuel G\u00f3mez<\/td>\n<\/tr>\n<tr>\n<td style=\"width: 50%\">\n<p>Coordinadora del \u00c1rea Cient\u00edfico-tecnol\u00f3gica.<\/p>\n<\/td>\n<td style=\"width: 50%\">Carmen Mill\u00e1n<\/td>\n<\/tr>\n<tr>\n<td style=\"width: 50%\">\n<p>Coordinador del \u00c1rea de Formaci\u00f3n Profesional<\/p>\n<\/td>\n<td style=\"width: 50%\">David Gonz\u00e1lez<\/td>\n<\/tr>\n<tr>\n<td style=\"width: 50%\">\n<p>Jefa del Departamento de Orientaci\u00f3n<\/p>\n<\/td>\n<td style=\"width: 50%\">\n<p>Encarnaci\u00f3n Mora<\/p>\n<\/td>\n<\/tr>\n<tr>\n<td style=\"width: 50%\">\n<p>Directora\u00a0<\/p>\n<\/td>\n<td style=\"width: 50%\">\n<p>Carmen Cambil<\/p>\n<\/td>\n<\/tr>\n<tr>\n<td style=\"width: 50%\">\u00a0<\/td>\n<td style=\"width: 50%\">\u00a0<\/td>\n<\/tr>\n<\/tbody>\n<\/table>    <\/div>\n<\/div>\n<!-- \/module text -->        <\/div>\n                        <\/div>\n        <\/div>\n                        <div  data-lazy=\"1\" class=\"module_row themify_builder_row tb_6f50887 tf_w\">\n                        <div class=\"row_inner col_align_top tb_col_count_1 tf_box tf_rel\">\n                        <div  data-lazy=\"1\" class=\"module_column tb-column col-full tb_6e1de00 first\">\n                            <\/div>\n                        <\/div>\n        <\/div>\n        <\/div>\n<!--\/themify_builder_content-->","protected":false},"excerpt":{"rendered":"<p>FEIE El Departamento de Formaci\u00f3n, Evaluaci\u00f3n e Innovaci\u00f3n Educativa\u00a0surge como aplicaci\u00f3n del\u00a0Decreto 327\/2010 de 13 de julio por el que se aprueba el Reglamento Org\u00e1nico de los Institutos de Educaci\u00f3n Secundaria. En \u00e9l se regulan sus funciones en\u00a0labores de asesoramiento y organizaci\u00f3n de los aspectos\u00a0de\u00a0formaci\u00f3n del profesorado, evaluaci\u00f3n e\u00a0innovaci\u00f3n\u00a0de\u00a0los procesos educativos del\u00a0Centro. Formaci\u00f3n del profesorado:\u00a0diagn\u00f3stico [&hellip;]<\/p>\n","protected":false},"author":2391,"featured_media":0,"parent":0,"menu_order":0,"comment_status":"closed","ping_status":"closed","template":"","meta":{"ngg_post_thumbnail":0,"footnotes":""},"aioseo_notices":[],"_links":{"self":[{"href":"https:\/\/blogsaverroes.juntadeandalucia.es\/feieramonycajal\/wp-json\/wp\/v2\/pages\/39"}],"collection":[{"href":"https:\/\/blogsaverroes.juntadeandalucia.es\/feieramonycajal\/wp-json\/wp\/v2\/pages"}],"about":[{"href":"https:\/\/blogsaverroes.juntadeandalucia.es\/feieramonycajal\/wp-json\/wp\/v2\/types\/page"}],"author":[{"embeddable":true,"href":"https:\/\/blogsaverroes.juntadeandalucia.es\/feieramonycajal\/wp-json\/wp\/v2\/users\/2391"}],"replies":[{"embeddable":true,"href":"https:\/\/blogsaverroes.juntadeandalucia.es\/feieramonycajal\/wp-json\/wp\/v2\/comments?post=39"}],"version-history":[{"count":20,"href":"https:\/\/blogsaverroes.juntadeandalucia.es\/feieramonycajal\/wp-json\/wp\/v2\/pages\/39\/revisions"}],"predecessor-version":[{"id":1880,"href":"https:\/\/blogsaverroes.juntadeandalucia.es\/feieramonycajal\/wp-json\/wp\/v2\/pages\/39\/revisions\/1880"}],"wp:attachment":[{"href":"https:\/\/blogsaverroes.juntadeandalucia.es\/feieramonycajal\/wp-json\/wp\/v2\/media?parent=39"}],"curies":[{"name":"wp","href":"https:\/\/api.w.org\/{rel}","templated":true}]}}