{"id":43,"date":"2018-08-08T11:28:46","date_gmt":"2018-08-08T11:28:46","guid":{"rendered":"https:\/\/themify.me\/demo\/themes\/ultra-education\/?page_id=27"},"modified":"2023-06-03T13:11:41","modified_gmt":"2023-06-03T11:11:41","slug":"events","status":"publish","type":"page","link":"https:\/\/blogsaverroes.juntadeandalucia.es\/feieramonycajal\/events\/","title":{"rendered":"Recursos"},"content":{"rendered":"<!--themify_builder_content-->\n<div id=\"themify_builder_content-43\" data-postid=\"43\" class=\"themify_builder_content themify_builder_content-43 themify_builder tf_clear\">\n                    <div  data-lazy=\"1\" class=\"module_row themify_builder_row tb_nh26819 tb_first tf_w\">\n                        <div class=\"row_inner col_align_top tb_col_count_1 tf_box tf_rel\">\n                        <div  data-lazy=\"1\" class=\"module_column tb-column col-full tb_x9el820 first\">\n                            <\/div>\n                        <\/div>\n        <\/div>\n                        <div  data-lazy=\"1\" class=\"module_row themify_builder_row tb_zjav420 tf_w\">\n                        <div class=\"row_inner col_align_top tb_col_count_3 tf_box tf_rel\">\n                        <div  data-lazy=\"1\" class=\"module_column tb-column col3-1 tb_90li423 first\">\n                            <\/div>\n                    <div  data-lazy=\"1\" class=\"module_column tb-column col3-1 tb_aasj427\">\n                    <!-- module accordion -->\n<div  class=\"module module-accordion tb_dlw4593 \" data-behavior=\"toggle\" data-lazy=\"1\">\n    <h3 class=\"module-title\">RECURSOS EDUCATIVOS<\/h3>\n    <ul class=\"ui module-accordion  rounded light-blue\">\n            <li>\n            <div class=\"accordion-title tf_rel\">\n                <a href=\"#acc-dlw4593-0\" class=\"tb_title_accordion\" aria-controls=\"acc-dlw4593-0-content\" aria-expanded=\"false\">\n                    <i class=\"accordion-icon\"><svg  class=\"tf_fa tf-ti-arrow-circle-up\" aria-hidden=\"true\"><use href=\"#tf-ti-arrow-circle-up\"><\/use><\/svg><\/i>                    <i class=\"accordion-active-icon tf_hide\"><svg  class=\"tf_fa tf-ti-arrow-circle-down\" aria-hidden=\"true\"><use href=\"#tf-ti-arrow-circle-down\"><\/use><\/svg><\/i>                    NOVEDADES - NORMATIVA                <\/a>\n            <\/div><!-- .accordion-title -->\n            <div id=\"acc-dlw4593-0-content\" data-id=\"acc-dlw4593-0\" aria-hidden=\"true\" class=\"accordion-content tf_hide tf_clearfix\">\n                                    <div class=\"tb_text_wrap\">\n                        <p style=\"text-align: center;\"><span style=\"font-size: 12pt;\"><strong><a href=\"https:\/\/blogsaverroes.juntadeandalucia.es\/feieramonycajal\/files\/2023\/05\/LOMLOE.pdf\">LOMLOE<\/a><\/strong><\/span><\/p>\n<p style=\"text-align: center;\"><a href=\"https:\/\/www.boe.es\/buscar\/pdf\/2022\/BOE-A-2022-4975-consolidado.pdf\" target=\"_blank\" rel=\"noopener\"><strong>REAL DECRETO SECUNDARIA OBLIGATORIA. Real Decreto 217\/2022,<\/strong><\/a> <strong><span style=\"font-size: 8pt;\">de 29 de marzo, por el que se establece la <\/span><\/strong><strong><span style=\"font-size: 8pt;\">ordenaci\u00f3n y las ense\u00f1anzas m\u00ednimas de la Educaci\u00f3n Secundaria <\/span><\/strong><strong><span style=\"font-size: 8pt;\">Obligatoria. <\/span><\/strong><\/p>\n<p style=\"text-align: center;\"><span style=\"font-size: 18pt;\"><strong><a href=\"https:\/\/www.adideandalucia.es\/normas\/decretos\/Decreto102-2023EducacionSecundariaObligatoria.pdf\" target=\"_blank\" rel=\"noopener\"><span style=\"font-size: 12pt;\">DECRETO SECUNDARIA OBLIGATORIA. <\/span><\/a><\/strong><\/span><span style=\"font-size: 18pt;\"><strong><a href=\"https:\/\/www.adideandalucia.es\/normas\/decretos\/Decreto102-2023EducacionSecundariaObligatoria.pdf\" target=\"_blank\" rel=\"noopener\"><span style=\"font-size: 12pt;\">Decreto 102\/2023<\/span><\/a><span style=\"font-size: 12pt;\">, <span style=\"font-size: 8pt;\">de 9 de mayo, por el que se establece la ordenaci\u00f3n y el curr\u00edculo de la etapa de Educaci\u00f3n Secundaria Obligatoria en la Comunidad Aut\u00f3noma de Andaluc\u00eda (BOJA 15-05-2023).\u00a0<\/span><\/span><\/strong><\/span><\/p>\n<p style=\"text-align: center;\"><a href=\"https:\/\/www.juntadeandalucia.es\/boja\/2023\/104\/36#descargas\" target=\"_blank\" rel=\"noopener\"><strong>ORDEN CURR\u00cdCULO SECUNDARIA OBLIGATORIA<\/strong>. <span style=\"font-size: 8pt;\"><strong>Orden de 30 de mayo de 2023, por la que se desarrolla el curr\u00edculo <\/strong><\/span><span style=\"font-size: 8pt;\"><strong>correspondiente a la etapa de Educaci\u00f3n Secundaria Obligatoria en la <\/strong><\/span><span style=\"font-size: 8pt;\"><strong>Comunidad Aut\u00f3noma de Andaluc\u00eda, se regulan determinados aspectos de <\/strong><\/span><span style=\"font-size: 8pt;\"><strong>la atenci\u00f3n a la diversidad y a las diferencias individuales, se establece la <\/strong><\/span><span style=\"font-size: 8pt;\"><strong>ordenaci\u00f3n de la evaluaci\u00f3n del proceso de aprendizaje del alumnado y se <\/strong><\/span><span style=\"font-size: 8pt;\"><strong>determina el proceso de tr\u00e1nsito entre las diferentes etapas educativas.<\/strong><\/span><\/a><\/p>\n<p style=\"text-align: center;\"><a href=\"https:\/\/www.juntadeandalucia.es\/boja\/2023\/104\/BOJA23-104-00289-9727-01_00284752.pdf\" target=\"_blank\" rel=\"noopener\"><span style=\"font-size: 8pt;\"><strong>PDF (1 de 2)<\/strong><\/span><\/a><\/p>\n<p style=\"text-align: center;\"><a href=\"https:\/\/www.juntadeandalucia.es\/boja\/2023\/104\/BOJA23-104-00246-9727-02_00284752.pdf\" target=\"_blank\" rel=\"noopener\"><span style=\"font-size: 8pt;\"><strong>PDF (2 de 2)<\/strong><\/span><\/a><\/p>\n<p style=\"text-align: center;\"><strong><a href=\"https:\/\/www.boe.es\/buscar\/pdf\/2022\/BOE-A-2022-5521-consolidado.pdf\" target=\"_blank\" rel=\"noopener\">REAL DECRETO BACHILLERATO. Real Decreto<\/a> 243\/2022, <span style=\"font-size: 8pt;\">de 5 de abril, por el que se establecen la ordenaci\u00f3n y las ense\u00f1anzas m\u00ednimas del Bachillerato.<\/span><\/strong><\/p>\n<p style=\"text-align: center;\"><strong><a href=\"https:\/\/www.adideandalucia.es\/normas\/decretos\/Decreto103-2023Bachillerato.pdf\" target=\"_blank\" rel=\"noopener\">DECRETO BACHILLERATO. Decreto 103\/2023<\/a>, \u00a0<span style=\"font-size: 8pt;\">de 9 de mayo, por el que se establece la ordenaci\u00f3n y el curr\u00edculo de la etapa de Bachillerato en la Comunidad Aut\u00f3noma de Andaluc\u00eda (BOJA 15-05-2023).<\/span><\/strong><\/p>\n<p style=\"text-align: center;\"><strong>ORDEN CURR\u00cdCULO BACHILLERATO. <span style=\"font-size: 8pt;\">Orden de 30 de mayo de 2023, por la que se desarrolla el curr\u00edculo correspondiente a la etapa de Bachillerato en la Comunidad Aut\u00f3noma de Andaluc\u00eda, se regulan determinados aspectos de la atenci\u00f3n a la diversidad y a las diferencias individuales y se establece la ordenaci\u00f3n de la evaluaci\u00f3n del proceso de aprendizaje del alumnado.<\/span><\/strong><\/p>\n<p style=\"text-align: center;\"><a href=\"https:\/\/www.juntadeandalucia.es\/boja\/2023\/104\/BOJA23-104-00281-9728-01_00284744.pdf\" target=\"_blank\" rel=\"noopener\"><span style=\"font-size: 8pt;\"><strong>PDF (1 de 2)<\/strong><\/span><\/a><\/p>\n<p style=\"text-align: center;\"><a href=\"https:\/\/www.juntadeandalucia.es\/boja\/2023\/104\/BOJA23-104-00297-9728-02_00284744.pdf\" target=\"_blank\" rel=\"noopener\"><span style=\"font-size: 8pt;\"><strong>PDF (2 de 2)<\/strong><\/span><\/a><\/p>                    <\/div>\n                            <\/div><!-- .accordion-content -->\n        <\/li>\n            <li>\n            <div class=\"accordion-title tf_rel\">\n                <a href=\"#acc-dlw4593-1\" class=\"tb_title_accordion\" aria-controls=\"acc-dlw4593-1-content\" aria-expanded=\"false\">\n                    <i class=\"accordion-icon\"><svg  class=\"tf_fa tf-ti-arrow-circle-up\" aria-hidden=\"true\"><use href=\"#tf-ti-arrow-circle-up\"><\/use><\/svg><\/i>                    <i class=\"accordion-active-icon tf_hide\"><svg  class=\"tf_fa tf-ti-arrow-circle-down\" aria-hidden=\"true\"><use href=\"#tf-ti-arrow-circle-down\"><\/use><\/svg><\/i>                    REA                <\/a>\n            <\/div><!-- .accordion-title -->\n            <div id=\"acc-dlw4593-1-content\" data-id=\"acc-dlw4593-1\" aria-hidden=\"true\" class=\"accordion-content tf_hide tf_clearfix\">\n                                    <div class=\"tb_text_wrap\">\n                        <p style=\"text-align: center;\"><strong><a href=\"https:\/\/formacion.intef.es\/catalogo\/mod\/book\/tool\/print\/index.php?id=54\" target=\"_blank\" rel=\"noopener\">\u00bfQu\u00e9 son los recursos REA?<\/a><\/strong><\/p>                    <\/div>\n                            <\/div><!-- .accordion-content -->\n        <\/li>\n            <li>\n            <div class=\"accordion-title tf_rel\">\n                <a href=\"#acc-dlw4593-2\" class=\"tb_title_accordion\" aria-controls=\"acc-dlw4593-2-content\" aria-expanded=\"false\">\n                    <i class=\"accordion-icon\"><svg  class=\"tf_fa tf-ti-arrow-circle-up\" aria-hidden=\"true\"><use href=\"#tf-ti-arrow-circle-up\"><\/use><\/svg><\/i>                    <i class=\"accordion-active-icon tf_hide\"><svg  class=\"tf_fa tf-ti-arrow-circle-down\" aria-hidden=\"true\"><use href=\"#tf-ti-arrow-circle-down\"><\/use><\/svg><\/i>                    DUA                <\/a>\n            <\/div><!-- .accordion-title -->\n            <div id=\"acc-dlw4593-2-content\" data-id=\"acc-dlw4593-2\" aria-hidden=\"true\" class=\"accordion-content tf_hide tf_clearfix\">\n                                    <div class=\"tb_text_wrap\">\n                        <p style=\"text-align: center;\"><a href=\"https:\/\/www.recursosdua.com\/\" target=\"_blank\" rel=\"noopener\"><strong>\u00bfQu\u00e9 es DUA?\u00a0<\/strong><\/a><\/p>\n<p style=\"text-align: center;\"><a href=\"https:\/\/portal.edu.gva.es\/iescampdeturia\/wp-content\/uploads\/sites\/538\/2020\/12\/RUEDA-DUA-2020.pdf\" target=\"_blank\" rel=\"noopener\"><strong>Rueda DUA<\/strong><\/a><\/p>\n<p style=\"text-align: center;\"><strong><a href=\"https:\/\/www.educadua.es\/doc\/dua\/dua_pautas_cuadro_sintesis.pdf\" target=\"_blank\" rel=\"noopener\">Pautas DUA<\/a><\/strong><\/p>\n<p style=\"text-align: center;\"><a href=\"https:\/\/view.genial.ly\/634826ba18bb1c0011be57b8\/learning-experience-didactic-unit-dua-cris-novoa\" target=\"_blank\" rel=\"noopener\"><strong>Recursos\u00a0 DUA<\/strong><\/a><\/p>                    <\/div>\n                            <\/div><!-- .accordion-content -->\n        <\/li>\n            <li>\n            <div class=\"accordion-title tf_rel\">\n                <a href=\"#acc-dlw4593-3\" class=\"tb_title_accordion\" aria-controls=\"acc-dlw4593-3-content\" aria-expanded=\"false\">\n                    <i class=\"accordion-icon\"><svg  class=\"tf_fa tf-ti-arrow-circle-up\" aria-hidden=\"true\"><use href=\"#tf-ti-arrow-circle-up\"><\/use><\/svg><\/i>                    <i class=\"accordion-active-icon tf_hide\"><svg  class=\"tf_fa tf-ti-arrow-circle-down\" aria-hidden=\"true\"><use href=\"#tf-ti-arrow-circle-down\"><\/use><\/svg><\/i>                    SITUACIONES DE APRENDIZAJE                <\/a>\n            <\/div><!-- .accordion-title -->\n            <div id=\"acc-dlw4593-3-content\" data-id=\"acc-dlw4593-3\" aria-hidden=\"true\" class=\"accordion-content tf_hide tf_clearfix\">\n                                    <div class=\"tb_text_wrap\">\n                        <p style=\"text-align: center;\"><a href=\"https:\/\/www.youtube.com\/watch?v=T39wvI62UwU\" target=\"_blank\" rel=\"noopener\"><strong>Situaciones de Aprendizaje en S\u00e9neca<\/strong><\/a><\/p>\n<p style=\"text-align: center;\"><a href=\"https:\/\/drive.google.com\/file\/d\/1vkAfFsW8w7rNHHLfE6rRqKrQ5fNkYG-9\/view?usp=sharing\" target=\"_blank\" rel=\"noopener\"><strong>Planificaci\u00f3n de la Evaluaci\u00f3n en Las Situaciones de Aprendizaje<\/strong><\/a><\/p>\n<p style=\"text-align: center;\"><a href=\"https:\/\/view.genial.ly\/6357b68432abe00019045bb9\/presentation-material-visual-avfp-diseno-situaciones-de-aprendizaje-en-andalucia\" target=\"_blank\" rel=\"noopener\"><strong>Dise\u00f1o de Situaciones de Aprendizaje en Andaluc\u00eda<\/strong><\/a><\/p>\n<p style=\"text-align: center;\"><a href=\"https:\/\/view.genial.ly\/63487fd127ec5300123708fb\/presentation-modulo-lomloe-programaciones-didacticas\" target=\"_blank\" rel=\"noopener\"><strong>S\u00e9neca: M\u00f3dulo de Competencias LOMLOE<\/strong><\/a><\/p>\n<p style=\"text-align: center;\"><a href=\"https:\/\/iestrayamar.es\/files\/curso2223\/lomloe\/Programaciones_didcticas_y_situaciones_de_aprendizaje_en_el_nuevo.pdf\" target=\"_blank\" rel=\"noopener\"><strong>Programaciones Did\u00e1cticas y Situaciones de Aprendizaje<\/strong><\/a><\/p>\n<p style=\"text-align: center;\"><a href=\"https:\/\/blogsaverroes.juntadeandalucia.es\/ellocodelamochila\/lomloe\/kit-para-el-diseno-de-situaciones-de-aprendizaje\/\" target=\"_blank\" rel=\"noopener\"><strong><span style=\"font-size: 12pt;\">Kit para el Dise\u00f1o de Situaciones de Aprendizaje<\/span><\/strong><\/a><\/p>\n<p style=\"text-align: center;\"><a href=\"https:\/\/blogsaverroes.juntadeandalucia.es\/ellocodelamochila\/lomloe\/ideas-para-el-diseno-de-nuestras-propias-situaciones-de-aprendizaje\/\" target=\"_blank\" rel=\"noopener\"><strong>Ideas para el Dise\u00f1o de Situaciones de Aprendizaje<\/strong><\/a><\/p>\n<p style=\"text-align: center;\"><a href=\"https:\/\/www.juntadeandalucia.es\/educacion\/portals\/web\/transformacion-digital-educativa\/rea\/secundaria\" target=\"_blank\" rel=\"noopener\"><strong>Situaciones de Aprendizaje Secundaria<\/strong><\/a><\/p>\n<p style=\"text-align: center;\"><a href=\"https:\/\/www.juntadeandalucia.es\/educacion\/portals\/web\/transformacion-digital-educativa\/rea\/bachillerato\" target=\"_blank\" rel=\"noopener\"><strong>Situaciones de Aprendizaje Bachillerato<\/strong><\/a><\/p>\n<p style=\"text-align: center;\"><a href=\"https:\/\/rosaliarte.com\/plantilla-situaciones-aprendizaje-slidesgo\/\" target=\"_blank\" rel=\"noopener\"><strong>Situaciones de Aprendizaje &#8211; Plantilla Digital &#8211; Rosa Liarte<\/strong><\/a><\/p>                    <\/div>\n                            <\/div><!-- .accordion-content -->\n        <\/li>\n            <li>\n            <div class=\"accordion-title tf_rel\">\n                <a href=\"#acc-dlw4593-4\" class=\"tb_title_accordion\" aria-controls=\"acc-dlw4593-4-content\" aria-expanded=\"false\">\n                    <i class=\"accordion-icon\"><svg  class=\"tf_fa tf-ti-arrow-circle-up\" aria-hidden=\"true\"><use href=\"#tf-ti-arrow-circle-up\"><\/use><\/svg><\/i>                    <i class=\"accordion-active-icon tf_hide\"><svg  class=\"tf_fa tf-ti-arrow-circle-down\" aria-hidden=\"true\"><use href=\"#tf-ti-arrow-circle-down\"><\/use><\/svg><\/i>                    TDE                <\/a>\n            <\/div><!-- .accordion-title -->\n            <div id=\"acc-dlw4593-4-content\" data-id=\"acc-dlw4593-4\" aria-hidden=\"true\" class=\"accordion-content tf_hide tf_clearfix\">\n                                    <div class=\"tb_text_wrap\">\n                        <p style=\"text-align: center;\"><a href=\"https:\/\/blogsaverroes.juntadeandalucia.es\/prodigiesramonycajal\/\" target=\"_blank\" rel=\"noopener\"><strong>NUESTRA WEB TDE<\/strong><\/a><\/p>                    <\/div>\n                            <\/div><!-- .accordion-content -->\n        <\/li>\n            <li>\n            <div class=\"accordion-title tf_rel\">\n                <a href=\"#acc-dlw4593-5\" class=\"tb_title_accordion\" aria-controls=\"acc-dlw4593-5-content\" aria-expanded=\"false\">\n                    <i class=\"accordion-icon\"><svg  class=\"tf_fa tf-ti-arrow-circle-up\" aria-hidden=\"true\"><use href=\"#tf-ti-arrow-circle-up\"><\/use><\/svg><\/i>                    <i class=\"accordion-active-icon tf_hide\"><svg  class=\"tf_fa tf-ti-arrow-circle-down\" aria-hidden=\"true\"><use href=\"#tf-ti-arrow-circle-down\"><\/use><\/svg><\/i>                    OTROS                <\/a>\n            <\/div><!-- .accordion-title -->\n            <div id=\"acc-dlw4593-5-content\" data-id=\"acc-dlw4593-5\" aria-hidden=\"true\" class=\"accordion-content tf_hide tf_clearfix\">\n                                    <div class=\"tb_text_wrap\">\n                        <p><a href=\"https:\/\/blogsaverroes.juntadeandalucia.es\/orientadelegacionmalaga\/files\/2019\/12\/1-Metodolog%C3%ADas-inclusivas-DEFIN.pdf\" target=\"_blank\" rel=\"noopener\"><strong>Metodolog\u00edas inclusivas<\/strong><\/a><\/p>                    <\/div>\n                            <\/div><!-- .accordion-content -->\n        <\/li>\n        <\/ul>\n\n<\/div><!-- \/module accordion -->        <\/div>\n                    <div  data-lazy=\"1\" class=\"module_column tb-column col3-1 tb_4rpr430 last\">\n                            <\/div>\n                        <\/div>\n        <\/div>\n        <\/div>\n<!--\/themify_builder_content-->","protected":false},"excerpt":{"rendered":"<p>RECURSOS EDUCATIVOS NOVEDADES &#8211; NORMATIVA LOMLOE REAL DECRETO SECUNDARIA OBLIGATORIA. Real Decreto 217\/2022, de 29 de marzo, por el que se establece la ordenaci\u00f3n y las ense\u00f1anzas m\u00ednimas de la Educaci\u00f3n Secundaria Obligatoria. DECRETO SECUNDARIA OBLIGATORIA. Decreto 102\/2023, de 9 de mayo, por el que se establece la ordenaci\u00f3n y el curr\u00edculo de la etapa [&hellip;]<\/p>\n","protected":false},"author":2391,"featured_media":0,"parent":0,"menu_order":0,"comment_status":"closed","ping_status":"closed","template":"","meta":{"ngg_post_thumbnail":0,"footnotes":""},"aioseo_notices":[],"_links":{"self":[{"href":"https:\/\/blogsaverroes.juntadeandalucia.es\/feieramonycajal\/wp-json\/wp\/v2\/pages\/43"}],"collection":[{"href":"https:\/\/blogsaverroes.juntadeandalucia.es\/feieramonycajal\/wp-json\/wp\/v2\/pages"}],"about":[{"href":"https:\/\/blogsaverroes.juntadeandalucia.es\/feieramonycajal\/wp-json\/wp\/v2\/types\/page"}],"author":[{"embeddable":true,"href":"https:\/\/blogsaverroes.juntadeandalucia.es\/feieramonycajal\/wp-json\/wp\/v2\/users\/2391"}],"replies":[{"embeddable":true,"href":"https:\/\/blogsaverroes.juntadeandalucia.es\/feieramonycajal\/wp-json\/wp\/v2\/comments?post=43"}],"version-history":[{"count":48,"href":"https:\/\/blogsaverroes.juntadeandalucia.es\/feieramonycajal\/wp-json\/wp\/v2\/pages\/43\/revisions"}],"predecessor-version":[{"id":802,"href":"https:\/\/blogsaverroes.juntadeandalucia.es\/feieramonycajal\/wp-json\/wp\/v2\/pages\/43\/revisions\/802"}],"wp:attachment":[{"href":"https:\/\/blogsaverroes.juntadeandalucia.es\/feieramonycajal\/wp-json\/wp\/v2\/media?parent=43"}],"curies":[{"name":"wp","href":"https:\/\/api.w.org\/{rel}","templated":true}]}}