{"id":44,"date":"2018-08-06T06:25:24","date_gmt":"2018-08-06T06:25:24","guid":{"rendered":"https:\/\/themify.me\/demo\/themes\/ultra-education\/?page_id=6"},"modified":"2025-09-08T23:12:02","modified_gmt":"2025-09-08T21:12:02","slug":"home","status":"publish","type":"page","link":"https:\/\/blogsaverroes.juntadeandalucia.es\/feieramonycajal\/","title":{"rendered":"Inicio"},"content":{"rendered":"<!--themify_builder_content-->\n<div id=\"themify_builder_content-44\" data-postid=\"44\" class=\"themify_builder_content themify_builder_content-44 themify_builder tf_clear\">\n                    <div  data-css_id=\"3e45014\" data-lazy=\"1\" class=\"module_row themify_builder_row fullwidth tb_3e45014 tb_first tf_w\">\n            <span class=\"builder_row_cover tf_abs\"><\/span>            <div class=\"row_inner col_align_top tb_col_count_1 tf_box tf_rel\">\n                        <div  data-lazy=\"1\" class=\"module_column tb-column col-full tb_243b3fa first\">\n                    <!-- module fancy heading -->\n<div  class=\"module module-fancy-heading tb_73a6913  tb_hide_divider wow\" data-tf-animation=\"flash\" data-lazy=\"1\">\n        <h1 class=\"fancy-heading tf_textc\">\n    <span class=\"main-head tf_block\">\n                                <\/span>\n\n    \n    <span class=\"sub-head tf_block tf_rel\">\n                    Departamento de Formaci\u00f3n, Evaluaci\u00f3n e Innovaci\u00f3n Educativa            <\/span>\n    <\/h1>\n<\/div>\n<!-- \/module fancy heading -->\n        <div  data-lazy=\"1\" class=\"module_subrow themify_builder_sub_row tf_w col_align_bottom tb_col_count_3 tb_d34d1fb\">\n                <div  data-lazy=\"1\" class=\"module_column sub_column col3-1 tb_52e0d7f first\">\n                    <!-- module callout -->\n<div  class=\"module ui module-callout tb_ecb364d button-bottom yellow  rounded\" data-lazy=\"1\">\n    \n    <div class=\"callout-inner\">\n    <div class=\"callout-content tf_left\">\n        <h3 class=\"callout-heading\">Programas Educativos de la Consejer\u00eda<\/h3>\n        <div class=\"tb_text_wrap\">\n                    <\/div>\n    <\/div>\n    <!-- \/callout-content -->\n                    <div class=\"callout-button tf_right tf_textr\">\n            <a href=\"https:\/\/blogsaverroes.juntadeandalucia.es\/feieramonycajal\/programas-para-la-innovacion-educativa\/\" class=\"ui builder_button  transparent\">\n                <span class=\"tb_callout_text\">M\u00e1s<\/span>\n            <\/a>\n        <\/div>\n            <\/div>\n    <!-- \/callout-content -->\n<\/div>\n<!-- \/module callout -->\n        <\/div>\n                    <div  data-lazy=\"1\" class=\"module_column sub_column col3-1 tb_732cb19\">\n                    <!-- module callout -->\n<div  class=\"module ui module-callout tb_4bbf59a button-bottom orange  rounded\" data-lazy=\"1\">\n    \n    <div class=\"callout-inner\">\n    <div class=\"callout-content tf_left\">\n        <h3 class=\"callout-heading\">Centro del Profesorado - CEP Marbella-Co\u00edn Formaci\u00f3n <\/h3>\n        <div class=\"tb_text_wrap\">\n                    <\/div>\n    <\/div>\n    <!-- \/callout-content -->\n                    <div class=\"callout-button tf_right tf_textr\">\n            <a href=\"https:\/\/blogsaverroes.juntadeandalucia.es\/feieramonycajal\/cep-marbella-coin\/\" class=\"ui builder_button  transparent\" rel=\"noopener\" target=\"_blank\">\n                <span class=\"tb_callout_text\">M\u00e1s<\/span>\n            <\/a>\n        <\/div>\n            <\/div>\n    <!-- \/callout-content -->\n<\/div>\n<!-- \/module callout -->\n        <\/div>\n                    <div  data-lazy=\"1\" class=\"module_column sub_column col3-1 tb_eff09ba last\">\n                    <!-- module callout -->\n<div  class=\"module ui module-callout tb_3be0693 button-bottom blue  rounded\" data-lazy=\"1\">\n    \n    <div class=\"callout-inner\">\n    <div class=\"callout-content tf_left\">\n        <h3 class=\"callout-heading\">Otros Cursos de Formaci\u00f3n - Formaciones Externas<\/h3>\n        <div class=\"tb_text_wrap\">\n                    <\/div>\n    <\/div>\n    <!-- \/callout-content -->\n                    <div class=\"callout-button tf_right tf_textr\">\n            <a href=\"https:\/\/blogsaverroes.juntadeandalucia.es\/feieramonycajal\/otra-formacion\/\" class=\"ui builder_button  transparent\" rel=\"noopener\" target=\"_blank\">\n                <span class=\"tb_callout_text\">M\u00e1s<\/span>\n            <\/a>\n        <\/div>\n            <\/div>\n    <!-- \/callout-content -->\n<\/div>\n<!-- \/module callout -->\n        <\/div>\n                    <\/div>\n                <div  data-lazy=\"1\" class=\"module_subrow themify_builder_sub_row tf_w col_align_bottom tb_col_count_3 tb_p0br154\">\n                <div  data-lazy=\"1\" class=\"module_column sub_column col3-1 tb_s2zu156 first\">\n                    <!-- module callout -->\n<div  class=\"module ui module-callout tb_kp1c157 button-bottom pink  rounded\" data-lazy=\"1\">\n    \n    <div class=\"callout-inner\">\n    <div class=\"callout-content tf_left\">\n        <h3 class=\"callout-heading\">Investigaci\u00f3n e Innovaci\u00f3n Educativa<\/h3>\n        <div class=\"tb_text_wrap\">\n                    <\/div>\n    <\/div>\n    <!-- \/callout-content -->\n                    <div class=\"callout-button tf_right tf_textr\">\n            <a href=\"https:\/\/www.juntadeandalucia.es\/educacion\/portals\/web\/ced\/innovacion-educativa\/investigacion\" class=\"ui builder_button  transparent\" rel=\"noopener\" target=\"_blank\">\n                <span class=\"tb_callout_text\">M\u00e1s<\/span>\n            <\/a>\n        <\/div>\n            <\/div>\n    <!-- \/callout-content -->\n<\/div>\n<!-- \/module callout -->\n        <\/div>\n                    <div  data-lazy=\"1\" class=\"module_column sub_column col3-1 tb_5rgt157\">\n                    <!-- module callout -->\n<div  class=\"module ui module-callout tb_e2lu158 button-bottom yellow  rounded\" data-lazy=\"1\">\n    \n    <div class=\"callout-inner\">\n    <div class=\"callout-content tf_left\">\n        <h3 class=\"callout-heading\">Buenas Pr\u00e1cticas en el \u00c1mbito Educativo<\/h3>\n        <div class=\"tb_text_wrap\">\n                    <\/div>\n    <\/div>\n    <!-- \/callout-content -->\n                    <div class=\"callout-button tf_right tf_textr\">\n            <a href=\"https:\/\/www.juntadeandalucia.es\/educacion\/portals\/delegate\/content\/d5d034d9-8d78-4f8d-8123-f1d13d59043f\" class=\"ui builder_button  transparent\" rel=\"noopener\" target=\"_blank\">\n                <span class=\"tb_callout_text\">M\u00e1s<\/span>\n            <\/a>\n        <\/div>\n            <\/div>\n    <!-- \/callout-content -->\n<\/div>\n<!-- \/module callout -->\n        <\/div>\n                    <div  data-lazy=\"1\" class=\"module_column sub_column col3-1 tb_xkdi158 last\">\n                    <!-- module callout -->\n<div  class=\"module ui module-callout tb_xxls158 button-bottom blue  rounded\" data-lazy=\"1\">\n    \n    <div class=\"callout-inner\">\n    <div class=\"callout-content tf_left\">\n        <h3 class=\"callout-heading\">Competencia Digital Docente<\/h3>\n        <div class=\"tb_text_wrap\">\n                    <\/div>\n    <\/div>\n    <!-- \/callout-content -->\n                    <div class=\"callout-button tf_right tf_textr\">\n            <a href=\"https:\/\/www.juntadeandalucia.es\/educacion\/portals\/web\/transformacion-digital-educativa\/competencia-digital\" class=\"ui builder_button  transparent\" rel=\"noopener\" target=\"_blank\">\n                <span class=\"tb_callout_text\">M\u00e1s<\/span>\n            <\/a>\n        <\/div>\n            <\/div>\n    <!-- \/callout-content -->\n<\/div>\n<!-- \/module callout -->\n        <\/div>\n                    <\/div>\n                <\/div>\n                        <\/div>\n        <\/div>\n                        <div  data-lazy=\"1\" class=\"module_row themify_builder_row tb_7ypc715 tf_w\">\n                        <div class=\"row_inner col_align_top tb_col_count_2 tf_box tf_rel\">\n                        <div  data-lazy=\"1\" class=\"module_column tb-column tb_ohm0716 first\">\n                            <\/div>\n                    <div  data-lazy=\"1\" class=\"module_column tb-column tb_lx3t716 last\">\n                            <\/div>\n                        <\/div>\n        <\/div>\n                        <div  data-css_id=\"0e032c7\" data-lazy=\"1\" class=\"module_row themify_builder_row fullwidth tb_0e032c7 tf_w\">\n                        <div class=\"row_inner col_align_top tb_col_count_1 tf_box tf_rel\">\n                        <div  data-lazy=\"1\" class=\"module_column tb-column col-full tb_69668d0 first\">\n                    <!-- module post -->\n<div  class=\"module module-post tb_18a309a \">\n<h3 class=\"module-title\">NOVEDADES<\/h3>    <div  class=\"builder-posts-wrap loops-wrapper grid4 masonry boxed tf_rel tf_clear tf_clearfix\" data-lazy=\"1\">\n    <article id=\"post-2367\" class=\"post tf_clearfix post-2367 type-post status-publish format-standard hentry category-sin-categoria has-post-title has-post-date has-post-category has-post-tag has-post-comment has-post-author \">\n\t    \n\t\t<div class=\"post-content\">\n\t\t<div class=\"post-content-inner\">\n\n\t\t\t\t\t\t\t\t<div class=\"post-date-wrap post-date-inline\">\n\t\t<time class=\"post-date entry-date updated\" datetime=\"2026-04-06\">\n\t\t\t\t\t<span class=\"year\">6 de abril de 2026<\/span>\n\t\t\t\t<\/time>\n\t<\/div><!-- .post-date-wrap -->\n\t\t\t\t\n\t\t\t<h2 class=\"post-title entry-title\"><a href=\"https:\/\/blogsaverroes.juntadeandalucia.es\/feieramonycajal\/2026\/04\/06\/curso-tecnificacion-en-progresion-guiaje-y-seguridad-de-barrancos-acuaticos-y-vias-ferratas\/\">Curso: TECNIFICACI\u00d3N EN PROGRESI\u00d3N, GUIAJE Y SEGURIDAD DE BARRANCOS ACU\u00c1TICOS Y V\u00cdAS FERRATAS<\/a><\/h2>\n\t\t\t\n\t\t\t\n\t\t\t        <div class=\"entry-content\">\n\n        \n            <p>TECNIFICACI\u00d3N EN PROGRESI\u00d3N, GUIAJE Y SEGURIDAD DE BARRANCOS ACU\u00c1TICOS Y V\u00cdAS FERRATAS<\/p>\n\n                \n            \n        <\/div><!-- \/.entry-content -->\n        \n\t\t<\/div>\n\t\t<!-- \/.post-content-inner -->\n\t<\/div>\n\t<!-- \/.post-content -->\n\t\n<\/article>\n<!-- \/.post -->\n<article id=\"post-2364\" class=\"post tf_clearfix post-2364 type-post status-publish format-standard hentry category-sin-categoria has-post-title has-post-date has-post-category has-post-tag has-post-comment has-post-author \">\n\t    \n\t\t<div class=\"post-content\">\n\t\t<div class=\"post-content-inner\">\n\n\t\t\t\t\t\t\t\t<div class=\"post-date-wrap post-date-inline\">\n\t\t<time class=\"post-date entry-date updated\" datetime=\"2026-04-06\">\n\t\t\t\t\t<span class=\"year\">6 de abril de 2026<\/span>\n\t\t\t\t<\/time>\n\t<\/div><!-- .post-date-wrap -->\n\t\t\t\t\n\t\t\t<h2 class=\"post-title entry-title\"><a href=\"https:\/\/blogsaverroes.juntadeandalucia.es\/feieramonycajal\/2026\/04\/06\/curso-a-distancia-programa-aldea-la-aventura-de-nuestro-ecohuerto-2\/\">Curso a Distancia: PROGRAMA ALDEA: LA AVENTURA DE NUESTRO ECOHUERTO<\/a><\/h2>\n\t\t\t\n\t\t\t\n\t\t\t        <div class=\"entry-content\">\n\n        \n            <p>PROGRAMA ALDEA: LA AVENTURA DE NUESTRO ECOHUERTO<\/p>\n\n                \n            \n        <\/div><!-- \/.entry-content -->\n        \n\t\t<\/div>\n\t\t<!-- \/.post-content-inner -->\n\t<\/div>\n\t<!-- \/.post-content -->\n\t\n<\/article>\n<!-- \/.post -->\n<article id=\"post-2361\" class=\"post tf_clearfix post-2361 type-post status-publish format-standard hentry category-sin-categoria has-post-title has-post-date has-post-category has-post-tag has-post-comment has-post-author \">\n\t    \n\t\t<div class=\"post-content\">\n\t\t<div class=\"post-content-inner\">\n\n\t\t\t\t\t\t\t\t<div class=\"post-date-wrap post-date-inline\">\n\t\t<time class=\"post-date entry-date updated\" datetime=\"2026-04-06\">\n\t\t\t\t\t<span class=\"year\">6 de abril de 2026<\/span>\n\t\t\t\t<\/time>\n\t<\/div><!-- .post-date-wrap -->\n\t\t\t\t\n\t\t\t<h2 class=\"post-title entry-title\"><a href=\"https:\/\/blogsaverroes.juntadeandalucia.es\/feieramonycajal\/2026\/04\/06\/curso-a-distancia-programa-aldea-recapacicla-educacion-para-la-circularidad\/\">Curso a Distancia: PROGRAMA ALDEA: RECAPACICLA, EDUCACI\u00d3N PARA LA CIRCULARIDAD<\/a><\/h2>\n\t\t\t\n\t\t\t\n\t\t\t        <div class=\"entry-content\">\n\n        \n            <p>PROGRAMA ALDEA: RECAPACICLA, EDUCACI\u00d3N PARA LA CIRCULARIDAD<\/p>\n\n                \n            \n        <\/div><!-- \/.entry-content -->\n        \n\t\t<\/div>\n\t\t<!-- \/.post-content-inner -->\n\t<\/div>\n\t<!-- \/.post-content -->\n\t\n<\/article>\n<!-- \/.post -->\n<article id=\"post-2358\" class=\"post tf_clearfix post-2358 type-post status-publish format-standard hentry category-sin-categoria has-post-title has-post-date has-post-category has-post-tag has-post-comment has-post-author \">\n\t    \n\t\t<div class=\"post-content\">\n\t\t<div class=\"post-content-inner\">\n\n\t\t\t\t\t\t\t\t<div class=\"post-date-wrap post-date-inline\">\n\t\t<time class=\"post-date entry-date updated\" datetime=\"2026-03-27\">\n\t\t\t\t\t<span class=\"year\">27 de marzo de 2026<\/span>\n\t\t\t\t<\/time>\n\t<\/div><!-- .post-date-wrap -->\n\t\t\t\t\n\t\t\t<h2 class=\"post-title entry-title\"><a href=\"https:\/\/blogsaverroes.juntadeandalucia.es\/feieramonycajal\/2026\/03\/27\/curso-semipresencial-corte-por-plasma-con-cnc\/\">Curso Semipresencial: CORTE POR PLASMA CON CNC<\/a><\/h2>\n\t\t\t\n\t\t\t\n\t\t\t        <div class=\"entry-content\">\n\n        \n            <p>CORTE POR PLASMA CON CNC<\/p>\n\n                \n            \n        <\/div><!-- \/.entry-content -->\n        \n\t\t<\/div>\n\t\t<!-- \/.post-content-inner -->\n\t<\/div>\n\t<!-- \/.post-content -->\n\t\n<\/article>\n<!-- \/.post -->\n    <\/div><!-- .builder-posts-wrap -->\n                                <link rel=\"prefetch\" as=\"document\" href=\"https:\/\/blogsaverroes.juntadeandalucia.es\/feieramonycajal\/wp-json\/wp\/v2\/pages\/44\/page\/2\/\"\/><div class=\"pagenav tf_clear tf_box tf_textr tf_clearfix \"> <span class=\"number current\">1<\/span> <a href=\"https:\/\/blogsaverroes.juntadeandalucia.es\/feieramonycajal\/wp-json\/wp\/v2\/pages\/44\/page\/2\/\" class=\"number\">2<\/a> <a href=\"https:\/\/blogsaverroes.juntadeandalucia.es\/feieramonycajal\/wp-json\/wp\/v2\/pages\/44\/page\/3\/\" class=\"number\">3<\/a> <a href=\"https:\/\/blogsaverroes.juntadeandalucia.es\/feieramonycajal\/wp-json\/wp\/v2\/pages\/44\/page\/4\/\" class=\"number\">4<\/a><a href=\"https:\/\/blogsaverroes.juntadeandalucia.es\/feieramonycajal\/wp-json\/wp\/v2\/pages\/44\/page\/2\/\"  class=\"number nextp\">&rsaquo;<\/a><a href=\"https:\/\/blogsaverroes.juntadeandalucia.es\/feieramonycajal\/wp-json\/wp\/v2\/pages\/44\/page\/136\/\" title=\"&raquo;\" class=\"number lastp\">&raquo;<\/a><\/div>                <\/div>\n<!-- \/module post -->\n            <\/div>\n                        <\/div>\n        <\/div>\n        <\/div>\n<!--\/themify_builder_content-->","protected":false},"excerpt":{"rendered":"<p>Departamento de Formaci\u00f3n, Evaluaci\u00f3n e Innovaci\u00f3n Educativa Programas Educativos de la Consejer\u00eda M\u00e1s Centro del Profesorado &#8211; CEP Marbella-Co\u00edn Formaci\u00f3n M\u00e1s Otros Cursos de Formaci\u00f3n &#8211; Formaciones Externas M\u00e1s Investigaci\u00f3n e Innovaci\u00f3n Educativa M\u00e1s Buenas Pr\u00e1cticas en el \u00c1mbito Educativo M\u00e1s Competencia Digital Docente M\u00e1s<\/p>\n","protected":false},"author":2391,"featured_media":0,"parent":0,"menu_order":0,"comment_status":"closed","ping_status":"closed","template":"","meta":{"ngg_post_thumbnail":0,"footnotes":""},"aioseo_notices":[],"_links":{"self":[{"href":"https:\/\/blogsaverroes.juntadeandalucia.es\/feieramonycajal\/wp-json\/wp\/v2\/pages\/44"}],"collection":[{"href":"https:\/\/blogsaverroes.juntadeandalucia.es\/feieramonycajal\/wp-json\/wp\/v2\/pages"}],"about":[{"href":"https:\/\/blogsaverroes.juntadeandalucia.es\/feieramonycajal\/wp-json\/wp\/v2\/types\/page"}],"author":[{"embeddable":true,"href":"https:\/\/blogsaverroes.juntadeandalucia.es\/feieramonycajal\/wp-json\/wp\/v2\/users\/2391"}],"replies":[{"embeddable":true,"href":"https:\/\/blogsaverroes.juntadeandalucia.es\/feieramonycajal\/wp-json\/wp\/v2\/comments?post=44"}],"version-history":[{"count":57,"href":"https:\/\/blogsaverroes.juntadeandalucia.es\/feieramonycajal\/wp-json\/wp\/v2\/pages\/44\/revisions"}],"predecessor-version":[{"id":1884,"href":"https:\/\/blogsaverroes.juntadeandalucia.es\/feieramonycajal\/wp-json\/wp\/v2\/pages\/44\/revisions\/1884"}],"wp:attachment":[{"href":"https:\/\/blogsaverroes.juntadeandalucia.es\/feieramonycajal\/wp-json\/wp\/v2\/media?parent=44"}],"curies":[{"name":"wp","href":"https:\/\/api.w.org\/{rel}","templated":true}]}}