{"id":264,"date":"2024-10-12T09:16:10","date_gmt":"2024-10-12T07:16:10","guid":{"rendered":"https:\/\/blogsaverroes.juntadeandalucia.es\/fernandofyq\/?page_id=264"},"modified":"2024-10-16T05:15:36","modified_gmt":"2024-10-16T03:15:36","slug":"conecta-2-a-las-100cias","status":"publish","type":"page","link":"https:\/\/blogsaverroes.juntadeandalucia.es\/fernandofyq\/","title":{"rendered":"Conecta 2 a las 100c\u00edas."},"content":{"rendered":"<table style=\"width: 100%;border-collapse: collapse;border-style: solid;border-color: #000000;background-color: #7df092\">\n<tbody>\n<tr>\n<td style=\"width: 24.2567%\"><img loading=\"lazy\" decoding=\"async\" class=\"wp-image-265 alignnone\" src=\"https:\/\/blogsaverroes.juntadeandalucia.es\/fernandofyq\/files\/2024\/10\/conecta-1-300x300.png\" alt=\"\" width=\"328\" height=\"328\" srcset=\"https:\/\/blogsaverroes.juntadeandalucia.es\/fernandofyq\/files\/2024\/10\/conecta-1-300x300.png 300w, https:\/\/blogsaverroes.juntadeandalucia.es\/fernandofyq\/files\/2024\/10\/conecta-1-150x150.png 150w, https:\/\/blogsaverroes.juntadeandalucia.es\/fernandofyq\/files\/2024\/10\/conecta-1-768x768.png 768w, https:\/\/blogsaverroes.juntadeandalucia.es\/fernandofyq\/files\/2024\/10\/conecta-1-80x80.png 80w, https:\/\/blogsaverroes.juntadeandalucia.es\/fernandofyq\/files\/2024\/10\/conecta-1-320x320.png 320w, https:\/\/blogsaverroes.juntadeandalucia.es\/fernandofyq\/files\/2024\/10\/conecta-1.png 1024w\" sizes=\"(max-width: 328px) 100vw, 328px\" \/><\/td>\n<td style=\"width: 75.7433%\"><span style=\"font-family: 'times new roman', times, serif;font-size: 12pt\"><strong><span style=\"background-color: #ffff00\">\u00a1Bienvenid@s a conecta2 a las 100c\u00edas!<\/span><\/strong> Este blog est\u00e1 dise\u00f1ado especialmente para j\u00f3venes curiosos como t\u00fa, que quieren entender mejor c\u00f3mo funciona el mundo a trav\u00e9s de la ciencia. Aqu\u00ed hablaremos de todo: desde el fascinante mundo de los \u00e1tomos hasta nuestro entorno y c\u00f3mo los misterios de la mente humana permiten tener la capacidad de entenderlo \u00abcasi todo\u00bb usando los avances m\u00e1s sorprendentes de la tecnolog\u00eda.<\/span><\/p>\n<p><span style=\"font-family: 'times new roman', times, serif;font-size: 12pt\">La ciencia no es solo algo que ocurre en laboratorios lejanos. \u00a1Est\u00e1 en todas partes!&nbsp; Queremos que descubras que la ciencia es divertida, emocionante y que t\u00fa tambi\u00e9n puedes ser parte de ella.<\/span><\/p>\n<p><span style=\"font-family: 'times new roman', times, serif;font-size: 12pt\">Exploraremos temas interesantes con un lenguaje f\u00e1cil de entender, pero sin dejar de lado los conceptos cient\u00edficos importantes.<span style=\"background-color: #ffff00\"><strong> Queremos que pienses, que te hagas preguntas y que te inspires para ver el mundo con ojos de explorador.<\/strong><\/span><\/span><\/p>\n<p><span style=\"font-family: 'times new roman', times, serif;font-size: 12pt\">As\u00ed que, si te gusta descubrir, experimentar y aprender cosas nuevas, est\u00e1s en el lugar correcto. \u00a1Prep\u00e1rate para una aventura cient\u00edfica incre\u00edble!<\/span><\/td>\n<\/tr>\n<\/tbody>\n<\/table>\n<p style=\"text-align: center\"><span style=\"font-size: 14pt\"><img loading=\"lazy\" decoding=\"async\" class=\"alignnone wp-image-267\" src=\"https:\/\/blogsaverroes.juntadeandalucia.es\/fernandofyq\/files\/2024\/10\/conecta-3-300x300.png\" alt=\"\" width=\"365\" height=\"365\" srcset=\"https:\/\/blogsaverroes.juntadeandalucia.es\/fernandofyq\/files\/2024\/10\/conecta-3-300x300.png 300w, https:\/\/blogsaverroes.juntadeandalucia.es\/fernandofyq\/files\/2024\/10\/conecta-3-150x150.png 150w, https:\/\/blogsaverroes.juntadeandalucia.es\/fernandofyq\/files\/2024\/10\/conecta-3-768x768.png 768w, https:\/\/blogsaverroes.juntadeandalucia.es\/fernandofyq\/files\/2024\/10\/conecta-3-80x80.png 80w, https:\/\/blogsaverroes.juntadeandalucia.es\/fernandofyq\/files\/2024\/10\/conecta-3-320x320.png 320w, https:\/\/blogsaverroes.juntadeandalucia.es\/fernandofyq\/files\/2024\/10\/conecta-3.png 1024w\" sizes=\"(max-width: 365px) 100vw, 365px\" \/><\/span><\/p>\n<p>&nbsp;<\/p>\n<table style=\"width: 100%;border-collapse: collapse;border-style: solid;border-color: #000000;background-color: #a3d9c6\">\n<tbody>\n<tr>\n<td style=\"width: 72.4801%;text-align: left\"><span style=\"font-family: 'times new roman', times, serif;font-size: 12pt\">Quiero ayudarte a comprender los conceptos clave que ver\u00e1s en tus clases de <span style=\"background-color: #ffff00\"><strong>F\u00edsica y Qu\u00edmica<\/strong><\/span>, pero de una manera m\u00e1s cercana y pr\u00e1ctica. Quiero que veas estas ciencias no solo como teor\u00edas complejas, sino como <strong>herramientas que explican el funcionamiento del universo y que est\u00e1n presentes en nuestra vida cotidiana<\/strong>.<\/span><\/p>\n<p><span style=\"font-family: 'times new roman', times, serif;font-size: 12pt\">Hablaremos de temas como las leyes del movimiento de Newton, la termodin\u00e1mica, la estructura at\u00f3mica y las reacciones qu\u00edmicas, pero tambi\u00e9n exploraremos c\u00f3mo estos principios se aplican en la tecnolog\u00eda, la industria, la medicina y hasta en la naturaleza. Todo ello con un enfoque claro y preciso, pero sin perder el rigor cient\u00edfico.<\/span><\/p>\n<p><span style=\"font-size: 12pt\"><span style=\"font-family: 'times new roman', times, serif\">Este espacio es para ti: un lugar donde resolver dudas, ampliar conocimientos y, sobre todo, descubrir la belleza de la F\u00edsica y la Qu\u00edmica. Queremos que comprendas estas ciencias de manera profunda, que veas c\u00f3mo est\u00e1n interconectadas y que, a trav\u00e9s de ellas, desarrolles una mirada cr\u00edtica y anal\u00edtica del mundo.<\/span>;<\/span><\/td>\n<td style=\"width: 27.5199%\"><img loading=\"lazy\" decoding=\"async\" class=\"wp-image-266 aligncenter\" src=\"https:\/\/blogsaverroes.juntadeandalucia.es\/fernandofyq\/files\/2024\/10\/conecta-2-300x300.png\" alt=\"\" width=\"349\" height=\"349\" srcset=\"https:\/\/blogsaverroes.juntadeandalucia.es\/fernandofyq\/files\/2024\/10\/conecta-2-300x300.png 300w, https:\/\/blogsaverroes.juntadeandalucia.es\/fernandofyq\/files\/2024\/10\/conecta-2-150x150.png 150w, https:\/\/blogsaverroes.juntadeandalucia.es\/fernandofyq\/files\/2024\/10\/conecta-2-768x768.png 768w, https:\/\/blogsaverroes.juntadeandalucia.es\/fernandofyq\/files\/2024\/10\/conecta-2-80x80.png 80w, https:\/\/blogsaverroes.juntadeandalucia.es\/fernandofyq\/files\/2024\/10\/conecta-2-320x320.png 320w, https:\/\/blogsaverroes.juntadeandalucia.es\/fernandofyq\/files\/2024\/10\/conecta-2.png 1024w\" sizes=\"(max-width: 349px) 100vw, 349px\" \/><\/td>\n<\/tr>\n<\/tbody>\n<\/table>\n<p style=\"text-align: center\"><strong><span style=\"font-size: 14pt\">Accede al Blog de Instituto haciendo clic en la imagen:<\/span><\/strong><\/p>\n<p><a href=\"https:\/\/blogsaverroes.juntadeandalucia.es\/iesvcmarmolejo\/\" target=\"_blank\" rel=\"noopener\"><img loading=\"lazy\" decoding=\"async\" class=\"size-medium wp-image-347 aligncenter\" src=\"https:\/\/blogsaverroes.juntadeandalucia.es\/fernandofyq\/files\/2024\/10\/LOGO-IES_-300x254.png\" alt=\"\" width=\"300\" height=\"254\"><\/a><\/p>\n","protected":false},"excerpt":{"rendered":"<p>\u00a1Bienvenid@s a conecta2 a las 100c\u00edas! Este blog est\u00e1 dise\u00f1ado especialmente para j\u00f3venes curiosos como t\u00fa, que quieren entender mejor c\u00f3mo funciona el mundo a trav\u00e9s de la ciencia. Aqu\u00ed hablaremos de todo: desde el fascinante mundo de los \u00e1tomos hasta nuestro entorno y c\u00f3mo los misterios de la mente humana permiten tener la capacidad [&hellip;]<\/p>\n","protected":false},"author":8915,"featured_media":0,"parent":0,"menu_order":0,"comment_status":"closed","ping_status":"closed","template":"","meta":{"_et_pb_use_builder":"","_et_pb_old_content":"","_et_gb_content_width":"","ngg_post_thumbnail":0,"footnotes":""},"aioseo_notices":[],"_links":{"self":[{"href":"https:\/\/blogsaverroes.juntadeandalucia.es\/fernandofyq\/wp-json\/wp\/v2\/pages\/264"}],"collection":[{"href":"https:\/\/blogsaverroes.juntadeandalucia.es\/fernandofyq\/wp-json\/wp\/v2\/pages"}],"about":[{"href":"https:\/\/blogsaverroes.juntadeandalucia.es\/fernandofyq\/wp-json\/wp\/v2\/types\/page"}],"author":[{"embeddable":true,"href":"https:\/\/blogsaverroes.juntadeandalucia.es\/fernandofyq\/wp-json\/wp\/v2\/users\/8915"}],"replies":[{"embeddable":true,"href":"https:\/\/blogsaverroes.juntadeandalucia.es\/fernandofyq\/wp-json\/wp\/v2\/comments?post=264"}],"version-history":[{"count":9,"href":"https:\/\/blogsaverroes.juntadeandalucia.es\/fernandofyq\/wp-json\/wp\/v2\/pages\/264\/revisions"}],"predecessor-version":[{"id":349,"href":"https:\/\/blogsaverroes.juntadeandalucia.es\/fernandofyq\/wp-json\/wp\/v2\/pages\/264\/revisions\/349"}],"wp:attachment":[{"href":"https:\/\/blogsaverroes.juntadeandalucia.es\/fernandofyq\/wp-json\/wp\/v2\/media?parent=264"}],"curies":[{"name":"wp","href":"https:\/\/api.w.org\/{rel}","templated":true}]}}