{"id":306,"date":"2024-10-12T12:30:22","date_gmt":"2024-10-12T10:30:22","guid":{"rendered":"https:\/\/blogsaverroes.juntadeandalucia.es\/fernandofyq\/?page_id=306"},"modified":"2024-10-12T12:30:44","modified_gmt":"2024-10-12T10:30:44","slug":"opinamos-y-aportamos","status":"publish","type":"page","link":"https:\/\/blogsaverroes.juntadeandalucia.es\/fernandofyq\/opinamos-y-aportamos\/","title":{"rendered":"Opinamos y Aportamos"},"content":{"rendered":"<p><span style=\"font-family: 'times new roman', times, serif;font-size: 18pt\">Tu opini\u00f3n y valoraci\u00f3n cuentan. Recoger vuestra visi\u00f3n es imprescindible para que este blog se oriente de forma adecuada, siempre dentro del \u00e1mbito de lo que nuestra realidad conecta con la ciencia.<\/span><\/p>\n<p><span style=\"font-family: 'times new roman', times, serif;font-size: 18pt\">Mu agradecido de tu aportaci\u00f3n.<\/span><\/p>\n<p><span style=\"font-family: 'times new roman', times, serif;font-size: 18pt\">Rellena el siguiente cuestionario para realizar todas las aportaciones que creas oportunas.<\/span><\/p>\n<p style=\"text-align: center\"><iframe loading=\"lazy\" src=\"https:\/\/docs.google.com\/forms\/d\/e\/1FAIpQLSfYQOBZ54TYJpWHrYH0J8kEICiytlHTY811aQO4B0FwNBgkRg\/viewform?embedded=true\" width=\"640\" height=\"1280\" frameborder=\"0\" marginwidth=\"0\" marginheight=\"0\">Cargando\u2026<\/iframe><\/p>\n","protected":false},"excerpt":{"rendered":"<p>Tu opini\u00f3n y valoraci\u00f3n cuentan. Recoger vuestra visi\u00f3n es imprescindible para que este blog se oriente de forma adecuada, siempre dentro del \u00e1mbito de lo que nuestra realidad conecta con la ciencia. Mu agradecido de tu aportaci\u00f3n. Rellena el siguiente cuestionario para realizar todas las aportaciones que creas oportunas. Cargando\u2026<\/p>\n","protected":false},"author":8915,"featured_media":0,"parent":0,"menu_order":0,"comment_status":"closed","ping_status":"closed","template":"","meta":{"_et_pb_use_builder":"","_et_pb_old_content":"","_et_gb_content_width":"","ngg_post_thumbnail":0,"footnotes":""},"aioseo_notices":[],"_links":{"self":[{"href":"https:\/\/blogsaverroes.juntadeandalucia.es\/fernandofyq\/wp-json\/wp\/v2\/pages\/306"}],"collection":[{"href":"https:\/\/blogsaverroes.juntadeandalucia.es\/fernandofyq\/wp-json\/wp\/v2\/pages"}],"about":[{"href":"https:\/\/blogsaverroes.juntadeandalucia.es\/fernandofyq\/wp-json\/wp\/v2\/types\/page"}],"author":[{"embeddable":true,"href":"https:\/\/blogsaverroes.juntadeandalucia.es\/fernandofyq\/wp-json\/wp\/v2\/users\/8915"}],"replies":[{"embeddable":true,"href":"https:\/\/blogsaverroes.juntadeandalucia.es\/fernandofyq\/wp-json\/wp\/v2\/comments?post=306"}],"version-history":[{"count":1,"href":"https:\/\/blogsaverroes.juntadeandalucia.es\/fernandofyq\/wp-json\/wp\/v2\/pages\/306\/revisions"}],"predecessor-version":[{"id":307,"href":"https:\/\/blogsaverroes.juntadeandalucia.es\/fernandofyq\/wp-json\/wp\/v2\/pages\/306\/revisions\/307"}],"wp:attachment":[{"href":"https:\/\/blogsaverroes.juntadeandalucia.es\/fernandofyq\/wp-json\/wp\/v2\/media?parent=306"}],"curies":[{"name":"wp","href":"https:\/\/api.w.org\/{rel}","templated":true}]}}