{"id":64,"date":"2020-01-09T11:41:42","date_gmt":"2020-01-09T10:41:42","guid":{"rendered":"http:\/\/blogsaverroes.juntadeandalucia.es\/pre\/nuevoceipv2\/?page_id=64"},"modified":"2023-11-18T10:29:07","modified_gmt":"2023-11-18T09:29:07","slug":"biblioteca","status":"publish","type":"page","link":"https:\/\/blogsaverroes.juntadeandalucia.es\/fernandomiranda\/biblioteca\/","title":{"rendered":"Biblioteca"},"content":{"rendered":"<p>[et_pb_section fb_built=&#8221;1&#8243; disabled_on=&#8221;off|off|off&#8221; _builder_version=&#8221;3.23.3&#8243; custom_padding=&#8221;0px||0px|&#8221; z_index_tablet=&#8221;500&#8243; box_shadow_horizontal_tablet=&#8221;0px&#8221; box_shadow_vertical_tablet=&#8221;0px&#8221; box_shadow_blur_tablet=&#8221;40px&#8221; box_shadow_spread_tablet=&#8221;0px&#8221; global_colors_info=&#8221;{}&#8221;][et_pb_row column_structure=&#8221;3_4,1_4&#8243; _builder_version=&#8221;4.14.5&#8243; background_size=&#8221;initial&#8221; background_position=&#8221;top_left&#8221; background_repeat=&#8221;repeat&#8221; global_colors_info=&#8221;{}&#8221;][et_pb_column type=&#8221;3_4&#8243; _builder_version=&#8221;3.0.47&#8243; custom_padding=&#8221;|||&#8221; global_colors_info=&#8221;{}&#8221; custom_padding__hover=&#8221;|||&#8221;][et_pb_text admin_label=&#8221;Texto descriptivo&#8221; _builder_version=&#8221;4.14.5&#8243; custom_padding=&#8221;||10px|||&#8221; z_index_tablet=&#8221;500&#8243; text_text_shadow_horizontal_length_tablet=&#8221;0px&#8221; text_text_shadow_vertical_length_tablet=&#8221;0px&#8221; text_text_shadow_blur_strength_tablet=&#8221;1px&#8221; link_text_shadow_horizontal_length_tablet=&#8221;0px&#8221; link_text_shadow_vertical_length_tablet=&#8221;0px&#8221; link_text_shadow_blur_strength_tablet=&#8221;1px&#8221; ul_text_shadow_horizontal_length_tablet=&#8221;0px&#8221; ul_text_shadow_vertical_length_tablet=&#8221;0px&#8221; ul_text_shadow_blur_strength_tablet=&#8221;1px&#8221; ol_text_shadow_horizontal_length_tablet=&#8221;0px&#8221; ol_text_shadow_vertical_length_tablet=&#8221;0px&#8221; ol_text_shadow_blur_strength_tablet=&#8221;1px&#8221; quote_text_shadow_horizontal_length_tablet=&#8221;0px&#8221; quote_text_shadow_vertical_length_tablet=&#8221;0px&#8221; quote_text_shadow_blur_strength_tablet=&#8221;1px&#8221; header_text_shadow_horizontal_length_tablet=&#8221;0px&#8221; header_text_shadow_vertical_length_tablet=&#8221;0px&#8221; header_text_shadow_blur_strength_tablet=&#8221;1px&#8221; header_2_text_shadow_horizontal_length_tablet=&#8221;0px&#8221; header_2_text_shadow_vertical_length_tablet=&#8221;0px&#8221; header_2_text_shadow_blur_strength_tablet=&#8221;1px&#8221; header_3_text_shadow_horizontal_length_tablet=&#8221;0px&#8221; header_3_text_shadow_vertical_length_tablet=&#8221;0px&#8221; header_3_text_shadow_blur_strength_tablet=&#8221;1px&#8221; header_4_text_shadow_horizontal_length_tablet=&#8221;0px&#8221; header_4_text_shadow_vertical_length_tablet=&#8221;0px&#8221; header_4_text_shadow_blur_strength_tablet=&#8221;1px&#8221; header_5_text_shadow_horizontal_length_tablet=&#8221;0px&#8221; header_5_text_shadow_vertical_length_tablet=&#8221;0px&#8221; header_5_text_shadow_blur_strength_tablet=&#8221;1px&#8221; header_6_text_shadow_horizontal_length_tablet=&#8221;0px&#8221; header_6_text_shadow_vertical_length_tablet=&#8221;0px&#8221; header_6_text_shadow_blur_strength_tablet=&#8221;1px&#8221; box_shadow_horizontal_tablet=&#8221;0px&#8221; box_shadow_vertical_tablet=&#8221;0px&#8221; box_shadow_blur_tablet=&#8221;40px&#8221; box_shadow_spread_tablet=&#8221;0px&#8221; inline_fonts=&#8221;ABeeZee&#8221; global_colors_info=&#8221;{}&#8221;]<\/p>\n<h1 style=\"text-align: center\"><strong><span style=\"font-family: ABeeZee\"><span style=\"color: #0e7a00;font-size: xx-large\">BIBLIOTECA<\/span><\/span><\/strong><\/h1>\n<p><strong><span style=\"font-family: ABeeZee\"><span style=\"color: #0e7a00;font-size: xx-large\"><\/span><\/span><\/strong><\/p>\n<p><span style=\"font-family: ABeeZee\"><strong><span style=\"color: #0e7a00;font-size: xx-large\"><\/span><\/strong><\/span><\/p>\n<p>[\/et_pb_text][et_pb_image src=&#8221;https:\/\/blogsaverroes.juntadeandalucia.es\/fernandomiranda\/files\/2023\/10\/IMG_20231009_211455-scaled.jpg&#8221; title_text=&#8221;IMG_20231009_211455&#8243; admin_label=&#8221;Imagen de la portada&#8221; _builder_version=&#8221;4.14.5&#8243; background_image=&#8221;https:\/\/blogsaverroes.juntadeandalucia.es\/fernandomiranda\/files\/2023\/10\/IMG_20231009_211455-scaled.jpg&#8221; background_size=&#8221;initial&#8221; background_blend=&#8221;soft-light&#8221; vertical_offset_tablet=&#8221;0&#8243; horizontal_offset_tablet=&#8221;0&#8243; width=&#8221;100%&#8221; z_index_tablet=&#8221;500&#8243; box_shadow_style=&#8221;preset1&#8243; box_shadow_horizontal_tablet=&#8221;0px&#8221; box_shadow_vertical_tablet=&#8221;0px&#8221; box_shadow_blur_tablet=&#8221;40px&#8221; box_shadow_spread_tablet=&#8221;0px&#8221; global_colors_info=&#8221;{}&#8221;][\/et_pb_image][\/et_pb_column][et_pb_column type=&#8221;1_4&#8243; _builder_version=&#8221;3.0.47&#8243; custom_padding=&#8221;|||&#8221; global_colors_info=&#8221;{}&#8221; custom_padding__hover=&#8221;|||&#8221;][et_pb_blurb image=&#8221;https:\/\/blogsaverroes.juntadeandalucia.es\/fernandomiranda\/files\/2023\/10\/IMG-20231004-WA0059-1-1.jpg&#8221; _builder_version=&#8221;4.14.5&#8243; _module_preset=&#8221;default&#8221; custom_margin=&#8221;147px||2px||false|false&#8221; global_colors_info=&#8221;{}&#8221;]<\/p>\n<p style=\"text-align: center\"><span style=\"font-family: ABeeZee\">La mascota seleccionada por nuestro alumnado y que nos acompa\u00f1a durante cada curso.<\/span><\/p>\n<p>[\/et_pb_blurb][\/et_pb_column][\/et_pb_row][et_pb_row _builder_version=&#8221;4.14.5&#8243; _module_preset=&#8221;default&#8221; global_colors_info=&#8221;{}&#8221; column_structure=&#8221;1_2,1_2&#8243;][et_pb_column type=&#8221;1_2&#8243; _builder_version=&#8221;4.14.5&#8243; _module_preset=&#8221;default&#8221; global_colors_info=&#8221;{}&#8221;][et_pb_accordion _builder_version=&#8221;4.14.5&#8243; _module_preset=&#8221;default&#8221; width=&#8221;99.4%&#8221; global_colors_info=&#8221;{}&#8221;][et_pb_accordion_item title=&#8221;PLAN DE LECTURA Y BIBLIOTECA&#8221; _builder_version=&#8221;4.14.5&#8243; _module_preset=&#8221;default&#8221; background_color=&#8221;rgba(54,99,24,0.58)&#8221; background_enable_color=&#8221;on&#8221; global_colors_info=&#8221;{}&#8221; open=&#8221;off&#8221;]<\/p>\n<p><span style=\"font-family: ABeeZee\">El Plan\u00a0 trata de impulsar una serie de medidas que faciliten al alumnado el fomento del h\u00e1bito lector y desarrollo de habilidades intelectuales a trav\u00e9s de su pr\u00e1ctica. Por ello, la BIBLIOTECA constituye un recurso de apoyo al aprendizaje fundamental, ya que la lectura es, sin lugar a dudas, una herramienta b\u00e1sica para el aprendizaje y la formaci\u00f3n integral de las personas, as\u00ed como v\u00eda de acceso al conocimiento y la lectura<\/span><\/p>\n<p>[\/et_pb_accordion_item][et_pb_accordion_item title=&#8221;FINALIDAD&#8221; open=&#8221;on&#8221; _builder_version=&#8221;4.14.5&#8243; _module_preset=&#8221;default&#8221; background_color=&#8221;rgba(224,153,0,0.49)&#8221; background_enable_color=&#8221;on&#8221; inline_fonts=&#8221;ABeeZee&#8221; global_colors_info=&#8221;{}&#8221;]<\/p>\n<p><span style=\"font-family: ABeeZee\">Los objetivos b\u00e1sicos de este plan:<\/span><\/p>\n<ul>\n<li><span style=\"font-family: ABeeZee\">Garantizar experiencias de lectura y escritura en el centro.<\/span><\/li>\n<li><span style=\"font-family: ABeeZee\">Promover la lectura y la creaci\u00f3n de textos como actos de felicidad, nunca como obligaci\u00f3n o castigo.<\/span><\/li>\n<li><span style=\"font-family: ABeeZee\">Incentivar la costumbre de leer en las aulas y ampliarlo al tiempo de ocio.<\/span><\/li>\n<li><span style=\"font-family: ABeeZee\">Propiciar momentos lectores, a trav\u00e9s de diversas actividades, como la creaci\u00f3n del BIBLIOPATIO.<\/span><\/li>\n<li><span style=\"font-family: ABeeZee\">Organizar la biblioteca como n\u00facleo de cultura para toda la Comunidad escolar.<\/span><\/li>\n<li><span style=\"font-family: ABeeZee\">Establecer un intercambio cultura<\/span>.<\/li>\n<\/ul>\n<p>[\/et_pb_accordion_item][\/et_pb_accordion][et_pb_gallery gallery_ids=&#8221;1099,1063,1065,1066,1064&#8243; fullwidth=&#8221;on&#8221; _builder_version=&#8221;4.14.5&#8243; _module_preset=&#8221;default&#8221; title_font=&#8221;ABeeZee||||||||&#8221; title_font_size=&#8221;21px&#8221; background_color=&#8221;rgba(224,153,0,0.29)&#8221; text_orientation=&#8221;center&#8221; width=&#8221;100%&#8221; animation_style=&#8221;fade&#8221; border_width_all=&#8221;6px&#8221; border_color_all=&#8221;#FFFFFF&#8221; box_shadow_style=&#8221;preset1&#8243; text_shadow_style=&#8221;preset1&#8243; global_colors_info=&#8221;{}&#8221;][\/et_pb_gallery][\/et_pb_column][et_pb_column _builder_version=&#8221;4.14.5&#8243; _module_preset=&#8221;default&#8221; type=&#8221;1_2&#8243;][et_pb_image src=&#8221;https:\/\/blogsaverroes.juntadeandalucia.es\/fernandomiranda\/files\/2023\/11\/biblioteca.jpg&#8221; _builder_version=&#8221;4.14.5&#8243; _module_preset=&#8221;default&#8221; title_text=&#8221;biblioteca&#8221; hover_enabled=&#8221;0&#8243; sticky_enabled=&#8221;0&#8243;][\/et_pb_image][\/et_pb_column][\/et_pb_row][\/et_pb_section][et_pb_section fb_built=&#8221;1&#8243; _builder_version=&#8221;4.14.5&#8243; _module_preset=&#8221;default&#8221; hover_enabled=&#8221;0&#8243; global_colors_info=&#8221;{}&#8221; title_text=&#8221;Bibliotecas-escolares&#8221; background_image=&#8221;https:\/\/blogsaverroes.juntadeandalucia.es\/fernandomiranda\/files\/2023\/10\/Bibliotecas-escolares.png&#8221; parallax=&#8221;on&#8221; sticky_enabled=&#8221;0&#8243;][\/et_pb_section]<\/p>\n","protected":false},"excerpt":{"rendered":"<p>BIBLIOTECA La mascota seleccionada por nuestro alumnado y que nos acompa\u00f1a durante cada curso.El Plan\u00a0 trata de impulsar una serie de medidas que faciliten al alumnado el fomento del h\u00e1bito lector y desarrollo de habilidades intelectuales a trav\u00e9s de su pr\u00e1ctica. Por ello, la BIBLIOTECA constituye un recurso de apoyo al aprendizaje fundamental, ya que [&hellip;]<\/p>\n","protected":false},"author":7526,"featured_media":1031,"parent":0,"menu_order":0,"comment_status":"closed","ping_status":"closed","template":"","meta":{"_et_pb_use_builder":"on","_et_pb_old_content":"","_et_gb_content_width":"","ngg_post_thumbnail":0,"footnotes":""},"aioseo_notices":[],"post_mailing_queue_ids":[],"_links":{"self":[{"href":"https:\/\/blogsaverroes.juntadeandalucia.es\/fernandomiranda\/wp-json\/wp\/v2\/pages\/64"}],"collection":[{"href":"https:\/\/blogsaverroes.juntadeandalucia.es\/fernandomiranda\/wp-json\/wp\/v2\/pages"}],"about":[{"href":"https:\/\/blogsaverroes.juntadeandalucia.es\/fernandomiranda\/wp-json\/wp\/v2\/types\/page"}],"author":[{"embeddable":true,"href":"https:\/\/blogsaverroes.juntadeandalucia.es\/fernandomiranda\/wp-json\/wp\/v2\/users\/7526"}],"replies":[{"embeddable":true,"href":"https:\/\/blogsaverroes.juntadeandalucia.es\/fernandomiranda\/wp-json\/wp\/v2\/comments?post=64"}],"version-history":[{"count":9,"href":"https:\/\/blogsaverroes.juntadeandalucia.es\/fernandomiranda\/wp-json\/wp\/v2\/pages\/64\/revisions"}],"predecessor-version":[{"id":1170,"href":"https:\/\/blogsaverroes.juntadeandalucia.es\/fernandomiranda\/wp-json\/wp\/v2\/pages\/64\/revisions\/1170"}],"wp:featuredmedia":[{"embeddable":true,"href":"https:\/\/blogsaverroes.juntadeandalucia.es\/fernandomiranda\/wp-json\/wp\/v2\/media\/1031"}],"wp:attachment":[{"href":"https:\/\/blogsaverroes.juntadeandalucia.es\/fernandomiranda\/wp-json\/wp\/v2\/media?parent=64"}],"curies":[{"name":"wp","href":"https:\/\/api.w.org\/{rel}","templated":true}]}}