{"id":836,"date":"2020-12-18T08:37:22","date_gmt":"2020-12-18T07:37:22","guid":{"rendered":"https:\/\/blogsaverroes.juntadeandalucia.es\/pre\/plantilla-pencil\/?page_id=836"},"modified":"2025-01-14T11:41:18","modified_gmt":"2025-01-14T10:41:18","slug":"actividades-extraescolares","status":"publish","type":"page","link":"https:\/\/blogsaverroes.juntadeandalucia.es\/fernandomiranda\/actividades-extraescolares\/","title":{"rendered":"Actividades extraescolares"},"content":{"rendered":"<p>[et_pb_section fb_built=&#8221;1&#8243; _builder_version=&#8221;4.16&#8243; custom_padding=&#8221;0px||0px|&#8221; z_index_tablet=&#8221;500&#8243; box_shadow_horizontal_tablet=&#8221;0px&#8221; box_shadow_vertical_tablet=&#8221;0px&#8221; box_shadow_blur_tablet=&#8221;40px&#8221; box_shadow_spread_tablet=&#8221;0px&#8221; global_colors_info=&#8221;{}&#8221;][et_pb_row _builder_version=&#8221;4.16&#8243; background_size=&#8221;initial&#8221; background_position=&#8221;top_left&#8221; background_repeat=&#8221;repeat&#8221; animation_style=&#8221;slide&#8221; global_colors_info=&#8221;{}&#8221;][et_pb_column type=&#8221;4_4&#8243; _builder_version=&#8221;4.16&#8243; custom_padding=&#8221;|||&#8221; global_colors_info=&#8221;{}&#8221; custom_padding__hover=&#8221;|||&#8221;][et_pb_image src=&#8221;https:\/\/blogsaverroes.juntadeandalucia.es\/fernandomiranda\/files\/2023\/10\/20231012_231744_0000.png&#8221; title_text=&#8221;20231012_231744_0000&#8243; admin_label=&#8221;Imagen de la portada&#8221; _builder_version=&#8221;4.16&#8243; z_index_tablet=&#8221;500&#8243; box_shadow_horizontal_tablet=&#8221;0px&#8221; box_shadow_vertical_tablet=&#8221;0px&#8221; box_shadow_blur_tablet=&#8221;40px&#8221; box_shadow_spread_tablet=&#8221;0px&#8221; global_colors_info=&#8221;{}&#8221;][\/et_pb_image][et_pb_text admin_label=&#8221;Texto descriptivo&#8221; _builder_version=&#8221;4.16&#8243; custom_margin=&#8221;||-122px||false|false&#8221; custom_padding=&#8221;7px||76px|||&#8221; animation_style=&#8221;fade&#8221; z_index_tablet=&#8221;500&#8243; text_text_shadow_horizontal_length_tablet=&#8221;0px&#8221; text_text_shadow_vertical_length_tablet=&#8221;0px&#8221; text_text_shadow_blur_strength_tablet=&#8221;1px&#8221; link_text_shadow_horizontal_length_tablet=&#8221;0px&#8221; link_text_shadow_vertical_length_tablet=&#8221;0px&#8221; link_text_shadow_blur_strength_tablet=&#8221;1px&#8221; ul_text_shadow_horizontal_length_tablet=&#8221;0px&#8221; ul_text_shadow_vertical_length_tablet=&#8221;0px&#8221; ul_text_shadow_blur_strength_tablet=&#8221;1px&#8221; ol_text_shadow_horizontal_length_tablet=&#8221;0px&#8221; ol_text_shadow_vertical_length_tablet=&#8221;0px&#8221; ol_text_shadow_blur_strength_tablet=&#8221;1px&#8221; quote_text_shadow_horizontal_length_tablet=&#8221;0px&#8221; quote_text_shadow_vertical_length_tablet=&#8221;0px&#8221; quote_text_shadow_blur_strength_tablet=&#8221;1px&#8221; header_text_shadow_horizontal_length_tablet=&#8221;0px&#8221; header_text_shadow_vertical_length_tablet=&#8221;0px&#8221; header_text_shadow_blur_strength_tablet=&#8221;1px&#8221; header_2_text_shadow_horizontal_length_tablet=&#8221;0px&#8221; header_2_text_shadow_vertical_length_tablet=&#8221;0px&#8221; header_2_text_shadow_blur_strength_tablet=&#8221;1px&#8221; header_3_text_shadow_horizontal_length_tablet=&#8221;0px&#8221; header_3_text_shadow_vertical_length_tablet=&#8221;0px&#8221; header_3_text_shadow_blur_strength_tablet=&#8221;1px&#8221; header_4_text_shadow_horizontal_length_tablet=&#8221;0px&#8221; header_4_text_shadow_vertical_length_tablet=&#8221;0px&#8221; header_4_text_shadow_blur_strength_tablet=&#8221;1px&#8221; header_5_text_shadow_horizontal_length_tablet=&#8221;0px&#8221; header_5_text_shadow_vertical_length_tablet=&#8221;0px&#8221; header_5_text_shadow_blur_strength_tablet=&#8221;1px&#8221; header_6_text_shadow_horizontal_length_tablet=&#8221;0px&#8221; header_6_text_shadow_vertical_length_tablet=&#8221;0px&#8221; header_6_text_shadow_blur_strength_tablet=&#8221;1px&#8221; box_shadow_horizontal_tablet=&#8221;0px&#8221; box_shadow_vertical_tablet=&#8221;0px&#8221; box_shadow_blur_tablet=&#8221;40px&#8221; box_shadow_spread_tablet=&#8221;0px&#8221; global_colors_info=&#8221;{}&#8221;]<\/p>\n<h2 style=\"text-align: center\"><span style=\"color: #0d4900\">ACTIVIDADES EXTRAESCOLARES<\/span><\/h2>\n<p>&nbsp;<\/p>\n<p>[\/et_pb_text][\/et_pb_column][\/et_pb_row][et_pb_row column_structure=&#8221;1_2,1_2&#8243; _builder_version=&#8221;4.16&#8243; _module_preset=&#8221;default&#8221; box_shadow_style=&#8221;preset1&#8243; global_colors_info=&#8221;{}&#8221;][et_pb_column type=&#8221;1_2&#8243; _builder_version=&#8221;4.16&#8243; _module_preset=&#8221;default&#8221; global_colors_info=&#8221;{}&#8221;][et_pb_accordion _builder_version=&#8221;4.24.2&#8243; _module_preset=&#8221;default&#8221; background_color=&#8221;RGBA(255,255,255,0)&#8221; global_colors_info=&#8221;{}&#8221;][et_pb_accordion_item title=&#8221;EDUCACI\u00d3N INFANTIL&#8221; open=&#8221;on&#8221; _builder_version=&#8221;4.16&#8243; _module_preset=&#8221;default&#8221; background_color=&#8221;rgba(156,178,193,0.75)&#8221; background_enable_color=&#8221;on&#8221; global_colors_info=&#8221;{}&#8221;][\/et_pb_accordion_item][et_pb_accordion_item title=&#8221;TARDES DIVERTIDAS&#8221; _builder_version=&#8221;4.24.2&#8243; _module_preset=&#8221;default&#8221; background_color=&#8221;#88C4DD&#8221; background_enable_color=&#8221;on&#8221; background_color_gradient_start=&#8221;#26ffe2&#8243; global_colors_info=&#8221;{}&#8221; open=&#8221;off&#8221;]<\/p>\n<h3><span style=\"color: #0000ff\"><\/span><span style=\"color: #ff9900\">Martes y jueves de 16:00 a 17:00h en el edificio de la c\/ Dolores Ib\u00e1rruri<\/span><\/h3>\n<p><span style=\"font-family: ABeeZee\">Actividad l\u00fadica de aprendizaje significativo para la adquisici\u00f3n de habilidades ling\u00fc\u00edsticas propias de la etapa.\u00a0<\/span><\/p>\n<p>&nbsp;<\/p>\n<p>[\/et_pb_accordion_item][et_pb_accordion_item title=&#8221;INGL\u00c9S&#8221; _builder_version=&#8221;4.24.2&#8243; _module_preset=&#8221;default&#8221; background_color=&#8221;#88C4DD&#8221; background_enable_color=&#8221;on&#8221; background_color_gradient_start=&#8221;#18f4a4&#8243; background_color_gradient_end=&#8221;#2ebfe8&#8243; global_colors_info=&#8221;{}&#8221; open=&#8221;off&#8221;]<\/p>\n<h3><span style=\"color: #ff9900\">Lunes y mi\u00e9rcoles de 16:00 a 17:00h en el edificio de la c\/ Dolores Ib\u00e1rruri<\/span><\/h3>\n<p><span style=\"font-family: ABeeZee\">Aprende ingl\u00e9s como segunda lengua a trav\u00e9s de un m\u00e9todo activo, l\u00fadico y comunicativo, es decir, a trav\u00e9s del juego guiado en el aula.<\/span><\/p>\n<p>[\/et_pb_accordion_item][et_pb_accordion_item title=&#8221;M\u00daSICA Y MOVIMIENTO&#8221; _builder_version=&#8221;4.24.2&#8243; _module_preset=&#8221;default&#8221; background_color=&#8221;#88C4DD&#8221; background_enable_color=&#8221;on&#8221; global_colors_info=&#8221;{}&#8221; open=&#8221;off&#8221;]<\/p>\n<h3><span style=\"color: #0000ff\"><span style=\"color: #ff9900\">Martes y jueves de 17:00- 18:oo h en el edificio de la c\/ Dolores Ib\u00e1rruri<\/span><\/span><\/h3>\n<p><span style=\"font-family: ABeeZee;font-weight: normal\">Es un taller donde se proponen infinidad de actividad l\u00fadico-recreativas que inciden positivamente en la relaci\u00f3n con el entorno y el desarrollo y conocimiento del cuerpo.<\/span><\/p>\n<p>[\/et_pb_accordion_item][\/et_pb_accordion][\/et_pb_column][et_pb_column type=&#8221;1_2&#8243; _builder_version=&#8221;4.16&#8243; _module_preset=&#8221;default&#8221; global_colors_info=&#8221;{}&#8221;][et_pb_accordion _builder_version=&#8221;4.24.2&#8243; _module_preset=&#8221;default&#8221; global_colors_info=&#8221;{}&#8221;][et_pb_accordion_item title=&#8221;EDUCACI\u00d3N PRIMARIA&#8221; open=&#8221;on&#8221; _builder_version=&#8221;4.16&#8243; _module_preset=&#8221;default&#8221; background_color=&#8221;#fff899&#8243; background_enable_color=&#8221;on&#8221; global_colors_info=&#8221;{}&#8221;][\/et_pb_accordion_item][et_pb_accordion_item title=&#8221;INGL\u00c9S&#8221; _builder_version=&#8221;4.24.2&#8243; _module_preset=&#8221;default&#8221; background_color=&#8221;#F0FFAD&#8221; background_enable_color=&#8221;on&#8221; background_color_gradient_start=&#8221;#e09900&#8243; background_color_gradient_end=&#8221;#a9b225&#8243; global_colors_info=&#8221;{}&#8221; open=&#8221;off&#8221;]<\/p>\n<h3><span style=\"color: #ff9900\">\u00a0Lunes\u00a0 y mi\u00e9rcoles de 17:00 a 18:00 h en el edificio de la c\/ Dolores Ib\u00e1rruri<\/span><\/h3>\n<p>&nbsp;<\/p>\n<p>[\/et_pb_accordion_item][et_pb_accordion_item title=&#8221;CIENCIA DIVERTIDA&#8221; _builder_version=&#8221;4.24.2&#8243; _module_preset=&#8221;default&#8221; background_color=&#8221;#F0FFAD&#8221; background_enable_color=&#8221;on&#8221; background_color_gradient_start=&#8221;#bcbc00&#8243; background_color_gradient_end=&#8221;#759b1d&#8221; global_colors_info=&#8221;{}&#8221; open=&#8221;off&#8221;]<\/p>\n<h3><span style=\"color: #ff9900\">Lunes y mi\u00e9rcoles de 16:00 a 17:00 h en el edificio de la c\/ Dolores Ib\u00e1rruri.<\/span><\/h3>\n<p><span style=\"font-family: ABeeZee;font-weight: normal\">Divertidas actividades cient\u00edficas con la realizaci\u00f3n de experimentos por el propio alumnado en el aula.<\/span><\/p>\n<p>[\/et_pb_accordion_item][et_pb_accordion_item title=&#8221;COMPETENCIA DIGITAL&#8221; _builder_version=&#8221;4.24.2&#8243; _module_preset=&#8221;default&#8221; background_color=&#8221;#F0FFAD&#8221; background_enable_color=&#8221;on&#8221; background_color_gradient_start=&#8221;#eae02a&#8221; background_color_gradient_end=&#8221;#c2ea31&#8243; global_colors_info=&#8221;{}&#8221; open=&#8221;off&#8221;]<\/p>\n<h3><span style=\"color: #ff9900\">Lunes de\u00a0 16:00 a 18:00 h en el edificio de la c\/ Dolores Ib\u00e1rruri.<\/span><\/h3>\n<p><span style=\"font-family: ABeeZee;font-weight: normal\">Actividad que re\u00fane un conjunto de t\u00e9cnicas y din\u00e1micas para que los ni\u00f1os y ni\u00f1as, puedan desarrollar sus competencias digitales.<\/span><\/p>\n<p>[\/et_pb_accordion_item][\/et_pb_accordion][\/et_pb_column][\/et_pb_row][et_pb_row column_structure=&#8221;1_3,1_3,1_3&#8243; _builder_version=&#8221;4.16&#8243; _module_preset=&#8221;default&#8221; background_image=&#8221;https:\/\/blogsaverroes.juntadeandalucia.es\/fernandomiranda\/files\/2020\/01\/life-coach-27.jpg&#8221; parallax=&#8221;on&#8221; parallax_method=&#8221;off&#8221; min_height=&#8221;255px&#8221; custom_margin=&#8221;71px||-13px||false|false&#8221; custom_padding=&#8221;||33px||false|false&#8221; box_shadow_style=&#8221;preset1&#8243; global_colors_info=&#8221;{}&#8221;][et_pb_column type=&#8221;1_3&#8243; _builder_version=&#8221;4.16&#8243; _module_preset=&#8221;default&#8221; global_colors_info=&#8221;{}&#8221;][et_pb_accordion _builder_version=&#8221;4.24.2&#8243; _module_preset=&#8221;default&#8221; global_colors_info=&#8221;{}&#8221;][et_pb_accordion_item title=&#8221;PROGRAMA DE ACOMPA\u00d1AMIENTO ESCOLAR &#8221; open=&#8221;on&#8221; _builder_version=&#8221;4.24.2&#8243; _module_preset=&#8221;default&#8221; background_color=&#8221;#FC9569&#8243; background_enable_color=&#8221;on&#8221; link_option_url=&#8221;https:\/\/www.juntadeandalucia.es\/educacion\/portals\/web\/ced\/planesyprogramas\/planes-educativos\/proa-2023-2024&#8243; global_colors_info=&#8221;{}&#8221;]<\/p>\n<p><a href=\"https:\/\/www.juntadeandalucia.es\/educacion\/portals\/delegate\/content\/b6e2f995-b079-4fdc-ac86-2c1e65f21f72\/Instrucciones%20convocatoria%20PROA%2024_25(F)\">PINCHA AQU\u00cd PARA SABER M\u00c1S DEL PROGRAMA<\/a><\/p>\n<p>[\/et_pb_accordion_item][et_pb_accordion_item title=&#8221;PROA&#8221; _builder_version=&#8221;4.16&#8243; _module_preset=&#8221;default&#8221; background_color=&#8221;#FFE8CC&#8221; background_enable_color=&#8221;on&#8221; inline_fonts=&#8221;ABeeZee&#8221; global_colors_info=&#8221;{}&#8221; open=&#8221;off&#8221;]<\/p>\n<p style=\"text-align: justify\"><span style=\"font-family: ABeeZee\">El Acompa\u00f1amiento Escolar es una actuaci\u00f3n dirigida a mejorar la adquisici\u00f3n de las competencias clave, especialmente en comunicaci\u00f3n ling\u00fc\u00edstica y razonamiento matem\u00e1tico, del alumnado con necesidades espec\u00edficas de apoyo educativo que precisa acciones de car\u00e1cter compensatorio. Por tanto, se concibe como una medida motivadora, a la vez que favorecedora del \u00e9xito escolar, as\u00ed como una importante v\u00eda para la prevenci\u00f3n del absentismo y abandono escolar temprano.<\/span><\/p>\n<p>[\/et_pb_accordion_item][\/et_pb_accordion][\/et_pb_column][et_pb_column type=&#8221;1_3&#8243; _builder_version=&#8221;4.16&#8243; _module_preset=&#8221;default&#8221; global_colors_info=&#8221;{}&#8221;][et_pb_accordion _builder_version=&#8221;4.24.2&#8243; _module_preset=&#8221;default&#8221; global_colors_info=&#8221;{}&#8221;][et_pb_accordion_item title=&#8221;PROGRAMA DE REFUERZO DE LA LENGUAJE EXTRANJERA&#8221; open=&#8221;on&#8221; _builder_version=&#8221;4.24.2&#8243; _module_preset=&#8221;default&#8221; background_color=&#8221;#E09900&#8243; background_enable_color=&#8221;on&#8221; link_option_url=&#8221;https:\/\/www.juntadeandalucia.es\/organismos\/transparencia\/planificacion-evaluacion-estadistica\/planes\/detalle\/2670.html&#8221; global_colors_info=&#8221;{}&#8221;]<\/p>\n<p><a href=\"https:\/\/www.juntadeandalucia.es\/educacion\/portals\/delegate\/content\/60b66fe1-985d-4538-87a2-b5fd38841dba\/Instrucciones%20convocatoria%20PREX%2024_25(F)\">PINCHA PARA SABER M\u00c1S SOBRE EL PROGRAMA<\/a><\/p>\n<p>[\/et_pb_accordion_item][et_pb_accordion_item title=&#8221;PREX&#8221; _builder_version=&#8221;4.16&#8243; _module_preset=&#8221;default&#8221; background_color=&#8221;#F0B800&#8243; background_enable_color=&#8221;on&#8221; inline_fonts=&#8221;ABeeZee&#8221; global_colors_info=&#8221;{}&#8221; open=&#8221;off&#8221;]<\/p>\n<p style=\"text-align: justify\"><span style=\"font-family: ABeeZee\">El Programa de Refuerzo de la Lengua Extranjera (PREX) se concibe como el conjunto de actuaciones dirigidas a reforzar el aprendizaje de la primera lengua extranjera, incidiendo en la comprensi\u00f3n auditiva y expresi\u00f3n e interacci\u00f3n oral desde edades tempranas, en aquellos centros docentes p\u00fablicos de Educaci\u00f3n Primaria que no imparten ense\u00f1anza biling\u00fce, con el fin de mejorar la competencia comunicativa del alumnado en dicha lengua.<\/span><\/p>\n<p>[\/et_pb_accordion_item][\/et_pb_accordion][\/et_pb_column][et_pb_column type=&#8221;1_3&#8243; _builder_version=&#8221;4.16&#8243; _module_preset=&#8221;default&#8221; global_colors_info=&#8221;{}&#8221;][et_pb_accordion _builder_version=&#8221;4.24.2&#8243; _module_preset=&#8221;default&#8221; global_colors_info=&#8221;{}&#8221;][et_pb_accordion_item title=&#8221;PROGRAMA DE M\u00c1S DEPORTE&#8221; open=&#8221;on&#8221; _builder_version=&#8221;4.24.2&#8243; _module_preset=&#8221;default&#8221; background_color=&#8221;#E02B20&#8243; background_enable_color=&#8221;on&#8221; link_option_url=&#8221;https:\/\/www.juntadeandalucia.es\/organismos\/transparencia\/planificacion-evaluacion-estadistica\/planes\/detalle\/59484.html&#8221; hover_enabled=&#8221;0&#8243; global_colors_info=&#8221;{}&#8221; sticky_enabled=&#8221;0&#8243;]<\/p>\n<p><a href=\"https:\/\/www.juntadeandalucia.es\/educacion\/portals\/delegate\/content\/7862fc2c-c26a-4816-a388-6d953195dcfe\/Instrucciones%20convocatoria%20M%C3%A1s%20Deporte%2024_25(F)\">PINCHA AQU\u00cd PARA SABER M\u00c1S DEL PROGRAMA<\/a><\/p>\n<p>[\/et_pb_accordion_item][et_pb_accordion_item title=&#8221;M\u00c1S DEPORTE&#8221; _builder_version=&#8221;4.24.2&#8243; _module_preset=&#8221;default&#8221; background_color=&#8221;#FC9569&#8243; background_enable_color=&#8221;on&#8221; inline_fonts=&#8221;ABeeZee&#8221; global_colors_info=&#8221;{}&#8221; open=&#8221;off&#8221;]<\/p>\n<p style=\"text-align: justify\"><span style=\"font-family: ABeeZee;font-weight: normal\">Programa que se proyecta como veh\u00edculo de iniciaci\u00f3n y promoci\u00f3n deportiva. La finalidad principal es realizar una oferta multideportiva, en horario no lectivo, con la intenci\u00f3n de fomentar el deporte en edad escolar, promocionando la educaci\u00f3n en valores y el desarrollo pleno e integral de la personalidad del\u00a0alumnado.<\/span><\/p>\n<p style=\"text-align: justify\"><span style=\"font-family: ABeeZee;font-weight: normal\">Participa alumnado de Educaci\u00f3n Primaria y Secundaria de los centros p\u00fablicos de Andaluc\u00eda.<\/span><\/p>\n<p>[\/et_pb_accordion_item][\/et_pb_accordion][\/et_pb_column][\/et_pb_row][\/et_pb_section]<\/p>\n","protected":false},"excerpt":{"rendered":"<p>ACTIVIDADES EXTRAESCOLARES &nbsp;Martes y jueves de 16:00 a 17:00h en el edificio de la c\/ Dolores Ib\u00e1rruri Actividad l\u00fadica de aprendizaje significativo para la adquisici\u00f3n de habilidades ling\u00fc\u00edsticas propias de la etapa.\u00a0 &nbsp;Lunes y mi\u00e9rcoles de 16:00 a 17:00h en el edificio de la c\/ Dolores Ib\u00e1rruri Aprende ingl\u00e9s como segunda lengua a trav\u00e9s de [&hellip;]<\/p>\n","protected":false},"author":7526,"featured_media":0,"parent":0,"menu_order":0,"comment_status":"closed","ping_status":"closed","template":"","meta":{"_et_pb_use_builder":"on","_et_pb_old_content":"","_et_gb_content_width":"","ngg_post_thumbnail":0,"footnotes":""},"aioseo_notices":[],"post_mailing_queue_ids":[],"_links":{"self":[{"href":"https:\/\/blogsaverroes.juntadeandalucia.es\/fernandomiranda\/wp-json\/wp\/v2\/pages\/836"}],"collection":[{"href":"https:\/\/blogsaverroes.juntadeandalucia.es\/fernandomiranda\/wp-json\/wp\/v2\/pages"}],"about":[{"href":"https:\/\/blogsaverroes.juntadeandalucia.es\/fernandomiranda\/wp-json\/wp\/v2\/types\/page"}],"author":[{"embeddable":true,"href":"https:\/\/blogsaverroes.juntadeandalucia.es\/fernandomiranda\/wp-json\/wp\/v2\/users\/7526"}],"replies":[{"embeddable":true,"href":"https:\/\/blogsaverroes.juntadeandalucia.es\/fernandomiranda\/wp-json\/wp\/v2\/comments?post=836"}],"version-history":[{"count":16,"href":"https:\/\/blogsaverroes.juntadeandalucia.es\/fernandomiranda\/wp-json\/wp\/v2\/pages\/836\/revisions"}],"predecessor-version":[{"id":1380,"href":"https:\/\/blogsaverroes.juntadeandalucia.es\/fernandomiranda\/wp-json\/wp\/v2\/pages\/836\/revisions\/1380"}],"wp:attachment":[{"href":"https:\/\/blogsaverroes.juntadeandalucia.es\/fernandomiranda\/wp-json\/wp\/v2\/media?parent=836"}],"curies":[{"name":"wp","href":"https:\/\/api.w.org\/{rel}","templated":true}]}}