{"id":867,"date":"2020-12-18T08:55:13","date_gmt":"2020-12-18T07:55:13","guid":{"rendered":"https:\/\/blogsaverroes.juntadeandalucia.es\/pre\/plantilla-pencil\/?page_id=867"},"modified":"2023-10-13T09:59:13","modified_gmt":"2023-10-13T08:59:13","slug":"idiomas","status":"publish","type":"page","link":"https:\/\/blogsaverroes.juntadeandalucia.es\/fernandomiranda\/idiomas\/","title":{"rendered":"Red de Alumnado-Ayudante Mediador (RAAM)"},"content":{"rendered":"<p>[et_pb_section fb_built=&#8221;1&#8243; theme_builder_area=&#8221;post_content&#8221; _builder_version=&#8221;4.14.5&#8243; _module_preset=&#8221;default&#8221; title_text=&#8221;MEDIA 1&#8243; background_image=&#8221;https:\/\/blogsaverroes.juntadeandalucia.es\/fernandomiranda\/files\/2023\/10\/MEDIA-1-scaled.jpg&#8221; hover_enabled=&#8221;0&#8243; sticky_enabled=&#8221;0&#8243;][\/et_pb_section][et_pb_section fb_built=&#8221;1&#8243; theme_builder_area=&#8221;post_content&#8221; _builder_version=&#8221;4.14.5&#8243; _module_preset=&#8221;default&#8221; min_height=&#8221;686px&#8221;][et_pb_row _builder_version=&#8221;4.14.5&#8243; _module_preset=&#8221;default&#8221; theme_builder_area=&#8221;post_content&#8221;][et_pb_column _builder_version=&#8221;4.14.5&#8243; _module_preset=&#8221;default&#8221; type=&#8221;4_4&#8243; theme_builder_area=&#8221;post_content&#8221;][et_pb_text _builder_version=&#8221;4.14.5&#8243; _module_preset=&#8221;default&#8221; theme_builder_area=&#8221;post_content&#8221; hover_enabled=&#8221;0&#8243; sticky_enabled=&#8221;0&#8243; custom_padding=&#8221;||0px|||&#8221;]<\/p>\n<h1 style=\"text-align: center\"><span style=\"color: #008000\"><strong>R<\/strong>ED <strong>A<\/strong>LUMANDO-<strong>A<\/strong>YUDANTE <strong>M<\/strong>EDIADOR<\/span><\/h1>\n<p><span style=\"color: #008000\"><\/span><\/p>\n<p><span style=\"color: #008000\"><\/span><\/p>\n<p>[\/et_pb_text][\/et_pb_column][\/et_pb_row][et_pb_row _builder_version=&#8221;4.14.5&#8243; _module_preset=&#8221;default&#8221; theme_builder_area=&#8221;post_content&#8221; column_structure=&#8221;3_4,1_4&#8243; hover_enabled=&#8221;0&#8243; sticky_enabled=&#8221;0&#8243;][et_pb_column _builder_version=&#8221;4.14.5&#8243; _module_preset=&#8221;default&#8221; type=&#8221;3_4&#8243; theme_builder_area=&#8221;post_content&#8221;][et_pb_blurb title=&#8221;EQUIPO MEDIATEAM&#8221; image=&#8221;https:\/\/blogsaverroes.juntadeandalucia.es\/fernandomiranda\/files\/2023\/10\/MEDIA-1-scaled.jpg&#8221; _builder_version=&#8221;4.14.5&#8243; _module_preset=&#8221;default&#8221; theme_builder_area=&#8221;post_content&#8221; hover_enabled=&#8221;0&#8243; sticky_enabled=&#8221;0&#8243; title_text=&#8221;MEDIA 1&#8243; custom_padding=&#8221;||0px|||&#8221; inline_fonts=&#8221;ABeeZee&#8221; box_shadow_style=&#8221;preset1&#8243;]<\/p>\n<p style=\"text-align: justify\"><span style=\"font-family: ABeeZee;font-weight: normal\">El proyecto se puso en marcha, pero sin nombre ni imagen, as\u00ed que para empezar ten\u00edamos una imporante labor delantes antes de darnos\u00a0 a conocer por el centro.<\/span><\/p>\n<p style=\"text-align: justify\"><span style=\"font-family: ABeeZee;font-weight: normal\">Manos a la obra, nos pusimos fue darle un nombre a nuestro equipo y una imagen como\u00a0 se\u00f1a de identidad. La imagen seleccionada fue esta y el nombre fue dise\u00f1ado por la primera generaci\u00f3n de mediadores de nuestro centro.<\/span><\/p>\n<p>[\/et_pb_blurb][\/et_pb_column][et_pb_column _builder_version=&#8221;4.14.5&#8243; _module_preset=&#8221;default&#8221; type=&#8221;1_4&#8243; theme_builder_area=&#8221;post_content&#8221;][et_pb_tabs _builder_version=&#8221;4.14.5&#8243; _module_preset=&#8221;default&#8221; theme_builder_area=&#8221;post_content&#8221; hover_enabled=&#8221;0&#8243; sticky_enabled=&#8221;0&#8243; custom_padding=&#8221;|||8px||&#8221;][et_pb_tab title=&#8221;OBJETIVOS DE LA RED&#8221; _builder_version=&#8221;4.14.5&#8243; _module_preset=&#8221;default&#8221; theme_builder_area=&#8221;post_content&#8221; hover_enabled=&#8221;0&#8243; sticky_enabled=&#8221;0&#8243; inline_fonts=&#8221;ABeeZee&#8221;]<\/p>\n<p style=\"text-align: justify\"><span style=\"font-family: ABeeZee;font-weight: normal\">La figura del alumando mediador apareci\u00f3 por primera vez en el curso 22\/23. El alumnado acogi\u00f3 la iniciativa con gran implicaci\u00f3n y entusiasmo, haciendo que este proyecto se nutra tanto de los objetivos planteados en su inicio como de las aportaciones que nos ofrece el alumando a trav\u00e9s de las experiencia.\u00a0<\/span><\/p>\n<p>[\/et_pb_tab][et_pb_tab title=&#8221;CONTENIDOS&#8221; _builder_version=&#8221;4.14.5&#8243; _module_preset=&#8221;default&#8221; theme_builder_area=&#8221;post_content&#8221; hover_enabled=&#8221;0&#8243; sticky_enabled=&#8221;0&#8243; inline_fonts=&#8221;ABeeZee&#8221;]<\/p>\n<p style=\"text-align: justify\"><span style=\"font-family: ABeeZee\">Los contenidos que se presentan a continuaci\u00f3n son materiales b\u00e1sicos seleccionados para 5\u00ba- 6\u00ba de<\/span><br \/><span style=\"font-family: ABeeZee\">Primaria. Se dividen en cuatro bloques, distribuidos en seis sesiones, relativos a:Caracter\u00edsticas generales del Alumnado o oAyudante-Mediador<\/span><br \/><span style=\"font-family: ABeeZee\">o Cohesi\u00f3n de grupo.<\/span><br \/><span style=\"font-family: ABeeZee\">o Educaci\u00f3n emocional.<\/span><br \/><span style=\"font-family: ABeeZee\">o Resoluci\u00f3n de conflictos y habilidades sociales.<\/span><\/p>\n<p>[\/et_pb_tab][\/et_pb_tabs][\/et_pb_column][\/et_pb_row][et_pb_row _builder_version=&#8221;4.14.5&#8243; _module_preset=&#8221;default&#8221; theme_builder_area=&#8221;post_content&#8221; hover_enabled=&#8221;0&#8243; sticky_enabled=&#8221;0&#8243; background_color=&#8221;#12876F&#8221; custom_margin=&#8221;||-36px||false|false&#8221; box_shadow_style=&#8221;preset1&#8243;][et_pb_column _builder_version=&#8221;4.14.5&#8243; _module_preset=&#8221;default&#8221; type=&#8221;4_4&#8243; theme_builder_area=&#8221;post_content&#8221;][et_pb_text _builder_version=&#8221;4.14.5&#8243; _module_preset=&#8221;default&#8221; theme_builder_area=&#8221;post_content&#8221; hover_enabled=&#8221;0&#8243; sticky_enabled=&#8221;0&#8243; custom_padding=&#8221;||0px|||&#8221; inline_fonts=&#8221;ABeeZee&#8221;]<\/p>\n<p style=\"text-align: justify\"><span style=\"font-family: ABeeZee\">Los mediadores quer\u00edan compartir sus aprendizajes con el resto del alumando y hacerlos llegar m\u00e1s all\u00e1 de las aulas, as\u00ed que se cre\u00f3 un canal para transmitirlos con el mayor n\u00famero de personas posibles.<\/span><\/p>\n<p style=\"text-align: justify\"><span style=\"font-family: ABeeZee\"><a href=\"https:\/\/www.youtube.com\/@CEIPFernandoMiranda\">Sigue nuestro canal de YOUTUBE para los avances de este a\u00f1o.\u00a0<\/a><\/span><\/p>\n<p style=\"text-align: justify\"><span style=\"font-family: ABeeZee\">Aqu\u00ed os dejamos la presentaci\u00f3n del curso pasado<\/span>.<\/p>\n<p>[\/et_pb_text][\/et_pb_column][\/et_pb_row][et_pb_row _builder_version=&#8221;4.14.5&#8243; _module_preset=&#8221;default&#8221; theme_builder_area=&#8221;post_content&#8221;][et_pb_column _builder_version=&#8221;4.14.5&#8243; _module_preset=&#8221;default&#8221; type=&#8221;4_4&#8243; theme_builder_area=&#8221;post_content&#8221;][et_pb_video_slider _builder_version=&#8221;4.14.5&#8243; _module_preset=&#8221;default&#8221; theme_builder_area=&#8221;post_content&#8221; hover_enabled=&#8221;0&#8243; sticky_enabled=&#8221;0&#8243; box_shadow_style=&#8221;preset1&#8243;][et_pb_video_slider_item src=&#8221;https:\/\/www.youtube.com\/watch?v=pISsK9PWwKY&#8221; _builder_version=&#8221;4.14.5&#8243; _module_preset=&#8221;default&#8221; show_image_overlay=&#8221;off&#8221; theme_builder_area=&#8221;post_content&#8221; hover_enabled=&#8221;0&#8243; sticky_enabled=&#8221;0&#8243;][\/et_pb_video_slider_item][\/et_pb_video_slider][\/et_pb_column][\/et_pb_row][\/et_pb_section][et_pb_section fb_built=&#8221;1&#8243; fullwidth=&#8221;on&#8221; theme_builder_area=&#8221;post_content&#8221; _builder_version=&#8221;4.14.5&#8243; _module_preset=&#8221;default&#8221; hover_enabled=&#8221;0&#8243; sticky_enabled=&#8221;0&#8243;][\/et_pb_section]<\/p>\n","protected":false},"excerpt":{"rendered":"<p>RED ALUMANDO-AYUDANTE MEDIADOR El proyecto se puso en marcha, pero sin nombre ni imagen, as\u00ed que para empezar ten\u00edamos una imporante labor delantes antes de darnos\u00a0 a conocer por el centro. Manos a la obra, nos pusimos fue darle un nombre a nuestro equipo y una imagen como\u00a0 se\u00f1a de identidad. La imagen seleccionada fue [&hellip;]<\/p>\n","protected":false},"author":7526,"featured_media":0,"parent":0,"menu_order":0,"comment_status":"closed","ping_status":"closed","template":"","meta":{"_et_pb_use_builder":"on","_et_pb_old_content":"","_et_gb_content_width":"","ngg_post_thumbnail":0,"footnotes":""},"aioseo_notices":[],"post_mailing_queue_ids":[],"_links":{"self":[{"href":"https:\/\/blogsaverroes.juntadeandalucia.es\/fernandomiranda\/wp-json\/wp\/v2\/pages\/867"}],"collection":[{"href":"https:\/\/blogsaverroes.juntadeandalucia.es\/fernandomiranda\/wp-json\/wp\/v2\/pages"}],"about":[{"href":"https:\/\/blogsaverroes.juntadeandalucia.es\/fernandomiranda\/wp-json\/wp\/v2\/types\/page"}],"author":[{"embeddable":true,"href":"https:\/\/blogsaverroes.juntadeandalucia.es\/fernandomiranda\/wp-json\/wp\/v2\/users\/7526"}],"replies":[{"embeddable":true,"href":"https:\/\/blogsaverroes.juntadeandalucia.es\/fernandomiranda\/wp-json\/wp\/v2\/comments?post=867"}],"version-history":[{"count":5,"href":"https:\/\/blogsaverroes.juntadeandalucia.es\/fernandomiranda\/wp-json\/wp\/v2\/pages\/867\/revisions"}],"predecessor-version":[{"id":1135,"href":"https:\/\/blogsaverroes.juntadeandalucia.es\/fernandomiranda\/wp-json\/wp\/v2\/pages\/867\/revisions\/1135"}],"wp:attachment":[{"href":"https:\/\/blogsaverroes.juntadeandalucia.es\/fernandomiranda\/wp-json\/wp\/v2\/media?parent=867"}],"curies":[{"name":"wp","href":"https:\/\/api.w.org\/{rel}","templated":true}]}}