{"id":64,"date":"2020-01-09T11:41:42","date_gmt":"2020-01-09T10:41:42","guid":{"rendered":"http:\/\/blogsaverroes.juntadeandalucia.es\/pre\/nuevoceipv2\/?page_id=64"},"modified":"2024-03-08T10:27:37","modified_gmt":"2024-03-08T09:27:37","slug":"biblioteca","status":"publish","type":"page","link":"https:\/\/blogsaverroes.juntadeandalucia.es\/fgarcialorca\/biblioteca\/","title":{"rendered":"BIBLIOTECA"},"content":{"rendered":"<p>[et_pb_section fb_built=&#8221;1&#8243; disabled_on=&#8221;off|off|off&#8221; _builder_version=&#8221;3.23.3&#8243; custom_padding=&#8221;0px||0px|&#8221; z_index_tablet=&#8221;500&#8243; box_shadow_horizontal_tablet=&#8221;0px&#8221; box_shadow_vertical_tablet=&#8221;0px&#8221; box_shadow_blur_tablet=&#8221;40px&#8221; box_shadow_spread_tablet=&#8221;0px&#8221; global_colors_info=&#8221;{}&#8221;][et_pb_row column_structure=&#8221;2_3,1_3&#8243; _builder_version=&#8221;3.25&#8243; background_size=&#8221;initial&#8221; background_position=&#8221;top_left&#8221; background_repeat=&#8221;repeat&#8221; global_colors_info=&#8221;{}&#8221;][et_pb_column type=&#8221;2_3&#8243; _builder_version=&#8221;3.0.47&#8243; custom_padding=&#8221;|||&#8221; global_colors_info=&#8221;{}&#8221; custom_padding__hover=&#8221;|||&#8221;][et_pb_image src=&#8221;https:\/\/blogsaverroes.juntadeandalucia.es\/fgarcialorca\/files\/2020\/01\/books-1245690_1920.jpg&#8221; admin_label=&#8221;Imagen de la portada&#8221; _builder_version=&#8221;4.14.5&#8243; vertical_offset_tablet=&#8221;0&#8243; horizontal_offset_tablet=&#8221;0&#8243; hover_enabled=&#8221;0&#8243; z_index_tablet=&#8221;500&#8243; box_shadow_horizontal_tablet=&#8221;0px&#8221; box_shadow_vertical_tablet=&#8221;0px&#8221; box_shadow_blur_tablet=&#8221;40px&#8221; box_shadow_spread_tablet=&#8221;0px&#8221; global_colors_info=&#8221;{}&#8221; title_text=&#8221;books-1245690_1920&#8243; sticky_enabled=&#8221;0&#8243;][\/et_pb_image][et_pb_text admin_label=&#8221;Texto descriptivo&#8221; _builder_version=&#8221;4.14.5&#8243; hover_enabled=&#8221;0&#8243; z_index_tablet=&#8221;500&#8243; text_text_shadow_horizontal_length_tablet=&#8221;0px&#8221; text_text_shadow_vertical_length_tablet=&#8221;0px&#8221; text_text_shadow_blur_strength_tablet=&#8221;1px&#8221; link_text_shadow_horizontal_length_tablet=&#8221;0px&#8221; link_text_shadow_vertical_length_tablet=&#8221;0px&#8221; link_text_shadow_blur_strength_tablet=&#8221;1px&#8221; ul_text_shadow_horizontal_length_tablet=&#8221;0px&#8221; ul_text_shadow_vertical_length_tablet=&#8221;0px&#8221; ul_text_shadow_blur_strength_tablet=&#8221;1px&#8221; ol_text_shadow_horizontal_length_tablet=&#8221;0px&#8221; ol_text_shadow_vertical_length_tablet=&#8221;0px&#8221; ol_text_shadow_blur_strength_tablet=&#8221;1px&#8221; quote_text_shadow_horizontal_length_tablet=&#8221;0px&#8221; quote_text_shadow_vertical_length_tablet=&#8221;0px&#8221; quote_text_shadow_blur_strength_tablet=&#8221;1px&#8221; header_text_shadow_horizontal_length_tablet=&#8221;0px&#8221; header_text_shadow_vertical_length_tablet=&#8221;0px&#8221; header_text_shadow_blur_strength_tablet=&#8221;1px&#8221; header_2_text_shadow_horizontal_length_tablet=&#8221;0px&#8221; header_2_text_shadow_vertical_length_tablet=&#8221;0px&#8221; header_2_text_shadow_blur_strength_tablet=&#8221;1px&#8221; header_3_text_shadow_horizontal_length_tablet=&#8221;0px&#8221; header_3_text_shadow_vertical_length_tablet=&#8221;0px&#8221; header_3_text_shadow_blur_strength_tablet=&#8221;1px&#8221; header_4_text_shadow_horizontal_length_tablet=&#8221;0px&#8221; header_4_text_shadow_vertical_length_tablet=&#8221;0px&#8221; header_4_text_shadow_blur_strength_tablet=&#8221;1px&#8221; header_5_text_shadow_horizontal_length_tablet=&#8221;0px&#8221; header_5_text_shadow_vertical_length_tablet=&#8221;0px&#8221; header_5_text_shadow_blur_strength_tablet=&#8221;1px&#8221; header_6_text_shadow_horizontal_length_tablet=&#8221;0px&#8221; header_6_text_shadow_vertical_length_tablet=&#8221;0px&#8221; header_6_text_shadow_blur_strength_tablet=&#8221;1px&#8221; box_shadow_horizontal_tablet=&#8221;0px&#8221; box_shadow_vertical_tablet=&#8221;0px&#8221; box_shadow_blur_tablet=&#8221;40px&#8221; box_shadow_spread_tablet=&#8221;0px&#8221; global_colors_info=&#8221;{}&#8221; sticky_enabled=&#8221;0&#8243;]<\/p>\n<h2>Biblioteca<\/h2>\n<p>La biblioteca del CEIP Federico Garc\u00eda Lorca de Granada se encuentra en la primera planta del edificio, con una superficie de unos 50 m<sup>2<\/sup>. Est\u00e1 situada en una zona del centro muy adecuada, intermedia entre las aulas y alejada de ruidos; esto conlleva un buen espacio para la lectura.<\/p>\n<p>Consta de varias zonas: lectura, pr\u00e9stamos, recursos profesorado y est\u00e1 prevista para este curso una zona para E. Infantil.<\/p>\n<p>Se potencia la biblioteca del centro para que sirva como eje central de todas las actividades que tienen lugar en el centro.<\/p>\n<p>Por lo tanto, con el Plan de biblioteca se identifica como un espacio que gestiona, dinamiza y contribuye a que el alumnado alcance las competencias b\u00e1sicas.<\/p>\n<p>La biblioteca escolar ofrece su apoyo a todos los planes y proyectos del centro que requieran de sus fondos bibliogr\u00e1ficos, espacios y asesoramiento.<\/p>\n<p>Nuestra biblioteca dispone de un espacio dedicado a material de uso exclusivo para el profesorado: libros de diferentes tem\u00e1ticas, recursos pedag\u00f3gicos\u2026<\/p>\n<p>Se tiene en cuenta las demandas de los Coordinadores de Planes y Proyectos del centro, para lo cual se reconoce la biblioteca escolar como un recurso fundamental para complementar las actividades y proyectos de sus planes y proyectos, difusi\u00f3n y exposici\u00f3n de trabajos y conexi\u00f3n con otros programas.<\/p>\n<p>Tanto el Plan de Biblioteca como el Plan de Igualdad tendr\u00e1n unas l\u00edneas comunes de trabajo:<\/p>\n<ul>\n<li>Dotar la biblioteca de fondos coeducativos.<\/li>\n<li>Realizar actividades conjuntas: trabajar las emociones, la igualdad y el respeto entre g\u00e9neros, a trav\u00e9s de la resoluci\u00f3n pac\u00edfica de conflictos.<\/li>\n<\/ul>\n<p>Para ello dedicamos un rinc\u00f3n en cada aula con una recopilaci\u00f3n de libros que nos ayuden a identificar nuestras emociones.<\/p>\n<p>La atenci\u00f3n de los alumnos\/as con necesidades educativas especiales requiere de un planteamiento espec\u00edfico para el seguimiento de sus particulares caracter\u00edsticas, todo ello en un marco de integraci\u00f3n y normalizaci\u00f3n con el resto del alumnado.<\/p>\n<p>Por ello, hemos considerado que su integraci\u00f3n en los grupos flexibles de lectura, de acuerdo con su nivel lector, es un recurso did\u00e1ctico que responde a estas necesidades, adem\u00e1s de optimizar a\u00fan m\u00e1s los recursos personales del centro.<\/p>\n<p>En nuestra biblioteca existen ya fondos para el aula de E. Especial como apoyo en su tarea diaria. Se continuar\u00e1 adquiriendo material sobre esta tem\u00e1tica con el fin de poder estar actualizados, incluyendo cuentos con pictogramas para la inmersi\u00f3n de las aulas de autismo.<\/p>\n<p>Pretendemos que todo el alumnado pueda acceder a materiales y experiencias .<\/p>\n<p>[\/et_pb_text][\/et_pb_column][et_pb_column type=&#8221;1_3&#8243; _builder_version=&#8221;3.0.47&#8243; custom_padding=&#8221;|||&#8221; global_colors_info=&#8221;{}&#8221; custom_padding__hover=&#8221;|||&#8221;][et_pb_sidebar area=&#8221;sidebar-1&#8243; _builder_version=&#8221;3.23.3&#8243; z_index_tablet=&#8221;500&#8243; header_text_shadow_horizontal_length_tablet=&#8221;0px&#8221; header_text_shadow_vertical_length_tablet=&#8221;0px&#8221; header_text_shadow_blur_strength_tablet=&#8221;1px&#8221; body_text_shadow_horizontal_length_tablet=&#8221;0px&#8221; body_text_shadow_vertical_length_tablet=&#8221;0px&#8221; body_text_shadow_blur_strength_tablet=&#8221;1px&#8221; box_shadow_horizontal_tablet=&#8221;0px&#8221; box_shadow_vertical_tablet=&#8221;0px&#8221; box_shadow_blur_tablet=&#8221;40px&#8221; box_shadow_spread_tablet=&#8221;0px&#8221; text_shadow_horizontal_length_tablet=&#8221;0px&#8221; text_shadow_vertical_length_tablet=&#8221;0px&#8221; text_shadow_blur_strength_tablet=&#8221;1px&#8221; global_colors_info=&#8221;{}&#8221;][\/et_pb_sidebar][\/et_pb_column][\/et_pb_row][\/et_pb_section]<\/p>\n","protected":false},"excerpt":{"rendered":"<p>Biblioteca La biblioteca del CEIP Federico Garc\u00eda Lorca de Granada se encuentra en la primera planta del edificio, con una superficie de unos 50 m2. Est\u00e1 situada en una zona del centro muy adecuada, intermedia entre las aulas y alejada de ruidos; esto conlleva un buen espacio para la lectura. Consta de varias zonas: lectura, [&hellip;]<\/p>\n","protected":false},"author":17518,"featured_media":0,"parent":0,"menu_order":0,"comment_status":"closed","ping_status":"closed","template":"","meta":{"_et_pb_use_builder":"on","_et_pb_old_content":"","_et_gb_content_width":"","ngg_post_thumbnail":0,"footnotes":""},"aioseo_notices":[],"_links":{"self":[{"href":"https:\/\/blogsaverroes.juntadeandalucia.es\/fgarcialorca\/wp-json\/wp\/v2\/pages\/64"}],"collection":[{"href":"https:\/\/blogsaverroes.juntadeandalucia.es\/fgarcialorca\/wp-json\/wp\/v2\/pages"}],"about":[{"href":"https:\/\/blogsaverroes.juntadeandalucia.es\/fgarcialorca\/wp-json\/wp\/v2\/types\/page"}],"author":[{"embeddable":true,"href":"https:\/\/blogsaverroes.juntadeandalucia.es\/fgarcialorca\/wp-json\/wp\/v2\/users\/17518"}],"replies":[{"embeddable":true,"href":"https:\/\/blogsaverroes.juntadeandalucia.es\/fgarcialorca\/wp-json\/wp\/v2\/comments?post=64"}],"version-history":[{"count":4,"href":"https:\/\/blogsaverroes.juntadeandalucia.es\/fgarcialorca\/wp-json\/wp\/v2\/pages\/64\/revisions"}],"predecessor-version":[{"id":2176,"href":"https:\/\/blogsaverroes.juntadeandalucia.es\/fgarcialorca\/wp-json\/wp\/v2\/pages\/64\/revisions\/2176"}],"wp:attachment":[{"href":"https:\/\/blogsaverroes.juntadeandalucia.es\/fgarcialorca\/wp-json\/wp\/v2\/media?parent=64"}],"curies":[{"name":"wp","href":"https:\/\/api.w.org\/{rel}","templated":true}]}}