{"id":827,"date":"2024-05-27T08:34:31","date_gmt":"2024-05-27T07:34:31","guid":{"rendered":"https:\/\/blogsaverroes.juntadeandalucia.es\/pre\/plantilla-pencil\/?page_id=827"},"modified":"2025-05-28T08:21:55","modified_gmt":"2025-05-28T07:21:55","slug":"matriculacion","status":"publish","type":"page","link":"https:\/\/blogsaverroes.juntadeandalucia.es\/fgarcialorca\/matriculacion\/","title":{"rendered":"Matriculaci\u00f3n curso 2025-2026"},"content":{"rendered":"<div data-reader-unique-id=\"1\">\n<div data-reader-unique-id=\"2\">\n<div data-reader-unique-id=\"6\">\n<div data-reader-unique-id=\"7\">\n<p data-reader-unique-id=\"8\"><span style=\"font-size: 18pt\" data-reader-unique-id=\"9\">MATRICULACI\u00d3N CURSO 2025 &#8211; 2026: 1 al 10 de junio de 2025.<\/span><\/p>\n<p data-reader-unique-id=\"8\"><a href=\"https:\/\/blogsaverroes.juntadeandalucia.es\/fgarcialorca\/files\/2025\/05\/Cartel_1-1.png\"><img loading=\"lazy\" decoding=\"async\" class=\"aligncenter size-large wp-image-2586\" src=\"https:\/\/blogsaverroes.juntadeandalucia.es\/fgarcialorca\/files\/2025\/05\/Cartel_1-1-726x1024.png\" alt=\"\" width=\"726\" height=\"1024\"><\/a> <a href=\"https:\/\/blogsaverroes.juntadeandalucia.es\/fgarcialorca\/files\/2025\/05\/Cartel_2-1.png\"><img loading=\"lazy\" decoding=\"async\" class=\"aligncenter size-large wp-image-2587\" src=\"https:\/\/blogsaverroes.juntadeandalucia.es\/fgarcialorca\/files\/2025\/05\/Cartel_2-1-721x1024.png\" alt=\"\" width=\"721\" height=\"1024\"><\/a><\/p>\n<p style=\"text-align: center\" data-reader-unique-id=\"8\"><span style=\"color: #0000ff\"><strong><a style=\"color: #0000ff\" href=\"https:\/\/blogsaverroes.juntadeandalucia.es\/fgarcialorca\/files\/2025\/05\/CARTEL-matriculacion-25-26.pdf\">Matriculaci\u00f3n 25-26<\/a><\/strong><\/span><\/p>\n<p><span style=\"font-size: 12pt\">Todo el proceso de matriculaci\u00f3n <strong data-reader-unique-id=\"13\">puede realizarse preferentemente desde la <span style=\"color: #0000ff\"><a style=\"color: #0000ff\" href=\"https:\/\/www.juntadeandalucia.es\/educacion\/secretariavirtual\/\">Secretar\u00eda Virtual.<\/a><\/span><\/strong><\/span><\/p>\n<p><span style=\"font-size: 12pt\">En el centro se dispondr\u00e1 de un ordenador para poder hacer la matr\u00edcula por ese medio.<\/span><\/p>\n<\/div>\n<p data-reader-unique-id=\"7\"><span style=\"font-size: 12pt\">Se requiere <span style=\"color: #0000ff\"><a style=\"color: #0000ff\" href=\"https:\/\/www.sede.fnmt.gob.es\/certificados\/persona-fisica\">certificado digital<\/a> <\/span>o <span style=\"color: #0000ff\"><a style=\"color: #0000ff\" href=\"https:\/\/www.juntadeandalucia.es\/educacion\/portals\/delegate\/content\/97b0e532-e0bf-4dc2-94cc-b52ec72f9c1a\/iAnde\">clave iANDE<\/a><\/span>. <\/span><span style=\"font-size: 12pt\">Disponen de esa clave en<span style=\"color: #0000ff\"><a style=\"color: #0000ff\" href=\"https:\/\/seneca.juntadeandalucia.es\/seneca\/jsp\/portalpasen\/\"> iPasen<\/a>.<\/span> Es individual para cada alumno\/a.<\/span><\/p>\n<p data-reader-unique-id=\"18\"><span style=\"font-size: 12pt\">Para el alumnado de nueva incorporaci\u00f3n al sistema educativo, como es el de infantil de 3 a\u00f1os, se deber\u00e1 dar de alta y solicitar la clave iANDE siguiendo <span style=\"color: #0000ff\"><a style=\"color: #0000ff\" href=\"https:\/\/www.juntadeandalucia.es\/educacion\/portals\/delegate\/content\/97b0e532-e0bf-4dc2-94cc-b52ec72f9c1a\/iAnde\">estas instrucciones<\/a>.<\/span><\/span><\/p>\n<p data-reader-unique-id=\"7\"><span style=\"font-size: 12pt\">En el caso de que desee hacerlo de forma presencial, deber\u00e1 presentar la siguiente documentaci\u00f3n en la secretar\u00eda del centro: <\/span><\/p>\n<p data-reader-unique-id=\"7\"><span style=\"font-size: 12pt\">(pinchar en el impreso para descargarlo) .&nbsp;<\/span><\/p>\n<p data-reader-unique-id=\"7\">&nbsp;<\/p>\n<\/div>\n<\/div>\n<\/div>\n<div data-reader-unique-id=\"32\">\n<div data-reader-unique-id=\"58\">\n<div data-reader-unique-id=\"59\">\n<div data-reader-unique-id=\"60\">\n<p>Puede ponerse en contacto con la secretaria a trav\u00e9s del correo electr\u00f3nico: 18010276.secretaria.edu@juntadeandalucia.es<\/p>\n<p>IMPORTANTE: No aportar documentaci\u00f3n parcial o gestionar la matr\u00edcula por ese cauce, que es meramente informativo.<\/p>\n<p>&nbsp;<\/p>\n<\/div>\n<\/div>\n<\/div>\n<\/div>\n<div data-reader-unique-id=\"65\">\n<div data-reader-unique-id=\"67\">\n<div data-reader-unique-id=\"68\">\n<div data-reader-unique-id=\"69\">\n<h2 data-reader-unique-id=\"70\"><span style=\"font-size: 12pt\"><span style=\"font-size: 18pt\">PLAN DE ATENCI\u00d3N A LAS FAMILIAS PARA EL CURSO 2025-2026.<\/span><\/span><\/h2>\n<h3 data-reader-unique-id=\"70\"><span style=\"font-size: 12pt\">SERVICIOS OFERTADOS EN LA MATRICULACI\u00d3N:<\/span><\/h3>\n<p data-reader-unique-id=\"74\"><span style=\"font-size: 12pt\"><strong>Aula Matinal<\/strong> (de Lunes a Viernes de 7:30 a 9:00)<\/span><\/p>\n<p data-reader-unique-id=\"74\"><span style=\"font-size: 12pt\"><strong>Comedor Escolar<\/strong> (De Lunes a Viernes 14:00 a 16:00)<\/span><\/p>\n<p data-reader-unique-id=\"18\"><span style=\"font-size: 12pt\"><strong>Actividades Extraescolares<\/strong>: <span style=\"color: #000000\"><a style=\"color: #000000\" href=\"https:\/\/blogsaverroes.juntadeandalucia.es\/fgarcialorca\/files\/2024\/05\/cuadro-actividades-extraescolares-2024-2025.pdf\">De Lunes a Jueves de 16:00 en adelante, seg\u00fan la actividad. Consultar cuadro informativo.<\/a><\/span><\/span><\/p>\n<p><a href=\"https:\/\/blogsaverroes.juntadeandalucia.es\/fgarcialorca\/files\/2025\/05\/Actividades-ExtraEscolares.png\"><img loading=\"lazy\" decoding=\"async\" class=\"aligncenter size-full wp-image-2578\" src=\"https:\/\/blogsaverroes.juntadeandalucia.es\/fgarcialorca\/files\/2025\/05\/Actividades-ExtraEscolares.png\" alt=\"\" width=\"763\" height=\"483\" srcset=\"https:\/\/blogsaverroes.juntadeandalucia.es\/fgarcialorca\/files\/2025\/05\/Actividades-ExtraEscolares.png 763w, https:\/\/blogsaverroes.juntadeandalucia.es\/fgarcialorca\/files\/2025\/05\/Actividades-ExtraEscolares-480x304.png 480w\" sizes=\"(min-width: 0px) and (max-width: 480px) 480px, (min-width: 481px) 763px, 100vw\" \/><\/a><\/div>\n<div data-reader-unique-id=\"69\">\n<p data-reader-unique-id=\"18\"><a href=\"https:\/\/blogsaverroes.juntadeandalucia.es\/fgarcialorca\/files\/2025\/05\/Actividades-Extraescolares-DEDI-25-26.pdf\"><span style=\"font-size: 12pt;color: #0000ff\">Cuadro de Actividades Extraescolares (PDF)<\/span><\/a><\/p>\n<h2 data-reader-unique-id=\"19\">&nbsp;<\/h2>\n<h2 data-reader-unique-id=\"19\">OTROS SERVICIOS:<\/h2>\n<\/div>\n<p data-reader-unique-id=\"19\">Durante el inicio de curso se podr\u00e1n solicitar servicios adicionales:<\/p>\n<p data-reader-unique-id=\"19\">El <span style=\"color: #0000ff\"><a style=\"color: #0000ff\" href=\"https:\/\/blogsaverroes.juntadeandalucia.es\/fgarcialorca\/ampa\/\">AFA Mirasierra<\/a><\/span>, oferta Actividades Extraescolares a principio de curso.<\/p>\n<p data-reader-unique-id=\"19\"><a href=\"https:\/\/blogsaverroes.juntadeandalucia.es\/fgarcialorca\/files\/2025\/05\/ANEXO-AFA-matriculacion-curso-2025-2026.pdf\"><span style=\"color: #0000ff\">ANEXO AFA matriculaci\u00f3n curso 2025 2026<\/span><\/a><\/p>\n<p data-reader-unique-id=\"19\">La empresa DEDI, como el Aula de Espera (a la salida de clase, sin comedor escolar). Por eso, estos servicios se ofertar\u00e1 y dar\u00e1n a conocer a principio de curso a todas las familias del alumnado.<\/p>\n<div data-reader-unique-id=\"69\">\n<p data-reader-unique-id=\"75\"><span style=\"font-size: 12pt\">Puede presentar la solicitud en cualquier momento, dentro del plazo establecido, en la secretar\u00eda del centro. <span style=\"color: #0000ff\"><a style=\"color: #0000ff\" href=\"https:\/\/calendar.app.google\/8Fv7TNt85HPvFbKF7\">Se recomienda pedir cita previa.<\/a><\/span><\/span><\/p>\n<\/div>\n<\/div>\n<\/div>\n<\/div>\n","protected":false},"excerpt":{"rendered":"<p>Abierto plazo de matriculaci\u00f3n para el curso 2024 2025 en Andalucia. Informaci\u00f3n sobre el proceso y enlaces de inter\u00e9s.<\/p>\n","protected":false},"author":17518,"featured_media":0,"parent":0,"menu_order":0,"comment_status":"closed","ping_status":"closed","template":"","meta":{"_et_pb_use_builder":"off","_et_pb_old_content":"","_et_gb_content_width":"","ngg_post_thumbnail":0,"footnotes":""},"aioseo_notices":[],"_links":{"self":[{"href":"https:\/\/blogsaverroes.juntadeandalucia.es\/fgarcialorca\/wp-json\/wp\/v2\/pages\/827"}],"collection":[{"href":"https:\/\/blogsaverroes.juntadeandalucia.es\/fgarcialorca\/wp-json\/wp\/v2\/pages"}],"about":[{"href":"https:\/\/blogsaverroes.juntadeandalucia.es\/fgarcialorca\/wp-json\/wp\/v2\/types\/page"}],"author":[{"embeddable":true,"href":"https:\/\/blogsaverroes.juntadeandalucia.es\/fgarcialorca\/wp-json\/wp\/v2\/users\/17518"}],"replies":[{"embeddable":true,"href":"https:\/\/blogsaverroes.juntadeandalucia.es\/fgarcialorca\/wp-json\/wp\/v2\/comments?post=827"}],"version-history":[{"count":50,"href":"https:\/\/blogsaverroes.juntadeandalucia.es\/fgarcialorca\/wp-json\/wp\/v2\/pages\/827\/revisions"}],"predecessor-version":[{"id":2589,"href":"https:\/\/blogsaverroes.juntadeandalucia.es\/fgarcialorca\/wp-json\/wp\/v2\/pages\/827\/revisions\/2589"}],"wp:attachment":[{"href":"https:\/\/blogsaverroes.juntadeandalucia.es\/fgarcialorca\/wp-json\/wp\/v2\/media?parent=827"}],"curies":[{"name":"wp","href":"https:\/\/api.w.org\/{rel}","templated":true}]}}