{"id":850,"date":"2024-11-15T08:41:27","date_gmt":"2024-11-15T07:41:27","guid":{"rendered":"https:\/\/blogsaverroes.juntadeandalucia.es\/pre\/plantilla-pencil\/?page_id=850"},"modified":"2026-02-01T19:40:44","modified_gmt":"2026-02-01T18:40:44","slug":"plan-de-centro","status":"publish","type":"page","link":"https:\/\/blogsaverroes.juntadeandalucia.es\/fgarcialorca\/plan-de-centro\/","title":{"rendered":"PROYECTO EDUCATIVO DE CENTRO"},"content":{"rendered":"<h2>&nbsp;<\/h2>\n<ul>\n<li><a href=\"https:\/\/blogsaverroes.juntadeandalucia.es\/fgarcialorca\/files\/2026\/02\/PROYECTO-DIRECCION-2025.pdf\">Proyecto de Direcci\u00f3n 2025<\/a><\/li>\n<li><a href=\"https:\/\/blogsaverroes.juntadeandalucia.es\/fgarcialorca\/files\/2024\/12\/contexto-del-centro.pdf\">Contexto del Centro<\/a> (versi\u00f3n 2020)<\/li>\n<li><a href=\"https:\/\/blogsaverroes.juntadeandalucia.es\/fgarcialorca\/files\/2023\/02\/Proyecto-de-Gesti\u00f3n.pdf\">Proyecto de Gesti\u00f3n<\/a><\/li>\n<li><a href=\"https:\/\/blogsaverroes.juntadeandalucia.es\/fgarcialorca\/files\/2023\/02\/ROF-FGL.pdf\">Reglamento de Organizaci\u00f3n y Funcionamiento<\/a><\/li>\n<li>Proyecto Educativo. (Dic 2025)\n<ol>\n<li><a href=\"https:\/\/blogsaverroes.juntadeandalucia.es\/fgarcialorca\/files\/2025\/11\/plan-de-mejora-2025-2026.pdf\" target=\"_blank\" rel=\"noopener\">A \u2013 Objetivos propios para la mejora del rendimiento escolar y la continuidad del alumnado en el sistema educativo. (2025-2026)<\/a><\/li>\n<li><a href=\"https:\/\/blogsaverroes.juntadeandalucia.es\/fgarcialorca\/files\/2023\/02\/B-L\u00edneas-generales-de-actuaci\u00f3n-pedag\u00f3gica.pdf\">B \u2013 L\u00edneas generales de actuaci\u00f3n pedag\u00f3gica.<\/a><\/li>\n<li><a href=\"https:\/\/blogsaverroes.juntadeandalucia.es\/fgarcialorca\/files\/2023\/02\/C-Coordinaci\u00f3n-y-Concreci\u00f3n-de-Contenidos-Curriculares.pdf\">C \u2013 Coordinaci\u00f3n y concreci\u00f3n de los contenidos curriculares y tratamiento transversal de las \u00e1reas o materias.<\/a><\/li>\n<li><a href=\"https:\/\/blogsaverroes.juntadeandalucia.es\/fgarcialorca\/files\/2023\/02\/D-Criterios-horarios-coordinaci\u00f3n-docente.pdf\">D \u2013 Criterios pedag\u00f3gicos para horarios de los \u00f3rganos de coordinaci\u00f3n docente.<\/a><\/li>\n<li><a href=\"https:\/\/blogsaverroes.juntadeandalucia.es\/fgarcialorca\/files\/2023\/02\/E-Criterios-de-Evaluaci\u00f3n-y-Promoci\u00f3n-Infantil-y-Primaria.pdf\">E \u2013 Criterios de evaluaci\u00f3n y promoci\u00f3n. Infantil y Primaria.<\/a>\n<ol class=\"orden-romanos\" type=\"I\">\n<li><a href=\"https:\/\/blogsaverroes.juntadeandalucia.es\/fgarcialorca\/files\/2023\/02\/E2-Evaluaci\u00f3n-en-primaria.pdf\">E2 -Evaluaci\u00f3n en Educaci\u00f3n Primaria.<\/a><\/li>\n<\/ol>\n<\/li>\n<li><a href=\"https:\/\/blogsaverroes.juntadeandalucia.es\/fgarcialorca\/files\/2023\/11\/F-Plan-de-Atenci\u00f3n-a-la-Diversidad.pdf\" rel=\"attachment wp-att-1970\">F \u2013 Plan de Atenci\u00f3n a la Diversidad<\/a><\/li>\n<li><a href=\"https:\/\/blogsaverroes.juntadeandalucia.es\/fgarcialorca\/files\/2023\/02\/G-Programas-refuerzo-y-recuperaci\u00f3n.pdf\">G \u2013 Programas de refuerzo y recuperaci\u00f3n.<\/a><\/li>\n<li><a href=\"https:\/\/blogsaverroes.juntadeandalucia.es\/fgarcialorca\/files\/2023\/02\/H-Plan-de-orientacion-y-accion-tutorial.pdf\">H \u2013 Plan de Orientaci\u00f3n y Acci\u00f3n Tutorial.<\/a><\/li>\n<li><a href=\"https:\/\/blogsaverroes.juntadeandalucia.es\/fgarcialorca\/files\/2023\/02\/I-Plan-de-orientacion-y-accion-tutorial-modelo-compromiso.pdf\">I \u2013 Modelo de compromiso educativo y de convivencia.<\/a><\/li>\n<li><a href=\"https:\/\/blogsaverroes.juntadeandalucia.es\/fgarcialorca\/files\/2023\/02\/J-Plan-de-Convivencia.pdf\">J \u2013 Plan de Convivencia.&nbsp;<\/a><\/li>\n<li><a href=\"https:\/\/blogsaverroes.juntadeandalucia.es\/fgarcialorca\/files\/2025\/11\/programacion-general-anual-2025-2026.pdf\" target=\"_blank\" rel=\"noopener\">K \u2013 Plan de formaci\u00f3n del profesorado. (2025-2026)<\/a><\/li>\n<li><a href=\"https:\/\/blogsaverroes.juntadeandalucia.es\/fgarcialorca\/files\/2025\/11\/criterios-tiempo-escolar-25-26.pdf\" target=\"_blank\" rel=\"noopener\">L \u2013 Criterios para organizar y distribuir el tiempo escolar (2025-2026)<\/a><\/li>\n<li><a href=\"https:\/\/blogsaverroes.juntadeandalucia.es\/fgarcialorca\/files\/2023\/02\/M-Procedimientos-de-Evaluaci\u00f3n-Interna.pdf\">M \u2013 Procedimientos de evaluaci\u00f3n interna.<\/a><\/li>\n<li><a href=\"https:\/\/blogsaverroes.juntadeandalucia.es\/fgarcialorca\/files\/2023\/11\/N-Criterios-agrupamiento-alumnado-y-asignaci\u00f3n-tutor\u00edas.pdf\" rel=\"attachment wp-att-1966\">N \u2013 Criterios agrupamiento alumnado y asignaci\u00f3n tutor\u00edas<\/a><\/li>\n<li><a href=\"https:\/\/blogsaverroes.juntadeandalucia.es\/fgarcialorca\/files\/2023\/02\/\u00d1-Criterios-elaboraci\u00f3n-programaciones-did\u00e1cticas.pdf\">\u00d1 \u2013 Criterios generales para la elaboraci\u00f3n de las propuestas pedag\u00f3gicas y las programaciones did\u00e1cticas de las \u00e1reas.<\/a><\/li>\n<li>O \u2013 Planes estrat\u00e9gicos y no estrat\u00e9gicos\n<ol>\n<li><a href=\"https:\/\/blogsaverroes.juntadeandalucia.es\/fgarcialorca\/files\/2025\/11\/plan-lector-25-26.pdf\" target=\"_blank\" rel=\"noopener\">O1 \u2013 Biblioteca Escolar (2025-2026)<\/a><\/li>\n<li><a href=\"https:\/\/blogsaverroes.juntadeandalucia.es\/fgarcialorca\/files\/2025\/11\/plan-aldea-25-26.pdf\" target=\"_blank\" rel=\"noopener\">O2 \u2013 Anexo Huerto Escolar (2025-2026)<\/a><\/li>\n<\/ol>\n<\/li>\n<li><a href=\"https:\/\/blogsaverroes.juntadeandalucia.es\/fgarcialorca\/files\/2025\/11\/plan-de-igualdad-25-26.pdf\" target=\"_blank\" rel=\"noopener\">P -Plan de igualdad. (2025-2026)<\/a><\/li>\n<li><a href=\"https:\/\/blogsaverroes.juntadeandalucia.es\/fgarcialorca\/files\/2023\/02\/Q-Programa-de-Tr\u00e1nsito-.pdf\">Q- Programa de tr\u00e1nsito.<\/a><\/li>\n<li><a href=\"https:\/\/blogsaverroes.juntadeandalucia.es\/fgarcialorca\/files\/2023\/02\/R-Informaci\u00f3n-a-las-familias.pdf\">R \u2013 Informaci\u00f3n a las familias.<\/a><\/li>\n<li><a href=\"https:\/\/blogsaverroes.juntadeandalucia.es\/fgarcialorca\/files\/2023\/02\/S-Protocolo-uso-responsable-TIC-y-TAC.pdf\">S \u2013 Protocolo uso responsable TIC\/TAC.<\/a><\/li>\n<li><a href=\"https:\/\/blogsaverroes.juntadeandalucia.es\/fgarcialorca\/files\/2023\/02\/T-Criterios-organizativos-y-pedagogicos-no-presencial-modificacion.pdf\">T \u2013 Criterios organizativos y pedag\u00f3gicos no presencialidad.<\/a><\/li>\n<\/ol>\n<\/li>\n<li><a href=\"https:\/\/blogsaverroes.juntadeandalucia.es\/fgarcialorca\/files\/2025\/11\/programacion-general-anual-2025-2026.pdf\" target=\"_blank\" rel=\"noopener\">Programaci\u00f3n General Anual 2025-2026<\/a><\/li>\n<li><a title=\"Plan de Mejora 2025 2026\" href=\"https:\/\/blogsaverroes.juntadeandalucia.es\/fgarcialorca\/files\/2025\/11\/plan-de-mejora-2025-2026.pdf\" target=\"_blank\" rel=\"noopener\">Plan de Mejora 2025-2026<\/a><\/li>\n<li><a href=\"https:\/\/blogsaverroes.juntadeandalucia.es\/fgarcialorca\/files\/2025\/11\/plan-actuacion-digital-25-26.pdf\" target=\"_blank\" rel=\"noopener\">Plan de Actuaci\u00f3n Digital 2025-2026<\/a><\/li>\n<li><a href=\"https:\/\/blogsaverroes.juntadeandalucia.es\/fgarcialorca\/files\/2025\/02\/PLAN-DE-ABSENTISMO-REVISION-2024.pdf\">Plan de Absentismo<\/a><\/li>\n<\/ul>\n","protected":false},"excerpt":{"rendered":"<p>&nbsp; Proyecto de Direcci\u00f3n 2025 Contexto del Centro (versi\u00f3n 2020) Proyecto de Gesti\u00f3n Reglamento de Organizaci\u00f3n y Funcionamiento Proyecto Educativo. (Dic 2025) A \u2013 Objetivos propios para la mejora del rendimiento escolar y la continuidad del alumnado en el sistema educativo. (2025-2026) B \u2013 L\u00edneas generales de actuaci\u00f3n pedag\u00f3gica. C \u2013 Coordinaci\u00f3n y concreci\u00f3n de [&hellip;]<\/p>\n","protected":false},"author":17518,"featured_media":0,"parent":0,"menu_order":0,"comment_status":"closed","ping_status":"closed","template":"","meta":{"_et_pb_use_builder":"off","_et_pb_old_content":"","_et_gb_content_width":"","ngg_post_thumbnail":0,"footnotes":""},"aioseo_notices":[],"_links":{"self":[{"href":"https:\/\/blogsaverroes.juntadeandalucia.es\/fgarcialorca\/wp-json\/wp\/v2\/pages\/850"}],"collection":[{"href":"https:\/\/blogsaverroes.juntadeandalucia.es\/fgarcialorca\/wp-json\/wp\/v2\/pages"}],"about":[{"href":"https:\/\/blogsaverroes.juntadeandalucia.es\/fgarcialorca\/wp-json\/wp\/v2\/types\/page"}],"author":[{"embeddable":true,"href":"https:\/\/blogsaverroes.juntadeandalucia.es\/fgarcialorca\/wp-json\/wp\/v2\/users\/17518"}],"replies":[{"embeddable":true,"href":"https:\/\/blogsaverroes.juntadeandalucia.es\/fgarcialorca\/wp-json\/wp\/v2\/comments?post=850"}],"version-history":[{"count":65,"href":"https:\/\/blogsaverroes.juntadeandalucia.es\/fgarcialorca\/wp-json\/wp\/v2\/pages\/850\/revisions"}],"predecessor-version":[{"id":2685,"href":"https:\/\/blogsaverroes.juntadeandalucia.es\/fgarcialorca\/wp-json\/wp\/v2\/pages\/850\/revisions\/2685"}],"wp:attachment":[{"href":"https:\/\/blogsaverroes.juntadeandalucia.es\/fgarcialorca\/wp-json\/wp\/v2\/media?parent=850"}],"curies":[{"name":"wp","href":"https:\/\/api.w.org\/{rel}","templated":true}]}}