{"id":867,"date":"2020-12-18T08:55:13","date_gmt":"2020-12-18T07:55:13","guid":{"rendered":"https:\/\/blogsaverroes.juntadeandalucia.es\/pre\/plantilla-pencil\/?page_id=867"},"modified":"2024-03-08T10:27:13","modified_gmt":"2024-03-08T09:27:13","slug":"bilinguismo","status":"publish","type":"page","link":"https:\/\/blogsaverroes.juntadeandalucia.es\/fgarcialorca\/bilinguismo\/","title":{"rendered":"BILING\u00dcISMO"},"content":{"rendered":"<p>[et_pb_section fb_built=&#8221;1&#8243; _builder_version=&#8221;3.23.3&#8243; custom_padding=&#8221;0px||0px|&#8221; z_index_tablet=&#8221;500&#8243; box_shadow_horizontal_tablet=&#8221;0px&#8221; box_shadow_vertical_tablet=&#8221;0px&#8221; box_shadow_blur_tablet=&#8221;40px&#8221; box_shadow_spread_tablet=&#8221;0px&#8221; global_colors_info=&#8221;{}&#8221;][et_pb_row column_structure=&#8221;3_5,2_5&#8243; admin_label=&#8221;Fila&#8221; _builder_version=&#8221;4.14.5&#8243; background_size=&#8221;initial&#8221; background_position=&#8221;top_left&#8221; background_repeat=&#8221;repeat&#8221; global_colors_info=&#8221;{}&#8221;][et_pb_column type=&#8221;3_5&#8243; _builder_version=&#8221;3.25&#8243; custom_padding=&#8221;|||&#8221; global_colors_info=&#8221;{}&#8221; custom_padding__hover=&#8221;|||&#8221;][et_pb_text admin_label=&#8221;Texto descriptivo&#8221; _builder_version=&#8221;4.14.5&#8243; z_index_tablet=&#8221;500&#8243; text_text_shadow_horizontal_length_tablet=&#8221;0px&#8221; text_text_shadow_vertical_length_tablet=&#8221;0px&#8221; text_text_shadow_blur_strength_tablet=&#8221;1px&#8221; link_text_shadow_horizontal_length_tablet=&#8221;0px&#8221; link_text_shadow_vertical_length_tablet=&#8221;0px&#8221; link_text_shadow_blur_strength_tablet=&#8221;1px&#8221; ul_text_shadow_horizontal_length_tablet=&#8221;0px&#8221; ul_text_shadow_vertical_length_tablet=&#8221;0px&#8221; ul_text_shadow_blur_strength_tablet=&#8221;1px&#8221; ol_text_shadow_horizontal_length_tablet=&#8221;0px&#8221; ol_text_shadow_vertical_length_tablet=&#8221;0px&#8221; ol_text_shadow_blur_strength_tablet=&#8221;1px&#8221; quote_text_shadow_horizontal_length_tablet=&#8221;0px&#8221; quote_text_shadow_vertical_length_tablet=&#8221;0px&#8221; quote_text_shadow_blur_strength_tablet=&#8221;1px&#8221; header_text_shadow_horizontal_length_tablet=&#8221;0px&#8221; header_text_shadow_vertical_length_tablet=&#8221;0px&#8221; header_text_shadow_blur_strength_tablet=&#8221;1px&#8221; header_2_text_shadow_horizontal_length_tablet=&#8221;0px&#8221; header_2_text_shadow_vertical_length_tablet=&#8221;0px&#8221; header_2_text_shadow_blur_strength_tablet=&#8221;1px&#8221; header_3_text_shadow_horizontal_length_tablet=&#8221;0px&#8221; header_3_text_shadow_vertical_length_tablet=&#8221;0px&#8221; header_3_text_shadow_blur_strength_tablet=&#8221;1px&#8221; header_4_text_shadow_horizontal_length_tablet=&#8221;0px&#8221; header_4_text_shadow_vertical_length_tablet=&#8221;0px&#8221; header_4_text_shadow_blur_strength_tablet=&#8221;1px&#8221; header_5_text_shadow_horizontal_length_tablet=&#8221;0px&#8221; header_5_text_shadow_vertical_length_tablet=&#8221;0px&#8221; header_5_text_shadow_blur_strength_tablet=&#8221;1px&#8221; header_6_text_shadow_horizontal_length_tablet=&#8221;0px&#8221; header_6_text_shadow_vertical_length_tablet=&#8221;0px&#8221; header_6_text_shadow_blur_strength_tablet=&#8221;1px&#8221; box_shadow_horizontal_tablet=&#8221;0px&#8221; box_shadow_vertical_tablet=&#8221;0px&#8221; box_shadow_blur_tablet=&#8221;40px&#8221; box_shadow_spread_tablet=&#8221;0px&#8221; global_colors_info=&#8221;{}&#8221;]<\/p>\n<h2>Biling\u00fcismo<\/h2>\n<p>La Finalidad del Proyecto es la de promover la ense\u00f1anza y el aprendizaje de determinadas \u00e1reas del conocimiento en al menos dos lenguas: primera lengua (materna) y segunda lengua (ingl\u00e9s).<\/p>\n<p>La segunda lengua es una lengua instrumental, una lengua de aprendizaje junto con la primera lengua. Adem\u00e1s, el alumnado a lo largo de su escolarizaci\u00f3n tendr\u00e1 contactos con otras lenguas.<\/p>\n<p>La metodolog\u00eda a utilizar estar\u00e1 basada en la comunicaci\u00f3n, la interacci\u00f3n y en la priorizaci\u00f3n del c\u00f3digo oral, sin obviar en su momento el c\u00f3digo escrito.<\/p>\n<p><strong>1. Competencia ling\u00fc\u00edstica.<\/strong><\/p>\n<p>El alumnado al confrontar c\u00f3digos diferentes, al establecer comparaciones, al percatarse de las similitudes y oposiciones que presentan las lenguas, van a desarrollar una conciencia ling\u00fc\u00edstica diferente.<\/p>\n<p>La manipulaci\u00f3n de gran diversidad de documentos de m\u00faltiples campos sem\u00e1nticos, har\u00e1n que su comprensi\u00f3n y producci\u00f3n ling\u00fc\u00edstica se incremente. La disposici\u00f3n de m\u00faltiples fuentes de informaci\u00f3n diferentes har\u00e1 que su valoraci\u00f3n cr\u00edtica aumente, ser m\u00e1s creativo, mejor lector y traductor.<\/p>\n<p><strong>2. Competencia cognitiva<\/strong><\/p>\n<p>La ense\u00f1anza \/ aprendizaje de los idiomas acrecentar\u00e1 en el alumnado las capacidades generales de aprendizaje y desarrollar\u00e1 una flexibilidad cognitiva que favorecer\u00e1 su capacidad de an\u00e1lisis y observaci\u00f3n.<\/p>\n<p><strong>3. Desarrollo integral del alumno<\/strong><\/p>\n<p>Desde el punto de vista cultural, al poner al alumnado desde una edad temprana en contacto con otras realidades, va a poder realizar muy pronto comparaciones con su propio entorno, despertando su inter\u00e9s por otras culturas diferentes con distintas costumbres, creencias, instituciones&#8230;lo que va a fomentar la tolerancia, la solidaridad, la libertad y el respeto al pluralismo.<\/p>\n<p><strong>4. Desarrollo de una educaci\u00f3n multicultural<\/strong><\/p>\n<p>Los objetivos de una educaci\u00f3n multicultural deben ir encaminados a:<\/p>\n<ul>\n<li>Cultivar actitudes interculturales positivas:<\/li>\n<\/ul>\n<ol>\n<li style=\"list-style-type: none\">\n<ol>\n<li>respetar y tolerar diferentes formas de entender la vida,<\/li>\n<li>valorar aspectos positivos de otras culturas,<\/li>\n<li>superar prejuicios.<\/li>\n<\/ol>\n<\/li>\n<\/ol>\n<ul>\n<li>Mejorar el autoconcepto personal, cultural y acad\u00e9mico de los alumnos:<\/li>\n<\/ul>\n<ol>\n<li style=\"list-style-type: none\">\n<ol>\n<li>acoger y aceptar a todos los alumnos en calidad de personas,<\/li>\n<li>reconocer e incentivar la participaci\u00f3n escolar de todos evitando la marginaci\u00f3n,<\/li>\n<li>introducir elementos culturales de otras etnias en la decoraci\u00f3n de las clases.<\/li>\n<\/ol>\n<\/li>\n<\/ol>\n<ul>\n<li>Potenciar la convivencia y cooperaci\u00f3n entre el alumnado culturalmente diferente dentro y fuera de la<\/li>\n<li>Potenciar la igualdad de oportunidades acad\u00e9micas.<\/li>\n<\/ul>\n<p><strong>5. Contribuir al desarrollo de una ciudadan\u00eda europea<\/strong><\/p>\n<p>Preparar a la futura ciudadan\u00eda europea a conformar una sociedad democr\u00e1tica, plural y moderna, libre de prejuicios y estereotipos mediante el fomento de la libertad, la tolerancia, la solidaridad y el respeto al pluralismo como valores fundamentales de la Educaci\u00f3n.<\/p>\n<p>&nbsp;<\/p>\n<p>&nbsp;<\/p>\n<p>[\/et_pb_text][\/et_pb_column][et_pb_column type=&#8221;2_5&#8243; _builder_version=&#8221;4.14.5&#8243; _module_preset=&#8221;default&#8221; global_colors_info=&#8221;{}&#8221;][et_pb_image src=&#8221;https:\/\/blogsaverroes.juntadeandalucia.es\/fgarcialorca\/files\/2023\/02\/OIP.jpeg&#8221; title_text=&#8221;OIP&#8221; admin_label=&#8221;Imagen de la portada&#8221; _builder_version=&#8221;4.14.5&#8243; z_index_tablet=&#8221;500&#8243; box_shadow_horizontal_tablet=&#8221;0px&#8221; box_shadow_vertical_tablet=&#8221;0px&#8221; box_shadow_blur_tablet=&#8221;40px&#8221; box_shadow_spread_tablet=&#8221;0px&#8221; global_colors_info=&#8221;{}&#8221;][\/et_pb_image][et_pb_text _builder_version=&#8221;4.14.5&#8243; _module_preset=&#8221;default&#8221; text_text_color=&#8221;#0C71C3&#8243; transform_scale=&#8221;140%|140%&#8221; text_orientation=&#8221;center&#8221; text_text_shadow_style=&#8221;preset2&#8243; global_colors_info=&#8221;{}&#8221;]<\/p>\n<p>AUXILIARES DE CONVERSACI\u00d3N<\/p>\n<p>LANGUAGE ASSISTANTS<\/p>\n<p>[\/et_pb_text][et_pb_button button_url=&#8221;https:\/\/blogsaverroes.juntadeandalucia.es\/fgarcialorca\/files\/2023\/03\/Ficha-Informativa-para-AACC-.pdf&#8221; button_text=&#8221;Ficha de Informaci\u00f3n (ES)&#8221; button_alignment=&#8221;center&#8221; _builder_version=&#8221;4.14.5&#8243; _module_preset=&#8221;default&#8221; custom_button=&#8221;on&#8221; button_text_size=&#8221;14px&#8221; button_bg_color=&#8221;rgba(102,247,255,0.6)&#8221; button_icon=&#8221;&#x68;||divi||400&#8243; global_colors_info=&#8221;{}&#8221;][\/et_pb_button][et_pb_button button_url=&#8221;https:\/\/blogsaverroes.juntadeandalucia.es\/fgarcialorca\/files\/2023\/03\/Ficha-Informativa-para-AACC-English.pdf&#8221; button_text=&#8221;Information Sheet (EN)&#8221; button_alignment=&#8221;center&#8221; _builder_version=&#8221;4.14.5&#8243; _module_preset=&#8221;default&#8221; custom_button=&#8221;on&#8221; button_text_size=&#8221;14px&#8221; button_bg_color=&#8221;rgba(121,228,252,0.51)&#8221; button_icon=&#8221;&#x68;||divi||400&#8243; hover_enabled=&#8221;0&#8243; global_colors_info=&#8221;{}&#8221; button_bg_enable_color=&#8221;on&#8221; sticky_enabled=&#8221;0&#8243;][\/et_pb_button][\/et_pb_column][\/et_pb_row][et_pb_row admin_label=&#8221;Fila&#8221; _builder_version=&#8221;4.14.5&#8243; background_size=&#8221;initial&#8221; background_position=&#8221;top_left&#8221; background_repeat=&#8221;repeat&#8221; global_colors_info=&#8221;{}&#8221;][et_pb_column type=&#8221;4_4&#8243; _builder_version=&#8221;3.25&#8243; custom_padding=&#8221;|||&#8221; global_colors_info=&#8221;{}&#8221; custom_padding__hover=&#8221;|||&#8221;][\/et_pb_column][\/et_pb_row][\/et_pb_section]<\/p>\n","protected":false},"excerpt":{"rendered":"<p>Biling\u00fcismo La Finalidad del Proyecto es la de promover la ense\u00f1anza y el aprendizaje de determinadas \u00e1reas del conocimiento en al menos dos lenguas: primera lengua (materna) y segunda lengua (ingl\u00e9s). La segunda lengua es una lengua instrumental, una lengua de aprendizaje junto con la primera lengua. Adem\u00e1s, el alumnado a lo largo de su [&hellip;]<\/p>\n","protected":false},"author":17518,"featured_media":0,"parent":0,"menu_order":0,"comment_status":"closed","ping_status":"closed","template":"","meta":{"_et_pb_use_builder":"on","_et_pb_old_content":"","_et_gb_content_width":"","ngg_post_thumbnail":0,"footnotes":""},"aioseo_notices":[],"_links":{"self":[{"href":"https:\/\/blogsaverroes.juntadeandalucia.es\/fgarcialorca\/wp-json\/wp\/v2\/pages\/867"}],"collection":[{"href":"https:\/\/blogsaverroes.juntadeandalucia.es\/fgarcialorca\/wp-json\/wp\/v2\/pages"}],"about":[{"href":"https:\/\/blogsaverroes.juntadeandalucia.es\/fgarcialorca\/wp-json\/wp\/v2\/types\/page"}],"author":[{"embeddable":true,"href":"https:\/\/blogsaverroes.juntadeandalucia.es\/fgarcialorca\/wp-json\/wp\/v2\/users\/17518"}],"replies":[{"embeddable":true,"href":"https:\/\/blogsaverroes.juntadeandalucia.es\/fgarcialorca\/wp-json\/wp\/v2\/comments?post=867"}],"version-history":[{"count":18,"href":"https:\/\/blogsaverroes.juntadeandalucia.es\/fgarcialorca\/wp-json\/wp\/v2\/pages\/867\/revisions"}],"predecessor-version":[{"id":2175,"href":"https:\/\/blogsaverroes.juntadeandalucia.es\/fgarcialorca\/wp-json\/wp\/v2\/pages\/867\/revisions\/2175"}],"wp:attachment":[{"href":"https:\/\/blogsaverroes.juntadeandalucia.es\/fgarcialorca\/wp-json\/wp\/v2\/media?parent=867"}],"curies":[{"name":"wp","href":"https:\/\/api.w.org\/{rel}","templated":true}]}}