{"id":141,"date":"2015-03-17T07:13:24","date_gmt":"2015-03-17T07:13:24","guid":{"rendered":"http:\/\/blogsaverroes.juntadeandalucia.es\/pre\/ceip\/?page_id=141"},"modified":"2025-07-17T18:17:32","modified_gmt":"2025-07-17T17:17:32","slug":"escolarizacion","status":"publish","type":"page","link":"https:\/\/blogsaverroes.juntadeandalucia.es\/fglorca\/escolarizacion\/","title":{"rendered":"Admisi\u00f3n y matriculaci\u00f3n."},"content":{"rendered":"\t\t<div data-elementor-type=\"wp-post\" data-elementor-id=\"141\" class=\"elementor elementor-141\">\n\t\t\t\t\t\t<section class=\"elementor-section elementor-top-section elementor-element elementor-element-b16f2fe elementor-section-boxed elementor-section-height-default elementor-section-height-default\" data-id=\"b16f2fe\" data-element_type=\"section\">\n\t\t\t\t\t\t<div class=\"elementor-container elementor-column-gap-default\">\n\t\t\t\t\t<div class=\"elementor-column elementor-col-100 elementor-top-column elementor-element elementor-element-a94b4bc\" data-id=\"a94b4bc\" data-element_type=\"column\">\n\t\t\t<div class=\"elementor-widget-wrap elementor-element-populated\">\n\t\t\t\t\t\t<div class=\"elementor-element elementor-element-e528937 elementor-widget elementor-widget-toggle\" data-id=\"e528937\" data-element_type=\"widget\" data-widget_type=\"toggle.default\">\n\t\t\t\t<div class=\"elementor-widget-container\">\n\t\t\t\t\t\t\t<div class=\"elementor-toggle\">\n\t\t\t\t\t\t\t<div class=\"elementor-toggle-item\">\n\t\t\t\t\t<div id=\"elementor-tab-title-2401\" class=\"elementor-tab-title\" data-tab=\"1\" role=\"button\" aria-controls=\"elementor-tab-content-2401\" aria-expanded=\"false\">\n\t\t\t\t\t\t\t\t\t\t\t\t<span class=\"elementor-toggle-icon elementor-toggle-icon-left\" aria-hidden=\"true\">\n\t\t\t\t\t\t\t\t\t\t\t\t\t\t\t<span class=\"elementor-toggle-icon-closed\"><i class=\"fas fa-caret-right\"><\/i><\/span>\n\t\t\t\t\t\t\t\t<span class=\"elementor-toggle-icon-opened\"><i class=\"elementor-toggle-icon-opened fas fa-caret-up\"><\/i><\/span>\n\t\t\t\t\t\t\t\t\t\t\t\t\t<\/span>\n\t\t\t\t\t\t\t\t\t\t\t\t<a class=\"elementor-toggle-title\" tabindex=\"0\">Admisi\u00f3n en el centro del 1 al 31 de marzo<\/a>\n\t\t\t\t\t<\/div>\n\n\t\t\t\t\t<div id=\"elementor-tab-content-2401\" class=\"elementor-tab-content elementor-clearfix\" data-tab=\"1\" role=\"region\" aria-labelledby=\"elementor-tab-title-2401\"><p>Para el alumnado que no est\u00e1 en el centro y quiere matricularse con nosotros, debe participar en el proceso de admisi\u00f3n. <span style=\"font-size: 16pt\"><strong>El plazo es del 1 al 31 de marzo<\/strong><\/span> para solicitar plaza para el siguiente curso.<\/p><p><strong><a href=\"https:\/\/blogsaverroes.juntadeandalucia.es\/fglorca\/2025\/02\/24\/admision-para-el-curso-2025-2026\/\" target=\"_blank\" rel=\"noopener\">PULSA AQU\u00cd PARA ACCEDER A LA INFORMACI\u00d3N COMPLETA PARA ESTE CURSO.<\/a><\/strong><\/p><\/div>\n\t\t\t\t<\/div>\n\t\t\t\t\t\t\t<div class=\"elementor-toggle-item\">\n\t\t\t\t\t<div id=\"elementor-tab-title-2402\" class=\"elementor-tab-title\" data-tab=\"2\" role=\"button\" aria-controls=\"elementor-tab-content-2402\" aria-expanded=\"false\">\n\t\t\t\t\t\t\t\t\t\t\t\t<span class=\"elementor-toggle-icon elementor-toggle-icon-left\" aria-hidden=\"true\">\n\t\t\t\t\t\t\t\t\t\t\t\t\t\t\t<span class=\"elementor-toggle-icon-closed\"><i class=\"fas fa-caret-right\"><\/i><\/span>\n\t\t\t\t\t\t\t\t<span class=\"elementor-toggle-icon-opened\"><i class=\"elementor-toggle-icon-opened fas fa-caret-up\"><\/i><\/span>\n\t\t\t\t\t\t\t\t\t\t\t\t\t<\/span>\n\t\t\t\t\t\t\t\t\t\t\t\t<a class=\"elementor-toggle-title\" tabindex=\"0\">Matriculaci\u00f3n periodo ordinario del 1 al 8 de junio<\/a>\n\t\t\t\t\t<\/div>\n\n\t\t\t\t\t<div id=\"elementor-tab-content-2402\" class=\"elementor-tab-content elementor-clearfix\" data-tab=\"2\" role=\"region\" aria-labelledby=\"elementor-tab-title-2402\"><p data-wp-editing=\"1\"><a href=\"https:\/\/blogsaverroes.juntadeandalucia.es\/fglorca\/files\/2022\/05\/ABIERTO-EL-PLAZO-DE-MATRI\u0301CULA.png\"><img decoding=\"async\" class=\"alignleft wp-image-7998 size-thumbnail\" src=\"https:\/\/blogsaverroes.juntadeandalucia.es\/fglorca\/files\/2022\/05\/ABIERTO-EL-PLAZO-DE-MATRI\u0301CULA-150x150.png\" alt=\"\" width=\"150\" height=\"150\" srcset=\"https:\/\/blogsaverroes.juntadeandalucia.es\/fglorca\/files\/2022\/05\/ABIERTO-EL-PLAZO-DE-MATRI\u0301CULA-150x150.png 150w, https:\/\/blogsaverroes.juntadeandalucia.es\/fglorca\/files\/2022\/05\/ABIERTO-EL-PLAZO-DE-MATRI\u0301CULA-300x300.png 300w, https:\/\/blogsaverroes.juntadeandalucia.es\/fglorca\/files\/2022\/05\/ABIERTO-EL-PLAZO-DE-MATRI\u0301CULA-100x100.png 100w, https:\/\/blogsaverroes.juntadeandalucia.es\/fglorca\/files\/2022\/05\/ABIERTO-EL-PLAZO-DE-MATRI\u0301CULA-80x80.png 80w, https:\/\/blogsaverroes.juntadeandalucia.es\/fglorca\/files\/2022\/05\/ABIERTO-EL-PLAZO-DE-MATRI\u0301CULA-320x320.png 320w, https:\/\/blogsaverroes.juntadeandalucia.es\/fglorca\/files\/2022\/05\/ABIERTO-EL-PLAZO-DE-MATRI\u0301CULA-24x24.png 24w, https:\/\/blogsaverroes.juntadeandalucia.es\/fglorca\/files\/2022\/05\/ABIERTO-EL-PLAZO-DE-MATRI\u0301CULA-36x36.png 36w, https:\/\/blogsaverroes.juntadeandalucia.es\/fglorca\/files\/2022\/05\/ABIERTO-EL-PLAZO-DE-MATRI\u0301CULA-48x48.png 48w, https:\/\/blogsaverroes.juntadeandalucia.es\/fglorca\/files\/2022\/05\/ABIERTO-EL-PLAZO-DE-MATRI\u0301CULA.png 500w\" sizes=\"(max-width: 150px) 100vw, 150px\" \/><\/a>Para el alumnado que ya est\u00e1 en nuestro centro o para el que ha conseguido plaza en el proceso de admisi\u00f3n, todos los a\u00f1os deben formalizar la matr\u00edcula.<\/p><p><strong><span style=\"font-size: 20pt\">Todos los Cursos los primeros d\u00edas de junio.<\/span><\/strong><\/p><p><a href=\"https:\/\/blogsaverroes.juntadeandalucia.es\/fglorca\/2025\/05\/31\/matriculacion-para-el-curso-2025-2026-del-1-al-9-de-junio\/\" target=\"_blank\" rel=\"noopener\"><span style=\"text-decoration: underline\"><strong>PULSA AQU\u00cd PARA TODA LA INFORMACI\u00d3N SOBRE LA MATRICULACI\u00d3N PARA ESTE CURSO<\/strong><\/span><\/a><\/p><p>Tambi\u00e9n se solicitan los servicios del centro. Aula Matinal, Comedor Escolar y Actividades Extraescolares.<\/p><\/div>\n\t\t\t\t<\/div>\n\t\t\t\t\t\t\t<div class=\"elementor-toggle-item\">\n\t\t\t\t\t<div id=\"elementor-tab-title-2403\" class=\"elementor-tab-title\" data-tab=\"3\" role=\"button\" aria-controls=\"elementor-tab-content-2403\" aria-expanded=\"false\">\n\t\t\t\t\t\t\t\t\t\t\t\t<span class=\"elementor-toggle-icon elementor-toggle-icon-left\" aria-hidden=\"true\">\n\t\t\t\t\t\t\t\t\t\t\t\t\t\t\t<span class=\"elementor-toggle-icon-closed\"><i class=\"fas fa-caret-right\"><\/i><\/span>\n\t\t\t\t\t\t\t\t<span class=\"elementor-toggle-icon-opened\"><i class=\"elementor-toggle-icon-opened fas fa-caret-up\"><\/i><\/span>\n\t\t\t\t\t\t\t\t\t\t\t\t\t<\/span>\n\t\t\t\t\t\t\t\t\t\t\t\t<a class=\"elementor-toggle-title\" tabindex=\"0\">Matriculaci\u00f3n extraordinaria<\/a>\n\t\t\t\t\t<\/div>\n\n\t\t\t\t\t<div id=\"elementor-tab-content-2403\" class=\"elementor-tab-content elementor-clearfix\" data-tab=\"3\" role=\"region\" aria-labelledby=\"elementor-tab-title-2403\"><p>Cuando por traslado de domicilio, durante el curso escolar alg\u00fan alumno\/a necesita escolarizarse en nuestro centro, hay que presentar un Anexo IX de matriculaci\u00f3n.<\/p><p><a href=\"https:\/\/www.juntadeandalucia.es\/educacion\/portals\/delegate\/content\/dcec9582-b20c-494b-bfbd-2886c7b8be94\/ANEXO%20IX\" target=\"_blank\" rel=\"noopener\"><img decoding=\"async\" class=\"alignleft wp-image-2086 size-thumbnail\" src=\"https:\/\/blogsaverroes.juntadeandalucia.es\/fglorca\/files\/2014\/09\/pdf-1-150x150.png\" alt=\"\" width=\"150\" height=\"150\" srcset=\"https:\/\/blogsaverroes.juntadeandalucia.es\/fglorca\/files\/2014\/09\/pdf-1-150x150.png 150w, https:\/\/blogsaverroes.juntadeandalucia.es\/fglorca\/files\/2014\/09\/pdf-1-100x100.png 100w, https:\/\/blogsaverroes.juntadeandalucia.es\/fglorca\/files\/2014\/09\/pdf-1-160x160.png 160w, https:\/\/blogsaverroes.juntadeandalucia.es\/fglorca\/files\/2014\/09\/pdf-1.png 256w\" sizes=\"(max-width: 150px) 100vw, 150px\" \/>Anexo IX de matriculaci\u00f3n extraordinaria<\/a><\/p><\/div>\n\t\t\t\t<\/div>\n\t\t\t\t\t\t\t\t<\/div>\n\t\t\t\t\t\t<\/div>\n\t\t\t\t<\/div>\n\t\t\t\t\t<\/div>\n\t\t<\/div>\n\t\t\t\t\t<\/div>\n\t\t<\/section>\n\t\t\t\t<\/div>\n\t\t","protected":false},"excerpt":{"rendered":"<p>Admisi\u00f3n en el centro del 1 al 31 de marzo Para el alumnado que no est\u00e1 en el centro y quiere matricularse con nosotros, debe participar en el proceso de admisi\u00f3n. El plazo es&#46;&#46;&#46;<\/p>\n","protected":false},"author":1,"featured_media":0,"parent":0,"menu_order":0,"comment_status":"open","ping_status":"open","template":"page-templates\/child-menu.php","meta":{"ngg_post_thumbnail":0,"footnotes":"","_mc_calendar":[]},"aioseo_notices":[],"_links":{"self":[{"href":"https:\/\/blogsaverroes.juntadeandalucia.es\/fglorca\/wp-json\/wp\/v2\/pages\/141"}],"collection":[{"href":"https:\/\/blogsaverroes.juntadeandalucia.es\/fglorca\/wp-json\/wp\/v2\/pages"}],"about":[{"href":"https:\/\/blogsaverroes.juntadeandalucia.es\/fglorca\/wp-json\/wp\/v2\/types\/page"}],"author":[{"embeddable":true,"href":"https:\/\/blogsaverroes.juntadeandalucia.es\/fglorca\/wp-json\/wp\/v2\/users\/1"}],"replies":[{"embeddable":true,"href":"https:\/\/blogsaverroes.juntadeandalucia.es\/fglorca\/wp-json\/wp\/v2\/comments?post=141"}],"version-history":[{"count":4,"href":"https:\/\/blogsaverroes.juntadeandalucia.es\/fglorca\/wp-json\/wp\/v2\/pages\/141\/revisions"}],"predecessor-version":[{"id":20467,"href":"https:\/\/blogsaverroes.juntadeandalucia.es\/fglorca\/wp-json\/wp\/v2\/pages\/141\/revisions\/20467"}],"wp:attachment":[{"href":"https:\/\/blogsaverroes.juntadeandalucia.es\/fglorca\/wp-json\/wp\/v2\/media?parent=141"}],"curies":[{"name":"wp","href":"https:\/\/api.w.org\/{rel}","templated":true}]}}