{"id":3960,"date":"2018-11-07T19:25:14","date_gmt":"2018-11-07T19:25:14","guid":{"rendered":"https:\/\/blogsaverroes.juntadeandalucia.es\/fglorca\/?page_id=3960"},"modified":"2024-03-03T16:13:30","modified_gmt":"2024-03-03T15:13:30","slug":"federico-garcia-lorca","status":"publish","type":"page","link":"https:\/\/blogsaverroes.juntadeandalucia.es\/fglorca\/federico-garcia-lorca\/","title":{"rendered":"Federico Garc\u00eda Lorca"},"content":{"rendered":"<p>El nombre de nuestro cole, es en homenaje a D. Federico Garc\u00eda Lorca.<\/p>\n<p><a href=\"https:\/\/blogsaverroes.juntadeandalucia.es\/fglorca\/files\/2018\/11\/Cara-lorca.jpg\"><img fetchpriority=\"high\" decoding=\"async\" class=\"size-full wp-image-3961 alignleft\" src=\"https:\/\/blogsaverroes.juntadeandalucia.es\/fglorca\/files\/2018\/11\/Cara-lorca.jpg\" alt=\"\" width=\"285\" height=\"419\" srcset=\"https:\/\/blogsaverroes.juntadeandalucia.es\/fglorca\/files\/2018\/11\/Cara-lorca.jpg 285w, https:\/\/blogsaverroes.juntadeandalucia.es\/fglorca\/files\/2018\/11\/Cara-lorca-204x300.jpg 204w, https:\/\/blogsaverroes.juntadeandalucia.es\/fglorca\/files\/2018\/11\/Cara-lorca-16x24.jpg 16w, https:\/\/blogsaverroes.juntadeandalucia.es\/fglorca\/files\/2018\/11\/Cara-lorca-24x36.jpg 24w, https:\/\/blogsaverroes.juntadeandalucia.es\/fglorca\/files\/2018\/11\/Cara-lorca-33x48.jpg 33w\" sizes=\"(max-width: 285px) 100vw, 285px\" \/><\/a>Federico Garc\u00eda Lorca naci\u00f3 el 5 de junio de 1898 en el municipio de Fuente Vaqueros, Granada (Espa\u00f1a), en el seno de una familia acomodada. Fue bautizado con el nombre de Federico del Sagrado Coraz\u00f3n de Jes\u00fas Garc\u00eda Lorca.&nbsp; Su padre, Federico Garc\u00eda Rodr\u00edguez, era un respetado y pr\u00f3spero hacendado, y su madre, Vicenta Lorca, maestra de escuela, de quien el poeta dijo haber heredado su inteligencia e inclinaciones art\u00edsticas. Fue el mayor de cuatro hermanos: Francisco, Concha e Isabel.<\/p>\n<p>Desde que ten\u00eda&nbsp; 2 a\u00f1os, seg\u00fan uno de sus bi\u00f3grafos, <a href=\"https:\/\/es.wikipedia.org\/wiki\/Edwin_Honig\" target=\"_blank\" rel=\"noopener noreferrer\">Edwin Honig<\/a>, Federico mostr\u00f3 una gran habilidad para aprender canciones populares, y escenificaba en miniatura oficios religiosos. De salud fr\u00e1gil,&nbsp; no empez\u00f3 a caminar hasta que tuvo cuatro a\u00f1os. Como estudiante fue algo irregular, cuando era&nbsp; ni\u00f1o lo pusieron bajo la tutela del maestro Rodr\u00edguez Espinosa en Almer\u00eda, ciudad en la que residi\u00f3 con su familia entre 1906 y 1909. Luego volvi\u00f3 a su provincia natal, donde inici\u00f3 el bachillerato. Comenz\u00f3 a estudiar Derecho pero abandon\u00f3 la Facultad de Granada para instalarse en la Residencia de Estudiantes de Madrid (1918\u20131928), donde conoci\u00f3, adem\u00e1s de a otros intelectuales y poetas,&nbsp; a Salvador Dal\u00ed, a quien le unir\u00eda un importante v\u00ednculo personal y art\u00edstico; pasado un tiempo, regres\u00f3 a la Universidad de Granada, donde se licenci\u00f3 en Derecho, aunque nunca ejerci\u00f3 la abogac\u00eda, ya que su vocaci\u00f3n era la literatura.<\/p>\n<p>En 1929, todav\u00eda v\u00edctima de serios problemas emocionales, Lorca viaja a Nueva York donde permaneci\u00f3 un a\u00f1o. Y es en las calles de Nueva York y la cercana y rural Vermont donde tras enfrentarse a su homosexualidad, tendencias suicidas y profunda soledad, consigue recuperar el equilibrio.<\/p>\n<p>Poco despu\u00e9s de regresar a Espa\u00f1a, en 1930, se hab\u00eda creado la Segunda, Rep\u00fablica, participando de un periodo de intensa actividad cultural y encarg\u00e1ndosele la co-direcci\u00f3n de la compa\u00f1\u00eda estatal de teatro La Barraca. Al estallar la Guerra Civil en 1936 le ofrecieron exilio pol\u00edtico en Colombia y M\u00e9xico, cuyos embajadores previeron que el poeta pudiera ser v\u00edctima de un atentado, sin embargo Lorca rechaz\u00f3 la oferta y volvi\u00f3 a Granada.<\/p>\n<p>Tras una denuncia an\u00f3nima, el 16 de agosto de 1936 fue detenido en la casa de su amigo, el falangista y poeta Luis Rosales, quien obtuvo la promesa de las autoridades nacionales de que ser\u00eda puesto en libertad \u00absi no exist\u00eda denuncia en su contra\u00bb. Sin embargo, ninguno de sus amigos de la Falange &#8211; tuvo gran amistad con el l\u00edder y fundador de la Falange Espa\u00f1ola, Jos\u00e9 Antonio Primo de Rivera, muy aficionado a la poes\u00eda- evit\u00f3 que fuera fusilado en la ma\u00f1ana del 19 de agosto de 1936. Las verdaderas circunstancias que acompa\u00f1aron su muerte siguen siendo un misterio, si bien no se descartan razones de tipo territorial,&nbsp; ya que algunos caciques muy conservadores ten\u00edan rencor al padre de Lorca porque era un cacique progresista. Sus declaraciones de que \u00aben Granada se agita la peor burgues\u00eda de Espa\u00f1a\u00bb, junto al hecho de ser republicano y homosexual pudieron convertirse en su sentencia de muerte.<\/p>\n<p>Fuente: <a href=\"http:\/\/portal.ced.junta-andalucia.es\/educacion\/webportal\/web\/garcia-lorca\" target=\"_blank\" rel=\"noopener noreferrer\">Portal de Federico Garc\u00eda Lorca<\/a><\/p>\n","protected":false},"excerpt":{"rendered":"<p>El nombre de nuestro cole, es en homenaje a D. Federico Garc\u00eda Lorca. Federico Garc\u00eda Lorca naci\u00f3 el 5 de junio de 1898 en el municipio de Fuente Vaqueros, Granada (Espa\u00f1a), en el seno&#46;&#46;&#46;<\/p>\n","protected":false},"author":2224,"featured_media":2626,"parent":0,"menu_order":0,"comment_status":"closed","ping_status":"closed","template":"","meta":{"ngg_post_thumbnail":0,"footnotes":"","_mc_calendar":[]},"aioseo_notices":[],"_links":{"self":[{"href":"https:\/\/blogsaverroes.juntadeandalucia.es\/fglorca\/wp-json\/wp\/v2\/pages\/3960"}],"collection":[{"href":"https:\/\/blogsaverroes.juntadeandalucia.es\/fglorca\/wp-json\/wp\/v2\/pages"}],"about":[{"href":"https:\/\/blogsaverroes.juntadeandalucia.es\/fglorca\/wp-json\/wp\/v2\/types\/page"}],"author":[{"embeddable":true,"href":"https:\/\/blogsaverroes.juntadeandalucia.es\/fglorca\/wp-json\/wp\/v2\/users\/2224"}],"replies":[{"embeddable":true,"href":"https:\/\/blogsaverroes.juntadeandalucia.es\/fglorca\/wp-json\/wp\/v2\/comments?post=3960"}],"version-history":[{"count":2,"href":"https:\/\/blogsaverroes.juntadeandalucia.es\/fglorca\/wp-json\/wp\/v2\/pages\/3960\/revisions"}],"predecessor-version":[{"id":14050,"href":"https:\/\/blogsaverroes.juntadeandalucia.es\/fglorca\/wp-json\/wp\/v2\/pages\/3960\/revisions\/14050"}],"wp:featuredmedia":[{"embeddable":true,"href":"https:\/\/blogsaverroes.juntadeandalucia.es\/fglorca\/wp-json\/wp\/v2\/media\/2626"}],"wp:attachment":[{"href":"https:\/\/blogsaverroes.juntadeandalucia.es\/fglorca\/wp-json\/wp\/v2\/media?parent=3960"}],"curies":[{"name":"wp","href":"https:\/\/api.w.org\/{rel}","templated":true}]}}