{"id":42,"date":"2015-03-13T08:40:47","date_gmt":"2015-03-13T08:40:47","guid":{"rendered":"http:\/\/blogsaverroes.juntadeandalucia.es\/pre\/ceip\/?page_id=42"},"modified":"2020-02-13T15:24:32","modified_gmt":"2020-02-13T15:24:32","slug":"equipo-directivo","status":"publish","type":"page","link":"https:\/\/blogsaverroes.juntadeandalucia.es\/fglorca\/equipo-directivo\/","title":{"rendered":"Equipo directivo"},"content":{"rendered":"<p><strong><a href=\"http:\/\/blogsaverroes.juntadeandalucia.es\/fglorca\/files\/2015\/05\/cropped-enamoradosdelapu.jpg\"><img decoding=\"async\" class=\"aligncenter wp-image-3264\" src=\"http:\/\/blogsaverroes.juntadeandalucia.es\/fglorca\/files\/2015\/05\/cropped-enamoradosdelapu.jpg\" alt=\"cropped-enamoradosdelapu\" width=\"801\" height=\"59\" srcset=\"https:\/\/blogsaverroes.juntadeandalucia.es\/fglorca\/files\/2015\/05\/cropped-enamoradosdelapu.jpg 950w, https:\/\/blogsaverroes.juntadeandalucia.es\/fglorca\/files\/2015\/05\/cropped-enamoradosdelapu-300x22.jpg 300w\" sizes=\"(max-width: 801px) 100vw, 801px\" \/><\/a><\/strong><\/p>\n<ul>\n<li><strong>Direcci\u00f3n: D. <\/strong><strong>Agust\u00edn Ram\u00edrez.<\/strong><\/li>\n<li><strong>Jefatura de estudios: D. Antonia L\u00f3pez.&nbsp;<br \/>\n<\/strong><\/li>\n<li><strong>Secretario: D. Daniel Carmona.<\/strong><br \/>\n<strong><a href=\"http:\/\/blogsaverroes.juntadeandalucia.es\/fglorca\/files\/2015\/05\/cropped-fglorca.jpg\"><img decoding=\"async\" class=\"aligncenter size-full wp-image-2626\" src=\"http:\/\/blogsaverroes.juntadeandalucia.es\/fglorca\/files\/2015\/05\/cropped-fglorca.jpg\" alt=\"cropped-fglorca\" width=\"157\" height=\"99\"><\/a><\/strong><\/li>\n<\/ul>\n","protected":false},"excerpt":{"rendered":"<p>Direcci\u00f3n: D. Agust\u00edn Ram\u00edrez. Jefatura de estudios: D. Antonia L\u00f3pez.&nbsp; Secretario: D. Daniel Carmona.<\/p>\n","protected":false},"author":1,"featured_media":0,"parent":0,"menu_order":0,"comment_status":"open","ping_status":"open","template":"page-templates\/child-menu.php","meta":{"ngg_post_thumbnail":0,"footnotes":"","_mc_calendar":[]},"aioseo_notices":[],"_links":{"self":[{"href":"https:\/\/blogsaverroes.juntadeandalucia.es\/fglorca\/wp-json\/wp\/v2\/pages\/42"}],"collection":[{"href":"https:\/\/blogsaverroes.juntadeandalucia.es\/fglorca\/wp-json\/wp\/v2\/pages"}],"about":[{"href":"https:\/\/blogsaverroes.juntadeandalucia.es\/fglorca\/wp-json\/wp\/v2\/types\/page"}],"author":[{"embeddable":true,"href":"https:\/\/blogsaverroes.juntadeandalucia.es\/fglorca\/wp-json\/wp\/v2\/users\/1"}],"replies":[{"embeddable":true,"href":"https:\/\/blogsaverroes.juntadeandalucia.es\/fglorca\/wp-json\/wp\/v2\/comments?post=42"}],"version-history":[{"count":8,"href":"https:\/\/blogsaverroes.juntadeandalucia.es\/fglorca\/wp-json\/wp\/v2\/pages\/42\/revisions"}],"predecessor-version":[{"id":5062,"href":"https:\/\/blogsaverroes.juntadeandalucia.es\/fglorca\/wp-json\/wp\/v2\/pages\/42\/revisions\/5062"}],"wp:attachment":[{"href":"https:\/\/blogsaverroes.juntadeandalucia.es\/fglorca\/wp-json\/wp\/v2\/media?parent=42"}],"curies":[{"name":"wp","href":"https:\/\/api.w.org\/{rel}","templated":true}]}}