{"id":545,"date":"2014-09-02T19:51:55","date_gmt":"2014-09-02T18:51:55","guid":{"rendered":"http:\/\/web.fglorca.es\/?page_id=545"},"modified":"2014-09-02T19:51:55","modified_gmt":"2014-09-02T18:51:55","slug":"libros-de-texto-y-materiales","status":"publish","type":"page","link":"https:\/\/blogsaverroes.juntadeandalucia.es\/fglorca\/libros-de-texto-y-materiales\/","title":{"rendered":"Libros de texto y materiales"},"content":{"rendered":"<h1><a href=\"http:\/\/www.juntadeandalucia.es\/temas\/estudiar\/becas\/libros-texto.html\" target=\"_blank\"><img fetchpriority=\"high\" decoding=\"async\" class=\"aligncenter size-full wp-image-830\" src=\"http:\/\/blogsaverroes.juntadeandalucia.es\/fglorca\/files\/2014\/09\/top_portada.png\" alt=\"top_portada\" width=\"941\" height=\"159\" srcset=\"https:\/\/blogsaverroes.juntadeandalucia.es\/fglorca\/files\/2014\/09\/top_portada.png 941w, https:\/\/blogsaverroes.juntadeandalucia.es\/fglorca\/files\/2014\/09\/top_portada-300x51.png 300w\" sizes=\"(max-width: 941px) 100vw, 941px\" \/><\/a>Libros de Texto Curso 2015\/2016<\/h1>\n<p><a href=\"https:\/\/drive.google.com\/file\/d\/0B64bS_yaKRB6T2ZEejZsRWpVTkk\/edit?usp=sharing\" target=\"_blank\"><img decoding=\"async\" class=\"alignnone wp-image-546 size-full\" src=\"http:\/\/blogsaverroes.juntadeandalucia.es\/fglorca\/files\/2014\/09\/pdf.png\" alt=\"pdf\" width=\"32\" height=\"32\" \/><\/a><a href=\"https:\/\/drive.google.com\/file\/d\/0B64bS_yaKRB6UDhxMHIzVUtRVjg\/view?usp=sharing\" target=\"_blank\">Relaci\u00f3n de libros de texto para el curso 2015\/2016.<\/a><\/p>\n<p>El alumnado de ense\u00f1anza obligatoria en los centros docentes andaluces sostenidos con fondos p\u00fablicos puede disponer gratuitamente de los correspondientes libros de texto. Dichos libros ser\u00e1n propiedad de la Administraci\u00f3n educativa y, una vez concluido el curso escolar, permanecer\u00e1n en el centro docente para que puedan ser utilizados por otros alumnos o alumnas en el curso siguiente. Todos los libros de texto ser\u00e1n renovados cada cuatro cursos escolares.<\/p>\n<p>Los beneficiarios del programa est\u00e1n obligados a:<\/p>\n<ol>\n<li>Garantizar un uso adecuado y cuidadoso de los libros de texto.<\/li>\n<li>Devolver los libros de texto al centro una vez terminado el curso, o en el momento de la baja en caso de traslado.<\/li>\n<li>Reponer aquellos libros extraviados o deteriorados malintencionadamente.<\/li>\n<\/ol>\n<p>El representante legal del alumno o alumna que no desee participar en el programa de gratuidad en un determinado a\u00f1o acad\u00e9mico, lo comunicar\u00e1 en el centro docente en el momento de formalizar la inscripci\u00f3n.<\/p>\n<ul class=\"enlaces\">\n<li><a title=\"Normativa reguladora\" href=\"http:\/\/www.juntadeandalucia.es\/educacion\/nav\/navegacion.jsp?lista_canales=1290\" target=\"_blank\">Normativa reguladora<\/a><\/li>\n<\/ul>\n<h1>Materiales Curso 2015\/2016<\/h1>\n<ul>\n<li>\n<h2>Infantil.<\/h2>\n<\/li>\n<li>\n<h2>Primaria<\/h2>\n<\/li>\n<\/ul>\n<p><a href=\"https:\/\/drive.google.com\/file\/d\/0B64bS_yaKRB6T2ZEejZsRWpVTkk\/edit?usp=sharing\" target=\"_blank\"><img decoding=\"async\" class=\"alignnone wp-image-546 size-full\" src=\"http:\/\/blogsaverroes.juntadeandalucia.es\/fglorca\/files\/2014\/09\/pdf.png\" alt=\"pdf\" width=\"32\" height=\"32\" \/><\/a>1\u00ba<\/p>\n<p><a href=\"https:\/\/drive.google.com\/file\/d\/0B64bS_yaKRB6akplMTVyRHF6WU0\/edit?usp=sharing\" target=\"_blank\"><img decoding=\"async\" class=\"alignnone wp-image-546 size-full\" src=\"http:\/\/blogsaverroes.juntadeandalucia.es\/fglorca\/files\/2014\/09\/pdf.png\" alt=\"pdf\" width=\"32\" height=\"32\" \/><\/a>2\u00ba<\/p>\n<p><a href=\"https:\/\/drive.google.com\/file\/d\/0B64bS_yaKRB6RWkwLVRQQ3k4ejlLbHFwMG9OMzFlX2RFbmNJ\/view?usp=sharing\" target=\"_blank\"><img decoding=\"async\" class=\"alignnone wp-image-546 size-full\" src=\"http:\/\/blogsaverroes.juntadeandalucia.es\/fglorca\/files\/2014\/09\/pdf.png\" alt=\"pdf\" width=\"32\" height=\"32\" \/>3\u00ba<\/a>\u00a0de Primaria<\/p>\n<p><a href=\"https:\/\/drive.google.com\/file\/d\/0B64bS_yaKRB6RWkwLVRQQ3k4ejlLbHFwMG9OMzFlX2RFbmNJ\/view?usp=sharing\" target=\"_blank\"><img decoding=\"async\" class=\"alignnone wp-image-546 size-full\" src=\"http:\/\/blogsaverroes.juntadeandalucia.es\/fglorca\/files\/2014\/09\/pdf.png\" alt=\"pdf\" width=\"32\" height=\"32\" \/>4\u00ba<\/a>\u00a0de Primaria<\/p>\n<p><a href=\"https:\/\/drive.google.com\/file\/d\/0B64bS_yaKRB6djBnUTBpOWtwZWs\/edit?usp=sharing\" target=\"_blank\"><img decoding=\"async\" class=\"alignnone wp-image-546 size-full\" src=\"http:\/\/blogsaverroes.juntadeandalucia.es\/fglorca\/files\/2014\/09\/pdf.png\" alt=\"pdf\" width=\"32\" height=\"32\" \/><\/a>5\u00ba<\/p>\n<p><a href=\"https:\/\/drive.google.com\/file\/d\/0B64bS_yaKRB6djBnUTBpOWtwZWs\/edit?usp=sharing\" target=\"_blank\"><img decoding=\"async\" class=\"alignnone wp-image-546 size-full\" src=\"http:\/\/blogsaverroes.juntadeandalucia.es\/fglorca\/files\/2014\/09\/pdf.png\" alt=\"pdf\" width=\"32\" height=\"32\" \/><\/a>6\u00ba<\/p>\n<ul>\n<li>\n<h2>Secundaria<\/h2>\n<\/li>\n<\/ul>\n<ul>\n<li><a href=\"https:\/\/drive.google.com\/file\/d\/0B64bS_yaKRB6eU50cWM0YWlrQ0E\/view?usp=sharing\" target=\"_blank\"><img decoding=\"async\" class=\"alignnone wp-image-546 size-full\" src=\"http:\/\/blogsaverroes.juntadeandalucia.es\/fglorca\/files\/2014\/09\/pdf.png\" alt=\"pdf\" width=\"32\" height=\"32\" \/><\/a><a href=\"https:\/\/drive.google.com\/file\/d\/0B64bS_yaKRB6eU50cWM0YWlrQ0E\/view?usp=sharing\" target=\"_blank\">1\u00ba y 2\u00ba ESO<\/a><\/li>\n<\/ul>\n<h1><\/h1>\n<p>&nbsp;<\/p>\n","protected":false},"excerpt":{"rendered":"<p>Libros de Texto Curso 2015\/2016 Relaci\u00f3n de libros de texto para el curso 2015\/2016. El alumnado de ense\u00f1anza obligatoria en los centros docentes andaluces sostenidos con fondos p\u00fablicos puede disponer gratuitamente de los correspondientes&#46;&#46;&#46;<\/p>\n","protected":false},"author":2243,"featured_media":829,"parent":0,"menu_order":0,"comment_status":"open","ping_status":"open","template":"","meta":{"ngg_post_thumbnail":0,"footnotes":"","_mc_calendar":[]},"aioseo_notices":[],"_links":{"self":[{"href":"https:\/\/blogsaverroes.juntadeandalucia.es\/fglorca\/wp-json\/wp\/v2\/pages\/545"}],"collection":[{"href":"https:\/\/blogsaverroes.juntadeandalucia.es\/fglorca\/wp-json\/wp\/v2\/pages"}],"about":[{"href":"https:\/\/blogsaverroes.juntadeandalucia.es\/fglorca\/wp-json\/wp\/v2\/types\/page"}],"author":[{"embeddable":true,"href":"https:\/\/blogsaverroes.juntadeandalucia.es\/fglorca\/wp-json\/wp\/v2\/users\/2243"}],"replies":[{"embeddable":true,"href":"https:\/\/blogsaverroes.juntadeandalucia.es\/fglorca\/wp-json\/wp\/v2\/comments?post=545"}],"version-history":[{"count":0,"href":"https:\/\/blogsaverroes.juntadeandalucia.es\/fglorca\/wp-json\/wp\/v2\/pages\/545\/revisions"}],"wp:featuredmedia":[{"embeddable":true,"href":"https:\/\/blogsaverroes.juntadeandalucia.es\/fglorca\/wp-json\/wp\/v2\/media\/829"}],"wp:attachment":[{"href":"https:\/\/blogsaverroes.juntadeandalucia.es\/fglorca\/wp-json\/wp\/v2\/media?parent=545"}],"curies":[{"name":"wp","href":"https:\/\/api.w.org\/{rel}","templated":true}]}}