{"id":5779,"date":"2020-06-04T23:01:18","date_gmt":"2020-06-04T23:01:18","guid":{"rendered":"https:\/\/blogsaverroes.juntadeandalucia.es\/fglorca\/?page_id=5779"},"modified":"2025-05-31T19:30:59","modified_gmt":"2025-05-31T18:30:59","slug":"matriculanotelematica","status":"publish","type":"page","link":"https:\/\/blogsaverroes.juntadeandalucia.es\/fglorca\/escolarizacion\/matriculanotelematica\/","title":{"rendered":"Matr\u00edcula no telem\u00e1tica, para entregar en el centro."},"content":{"rendered":"\t\t<div data-elementor-type=\"wp-post\" data-elementor-id=\"5779\" class=\"elementor elementor-5779\">\n\t\t\t\t\t\t<section class=\"elementor-section elementor-top-section elementor-element elementor-element-9e43682 elementor-section-boxed elementor-section-height-default elementor-section-height-default\" data-id=\"9e43682\" data-element_type=\"section\">\n\t\t\t\t\t\t<div class=\"elementor-container elementor-column-gap-default\">\n\t\t\t\t\t<div class=\"elementor-column elementor-col-100 elementor-top-column elementor-element elementor-element-1299e0d\" data-id=\"1299e0d\" data-element_type=\"column\">\n\t\t\t<div class=\"elementor-widget-wrap elementor-element-populated\">\n\t\t\t\t\t\t<div class=\"elementor-element elementor-element-6e6bfa4 elementor-align-center elementor-button-info elementor-widget elementor-widget-button\" data-id=\"6e6bfa4\" data-element_type=\"widget\" data-widget_type=\"button.default\">\n\t\t\t\t<div class=\"elementor-widget-container\">\n\t\t\t\t\t\t\t\t\t<div class=\"elementor-button-wrapper\">\n\t\t\t\t\t<a class=\"elementor-button elementor-button-link elementor-size-xl\" href=\"https:\/\/www.juntadeandalucia.es\/educacion\/portales\/web\/escolarizacion\/infantil-a-bachillerato\" target=\"_blank\">\n\t\t\t\t\t\t<span class=\"elementor-button-content-wrapper\">\n\t\t\t\t\t\t\t\t\t<span class=\"elementor-button-text\">VER PORTAL DE MATRICULACI\u00d3N DE LA JUNTA DE ANDALUC\u00cdA<\/span>\n\t\t\t\t\t<\/span>\n\t\t\t\t\t<\/a>\n\t\t\t\t<\/div>\n\t\t\t\t\t\t\t\t<\/div>\n\t\t\t\t<\/div>\n\t\t\t\t\t<\/div>\n\t\t<\/div>\n\t\t\t\t\t<\/div>\n\t\t<\/section>\n\t\t\t\t<section class=\"elementor-section elementor-top-section elementor-element elementor-element-93e3cfd elementor-section-boxed elementor-section-height-default elementor-section-height-default\" data-id=\"93e3cfd\" data-element_type=\"section\">\n\t\t\t\t\t\t<div class=\"elementor-container elementor-column-gap-default\">\n\t\t\t\t\t<div class=\"elementor-column elementor-col-100 elementor-top-column elementor-element elementor-element-03f7a90\" data-id=\"03f7a90\" data-element_type=\"column\">\n\t\t\t<div class=\"elementor-widget-wrap elementor-element-populated\">\n\t\t\t\t\t\t<div class=\"elementor-element elementor-element-8bfd43b elementor-widget elementor-widget-toggle\" data-id=\"8bfd43b\" data-element_type=\"widget\" data-widget_type=\"toggle.default\">\n\t\t\t\t<div class=\"elementor-widget-container\">\n\t\t\t\t\t\t\t<div class=\"elementor-toggle\">\n\t\t\t\t\t\t\t<div class=\"elementor-toggle-item\">\n\t\t\t\t\t<div id=\"elementor-tab-title-1461\" class=\"elementor-tab-title\" data-tab=\"1\" role=\"button\" aria-controls=\"elementor-tab-content-1461\" aria-expanded=\"false\">\n\t\t\t\t\t\t\t\t\t\t\t\t<span class=\"elementor-toggle-icon elementor-toggle-icon-left\" aria-hidden=\"true\">\n\t\t\t\t\t\t\t\t\t\t\t\t\t\t\t<span class=\"elementor-toggle-icon-closed\"><i class=\"fas fa-caret-right\"><\/i><\/span>\n\t\t\t\t\t\t\t\t<span class=\"elementor-toggle-icon-opened\"><i class=\"elementor-toggle-icon-opened fas fa-caret-up\"><\/i><\/span>\n\t\t\t\t\t\t\t\t\t\t\t\t\t<\/span>\n\t\t\t\t\t\t\t\t\t\t\t\t<a class=\"elementor-toggle-title\" tabindex=\"0\">INFORMACI\u00d3N COMPLETA. PULSA.<\/a>\n\t\t\t\t\t<\/div>\n\n\t\t\t\t\t<div id=\"elementor-tab-content-1461\" class=\"elementor-tab-content elementor-clearfix\" data-tab=\"1\" role=\"region\" aria-labelledby=\"elementor-tab-title-1461\"><p class=\"western\" align=\"center\"><span style=\"font-size: large\"><b>INFORMACI\u00d3N PARA EL ALUMNADO DE NUEVA INCORPORACI\u00d3N SOBRE LA MATR\u00cdCULA, ACTIVIDADES Y SERVICIOS COMPLEMENTARIOS PARA EL CURSO 2025\/2026. <\/b><\/span><\/p><p class=\"western\" align=\"center\"><span style=\"font-size: large\"><u><b>PLAZO DE MATRICULACI\u00d3N E INSCRIPCI\u00d3N DEL 01 AL 09 DE <\/b><\/u><\/span><\/p><p class=\"western\" align=\"center\"><span style=\"font-size: large\"><u><b>JUNIO DEL 2025.<\/b><\/u><\/span><\/p><p class=\"western\" align=\"left\"><span style=\"font-size: medium\">El d\u00eda <b>1 de junio<\/b> comienza el proceso de matriculaci\u00f3n e inscripci\u00f3n del alumnado para el curso 2025\/2026.<\/span><\/p><p class=\"western\" align=\"left\"><span style=\"font-size: medium\">Coincidiendo con dicho proceso, se realizar\u00e1n tambi\u00e9n las solicitudes del uso de los servicios de<b> <\/b><b>A<\/b><b>ula <\/b><b>M<\/b><b>atinal, <\/b><b>C<\/b><b>omedor escolar y <\/b><b>A<\/b><b>ctividades <\/b><b>E<\/b><b>xtraescolares.<\/b> El plazo es del <b>1 al <\/b><b>10<\/b><b>\u00a0de junio de 2025.<\/b><\/span><\/p><p class=\"western\" align=\"center\"><span style=\"font-size: large\"><u><b>DOCUMENTACI\u00d3N NECESARIA PARA LA MATRICULACI\u00d3N DEL ALUMNADO DE NUEVA INCORPORACI\u00d3N\u00a0<\/b><\/u><\/span><\/p><p class=\"western\" align=\"left\"><span style=\"font-size: medium\">1. Impresos entregados por el Centro.<\/span><\/p><p class=\"western\" align=\"left\"><span style=\"font-size: medium\">&#8211; <b>ANEXO V<\/b>: Matriculaci\u00f3n (ENTREGAR POR DUPLICADO)<\/span><\/p><p class=\"western\" align=\"left\"><span style=\"font-size: medium\">&#8211; Datos b\u00e1sicos generales y m\u00e9dicos del alumno\/a.<\/span><\/p><p class=\"western\" align=\"left\"><span style=\"font-size: medium\">&#8211; Autorizaci\u00f3n para la recogida del alumno\/a.<\/span><\/p><p class=\"western\" align=\"left\"><span style=\"font-size: medium\">&#8211; Autorizaci\u00f3n para la publicaci\u00f3n de im\u00e1genes del alumno\/a.<\/span><\/p><p class=\"western\" align=\"left\"><span style=\"font-size: medium\">2. Dos fotografi\u00e1s tama\u00f1o carnet.<\/span><\/p><p class=\"western\" align=\"left\"><span style=\"font-size: medium\">3. N\u00famero de la tarjeta sanitaria o AN.<\/span><\/p><p class=\"western\" align=\"left\"><span style=\"font-size: medium\">4. Fotocopia de la cartilla de vacunas.<\/span><\/p><p class=\"western\" align=\"left\"><span style=\"font-size: medium\">5. Fotocopia del Libro de Familia.<\/span><\/p><p class=\"western\" align=\"left\"><span style=\"font-size: medium\">6. Fotocopia del DNI\/ Pasaporte de los padres.<\/span><\/p><p class=\"western\" align=\"left\"><span style=\"font-size: medium\">7. Fotocopia del DNI\/ Pasaporte del alumno\/a si dispusiera del mismo.<\/span><\/p><p class=\"western\" align=\"left\"><span style=\"font-size: medium\">8. Solicitud de inscripci\u00f3n al AMPA (voluntario).<\/span><\/p><p class=\"western\" align=\"left\"><span style=\"font-size: medium\">9. Sentencia de separaci\u00f3n y divorcio (si procede).<\/span><\/p><p class=\"western\" align=\"left\"><span style=\"font-size: medium\">10. Informes m\u00e9dicos del alumno\/a (si procede).<\/span><\/p><p class=\"western\"><span style=\"font-size: large\"><u><b>AULA MATINAL Y COMEDOR<\/b><\/u><\/span><\/p><p class=\"western\" align=\"justify\"><span style=\"font-size: large\">Si se requiere el uso de dichos servicios. Se ha de solicitar junto con la matr\u00edcula. Para hacer uso de estos, el solicitante se compromete al pago correspondiente de los mismos seg\u00fan la tarifa que establezca la Junta de Andaluc\u00eda. Si se quiere solicitar <b>BONIFICACI\u00d3N<\/b>, se tendr\u00e1 que <b>SOLICITAR <\/b><b>en<\/b><b> septiembre de 2025<\/b><b>. <\/b><\/span><\/p><p class=\"western\" align=\"justify\"><span style=\"font-size: large\">Para el Aula Matinal y el Comedor, el n\u00famero de plazas es limitado y tienen preferencia las familias del alumnado que est\u00e1n trabajando ambos tutores o al menos uno de ellos, por este orden.<\/span><\/p><p class=\"western\" align=\"justify\"><span style=\"font-size: large\">Junto con la solicitud es necesario presentar por cada uno de ellos la siguiente documentaci\u00f3n:<\/span><\/p><p class=\"western\" align=\"justify\"><span style=\"font-size: large\">&#8211; <b>INFORME <\/b><b>de la <\/b><b>VIDA LABORAL.<\/b><\/span><\/p><p class=\"western\" align=\"justify\"><span style=\"font-size: large\">&#8211; <b>CERTIFICACI\u00d3N <\/b><b>de la empresa<\/b> donde se indique la <b>duraci\u00f3n de la jornada labora<\/b><b>l<\/b>, as\u00ed como el <b>HORARIO DE TRABAJO.<\/b><\/span><\/p><p class=\"western\" align=\"justify\"><span style=\"font-size: large\">&#8211; En el caso en el que desarrollen <b>actividad laboral por cuenta propia<\/b>, se deber\u00e1 presentar <b>CERTIFICACI\u00d3N<\/b> demostrativa del alta en el Impuesto de Actividades Econ\u00f3micas y una declaraci\u00f3n responsable del horario que requiere la actividad.<\/span><\/p><p class=\"western\" align=\"justify\"><span style=\"font-size: large\"><b>IMPORTANTE:<\/b><\/span><\/p><p class=\"western\" align=\"justify\"><span style=\"font-size: large\">&#8211; No se recoger\u00e1 ninguna matricula que no se haya cumplimentado correctamente y que no aporte toda la documentaci\u00f3n requerida.<\/span><\/p><p class=\"western\" align=\"justify\"><span style=\"font-size: large\">&#8211; Las fotocopias de los documentos deber\u00e1n ser aportadas por quienes presentan la matricula.<\/span><\/p><p class=\"western\" align=\"justify\"><span style=\"font-size: large\">&#8211; El centro no realizar\u00e1 ning\u00fan tipo de fotocopias. <\/span><\/p><\/div>\n\t\t\t\t<\/div>\n\t\t\t\t\t\t\t\t<\/div>\n\t\t\t\t\t\t<\/div>\n\t\t\t\t<\/div>\n\t\t\t\t\t<\/div>\n\t\t<\/div>\n\t\t\t\t\t<\/div>\n\t\t<\/section>\n\t\t\t\t<section class=\"elementor-section elementor-top-section elementor-element elementor-element-eb5b578 elementor-section-boxed elementor-section-height-default elementor-section-height-default\" data-id=\"eb5b578\" data-element_type=\"section\">\n\t\t\t\t\t\t<div class=\"elementor-container elementor-column-gap-default\">\n\t\t\t\t\t<div class=\"elementor-column elementor-col-100 elementor-top-column elementor-element elementor-element-121cb0c\" data-id=\"121cb0c\" data-element_type=\"column\">\n\t\t\t<div class=\"elementor-widget-wrap elementor-element-populated\">\n\t\t\t\t\t\t<div class=\"elementor-element elementor-element-8d70039 elementor-widget elementor-widget-text-editor\" data-id=\"8d70039\" data-element_type=\"widget\" data-widget_type=\"text-editor.default\">\n\t\t\t\t<div class=\"elementor-widget-container\">\n\t\t\t\t\t\t\t\t\t<p>En el caso en el que no pueda hacer la matr\u00edcula por internet, tenemos dos maneras de conseguir los formularios necesarios y dos formas de entregarlos.<\/p><p><strong><span style=\"font-size: 24pt\">1\u00ba Conseguir los formularios:<\/span><\/strong><\/p><p>Puedo descargarlos desde m\u00e1s abajo, o puede pedirlos en el centro.\u00a0<\/p><p>E<span style=\"font-family: Roboto, sans-serif;font-size: 18px;font-style: normal;font-weight: 400\">ntregar en horario de 10 a 12 horas, les recordamos que tienen que llamar a los siguientes n\u00fameros de tel\u00e9fono.\u00a0<\/span><span style=\"font-family: Roboto, sans-serif;font-size: 18px;font-style: normal;font-weight: 600\">950 156895 o 671 530721 para m\u00e1s informaci\u00f3n.<\/span><\/p><p style=\"font-style: normal;font-weight: 400;font-size: 18px;font-family: Roboto, sans-serif\">Descarga estos formularios. Hay que traerlos rellenos por duplicado.<\/p><p style=\"font-style: normal;font-weight: 400;font-size: 18px;font-family: Roboto, sans-serif;text-align: center\"><span style=\"font-weight: 600\">EN EL CENTRO NO SE HAR\u00c1N FOTOCOPIAS<\/span><\/p><p><span style=\"font-family: Roboto, sans-serif;font-size: 18px;font-style: normal;font-weight: 600\">\u00a0<\/span><\/p><p>\u00a0<\/p>\t\t\t\t\t\t\t\t<\/div>\n\t\t\t\t<\/div>\n\t\t\t\t<div class=\"elementor-element elementor-element-93418e5 elementor-align-center elementor-button-info elementor-widget elementor-widget-button\" data-id=\"93418e5\" data-element_type=\"widget\" data-widget_type=\"button.default\">\n\t\t\t\t<div class=\"elementor-widget-container\">\n\t\t\t\t\t\t\t\t\t<div class=\"elementor-button-wrapper\">\n\t\t\t\t\t<a class=\"elementor-button elementor-button-link elementor-size-xl\" href=\"https:\/\/www.juntadeandalucia.es\/educacion\/portales\/web\/escolarizacion\/infantil-a-bachillerato\/impresos\" target=\"_blank\">\n\t\t\t\t\t\t<span class=\"elementor-button-content-wrapper\">\n\t\t\t\t\t\t\t\t\t<span class=\"elementor-button-text\"> DESCARGA LOS ANEXOS NECESARIOS<\/span>\n\t\t\t\t\t<\/span>\n\t\t\t\t\t<\/a>\n\t\t\t\t<\/div>\n\t\t\t\t\t\t\t\t<\/div>\n\t\t\t\t<\/div>\n\t\t\t\t\t<\/div>\n\t\t<\/div>\n\t\t\t\t\t<\/div>\n\t\t<\/section>\n\t\t\t\t<section class=\"elementor-section elementor-top-section elementor-element elementor-element-8432a96 elementor-section-boxed elementor-section-height-default elementor-section-height-default\" data-id=\"8432a96\" data-element_type=\"section\">\n\t\t\t\t\t\t<div class=\"elementor-container elementor-column-gap-default\">\n\t\t\t\t\t<div class=\"elementor-column elementor-col-100 elementor-top-column elementor-element elementor-element-9ec0195\" data-id=\"9ec0195\" data-element_type=\"column\">\n\t\t\t<div class=\"elementor-widget-wrap elementor-element-populated\">\n\t\t\t\t\t\t<div class=\"elementor-element elementor-element-26abeab elementor-widget elementor-widget-text-editor\" data-id=\"26abeab\" data-element_type=\"widget\" data-widget_type=\"text-editor.default\">\n\t\t\t\t<div class=\"elementor-widget-container\">\n\t\t\t\t\t\t\t\t\t<p><strong><span style=\"font-size: 24pt\">2\u00ba Presentar los formularios:<\/span><\/strong><\/p><ol><li>Se pueden presentar en el centro en horario de secretar\u00eda.<\/li><li>Se pueden enviar al registro del centro.<\/li><\/ol>\t\t\t\t\t\t\t\t<\/div>\n\t\t\t\t<\/div>\n\t\t\t\t\t<\/div>\n\t\t<\/div>\n\t\t\t\t\t<\/div>\n\t\t<\/section>\n\t\t\t\t<section class=\"elementor-section elementor-top-section elementor-element elementor-element-e6ea76c elementor-section-boxed elementor-section-height-default elementor-section-height-default\" data-id=\"e6ea76c\" data-element_type=\"section\">\n\t\t\t\t\t\t<div class=\"elementor-container elementor-column-gap-default\">\n\t\t\t\t\t<div class=\"elementor-column elementor-col-100 elementor-top-column elementor-element elementor-element-4e69fb1\" data-id=\"4e69fb1\" data-element_type=\"column\">\n\t\t\t<div class=\"elementor-widget-wrap elementor-element-populated\">\n\t\t\t\t\t\t<div class=\"elementor-element elementor-element-0c4856c elementor-widget elementor-widget-heading\" data-id=\"0c4856c\" data-element_type=\"widget\" data-widget_type=\"heading.default\">\n\t\t\t\t<div class=\"elementor-widget-container\">\n\t\t\t\t\t<h2 class=\"elementor-heading-title elementor-size-default\"><a href=\"https:\/\/www.juntadeandalucia.es\/educacion\/secretariavirtual\/accesoTramite\/462\/\">Si se le ha olvidado alguna documentaci\u00f3n o se le ha requerido documentaci\u00f3n desde el centro, puede enviarla mediante el siguiente enlace y no necesita desplazarse al centro.<\/a><\/h2>\t\t\t\t<\/div>\n\t\t\t\t<\/div>\n\t\t\t\t<div class=\"elementor-element elementor-element-4c80ba5 elementor-widget elementor-widget-text-editor\" data-id=\"4c80ba5\" data-element_type=\"widget\" data-widget_type=\"text-editor.default\">\n\t\t\t\t<div class=\"elementor-widget-container\">\n\t\t\t\t\t\t\t\t\t<p><a href=\"https:\/\/www.juntadeandalucia.es\/educacion\/secretariavirtual\/accesoTramite\/462\/\" target=\"_blank\" rel=\"noopener\">Presentaci\u00f3n electr\u00f3nica de tr\u00e1mites generales en centros educativos. (NO ES PARA MATRICULACI\u00d3N) Para entregar al centro documentos sin desplazarse al mismo. Se necesita el usuario y contrase\u00f1a de PASEN<\/a><\/p>\t\t\t\t\t\t\t\t<\/div>\n\t\t\t\t<\/div>\n\t\t\t\t<div class=\"elementor-element elementor-element-6510668 elementor-button-warning elementor-align-center elementor-widget elementor-widget-button\" data-id=\"6510668\" data-element_type=\"widget\" data-widget_type=\"button.default\">\n\t\t\t\t<div class=\"elementor-widget-container\">\n\t\t\t\t\t\t\t\t\t<div class=\"elementor-button-wrapper\">\n\t\t\t\t\t<a class=\"elementor-button elementor-button-link elementor-size-xl\" href=\"https:\/\/youtu.be\/6qnpRCkgJxQ\" target=\"_blank\">\n\t\t\t\t\t\t<span class=\"elementor-button-content-wrapper\">\n\t\t\t\t\t\t<span class=\"elementor-button-icon\">\n\t\t\t\t<i aria-hidden=\"true\" class=\"far fa-play-circle\"><\/i>\t\t\t<\/span>\n\t\t\t\t\t\t\t\t\t<span class=\"elementor-button-text\">Videotutorial para presentar documentaci\u00f3n en el centro con usuario PASEN<\/span>\n\t\t\t\t\t<\/span>\n\t\t\t\t\t<\/a>\n\t\t\t\t<\/div>\n\t\t\t\t\t\t\t\t<\/div>\n\t\t\t\t<\/div>\n\t\t\t\t\t<\/div>\n\t\t<\/div>\n\t\t\t\t\t<\/div>\n\t\t<\/section>\n\t\t\t\t<section class=\"elementor-section elementor-top-section elementor-element elementor-element-641e5b0 elementor-section-boxed elementor-section-height-default elementor-section-height-default\" data-id=\"641e5b0\" data-element_type=\"section\">\n\t\t\t\t\t\t<div class=\"elementor-container elementor-column-gap-default\">\n\t\t\t\t\t<div class=\"elementor-column elementor-col-100 elementor-top-column elementor-element elementor-element-f025013\" data-id=\"f025013\" data-element_type=\"column\">\n\t\t\t<div class=\"elementor-widget-wrap\">\n\t\t\t\t\t\t\t<\/div>\n\t\t<\/div>\n\t\t\t\t\t<\/div>\n\t\t<\/section>\n\t\t\t\t<\/div>\n\t\t","protected":false},"excerpt":{"rendered":"<p>VER PORTAL DE MATRICULACI\u00d3N DE LA JUNTA DE ANDALUC\u00cdA INFORMACI\u00d3N COMPLETA. PULSA. INFORMACI\u00d3N PARA EL ALUMNADO DE NUEVA INCORPORACI\u00d3N SOBRE LA MATR\u00cdCULA, ACTIVIDADES Y SERVICIOS COMPLEMENTARIOS PARA EL CURSO 2025\/2026. PLAZO DE MATRICULACI\u00d3N E&#46;&#46;&#46;<\/p>\n","protected":false},"author":2224,"featured_media":0,"parent":141,"menu_order":0,"comment_status":"closed","ping_status":"closed","template":"","meta":{"ngg_post_thumbnail":0,"footnotes":"","_mc_calendar":[]},"aioseo_notices":[],"_links":{"self":[{"href":"https:\/\/blogsaverroes.juntadeandalucia.es\/fglorca\/wp-json\/wp\/v2\/pages\/5779"}],"collection":[{"href":"https:\/\/blogsaverroes.juntadeandalucia.es\/fglorca\/wp-json\/wp\/v2\/pages"}],"about":[{"href":"https:\/\/blogsaverroes.juntadeandalucia.es\/fglorca\/wp-json\/wp\/v2\/types\/page"}],"author":[{"embeddable":true,"href":"https:\/\/blogsaverroes.juntadeandalucia.es\/fglorca\/wp-json\/wp\/v2\/users\/2224"}],"replies":[{"embeddable":true,"href":"https:\/\/blogsaverroes.juntadeandalucia.es\/fglorca\/wp-json\/wp\/v2\/comments?post=5779"}],"version-history":[{"count":4,"href":"https:\/\/blogsaverroes.juntadeandalucia.es\/fglorca\/wp-json\/wp\/v2\/pages\/5779\/revisions"}],"predecessor-version":[{"id":19814,"href":"https:\/\/blogsaverroes.juntadeandalucia.es\/fglorca\/wp-json\/wp\/v2\/pages\/5779\/revisions\/19814"}],"up":[{"embeddable":true,"href":"https:\/\/blogsaverroes.juntadeandalucia.es\/fglorca\/wp-json\/wp\/v2\/pages\/141"}],"wp:attachment":[{"href":"https:\/\/blogsaverroes.juntadeandalucia.es\/fglorca\/wp-json\/wp\/v2\/media?parent=5779"}],"curies":[{"name":"wp","href":"https:\/\/api.w.org\/{rel}","templated":true}]}}