{"id":5859,"date":"2020-09-07T21:53:01","date_gmt":"2020-09-07T21:53:01","guid":{"rendered":"https:\/\/blogsaverroes.juntadeandalucia.es\/fglorca\/?page_id=5859"},"modified":"2020-09-15T12:46:42","modified_gmt":"2020-09-15T12:46:42","slug":"inicio-del-curso-2020-2021","status":"publish","type":"page","link":"https:\/\/blogsaverroes.juntadeandalucia.es\/fglorca\/inicio-del-curso-2020-2021\/","title":{"rendered":"INICIO DEL CURSO 2020\/2021"},"content":{"rendered":"\t\t<div data-elementor-type=\"wp-page\" data-elementor-id=\"5859\" class=\"elementor elementor-5859\">\n\t\t\t\t\t\t<section class=\"elementor-section elementor-top-section elementor-element elementor-element-72888cd elementor-section-boxed elementor-section-height-default elementor-section-height-default\" data-id=\"72888cd\" data-element_type=\"section\">\n\t\t\t\t\t\t<div class=\"elementor-container elementor-column-gap-default\">\n\t\t\t\t\t<div class=\"elementor-column elementor-col-100 elementor-top-column elementor-element elementor-element-c26ad38\" data-id=\"c26ad38\" data-element_type=\"column\">\n\t\t\t<div class=\"elementor-widget-wrap elementor-element-populated\">\n\t\t\t\t\t\t<div class=\"elementor-element elementor-element-6c9195b elementor-widget elementor-widget-image\" data-id=\"6c9195b\" data-element_type=\"widget\" data-widget_type=\"image.default\">\n\t\t\t\t<div class=\"elementor-widget-container\">\n\t\t\t\t\t\t\t\t\t\t\t\t\t\t\t<img fetchpriority=\"high\" decoding=\"async\" width=\"300\" height=\"300\" src=\"https:\/\/blogsaverroes.juntadeandalucia.es\/fglorca\/files\/2020\/09\/VUELTA-AL-COLE-300x300.png\" class=\"attachment-medium size-medium wp-image-5871\" alt=\"\" srcset=\"https:\/\/blogsaverroes.juntadeandalucia.es\/fglorca\/files\/2020\/09\/VUELTA-AL-COLE-300x300.png 300w, https:\/\/blogsaverroes.juntadeandalucia.es\/fglorca\/files\/2020\/09\/VUELTA-AL-COLE-1024x1024.png 1024w, https:\/\/blogsaverroes.juntadeandalucia.es\/fglorca\/files\/2020\/09\/VUELTA-AL-COLE-150x150.png 150w, https:\/\/blogsaverroes.juntadeandalucia.es\/fglorca\/files\/2020\/09\/VUELTA-AL-COLE-768x768.png 768w, https:\/\/blogsaverroes.juntadeandalucia.es\/fglorca\/files\/2020\/09\/VUELTA-AL-COLE-100x100.png 100w, https:\/\/blogsaverroes.juntadeandalucia.es\/fglorca\/files\/2020\/09\/VUELTA-AL-COLE-80x80.png 80w, https:\/\/blogsaverroes.juntadeandalucia.es\/fglorca\/files\/2020\/09\/VUELTA-AL-COLE-320x320.png 320w, https:\/\/blogsaverroes.juntadeandalucia.es\/fglorca\/files\/2020\/09\/VUELTA-AL-COLE-24x24.png 24w, https:\/\/blogsaverroes.juntadeandalucia.es\/fglorca\/files\/2020\/09\/VUELTA-AL-COLE-36x36.png 36w, https:\/\/blogsaverroes.juntadeandalucia.es\/fglorca\/files\/2020\/09\/VUELTA-AL-COLE-48x48.png 48w, https:\/\/blogsaverroes.juntadeandalucia.es\/fglorca\/files\/2020\/09\/VUELTA-AL-COLE-50x50.png 50w, https:\/\/blogsaverroes.juntadeandalucia.es\/fglorca\/files\/2020\/09\/VUELTA-AL-COLE.png 1080w\" sizes=\"(max-width: 300px) 100vw, 300px\" \/>\t\t\t\t\t\t\t\t\t\t\t\t\t\t\t<\/div>\n\t\t\t\t<\/div>\n\t\t\t\t\t<\/div>\n\t\t<\/div>\n\t\t\t\t\t<\/div>\n\t\t<\/section>\n\t\t\t\t<section class=\"elementor-section elementor-top-section elementor-element elementor-element-68471a6 elementor-section-boxed elementor-section-height-default elementor-section-height-default\" data-id=\"68471a6\" data-element_type=\"section\">\n\t\t\t\t\t\t<div class=\"elementor-container elementor-column-gap-default\">\n\t\t\t\t\t<div class=\"elementor-column elementor-col-100 elementor-top-column elementor-element elementor-element-d7c4dff\" data-id=\"d7c4dff\" data-element_type=\"column\">\n\t\t\t<div class=\"elementor-widget-wrap elementor-element-populated\">\n\t\t\t\t\t\t<div class=\"elementor-element elementor-element-37db065 elementor-widget elementor-widget-text-editor\" data-id=\"37db065\" data-element_type=\"widget\" data-widget_type=\"text-editor.default\">\n\t\t\t\t<div class=\"elementor-widget-container\">\n\t\t\t\t\t\t\t\t\t<p style=\"text-align: center\"><strong><span style=\"font-size: 18pt\">INFORMACI\u00d3N INICIO DE CURSO 2020\/2021<\/span><\/strong><\/p>\t\t\t\t\t\t\t\t<\/div>\n\t\t\t\t<\/div>\n\t\t\t\t\t<\/div>\n\t\t<\/div>\n\t\t\t\t\t<\/div>\n\t\t<\/section>\n\t\t\t\t<section class=\"elementor-section elementor-top-section elementor-element elementor-element-c65268c elementor-section-boxed elementor-section-height-default elementor-section-height-default\" data-id=\"c65268c\" data-element_type=\"section\">\n\t\t\t\t\t\t<div class=\"elementor-container elementor-column-gap-default\">\n\t\t\t\t\t<div class=\"elementor-column elementor-col-100 elementor-top-column elementor-element elementor-element-e69ed14\" data-id=\"e69ed14\" data-element_type=\"column\">\n\t\t\t<div class=\"elementor-widget-wrap elementor-element-populated\">\n\t\t\t\t\t\t<div class=\"elementor-element elementor-element-a5f51bc elementor-widget elementor-widget-text-editor\" data-id=\"a5f51bc\" data-element_type=\"widget\" data-widget_type=\"text-editor.default\">\n\t\t\t\t<div class=\"elementor-widget-container\">\n\t\t\t\t\t\t\t\t\t<p>Este curso, vamos a realizar un periodo de adaptaci\u00f3n para poder explicar y acostumbrar al alumnado y a sus familias a las nuevas normas del centro, tranquilizar al alumnado y que se acostumbre a los nuevos espacios , normas y protocolos. Necesitamos la m\u00e1xima colaboraci\u00f3n de todos y todas, para comenzar el curso con el m\u00e1ximo de seguridad posible.<\/p><p><strong>JUEVES 10 DE SEPTIEMBRE:<\/strong><\/p><ul><li>Primer d\u00eda para los alumnos\/as de Infantil de 3 a\u00f1os. De 9 a 11 horas. Infantil entra por la puerta amarilla.<\/li><li>Primer d\u00eda para el alumnado de 1\u00ba y 2\u00ba de primaria. De 9 a 11 horas. Entran por la puerta verde.<\/li><\/ul>\t\t\t\t\t\t\t\t<\/div>\n\t\t\t\t<\/div>\n\t\t\t\t\t<\/div>\n\t\t<\/div>\n\t\t\t\t\t<\/div>\n\t\t<\/section>\n\t\t\t\t<section class=\"elementor-section elementor-top-section elementor-element elementor-element-e4de4ca elementor-section-boxed elementor-section-height-default elementor-section-height-default\" data-id=\"e4de4ca\" data-element_type=\"section\">\n\t\t\t\t\t\t<div class=\"elementor-container elementor-column-gap-default\">\n\t\t\t\t\t<div class=\"elementor-column elementor-col-100 elementor-top-column elementor-element elementor-element-d3ea535\" data-id=\"d3ea535\" data-element_type=\"column\">\n\t\t\t<div class=\"elementor-widget-wrap elementor-element-populated\">\n\t\t\t\t\t\t<div class=\"elementor-element elementor-element-e5e4273 elementor-widget elementor-widget-image\" data-id=\"e5e4273\" data-element_type=\"widget\" data-widget_type=\"image.default\">\n\t\t\t\t<div class=\"elementor-widget-container\">\n\t\t\t\t\t\t\t\t\t\t\t\t\t\t\t<img decoding=\"async\" width=\"768\" height=\"1024\" src=\"https:\/\/blogsaverroes.juntadeandalucia.es\/fglorca\/files\/2020\/09\/Puerta-amarilla-768x1024.jpeg\" class=\"attachment-medium_large size-medium_large wp-image-5865\" alt=\"\" srcset=\"https:\/\/blogsaverroes.juntadeandalucia.es\/fglorca\/files\/2020\/09\/Puerta-amarilla-768x1024.jpeg 768w, https:\/\/blogsaverroes.juntadeandalucia.es\/fglorca\/files\/2020\/09\/Puerta-amarilla-225x300.jpeg 225w, https:\/\/blogsaverroes.juntadeandalucia.es\/fglorca\/files\/2020\/09\/Puerta-amarilla-1152x1536.jpeg 1152w, https:\/\/blogsaverroes.juntadeandalucia.es\/fglorca\/files\/2020\/09\/Puerta-amarilla-18x24.jpeg 18w, https:\/\/blogsaverroes.juntadeandalucia.es\/fglorca\/files\/2020\/09\/Puerta-amarilla-27x36.jpeg 27w, https:\/\/blogsaverroes.juntadeandalucia.es\/fglorca\/files\/2020\/09\/Puerta-amarilla-36x48.jpeg 36w, https:\/\/blogsaverroes.juntadeandalucia.es\/fglorca\/files\/2020\/09\/Puerta-amarilla.jpeg 1200w\" sizes=\"(max-width: 768px) 100vw, 768px\" \/>\t\t\t\t\t\t\t\t\t\t\t\t\t\t\t<\/div>\n\t\t\t\t<\/div>\n\t\t\t\t\t<\/div>\n\t\t<\/div>\n\t\t\t\t\t<\/div>\n\t\t<\/section>\n\t\t\t\t<section class=\"elementor-section elementor-top-section elementor-element elementor-element-1ff8b3d elementor-section-boxed elementor-section-height-default elementor-section-height-default\" data-id=\"1ff8b3d\" data-element_type=\"section\">\n\t\t\t\t\t\t<div class=\"elementor-container elementor-column-gap-default\">\n\t\t\t\t\t<div class=\"elementor-column elementor-col-100 elementor-top-column elementor-element elementor-element-cdb5fb4\" data-id=\"cdb5fb4\" data-element_type=\"column\">\n\t\t\t<div class=\"elementor-widget-wrap elementor-element-populated\">\n\t\t\t\t\t\t<div class=\"elementor-element elementor-element-d828c01 elementor-widget elementor-widget-image\" data-id=\"d828c01\" data-element_type=\"widget\" data-widget_type=\"image.default\">\n\t\t\t\t<div class=\"elementor-widget-container\">\n\t\t\t\t\t\t\t\t\t\t\t\t\t\t\t<img decoding=\"async\" width=\"768\" height=\"576\" src=\"https:\/\/blogsaverroes.juntadeandalucia.es\/fglorca\/files\/2020\/09\/Puerta-verde-768x576.jpeg\" class=\"attachment-medium_large size-medium_large wp-image-5862\" alt=\"\" srcset=\"https:\/\/blogsaverroes.juntadeandalucia.es\/fglorca\/files\/2020\/09\/Puerta-verde-768x576.jpeg 768w, https:\/\/blogsaverroes.juntadeandalucia.es\/fglorca\/files\/2020\/09\/Puerta-verde-300x225.jpeg 300w, https:\/\/blogsaverroes.juntadeandalucia.es\/fglorca\/files\/2020\/09\/Puerta-verde-1024x768.jpeg 1024w, https:\/\/blogsaverroes.juntadeandalucia.es\/fglorca\/files\/2020\/09\/Puerta-verde-1536x1152.jpeg 1536w, https:\/\/blogsaverroes.juntadeandalucia.es\/fglorca\/files\/2020\/09\/Puerta-verde-24x18.jpeg 24w, https:\/\/blogsaverroes.juntadeandalucia.es\/fglorca\/files\/2020\/09\/Puerta-verde-36x27.jpeg 36w, https:\/\/blogsaverroes.juntadeandalucia.es\/fglorca\/files\/2020\/09\/Puerta-verde-48x36.jpeg 48w, https:\/\/blogsaverroes.juntadeandalucia.es\/fglorca\/files\/2020\/09\/Puerta-verde.jpeg 1600w\" sizes=\"(max-width: 768px) 100vw, 768px\" \/>\t\t\t\t\t\t\t\t\t\t\t\t\t\t\t<\/div>\n\t\t\t\t<\/div>\n\t\t\t\t\t<\/div>\n\t\t<\/div>\n\t\t\t\t\t<\/div>\n\t\t<\/section>\n\t\t\t\t<section class=\"elementor-section elementor-top-section elementor-element elementor-element-1b24043 elementor-section-boxed elementor-section-height-default elementor-section-height-default\" data-id=\"1b24043\" data-element_type=\"section\">\n\t\t\t\t\t\t<div class=\"elementor-container elementor-column-gap-default\">\n\t\t\t\t\t<div class=\"elementor-column elementor-col-100 elementor-top-column elementor-element elementor-element-66cdd92\" data-id=\"66cdd92\" data-element_type=\"column\">\n\t\t\t<div class=\"elementor-widget-wrap elementor-element-populated\">\n\t\t\t\t\t\t<div class=\"elementor-element elementor-element-11fe9be elementor-widget elementor-widget-text-editor\" data-id=\"11fe9be\" data-element_type=\"widget\" data-widget_type=\"text-editor.default\">\n\t\t\t\t<div class=\"elementor-widget-container\">\n\t\t\t\t\t\t\t\t\t<p><strong>VIERNES 11 de SEPTIEMBRE:<\/strong><\/p><ul><li>Alumnos de Infantil de 3 a\u00f1os de 9 a 11 horas. Infantil entra por la puerta amarilla.<\/li><li>Alumnos de 1\u00ba y 2\u00ba de primaria de 9 a 14. Entran por la puerta verde.<\/li><li>Primer d\u00eda para el alumnado de 3\u00ba y 4\u00ba. De 9 a 11 horas. Entran por la puerta verde.<\/li><\/ul><p>\u00a0<\/p>\t\t\t\t\t\t\t\t<\/div>\n\t\t\t\t<\/div>\n\t\t\t\t\t<\/div>\n\t\t<\/div>\n\t\t\t\t\t<\/div>\n\t\t<\/section>\n\t\t\t\t<section class=\"elementor-section elementor-top-section elementor-element elementor-element-6dfa714 elementor-section-boxed elementor-section-height-default elementor-section-height-default\" data-id=\"6dfa714\" data-element_type=\"section\">\n\t\t\t\t\t\t<div class=\"elementor-container elementor-column-gap-default\">\n\t\t\t\t\t<div class=\"elementor-column elementor-col-100 elementor-top-column elementor-element elementor-element-19c4578\" data-id=\"19c4578\" data-element_type=\"column\">\n\t\t\t<div class=\"elementor-widget-wrap elementor-element-populated\">\n\t\t\t\t\t\t<div class=\"elementor-element elementor-element-068bdee elementor-widget elementor-widget-image\" data-id=\"068bdee\" data-element_type=\"widget\" data-widget_type=\"image.default\">\n\t\t\t\t<div class=\"elementor-widget-container\">\n\t\t\t\t\t\t\t\t\t\t\t\t\t\t\t<img loading=\"lazy\" decoding=\"async\" width=\"768\" height=\"576\" src=\"https:\/\/blogsaverroes.juntadeandalucia.es\/fglorca\/files\/2020\/09\/Puerta-Roja-768x576.jpeg\" class=\"attachment-medium_large size-medium_large wp-image-5863\" alt=\"\" srcset=\"https:\/\/blogsaverroes.juntadeandalucia.es\/fglorca\/files\/2020\/09\/Puerta-Roja-768x576.jpeg 768w, https:\/\/blogsaverroes.juntadeandalucia.es\/fglorca\/files\/2020\/09\/Puerta-Roja-300x225.jpeg 300w, https:\/\/blogsaverroes.juntadeandalucia.es\/fglorca\/files\/2020\/09\/Puerta-Roja-1024x768.jpeg 1024w, https:\/\/blogsaverroes.juntadeandalucia.es\/fglorca\/files\/2020\/09\/Puerta-Roja-1536x1152.jpeg 1536w, https:\/\/blogsaverroes.juntadeandalucia.es\/fglorca\/files\/2020\/09\/Puerta-Roja-24x18.jpeg 24w, https:\/\/blogsaverroes.juntadeandalucia.es\/fglorca\/files\/2020\/09\/Puerta-Roja-36x27.jpeg 36w, https:\/\/blogsaverroes.juntadeandalucia.es\/fglorca\/files\/2020\/09\/Puerta-Roja-48x36.jpeg 48w, https:\/\/blogsaverroes.juntadeandalucia.es\/fglorca\/files\/2020\/09\/Puerta-Roja.jpeg 1600w\" sizes=\"(max-width: 768px) 100vw, 768px\" \/>\t\t\t\t\t\t\t\t\t\t\t\t\t\t\t<\/div>\n\t\t\t\t<\/div>\n\t\t\t\t\t<\/div>\n\t\t<\/div>\n\t\t\t\t\t<\/div>\n\t\t<\/section>\n\t\t\t\t<section class=\"elementor-section elementor-top-section elementor-element elementor-element-229f2dc elementor-section-boxed elementor-section-height-default elementor-section-height-default\" data-id=\"229f2dc\" data-element_type=\"section\">\n\t\t\t\t\t\t<div class=\"elementor-container elementor-column-gap-default\">\n\t\t\t\t\t<div class=\"elementor-column elementor-col-100 elementor-top-column elementor-element elementor-element-33a39be\" data-id=\"33a39be\" data-element_type=\"column\">\n\t\t\t<div class=\"elementor-widget-wrap elementor-element-populated\">\n\t\t\t\t\t\t<div class=\"elementor-element elementor-element-f7f5dd7 elementor-widget elementor-widget-text-editor\" data-id=\"f7f5dd7\" data-element_type=\"widget\" data-widget_type=\"text-editor.default\">\n\t\t\t\t<div class=\"elementor-widget-container\">\n\t\t\t\t\t\t\t\t\t<p><strong>LUNES 14 de SEPTIEMBRE:<\/strong><\/p><ul><li>Infantil entra por la puerta amarilla.<\/li><li>Alumnado de infantil de 3 a\u00f1os de 9 a 11 horas.<\/li><li>Primer d\u00eda para el alumnado de 4 a\u00f1os. De 9 a 11 horas.<\/li><li>Alumnado de 1\u00ba y 2\u00ba de primaria de 9 a 14 horas.Infantil entra por la puerta amarilla.<\/li><li>Alumnado de 3\u00ba y 4\u00ba de primaria de 9 a 14 horas.Entran por la puerta verde.<\/li><li>Primer d\u00eda para 5\u00ba y 6\u00ba de 9 a 11.Entran por la puerta roja.<\/li><\/ul><p><strong>MARTES 15 DE SEPTIEMBRE:<\/strong><\/p><ul><li>Infantil entra por la puerta amarilla.<\/li><li>Alumnado de Infantil de 3 a\u00f1os de 9 a 11.<\/li><li>Alumnado de 4 a\u00f1os de 9 a 11 horas<\/li><li>Primer d\u00eda del alumnado de infantil de 5 a\u00f1os de 9 a 11.<\/li><li>Alumnado de Primaria de 9 a 14 horas. 1\u00ba, 2\u00ba, 3\u00ba y 4\u00ba a y b entran por la puerta verde. 4\u00baC, 5\u00ba y 6\u00ba entran por la puerta roja<\/li><li>Primer d\u00eda para el alumnado de Secundaria. De 9:30 a 11:30 horas. Entran por la puerta verde.<\/li><\/ul><p><strong>MI\u00c9RCOLES 16 DE SEPTIEMBRE:\u00a0<\/strong><\/p><ul><li>Todo el alumnado en su horario habitual y por las puertas asignadas.<\/li><li>Infantil y primaria de 9 a 14 horas.<\/li><li>Secundaria de 8:30 a 15:00 horas.<\/li><li><strong><span style=\"color: #ff0000\"><span style=\"color: #339966;font-size: 18pt\">\u00a1CONFIRMADO!<\/span><span style=\"color: #000000\">Comienza el Comedor y el Aula Matinal.<\/span>\u00a0<br \/><\/span><\/strong><\/li><li>Este curso el aula matinal es en el <strong>Palacio de los Deportes de V\u00edcar<\/strong>, en un espacio que nos ha cedido el Ayuntamiento. Se accede por la rampa o por las escaleras laterales. Gracias a esto hemospodido ampliar el espacio del comedor e intentad mantener la m\u00e1xima distancia de seguridad.<\/li><\/ul>\t\t\t\t\t\t\t\t<\/div>\n\t\t\t\t<\/div>\n\t\t\t\t\t<\/div>\n\t\t<\/div>\n\t\t\t\t\t<\/div>\n\t\t<\/section>\n\t\t\t\t<section class=\"elementor-section elementor-top-section elementor-element elementor-element-20b4b88 elementor-section-boxed elementor-section-height-default elementor-section-height-default\" data-id=\"20b4b88\" data-element_type=\"section\">\n\t\t\t\t\t\t<div class=\"elementor-container elementor-column-gap-default\">\n\t\t\t\t\t<div class=\"elementor-column elementor-col-100 elementor-top-column elementor-element elementor-element-81d213a\" data-id=\"81d213a\" data-element_type=\"column\">\n\t\t\t<div class=\"elementor-widget-wrap elementor-element-populated\">\n\t\t\t\t\t\t<div class=\"elementor-element elementor-element-3da0030 elementor-align-center elementor-widget elementor-widget-button\" data-id=\"3da0030\" data-element_type=\"widget\" data-widget_type=\"button.default\">\n\t\t\t\t<div class=\"elementor-widget-container\">\n\t\t\t\t\t\t\t\t\t<div class=\"elementor-button-wrapper\">\n\t\t\t\t\t<a class=\"elementor-button elementor-button-link elementor-size-lg\" href=\"https:\/\/wp.me\/p7gr7C-1wP\">\n\t\t\t\t\t\t<span class=\"elementor-button-content-wrapper\">\n\t\t\t\t\t\t<span class=\"elementor-button-icon\">\n\t\t\t\t<i aria-hidden=\"true\" class=\"far fa-arrow-alt-circle-left\"><\/i>\t\t\t<\/span>\n\t\t\t\t\t\t\t\t\t<span class=\"elementor-button-text\">VOLVER A INFORMACI\u00d3N GENERAL. INICIO DEL CURSO 2020<\/span>\n\t\t\t\t\t<\/span>\n\t\t\t\t\t<\/a>\n\t\t\t\t<\/div>\n\t\t\t\t\t\t\t\t<\/div>\n\t\t\t\t<\/div>\n\t\t\t\t\t<\/div>\n\t\t<\/div>\n\t\t\t\t\t<\/div>\n\t\t<\/section>\n\t\t\t\t<section class=\"elementor-section elementor-top-section elementor-element elementor-element-0ddd51a elementor-section-boxed elementor-section-height-default elementor-section-height-default\" data-id=\"0ddd51a\" data-element_type=\"section\">\n\t\t\t\t\t\t<div class=\"elementor-container elementor-column-gap-default\">\n\t\t\t\t\t<div class=\"elementor-column elementor-col-100 elementor-top-column elementor-element elementor-element-2c82dbf\" data-id=\"2c82dbf\" data-element_type=\"column\">\n\t\t\t<div class=\"elementor-widget-wrap elementor-element-populated\">\n\t\t\t\t\t\t<div class=\"elementor-element elementor-element-e8fb679 elementor-widget elementor-widget-image\" data-id=\"e8fb679\" data-element_type=\"widget\" data-widget_type=\"image.default\">\n\t\t\t\t<div class=\"elementor-widget-container\">\n\t\t\t\t\t\t\t\t\t\t\t\t\t\t\t<img loading=\"lazy\" decoding=\"async\" width=\"350\" height=\"350\" src=\"https:\/\/blogsaverroes.juntadeandalucia.es\/fglorca\/files\/2020\/08\/DISTANCIA-SOCIAL.png\" class=\"attachment-large size-large wp-image-5849\" alt=\"\" srcset=\"https:\/\/blogsaverroes.juntadeandalucia.es\/fglorca\/files\/2020\/08\/DISTANCIA-SOCIAL.png 350w, https:\/\/blogsaverroes.juntadeandalucia.es\/fglorca\/files\/2020\/08\/DISTANCIA-SOCIAL-150x150.png 150w, https:\/\/blogsaverroes.juntadeandalucia.es\/fglorca\/files\/2020\/08\/DISTANCIA-SOCIAL-300x300.png 300w, https:\/\/blogsaverroes.juntadeandalucia.es\/fglorca\/files\/2020\/08\/DISTANCIA-SOCIAL-100x100.png 100w, https:\/\/blogsaverroes.juntadeandalucia.es\/fglorca\/files\/2020\/08\/DISTANCIA-SOCIAL-160x160.png 160w, https:\/\/blogsaverroes.juntadeandalucia.es\/fglorca\/files\/2020\/08\/DISTANCIA-SOCIAL-320x320.png 320w, https:\/\/blogsaverroes.juntadeandalucia.es\/fglorca\/files\/2020\/08\/DISTANCIA-SOCIAL-24x24.png 24w, https:\/\/blogsaverroes.juntadeandalucia.es\/fglorca\/files\/2020\/08\/DISTANCIA-SOCIAL-36x36.png 36w, https:\/\/blogsaverroes.juntadeandalucia.es\/fglorca\/files\/2020\/08\/DISTANCIA-SOCIAL-48x48.png 48w, https:\/\/blogsaverroes.juntadeandalucia.es\/fglorca\/files\/2020\/08\/DISTANCIA-SOCIAL-50x50.png 50w\" sizes=\"(max-width: 350px) 100vw, 350px\" \/>\t\t\t\t\t\t\t\t\t\t\t\t\t\t\t<\/div>\n\t\t\t\t<\/div>\n\t\t\t\t\t<\/div>\n\t\t<\/div>\n\t\t\t\t\t<\/div>\n\t\t<\/section>\n\t\t\t\t<section class=\"elementor-section elementor-top-section elementor-element elementor-element-7e0aef2 elementor-section-boxed elementor-section-height-default elementor-section-height-default\" data-id=\"7e0aef2\" data-element_type=\"section\">\n\t\t\t\t\t\t<div class=\"elementor-container elementor-column-gap-default\">\n\t\t\t\t\t<div class=\"elementor-column elementor-col-100 elementor-top-column elementor-element elementor-element-78edd01\" data-id=\"78edd01\" data-element_type=\"column\">\n\t\t\t<div class=\"elementor-widget-wrap elementor-element-populated\">\n\t\t\t\t\t\t<div class=\"elementor-element elementor-element-8d12311 elementor-widget elementor-widget-image\" data-id=\"8d12311\" data-element_type=\"widget\" data-widget_type=\"image.default\">\n\t\t\t\t<div class=\"elementor-widget-container\">\n\t\t\t\t\t\t\t\t\t\t\t\t\t\t\t<img loading=\"lazy\" decoding=\"async\" width=\"199\" height=\"300\" src=\"https:\/\/blogsaverroes.juntadeandalucia.es\/fglorca\/files\/2020\/09\/USO-MASCARILLA-199x300.jpg\" class=\"attachment-medium size-medium wp-image-5868\" alt=\"\" srcset=\"https:\/\/blogsaverroes.juntadeandalucia.es\/fglorca\/files\/2020\/09\/USO-MASCARILLA-199x300.jpg 199w, https:\/\/blogsaverroes.juntadeandalucia.es\/fglorca\/files\/2020\/09\/USO-MASCARILLA-681x1024.jpg 681w, https:\/\/blogsaverroes.juntadeandalucia.es\/fglorca\/files\/2020\/09\/USO-MASCARILLA-768x1155.jpg 768w, https:\/\/blogsaverroes.juntadeandalucia.es\/fglorca\/files\/2020\/09\/USO-MASCARILLA-16x24.jpg 16w, https:\/\/blogsaverroes.juntadeandalucia.es\/fglorca\/files\/2020\/09\/USO-MASCARILLA-24x36.jpg 24w, https:\/\/blogsaverroes.juntadeandalucia.es\/fglorca\/files\/2020\/09\/USO-MASCARILLA-32x48.jpg 32w, https:\/\/blogsaverroes.juntadeandalucia.es\/fglorca\/files\/2020\/09\/USO-MASCARILLA.jpg 997w\" sizes=\"(max-width: 199px) 100vw, 199px\" \/>\t\t\t\t\t\t\t\t\t\t\t\t\t\t\t<\/div>\n\t\t\t\t<\/div>\n\t\t\t\t\t<\/div>\n\t\t<\/div>\n\t\t\t\t\t<\/div>\n\t\t<\/section>\n\t\t\t\t<\/div>\n\t\t","protected":false},"excerpt":{"rendered":"<p>INFORMACI\u00d3N INICIO DE CURSO 2020\/2021 Este curso, vamos a realizar un periodo de adaptaci\u00f3n para poder explicar y acostumbrar al alumnado y a sus familias a las nuevas normas del centro, tranquilizar al alumnado&#46;&#46;&#46;<\/p>\n","protected":false},"author":2224,"featured_media":5871,"parent":0,"menu_order":0,"comment_status":"closed","ping_status":"closed","template":"","meta":{"ngg_post_thumbnail":0,"footnotes":"","_mc_calendar":[]},"aioseo_notices":[],"_links":{"self":[{"href":"https:\/\/blogsaverroes.juntadeandalucia.es\/fglorca\/wp-json\/wp\/v2\/pages\/5859"}],"collection":[{"href":"https:\/\/blogsaverroes.juntadeandalucia.es\/fglorca\/wp-json\/wp\/v2\/pages"}],"about":[{"href":"https:\/\/blogsaverroes.juntadeandalucia.es\/fglorca\/wp-json\/wp\/v2\/types\/page"}],"author":[{"embeddable":true,"href":"https:\/\/blogsaverroes.juntadeandalucia.es\/fglorca\/wp-json\/wp\/v2\/users\/2224"}],"replies":[{"embeddable":true,"href":"https:\/\/blogsaverroes.juntadeandalucia.es\/fglorca\/wp-json\/wp\/v2\/comments?post=5859"}],"version-history":[{"count":23,"href":"https:\/\/blogsaverroes.juntadeandalucia.es\/fglorca\/wp-json\/wp\/v2\/pages\/5859\/revisions"}],"predecessor-version":[{"id":6997,"href":"https:\/\/blogsaverroes.juntadeandalucia.es\/fglorca\/wp-json\/wp\/v2\/pages\/5859\/revisions\/6997"}],"wp:featuredmedia":[{"embeddable":true,"href":"https:\/\/blogsaverroes.juntadeandalucia.es\/fglorca\/wp-json\/wp\/v2\/media\/5871"}],"wp:attachment":[{"href":"https:\/\/blogsaverroes.juntadeandalucia.es\/fglorca\/wp-json\/wp\/v2\/media?parent=5859"}],"curies":[{"name":"wp","href":"https:\/\/api.w.org\/{rel}","templated":true}]}}