{"id":687,"date":"2014-11-09T19:58:21","date_gmt":"2014-11-09T18:58:21","guid":{"rendered":"http:\/\/web.fglorca.es\/?page_id=687"},"modified":"2020-02-07T08:23:32","modified_gmt":"2020-02-07T08:23:32","slug":"planes-y-proyectos-del-centro","status":"publish","type":"page","link":"https:\/\/blogsaverroes.juntadeandalucia.es\/fglorca\/planes-y-proyectos-del-centro\/","title":{"rendered":"Planes Y Proyectos del Centro"},"content":{"rendered":"<p>Estos son los Planes y Proyectos en los que el Centro participa durante este curso 2019\/2020<\/p>\n<ul>\n<li><a>Escuela TIC 2.0. Coordinador:&nbsp;<\/a>Agust\u00edn Ram\u00edrez.<\/li>\n<li>PRODIG. Coordinador: Agust\u00edn Ram\u00edrez<\/li>\n<li><a>Pr\u00e1cticum Grado Maestro.&nbsp;<\/a><a>Coordinadora: Antonia L\u00f3pez.<\/a><\/li>\n<li><a>Plan de Salud Laboral y P.R.L.&nbsp;<\/a><a>Coordinador: Daniel Carmona.<\/a><\/li>\n<li><a>Proyectos Centros T.I.C.<\/a>&nbsp;&nbsp;<a>Coordinador:&nbsp;<\/a>Agust\u00edn Ram\u00edrez<\/li>\n<li><a>Alimentaci\u00f3n Saludable &nbsp;<\/a><a>Coordinador: Sandra Flujas.<\/a><\/li>\n<li><a>Red Andaluza Escuela: \u00abEspacio de Paz\u00bb<\/a>&nbsp;&nbsp;<a>Coordinador: Mar\u00eda Jos\u00e9 Maldonado<\/a><\/li>\n<li><a>Plan de apertura de centros docentes<\/a>&nbsp;<a>Coordinador: Agust\u00edn Ram\u00edrez.<\/a><\/li>\n<li><a>Plan de igualdad entre hombres y mujeres en la educaci\u00f3n<\/a>&nbsp;&nbsp;<a>Coordinadora: Soledad Linares.<\/a><\/li>\n<li>Aula de Cine <a>Coordinador: Carmen Mart\u00edn.<\/a><\/li>\n<\/ul>\n<p>&nbsp;<\/p>\n","protected":false},"excerpt":{"rendered":"<p>Estos son los Planes y Proyectos en los que el Centro participa durante este curso 2019\/2020 Escuela TIC 2.0. Coordinador:&nbsp;Agust\u00edn Ram\u00edrez. PRODIG. Coordinador: Agust\u00edn Ram\u00edrez Pr\u00e1cticum Grado Maestro.&nbsp;Coordinadora: Antonia L\u00f3pez. Plan de Salud Laboral&#46;&#46;&#46;<\/p>\n","protected":false},"author":2243,"featured_media":1667,"parent":0,"menu_order":0,"comment_status":"open","ping_status":"open","template":"","meta":{"ngg_post_thumbnail":0,"footnotes":"","_mc_calendar":[]},"aioseo_notices":[],"_links":{"self":[{"href":"https:\/\/blogsaverroes.juntadeandalucia.es\/fglorca\/wp-json\/wp\/v2\/pages\/687"}],"collection":[{"href":"https:\/\/blogsaverroes.juntadeandalucia.es\/fglorca\/wp-json\/wp\/v2\/pages"}],"about":[{"href":"https:\/\/blogsaverroes.juntadeandalucia.es\/fglorca\/wp-json\/wp\/v2\/types\/page"}],"author":[{"embeddable":true,"href":"https:\/\/blogsaverroes.juntadeandalucia.es\/fglorca\/wp-json\/wp\/v2\/users\/2243"}],"replies":[{"embeddable":true,"href":"https:\/\/blogsaverroes.juntadeandalucia.es\/fglorca\/wp-json\/wp\/v2\/comments?post=687"}],"version-history":[{"count":6,"href":"https:\/\/blogsaverroes.juntadeandalucia.es\/fglorca\/wp-json\/wp\/v2\/pages\/687\/revisions"}],"predecessor-version":[{"id":5063,"href":"https:\/\/blogsaverroes.juntadeandalucia.es\/fglorca\/wp-json\/wp\/v2\/pages\/687\/revisions\/5063"}],"wp:featuredmedia":[{"embeddable":true,"href":"https:\/\/blogsaverroes.juntadeandalucia.es\/fglorca\/wp-json\/wp\/v2\/media\/1667"}],"wp:attachment":[{"href":"https:\/\/blogsaverroes.juntadeandalucia.es\/fglorca\/wp-json\/wp\/v2\/media?parent=687"}],"curies":[{"name":"wp","href":"https:\/\/api.w.org\/{rel}","templated":true}]}}