{"id":824,"date":"2015-05-28T09:39:54","date_gmt":"2015-05-28T08:39:54","guid":{"rendered":"http:\/\/web.fglorca.es\/?page_id=824"},"modified":"2015-05-28T09:39:54","modified_gmt":"2015-05-28T08:39:54","slug":"transporte-escolar","status":"publish","type":"page","link":"https:\/\/blogsaverroes.juntadeandalucia.es\/fglorca\/transporte-escolar\/","title":{"rendered":"Transporte Escolar"},"content":{"rendered":"<p><a href=\"http:\/\/blogsaverroes.juntadeandalucia.es\/fglorca\/files\/2010\/09\/autobus.jpg\"><img decoding=\"async\" class=\"alignleft  wp-image-319\" src=\"http:\/\/blogsaverroes.juntadeandalucia.es\/fglorca\/files\/2010\/09\/autobus.jpg\" alt=\"autobus\" width=\"224\" height=\"89\" srcset=\"https:\/\/blogsaverroes.juntadeandalucia.es\/fglorca\/files\/2010\/09\/autobus.jpg 448w, https:\/\/blogsaverroes.juntadeandalucia.es\/fglorca\/files\/2010\/09\/autobus-300x119.jpg 300w\" sizes=\"(max-width: 224px) 100vw, 224px\" \/><\/a>Las paradas de cada ruta cumplir\u00e1n con los requisitos de distancia m\u00ednima entre ellas y de seguridad, establecidos en el art\u00edculo 10 del Decreto 287\/2009, de 30 de junio, y no podr\u00e1n ser modificadas sin la autorizaci\u00f3n expresa de la Consejer\u00eda competente en materia de educaci\u00f3n, a propuesta de la persona titular de la correspondiente Delegaci\u00f3n Provincial.<\/p>\n<p>Igualmente, los representantes legales del alumnado menor de edad, firmar\u00e1n un documento de conocimiento de las condiciones del servicio. Para ello utilizar\u00e1n el modelo que como Anexo IV.<\/p>\n<table style=\"height: 108px\" width=\"295\">\n<tbody>\n<tr>\n<td><\/td>\n<td><\/td>\n<\/tr>\n<tr>\n<td style=\"text-align: left\"><a href=\"http:\/\/blogsaverroes.juntadeandalucia.es\/fglorca\/files\/2014\/09\/pdf.png\"><img decoding=\"async\" class=\" size-full wp-image-546 alignnone\" src=\"http:\/\/blogsaverroes.juntadeandalucia.es\/fglorca\/files\/2014\/09\/pdf.png\" alt=\"pdf\" width=\"32\" height=\"32\" \/><\/a><\/td>\n<td style=\"text-align: center\">Anexo II<\/td>\n<\/tr>\n<tr>\n<td style=\"text-align: left\"><a href=\"http:\/\/blogsaverroes.juntadeandalucia.es\/fglorca\/files\/2014\/09\/pdf.png\"><img decoding=\"async\" class=\" size-full wp-image-546 alignnone\" src=\"http:\/\/blogsaverroes.juntadeandalucia.es\/fglorca\/files\/2014\/09\/pdf.png\" alt=\"pdf\" width=\"32\" height=\"32\" \/><\/a><\/td>\n<td style=\"text-align: center\">Anexo IV<\/td>\n<\/tr>\n<\/tbody>\n<\/table>\n<p>&nbsp;<\/p>\n","protected":false},"excerpt":{"rendered":"<p>Las paradas de cada ruta cumplir\u00e1n con los requisitos de distancia m\u00ednima entre ellas y de seguridad, establecidos en el art\u00edculo 10 del Decreto 287\/2009, de 30 de junio, y no podr\u00e1n ser modificadas&#46;&#46;&#46;<\/p>\n","protected":false},"author":2243,"featured_media":319,"parent":0,"menu_order":0,"comment_status":"open","ping_status":"open","template":"","meta":{"ngg_post_thumbnail":0,"footnotes":"","_mc_calendar":[]},"aioseo_notices":[],"_links":{"self":[{"href":"https:\/\/blogsaverroes.juntadeandalucia.es\/fglorca\/wp-json\/wp\/v2\/pages\/824"}],"collection":[{"href":"https:\/\/blogsaverroes.juntadeandalucia.es\/fglorca\/wp-json\/wp\/v2\/pages"}],"about":[{"href":"https:\/\/blogsaverroes.juntadeandalucia.es\/fglorca\/wp-json\/wp\/v2\/types\/page"}],"author":[{"embeddable":true,"href":"https:\/\/blogsaverroes.juntadeandalucia.es\/fglorca\/wp-json\/wp\/v2\/users\/2243"}],"replies":[{"embeddable":true,"href":"https:\/\/blogsaverroes.juntadeandalucia.es\/fglorca\/wp-json\/wp\/v2\/comments?post=824"}],"version-history":[{"count":0,"href":"https:\/\/blogsaverroes.juntadeandalucia.es\/fglorca\/wp-json\/wp\/v2\/pages\/824\/revisions"}],"wp:featuredmedia":[{"embeddable":true,"href":"https:\/\/blogsaverroes.juntadeandalucia.es\/fglorca\/wp-json\/wp\/v2\/media\/319"}],"wp:attachment":[{"href":"https:\/\/blogsaverroes.juntadeandalucia.es\/fglorca\/wp-json\/wp\/v2\/media?parent=824"}],"curies":[{"name":"wp","href":"https:\/\/api.w.org\/{rel}","templated":true}]}}