{"id":384,"date":"2019-11-11T19:27:25","date_gmt":"2019-11-11T17:27:25","guid":{"rendered":"https:\/\/blogsaverroes.juntadeandalucia.es\/fisicaquimica\/?page_id=384"},"modified":"2022-02-07T20:02:44","modified_gmt":"2022-02-07T19:02:44","slug":"bloque-iii","status":"publish","type":"page","link":"https:\/\/blogsaverroes.juntadeandalucia.es\/fisicaquimica\/bloque-iii\/","title":{"rendered":"Bloque III"},"content":{"rendered":"<h3>Interacci\u00f3n electromagn\u00e9tica<\/h3>\n<div class=\"osc-res-tab tabbable   osc-tabs-left\"><div style=\"clear:both;width: 100%;\"><ul class=\"nav osc-res-nav nav-tabs osc-tabs-left-ul\" id=\"oscitas-restabs-1-bloque-iii-72806\"><li class=\"active\"><a href=\"#ert_pane1-0\" data-toggle=\"tab\">Contenidos.<\/a><\/li><li class=\"\"><a href=\"#ert_pane1-1\" data-toggle=\"tab\">Actividades.<\/a><\/li><li class=\"\"><a href=\"#ert_pane1-2\" data-toggle=\"tab\">Proyectos de investigaci\u00f3n.<\/a><\/li><\/ul><\/div><div style=\"clear:both;width: 100%;\"><ul class=\"tab-content\" id=\"oscitas-restabcontent-1-bloque-iii-72806\"><li class=\"tab-pane active\" id=\"ert_pane1-0\"><table>\n<tbody>\n<tr>\n<td><a href=\"https:\/\/docs.google.com\/spreadsheets\/d\/e\/2PACX-1vTHaAdXumxZttaFE5diXjtFh7p55V5tYYynOl-LGgRlH0EYGY40pwXXPUy8nvxtuBhG6lhu1WGduNfO\/pubhtml?gid=0&amp;single=true\" target=\"_blank\" rel=\"noopener noreferrer\">Contenidos, criterios de evaluaci\u00f3n y est\u00e1ndares de aprendizajes evaluables.<\/a><\/td>\n<\/tr>\n<tr>\n<td><a href=\"https:\/\/blogsaverroes.juntadeandalucia.es\/fisicaquimica\/files\/2020\/11\/Bloque-III.pdf\" target=\"_blank\" rel=\"noopener noreferrer\">Interacci\u00f3n electromagn\u00e9tica(I)<\/a><\/td>\n<\/tr>\n<tr>\n<td><a href=\"https:\/\/blogsaverroes.juntadeandalucia.es\/fisicaquimica\/files\/2022\/01\/Bloque-III_2.pdf\" target=\"_blank\" rel=\"noopener noreferrer\">Interacci\u00f3n electromagn\u00e9tica(II)<\/a><\/td>\n<\/tr>\n<tr>\n<td><a href=\"https:\/\/docs.google.com\/presentation\/d\/e\/2PACX-1vSt_ArHaTcq66y2uPLzS14eKMn5A_PhlWxqv0SFnIfkp5ZfilX0YY8N6JFRkU3v9TvR8ZAsGkNPs4oa\/pub?start=false&amp;loop=false&amp;delayms=3000\" target=\"_blank\" rel=\"noopener noreferrer\">Presentaci\u00f3n clase (Interacci\u00f3n electromagn\u00e9tica(II))<\/a><\/td>\n<\/tr>\n<tr>\n<td><a href=\"https:\/\/blogsaverroes.juntadeandalucia.es\/fisicaquimica\/files\/2022\/02\/Bloque-III_3.pdf\" target=\"_blank\" rel=\"noopener noreferrer\">Interacci\u00f3n electromagn\u00e9tica(III)<\/a><\/td>\n<\/tr>\n<tr>\n<td><a href=\"https:\/\/docs.google.com\/presentation\/d\/1L6HGzeapDsm3B_jup-Ym-v87Yi2gquyt2RvhjSpfyPI\/edit?usp=sharing\" target=\"_blank\" rel=\"noopener noreferrer\">Presentaci\u00f3n clase (Inducci\u00f3n electromagn\u00e9tica)<\/a><\/td>\n<\/tr>\n<\/tbody>\n<\/table><\/li><li class=\"tab-pane \" id=\"ert_pane1-1\"><table style=\"width: 100%;height: 224px\">\n<tbody>\n<tr style=\"height: 28px\">\n<td style=\"height: 28px\"><a href=\"https:\/\/blogsaverroes.juntadeandalucia.es\/fisicaquimica\/files\/2021\/12\/BoletinCampoelectrico.pdf\" target=\"_blank\" rel=\"noopener noreferrer\">Campo el\u00e9ctrico<\/a><\/td>\n<\/tr>\n<tr style=\"height: 28px\">\n<td style=\"height: 28px\"><a href=\"https:\/\/blogsaverroes.juntadeandalucia.es\/fisicaquimica\/files\/2022\/01\/2BachilleratoBoletinBloqueIII_2.pdf\" target=\"_blank\" rel=\"noopener noreferrer\">Ejercicios de campo magn\u00e9tico&nbsp;<\/a><\/td>\n<\/tr>\n<tr style=\"height: 28px\">\n<td style=\"height: 28px\"><a href=\"https:\/\/blogsaverroes.juntadeandalucia.es\/fisicaquimica\/files\/2022\/02\/Bolet\u00ednInducci\u00f3nelectromagn\u00e9tica.pdf\" target=\"_blank\" rel=\"noopener noreferrer\">Ejercicios de inducci\u00f3n electromagn\u00e9tica&nbsp;<\/a><\/td>\n<\/tr>\n<tr style=\"height: 28px\">\n<td style=\"height: 28px\">&nbsp;<\/td>\n<\/tr>\n<tr style=\"height: 28px\">\n<td style=\"height: 28px\">&nbsp;<\/td>\n<\/tr>\n<tr style=\"height: 28px\">\n<td style=\"height: 28px\">&nbsp;<\/td>\n<\/tr>\n<tr style=\"height: 28px\">\n<td style=\"height: 28px\">&nbsp;<\/td>\n<\/tr>\n<tr style=\"height: 28px\">\n<td style=\"height: 28px\">&nbsp;<\/td>\n<\/tr>\n<\/tbody>\n<\/table><\/li><li class=\"tab-pane \" id=\"ert_pane1-2\"><table>\n<tbody>\n<tr>\n<td>&nbsp;<\/td>\n<\/tr>\n<tr>\n<td>&nbsp;<\/td>\n<\/tr>\n<tr>\n<td>&nbsp;<\/td>\n<\/tr>\n<tr>\n<td>&nbsp;<\/td>\n<\/tr>\n<\/tbody>\n<\/table><\/li><\/ul><\/div><\/div>\n","protected":false},"excerpt":{"rendered":"<p>Interacci\u00f3n electromagn\u00e9tica<\/p>\n","protected":false},"author":2335,"featured_media":0,"parent":0,"menu_order":0,"comment_status":"closed","ping_status":"open","template":"","meta":{"ngg_post_thumbnail":0,"footnotes":""},"aioseo_notices":[],"_links":{"self":[{"href":"https:\/\/blogsaverroes.juntadeandalucia.es\/fisicaquimica\/wp-json\/wp\/v2\/pages\/384"}],"collection":[{"href":"https:\/\/blogsaverroes.juntadeandalucia.es\/fisicaquimica\/wp-json\/wp\/v2\/pages"}],"about":[{"href":"https:\/\/blogsaverroes.juntadeandalucia.es\/fisicaquimica\/wp-json\/wp\/v2\/types\/page"}],"author":[{"embeddable":true,"href":"https:\/\/blogsaverroes.juntadeandalucia.es\/fisicaquimica\/wp-json\/wp\/v2\/users\/2335"}],"replies":[{"embeddable":true,"href":"https:\/\/blogsaverroes.juntadeandalucia.es\/fisicaquimica\/wp-json\/wp\/v2\/comments?post=384"}],"version-history":[{"count":37,"href":"https:\/\/blogsaverroes.juntadeandalucia.es\/fisicaquimica\/wp-json\/wp\/v2\/pages\/384\/revisions"}],"predecessor-version":[{"id":1071,"href":"https:\/\/blogsaverroes.juntadeandalucia.es\/fisicaquimica\/wp-json\/wp\/v2\/pages\/384\/revisions\/1071"}],"wp:attachment":[{"href":"https:\/\/blogsaverroes.juntadeandalucia.es\/fisicaquimica\/wp-json\/wp\/v2\/media?parent=384"}],"curies":[{"name":"wp","href":"https:\/\/api.w.org\/{rel}","templated":true}]}}