{"id":509,"date":"2020-05-28T19:57:24","date_gmt":"2020-05-28T17:57:24","guid":{"rendered":"https:\/\/blogsaverroes.juntadeandalucia.es\/fisicaquimica\/?page_id=509"},"modified":"2022-04-27T17:23:51","modified_gmt":"2022-04-27T16:23:51","slug":"bloque-vi","status":"publish","type":"page","link":"https:\/\/blogsaverroes.juntadeandalucia.es\/fisicaquimica\/bloque-vi\/","title":{"rendered":"Bloque VI"},"content":{"rendered":"<h2>F\u00edsica del siglo XX<\/h2>\n<p><a href=\"https:\/\/blogsaverroes.juntadeandalucia.es\/fisicaquimica\/files\/2021\/05\/Bloque-VI.pdf\" target=\"_blank\" rel=\"noopener noreferrer\">Contenidos del bloque VI, con ejercicios<\/a><\/p>\n<p><a href=\"https:\/\/docs.google.com\/presentation\/d\/1dEgScuBFvadJBTQ9oUOheEIdaw-OAHTSrw-Q1nhIy_M\/edit?usp=sharing\" target=\"_blank\" rel=\"noopener noreferrer\">Presentaci\u00f3n<\/a><\/p>\n<p><a href=\"https:\/\/blogsaverroes.juntadeandalucia.es\/fisicaquimica\/files\/2020\/05\/ActividadesBloqueVI.pdf\" target=\"_blank\" rel=\"noopener noreferrer\">Bolet\u00edn de complemento, con resultados<\/a><\/p>\n","protected":false},"excerpt":{"rendered":"<p>F\u00edsica del siglo XX Contenidos del bloque VI, con ejercicios Presentaci\u00f3n Bolet\u00edn de complemento, con resultados<\/p>\n","protected":false},"author":2335,"featured_media":0,"parent":0,"menu_order":0,"comment_status":"closed","ping_status":"closed","template":"","meta":{"ngg_post_thumbnail":0,"footnotes":""},"aioseo_notices":[],"_links":{"self":[{"href":"https:\/\/blogsaverroes.juntadeandalucia.es\/fisicaquimica\/wp-json\/wp\/v2\/pages\/509"}],"collection":[{"href":"https:\/\/blogsaverroes.juntadeandalucia.es\/fisicaquimica\/wp-json\/wp\/v2\/pages"}],"about":[{"href":"https:\/\/blogsaverroes.juntadeandalucia.es\/fisicaquimica\/wp-json\/wp\/v2\/types\/page"}],"author":[{"embeddable":true,"href":"https:\/\/blogsaverroes.juntadeandalucia.es\/fisicaquimica\/wp-json\/wp\/v2\/users\/2335"}],"replies":[{"embeddable":true,"href":"https:\/\/blogsaverroes.juntadeandalucia.es\/fisicaquimica\/wp-json\/wp\/v2\/comments?post=509"}],"version-history":[{"count":6,"href":"https:\/\/blogsaverroes.juntadeandalucia.es\/fisicaquimica\/wp-json\/wp\/v2\/pages\/509\/revisions"}],"predecessor-version":[{"id":1122,"href":"https:\/\/blogsaverroes.juntadeandalucia.es\/fisicaquimica\/wp-json\/wp\/v2\/pages\/509\/revisions\/1122"}],"wp:attachment":[{"href":"https:\/\/blogsaverroes.juntadeandalucia.es\/fisicaquimica\/wp-json\/wp\/v2\/media?parent=509"}],"curies":[{"name":"wp","href":"https:\/\/api.w.org\/{rel}","templated":true}]}}