{"id":536,"date":"2020-09-20T20:49:20","date_gmt":"2020-09-20T18:49:20","guid":{"rendered":"https:\/\/blogsaverroes.juntadeandalucia.es\/fisicaquimica\/?page_id=536"},"modified":"2021-09-22T17:56:31","modified_gmt":"2021-09-22T16:56:31","slug":"bloque-0","status":"publish","type":"page","link":"https:\/\/blogsaverroes.juntadeandalucia.es\/fisicaquimica\/bloque-0\/","title":{"rendered":"Bloque 0"},"content":{"rendered":"<h1>Repaso de contenidos<\/h1>\n<p>Contenidos:<\/p>\n<p><a href=\"https:\/\/blogsaverroes.juntadeandalucia.es\/fisicaquimica\/files\/2020\/09\/CalculoVectorial1Bachillerato.pdf\" target=\"_blank\" rel=\"noopener noreferrer\">C\u00e1lculo vectorial<\/a><\/p>\n<p><a href=\"https:\/\/blogsaverroes.juntadeandalucia.es\/fisicaquimica\/files\/2020\/09\/Cinem\u00e1tica.pdf\" target=\"_blank\" rel=\"noopener noreferrer\">Cinem\u00e1tica<\/a><\/p>\n<p><a href=\"https:\/\/blogsaverroes.juntadeandalucia.es\/fisicaquimica\/files\/2021\/09\/Din\u00e1mica.pdf\" target=\"_blank\" rel=\"noopener noreferrer\">Din\u00e1mica<\/a><\/p>\n<p><a href=\"https:\/\/blogsaverroes.juntadeandalucia.es\/fisicaquimica\/files\/2021\/03\/MAS.pdf\" target=\"_blank\" rel=\"noopener noreferrer\">Movimiento arm\u00f3nico simple.<\/a><\/p>\n<p>&nbsp;<\/p>\n","protected":false},"excerpt":{"rendered":"<p>Repaso de contenidos Contenidos: C\u00e1lculo vectorial Cinem\u00e1tica Din\u00e1mica Movimiento arm\u00f3nico simple. &nbsp;<\/p>\n","protected":false},"author":2335,"featured_media":0,"parent":0,"menu_order":0,"comment_status":"closed","ping_status":"closed","template":"","meta":{"ngg_post_thumbnail":0,"footnotes":""},"aioseo_notices":[],"_links":{"self":[{"href":"https:\/\/blogsaverroes.juntadeandalucia.es\/fisicaquimica\/wp-json\/wp\/v2\/pages\/536"}],"collection":[{"href":"https:\/\/blogsaverroes.juntadeandalucia.es\/fisicaquimica\/wp-json\/wp\/v2\/pages"}],"about":[{"href":"https:\/\/blogsaverroes.juntadeandalucia.es\/fisicaquimica\/wp-json\/wp\/v2\/types\/page"}],"author":[{"embeddable":true,"href":"https:\/\/blogsaverroes.juntadeandalucia.es\/fisicaquimica\/wp-json\/wp\/v2\/users\/2335"}],"replies":[{"embeddable":true,"href":"https:\/\/blogsaverroes.juntadeandalucia.es\/fisicaquimica\/wp-json\/wp\/v2\/comments?post=536"}],"version-history":[{"count":11,"href":"https:\/\/blogsaverroes.juntadeandalucia.es\/fisicaquimica\/wp-json\/wp\/v2\/pages\/536\/revisions"}],"predecessor-version":[{"id":966,"href":"https:\/\/blogsaverroes.juntadeandalucia.es\/fisicaquimica\/wp-json\/wp\/v2\/pages\/536\/revisions\/966"}],"wp:attachment":[{"href":"https:\/\/blogsaverroes.juntadeandalucia.es\/fisicaquimica\/wp-json\/wp\/v2\/media?parent=536"}],"curies":[{"name":"wp","href":"https:\/\/api.w.org\/{rel}","templated":true}]}}