{"id":574,"date":"2020-10-15T18:02:52","date_gmt":"2020-10-15T16:02:52","guid":{"rendered":"https:\/\/blogsaverroes.juntadeandalucia.es\/fisicaquimica\/?page_id=574"},"modified":"2020-12-17T20:30:58","modified_gmt":"2020-12-17T19:30:58","slug":"bloque-ii-3","status":"publish","type":"page","link":"https:\/\/blogsaverroes.juntadeandalucia.es\/fisicaquimica\/bloque-ii-3\/","title":{"rendered":"Bloque II"},"content":{"rendered":"<p><a href=\"https:\/\/blogsaverroes.juntadeandalucia.es\/fisicaquimica\/files\/2020\/10\/ESTADOS-DE-OXIDACI\u00d3N.pdf\" target=\"_blank\" rel=\"noopener noreferrer\">S\u00edmbolos y estados de oxidaci\u00f3n<\/a><\/p>\n<p><a href=\"https:\/\/graasp.eu\/resources\/5fa6f2a7436a3c13513e2316\/index.html\" target=\"_blank\" rel=\"noopener noreferrer\">Formulaci\u00f3n inorg\u00e1nica. Teor\u00eda y ejercicios.&nbsp;<\/a>&nbsp; Para practicar con la <a title=\"Practica la formulaci\u00f3n.\" href=\"https:\/\/blogsaverroes.juntadeandalucia.es\/fisicaquimica\/2020\/10\/29\/practica-la-formulacion\/\">formulaci\u00f3n.<\/a><\/p>\n<p><a href=\"https:\/\/blogsaverroes.juntadeandalucia.es\/fisicaquimica\/files\/2020\/12\/AlcoholesEteres.pdf\" target=\"_blank\" rel=\"noopener noreferrer\">Alcoholes y \u00e9teres<\/a><\/p>\n","protected":false},"excerpt":{"rendered":"<p>S\u00edmbolos y estados de oxidaci\u00f3n Formulaci\u00f3n inorg\u00e1nica. Teor\u00eda y ejercicios.&nbsp;&nbsp; Para practicar con la formulaci\u00f3n. Alcoholes y \u00e9teres<\/p>\n","protected":false},"author":2335,"featured_media":0,"parent":0,"menu_order":0,"comment_status":"closed","ping_status":"closed","template":"","meta":{"ngg_post_thumbnail":0,"footnotes":""},"aioseo_notices":[],"_links":{"self":[{"href":"https:\/\/blogsaverroes.juntadeandalucia.es\/fisicaquimica\/wp-json\/wp\/v2\/pages\/574"}],"collection":[{"href":"https:\/\/blogsaverroes.juntadeandalucia.es\/fisicaquimica\/wp-json\/wp\/v2\/pages"}],"about":[{"href":"https:\/\/blogsaverroes.juntadeandalucia.es\/fisicaquimica\/wp-json\/wp\/v2\/types\/page"}],"author":[{"embeddable":true,"href":"https:\/\/blogsaverroes.juntadeandalucia.es\/fisicaquimica\/wp-json\/wp\/v2\/users\/2335"}],"replies":[{"embeddable":true,"href":"https:\/\/blogsaverroes.juntadeandalucia.es\/fisicaquimica\/wp-json\/wp\/v2\/comments?post=574"}],"version-history":[{"count":8,"href":"https:\/\/blogsaverroes.juntadeandalucia.es\/fisicaquimica\/wp-json\/wp\/v2\/pages\/574\/revisions"}],"predecessor-version":[{"id":713,"href":"https:\/\/blogsaverroes.juntadeandalucia.es\/fisicaquimica\/wp-json\/wp\/v2\/pages\/574\/revisions\/713"}],"wp:attachment":[{"href":"https:\/\/blogsaverroes.juntadeandalucia.es\/fisicaquimica\/wp-json\/wp\/v2\/media?parent=574"}],"curies":[{"name":"wp","href":"https:\/\/api.w.org\/{rel}","templated":true}]}}