{"id":726,"date":"2021-01-14T19:36:54","date_gmt":"2021-01-14T18:36:54","guid":{"rendered":"https:\/\/blogsaverroes.juntadeandalucia.es\/fisicaquimica\/?page_id=726"},"modified":"2022-02-14T19:33:07","modified_gmt":"2022-02-14T18:33:07","slug":"bloque-v-2","status":"publish","type":"page","link":"https:\/\/blogsaverroes.juntadeandalucia.es\/fisicaquimica\/bloque-v-2\/","title":{"rendered":"Bloque V"},"content":{"rendered":"<h3>Qu\u00edmica del Carbono<\/h3>\n<div class=\"osc-res-tab tabbable   osc-tabs-left\"><div style=\"clear:both;width: 100%;\"><ul class=\"nav osc-res-nav nav-tabs osc-tabs-left-ul\" id=\"oscitas-restabs-1-bloque-v-2-19827\"><li class=\"active\"><a href=\"#ert_pane1-0\" data-toggle=\"tab\">Contenidos<\/a><\/li><li class=\"\"><a href=\"#ert_pane1-1\" data-toggle=\"tab\">Actividades<\/a><\/li><li class=\"\"><a href=\"#ert_pane1-2\" data-toggle=\"tab\">Proyectos de investigaci\u00f3n<\/a><\/li><\/ul><\/div><div style=\"clear:both;width: 100%;\"><ul class=\"tab-content\" id=\"oscitas-restabcontent-1-bloque-v-2-19827\"><li class=\"tab-pane active\" id=\"ert_pane1-0\"><table style=\"border-collapse: collapse;width: 100%\">\n<tbody>\n<tr>\n<td style=\"width: 100%\"><a href=\"https:\/\/docs.google.com\/spreadsheets\/d\/e\/2PACX-1vTHaAdXumxZttaFE5diXjtFh7p55V5tYYynOl-LGgRlH0EYGY40pwXXPUy8nvxtuBhG6lhu1WGduNfO\/pubhtml?gid=1492288506&amp;single=true\" target=\"_blank\" rel=\"noopener noreferrer\">Criterios de evaluaci\u00f3n y est\u00e1ndares<\/a><\/td>\n<\/tr>\n<tr>\n<td style=\"width: 100%\"><a href=\"https:\/\/docs.google.com\/presentation\/d\/1RYPWEwzokrBOR3GPfWON4igteOlkwlpBfv_VKOxr888\/edit?usp=sharing\" target=\"_blank\" rel=\"noopener noreferrer\">Formulaci\u00f3n org\u00e1nica<\/a><\/td>\n<\/tr>\n<tr>\n<td style=\"width: 100%\"><a href=\"https:\/\/blogsaverroes.juntadeandalucia.es\/fisicaquimica\/files\/2022\/02\/GruposfuncionalesPreferencias.pdf\" target=\"_blank\" rel=\"noopener noreferrer\">Grupos funcionales<\/a><\/td>\n<\/tr>\n<\/tbody>\n<\/table><\/li><li class=\"tab-pane \" id=\"ert_pane1-1\"><table style=\"border-collapse: collapse;width: 100%\">\n<tbody>\n<tr>\n<td style=\"width: 100%\"><a href=\"https:\/\/blogsaverroes.juntadeandalucia.es\/fisicaquimica\/files\/2021\/01\/BoletinOrganica.pdf\" target=\"_blank\" rel=\"noopener noreferrer\">Bolet\u00edn de refuerzo: hidrocarburos.<\/a><\/td>\n<\/tr>\n<tr>\n<td style=\"width: 100%\"><a href=\"https:\/\/blogsaverroes.juntadeandalucia.es\/fisicaquimica\/files\/2022\/02\/BoletinOrganica2.pdf\" target=\"_blank\" rel=\"noopener noreferrer\">Bolet\u00edn de actividades: hidrocarburos(II)<\/a><\/td>\n<\/tr>\n<tr>\n<td style=\"width: 100%\"><a href=\"https:\/\/blogsaverroes.juntadeandalucia.es\/fisicaquimica\/files\/2022\/02\/BoletinOrganica3.pdf\" target=\"_blank\" rel=\"noopener noreferrer\">Bolet\u00edn de actividades formulaci\u00f3n org\u00e1nica<\/a><\/td>\n<\/tr>\n<tr>\n<td style=\"width: 100%\"><a href=\"https:\/\/blogsaverroes.juntadeandalucia.es\/fisicaquimica\/files\/2022\/02\/BoletinOrganica4.pdf\" target=\"_blank\" rel=\"noopener noreferrer\">Bolet\u00edn de formulaci\u00f3n org\u00e1nica<\/a><\/td>\n<\/tr>\n<tr>\n<td style=\"width: 100%\">&nbsp;<\/td>\n<\/tr>\n<\/tbody>\n<\/table><\/li><li class=\"tab-pane \" id=\"ert_pane1-2\"><table style=\"border-collapse: collapse;width: 100%\">\n<tbody>\n<tr>\n<td style=\"width: 100%\">&nbsp;<\/td>\n<\/tr>\n<tr>\n<td style=\"width: 100%\">&nbsp;<\/td>\n<\/tr>\n<tr>\n<td style=\"width: 100%\">&nbsp;<\/td>\n<\/tr>\n<\/tbody>\n<\/table><\/li><\/ul><\/div><\/div>\n<p>&nbsp;<\/p>\n","protected":false},"excerpt":{"rendered":"<p>Qu\u00edmica del Carbono &nbsp;<\/p>\n","protected":false},"author":2335,"featured_media":0,"parent":0,"menu_order":0,"comment_status":"closed","ping_status":"closed","template":"","meta":{"ngg_post_thumbnail":0,"footnotes":""},"aioseo_notices":[],"_links":{"self":[{"href":"https:\/\/blogsaverroes.juntadeandalucia.es\/fisicaquimica\/wp-json\/wp\/v2\/pages\/726"}],"collection":[{"href":"https:\/\/blogsaverroes.juntadeandalucia.es\/fisicaquimica\/wp-json\/wp\/v2\/pages"}],"about":[{"href":"https:\/\/blogsaverroes.juntadeandalucia.es\/fisicaquimica\/wp-json\/wp\/v2\/types\/page"}],"author":[{"embeddable":true,"href":"https:\/\/blogsaverroes.juntadeandalucia.es\/fisicaquimica\/wp-json\/wp\/v2\/users\/2335"}],"replies":[{"embeddable":true,"href":"https:\/\/blogsaverroes.juntadeandalucia.es\/fisicaquimica\/wp-json\/wp\/v2\/comments?post=726"}],"version-history":[{"count":8,"href":"https:\/\/blogsaverroes.juntadeandalucia.es\/fisicaquimica\/wp-json\/wp\/v2\/pages\/726\/revisions"}],"predecessor-version":[{"id":1090,"href":"https:\/\/blogsaverroes.juntadeandalucia.es\/fisicaquimica\/wp-json\/wp\/v2\/pages\/726\/revisions\/1090"}],"wp:attachment":[{"href":"https:\/\/blogsaverroes.juntadeandalucia.es\/fisicaquimica\/wp-json\/wp\/v2\/media?parent=726"}],"curies":[{"name":"wp","href":"https:\/\/api.w.org\/{rel}","templated":true}]}}