{"id":777,"date":"2021-03-01T20:22:23","date_gmt":"2021-03-01T19:22:23","guid":{"rendered":"https:\/\/blogsaverroes.juntadeandalucia.es\/fisicaquimica\/?page_id=777"},"modified":"2021-03-04T10:53:53","modified_gmt":"2021-03-04T09:53:53","slug":"bloque-i-3","status":"publish","type":"page","link":"https:\/\/blogsaverroes.juntadeandalucia.es\/fisicaquimica\/bloque-i-3\/","title":{"rendered":"Bloque I"},"content":{"rendered":"<h3>La actividad cient\u00edfica<\/h3>\n<p><a href=\"https:\/\/blogsaverroes.juntadeandalucia.es\/fisicaquimica\/files\/2021\/03\/CalculoVectorial1.pdf\" target=\"_blank\" rel=\"noopener noreferrer\">C\u00e1lculo vectorial:<\/a> teor\u00eda y ejercicios.<\/p>\n<p><a href=\"https:\/\/blogsaverroes.juntadeandalucia.es\/fisicaquimica\/files\/2021\/03\/BoletinCalculoVectorial.pdf\" target=\"_blank\" rel=\"noopener noreferrer\">Hoja de actividades<\/a> de c\u00e1lculo vectorial<\/p>\n","protected":false},"excerpt":{"rendered":"<p>La actividad cient\u00edfica C\u00e1lculo vectorial: teor\u00eda y ejercicios. Hoja de actividades de c\u00e1lculo vectorial<\/p>\n","protected":false},"author":2335,"featured_media":0,"parent":0,"menu_order":0,"comment_status":"closed","ping_status":"closed","template":"","meta":{"ngg_post_thumbnail":0,"footnotes":""},"aioseo_notices":[],"_links":{"self":[{"href":"https:\/\/blogsaverroes.juntadeandalucia.es\/fisicaquimica\/wp-json\/wp\/v2\/pages\/777"}],"collection":[{"href":"https:\/\/blogsaverroes.juntadeandalucia.es\/fisicaquimica\/wp-json\/wp\/v2\/pages"}],"about":[{"href":"https:\/\/blogsaverroes.juntadeandalucia.es\/fisicaquimica\/wp-json\/wp\/v2\/types\/page"}],"author":[{"embeddable":true,"href":"https:\/\/blogsaverroes.juntadeandalucia.es\/fisicaquimica\/wp-json\/wp\/v2\/users\/2335"}],"replies":[{"embeddable":true,"href":"https:\/\/blogsaverroes.juntadeandalucia.es\/fisicaquimica\/wp-json\/wp\/v2\/comments?post=777"}],"version-history":[{"count":4,"href":"https:\/\/blogsaverroes.juntadeandalucia.es\/fisicaquimica\/wp-json\/wp\/v2\/pages\/777\/revisions"}],"predecessor-version":[{"id":788,"href":"https:\/\/blogsaverroes.juntadeandalucia.es\/fisicaquimica\/wp-json\/wp\/v2\/pages\/777\/revisions\/788"}],"wp:attachment":[{"href":"https:\/\/blogsaverroes.juntadeandalucia.es\/fisicaquimica\/wp-json\/wp\/v2\/media?parent=777"}],"curies":[{"name":"wp","href":"https:\/\/api.w.org\/{rel}","templated":true}]}}