{"id":922,"date":"2021-06-01T18:38:11","date_gmt":"2021-06-01T17:38:11","guid":{"rendered":"https:\/\/blogsaverroes.juntadeandalucia.es\/fisicaquimica\/?page_id=922"},"modified":"2022-06-11T17:55:48","modified_gmt":"2022-06-11T16:55:48","slug":"bloque-viii","status":"publish","type":"page","link":"https:\/\/blogsaverroes.juntadeandalucia.es\/fisicaquimica\/bloque-viii\/","title":{"rendered":"Bloque VIII"},"content":{"rendered":"<h3>Energ\u00eda<\/h3>\n<div class=\"osc-res-tab tabbable   osc-tabs-left\"><div style=\"clear:both;width: 100%;\"><ul class=\"nav osc-res-nav nav-tabs osc-tabs-left-ul\" id=\"oscitas-restabs-1-bloque-viii-27669\"><li class=\"active\"><a href=\"#ert_pane1-0\" data-toggle=\"tab\">Contenidos<\/a><\/li><li class=\"\"><a href=\"#ert_pane1-1\" data-toggle=\"tab\">Actividades<\/a><\/li><li class=\"\"><a href=\"#ert_pane1-2\" data-toggle=\"tab\">Proyectos de investigaci\u00f3n<\/a><\/li><\/ul><\/div><div style=\"clear:both;width: 100%;\"><ul class=\"tab-content\" id=\"oscitas-restabcontent-1-bloque-viii-27669\"><li class=\"tab-pane active\" id=\"ert_pane1-0\"><table style=\"border-collapse: collapse;width: 100%\">\n<tbody>\n<tr>\n<td style=\"width: 100%\"><a href=\"https:\/\/docs.google.com\/spreadsheets\/d\/e\/2PACX-1vTHaAdXumxZttaFE5diXjtFh7p55V5tYYynOl-LGgRlH0EYGY40pwXXPUy8nvxtuBhG6lhu1WGduNfO\/pubhtml?gid=1492288506&amp;single=true\" target=\"_blank\" rel=\"noopener noreferrer\">Criterios de evaluaci\u00f3n y est\u00e1ndares<\/a><\/td>\n<\/tr>\n<tr>\n<td style=\"width: 100%\"><a href=\"https:\/\/blogsaverroes.juntadeandalucia.es\/fisicaquimica\/files\/2021\/06\/BloqueVIII.pdf\" target=\"_blank\" rel=\"noopener noreferrer\">Energ\u00eda<\/a><\/td>\n<\/tr>\n<tr>\n<td style=\"width: 100%\">&nbsp;<\/td>\n<\/tr>\n<\/tbody>\n<\/table><\/li><li class=\"tab-pane \" id=\"ert_pane1-1\"><table style=\"border-collapse: collapse;width: 100%;height: 140px\">\n<tbody>\n<tr style=\"height: 28px\">\n<td style=\"width: 100%;height: 28px\"><a href=\"https:\/\/blogsaverroes.juntadeandalucia.es\/fisicaquimica\/files\/2021\/06\/Bolet\u00ednEnerg\u00eda-1.pdf\" target=\"_blank\" rel=\"noopener noreferrer\">Principio de conservaci\u00f3n de la energ\u00eda mec\u00e1nica<\/a> &#8211; Repaso de conceptos 4\u00ba ESO<\/td>\n<\/tr>\n<tr style=\"height: 28px\">\n<td style=\"width: 100%;height: 28px\"><a href=\"https:\/\/blogsaverroes.juntadeandalucia.es\/fisicaquimica\/files\/2021\/06\/Bolet\u00ednenerg\u00eda2.pdf\" target=\"_blank\" rel=\"noopener noreferrer\">Trabajo y principio de conservaci\u00f3n de la energ\u00eda &#8211; Problemas<\/a><\/td>\n<\/tr>\n<tr style=\"height: 28px\">\n<td style=\"width: 100%;height: 28px\"><a href=\"https:\/\/blogsaverroes.juntadeandalucia.es\/fisicaquimica\/files\/2022\/06\/BoletinComplementoEnerg\u00eda.pdf\" target=\"_blank\" rel=\"noopener noreferrer\">Ejercicios y actividades del tema<\/a><\/td>\n<\/tr>\n<tr style=\"height: 28px\">\n<td style=\"width: 100%;height: 28px\">&nbsp;<\/td>\n<\/tr>\n<tr style=\"height: 28px\">\n<td style=\"width: 100%;height: 28px\">&nbsp;<\/td>\n<\/tr>\n<\/tbody>\n<\/table><\/li><li class=\"tab-pane \" id=\"ert_pane1-2\"><table style=\"border-collapse: collapse;width: 100%\">\n<tbody>\n<tr>\n<td style=\"width: 100%\">&nbsp;<\/td>\n<\/tr>\n<tr>\n<td style=\"width: 100%\">&nbsp;<\/td>\n<\/tr>\n<tr>\n<td style=\"width: 100%\">&nbsp;<\/td>\n<\/tr>\n<\/tbody>\n<\/table><\/li><\/ul><\/div><\/div>\n","protected":false},"excerpt":{"rendered":"<p>Energ\u00eda<\/p>\n","protected":false},"author":2335,"featured_media":0,"parent":0,"menu_order":0,"comment_status":"closed","ping_status":"closed","template":"","meta":{"ngg_post_thumbnail":0,"footnotes":""},"aioseo_notices":[],"_links":{"self":[{"href":"https:\/\/blogsaverroes.juntadeandalucia.es\/fisicaquimica\/wp-json\/wp\/v2\/pages\/922"}],"collection":[{"href":"https:\/\/blogsaverroes.juntadeandalucia.es\/fisicaquimica\/wp-json\/wp\/v2\/pages"}],"about":[{"href":"https:\/\/blogsaverroes.juntadeandalucia.es\/fisicaquimica\/wp-json\/wp\/v2\/types\/page"}],"author":[{"embeddable":true,"href":"https:\/\/blogsaverroes.juntadeandalucia.es\/fisicaquimica\/wp-json\/wp\/v2\/users\/2335"}],"replies":[{"embeddable":true,"href":"https:\/\/blogsaverroes.juntadeandalucia.es\/fisicaquimica\/wp-json\/wp\/v2\/comments?post=922"}],"version-history":[{"count":9,"href":"https:\/\/blogsaverroes.juntadeandalucia.es\/fisicaquimica\/wp-json\/wp\/v2\/pages\/922\/revisions"}],"predecessor-version":[{"id":1133,"href":"https:\/\/blogsaverroes.juntadeandalucia.es\/fisicaquimica\/wp-json\/wp\/v2\/pages\/922\/revisions\/1133"}],"wp:attachment":[{"href":"https:\/\/blogsaverroes.juntadeandalucia.es\/fisicaquimica\/wp-json\/wp\/v2\/media?parent=922"}],"curies":[{"name":"wp","href":"https:\/\/api.w.org\/{rel}","templated":true}]}}